{"id":55108,"date":"2024-06-16T20:44:24","date_gmt":"2024-06-16T18:44:24","guid":{"rendered":"https:\/\/havendienst.nl\/?post_type=product&#038;p=55108"},"modified":"2025-06-17T15:20:29","modified_gmt":"2025-06-17T13:20:29","slug":"luxe-tender-sloep-mm","status":"publish","type":"product","link":"https:\/\/havendienst.nl\/it\/product\/luxe-tender-sloep-mm\/","title":{"rendered":"Tender di lusso Cooper Loosdrecht M&amp;M"},"content":{"rendered":"<div class=\"fusion-fullwidth fullwidth-box fusion-builder-row-1 fusion-flex-container nonhundred-percent-fullwidth non-hundred-percent-height-scrolling\" style=\"--awb-border-radius-top-left:0px;--awb-border-radius-top-right:0px;--awb-border-radius-bottom-right:0px;--awb-border-radius-bottom-left:0px;--awb-flex-wrap:wrap;\" ><div class=\"fusion-builder-row fusion-row fusion-flex-align-items-flex-start fusion-flex-content-wrap\" style=\"max-width:1144px;margin-left: calc(-4% \/ 2 );margin-right: calc(-4% \/ 2 );\"><div class=\"fusion-layout-column fusion_builder_column fusion-builder-column-0 fusion_builder_column_1_1 1_1 fusion-flex-column\" style=\"--awb-bg-size:cover;--awb-width-large:100%;--awb-margin-top-large:0px;--awb-spacing-right-large:1.92%;--awb-margin-bottom-large:0px;--awb-spacing-left-large:1.92%;--awb-width-medium:100%;--awb-spacing-right-medium:1.92%;--awb-spacing-left-medium:1.92%;--awb-width-small:100%;--awb-spacing-right-small:1.92%;--awb-spacing-left-small:1.92%;\"><div class=\"fusion-column-wrapper fusion-flex-justify-content-flex-start fusion-content-layout-column\"><div class=\"fusion-text fusion-text-1\"><p class=\"description\">Godetevi una gita in barca con la famiglia o gli amici sui laghi Loosdrecht e\/o sul bellissimo Vecht. Pranzate su una delle isole dei laghi, a Slangevegt su un cuscino lounge dell'Vecht, o in uno dei ristoranti sui laghi, o naturalmente semplicemente a bordo con un bicchiere di vino, birra o soda seguito da una nuotata dalla piattaforma di nuoto!<\/p>\n<p class=\"description\">Volete essere accompagnati da soli da qualche parte? Allora prenotate la barca come trasporto in taxi su port-service.nl\/taxi.<\/p>\n<p>Il tender<br \/>\nUn tender di 7,20 metri (\"M&amp;M\") del luglio 2024 con motore entrobordo diesel Yanmar da 110 hp e timone idraulico ultraflex del marchio Cooper. Nuovo, spazioso e molto ben tenuto, con teak sul pavimento del pozzetto, sul trincarino, sulla scatola del motore, sulla piattaforma d'imbarco e sulla piattaforma da bagno. La cuscineria in pelle \u00e8 Bella Grana Natural e la cappottina \u00e8 nera. Questa versione \u00e8 dotata di un impianto audio Fusion con quattro altoparlanti. \u00c8 possibile scegliere tra un'area di seduta con quattro portabicchieri isolati e tavolo in teak o un letto con arredi fissi, compreso il set di cuscini. Il ponte di poppa \u00e8 gi\u00e0 dotato di una cuccetta per 2 persone con piattaforma da bagno integrata.  Il tender \u00e8 dotato di uno schienale ribaltabile per il conducente e l'accesso alla zona di prua avviene tramite il pozzetto principale e la prua. Sono presenti finestre rimovibili con chiusura verticale. Sono presenti anche tende oscuranti con chiusura a velcro. Il paraspruzzi pu\u00f2 essere completamente incassato nella prua. Il portello di stivaggio a prua \u00e8 dotato di una molla a gas. Il tender \u00e8 dotato di un volante in pelle a 5 razze e di 4 parabordi con sistema easy-connect e corde d'ormeggio in nylon nero. \u00c8 presente anche un'ancora zincata con cima. Il tender \u00e8 dotato di un pannello strumenti full-version e di 6 luci di bordo a LED. Il tender \u00e8 dotato di faro di ricerca, luci di navigazione, luce di poppa, portabandiera e asta portabandiera. Questo tender in versione open transom ha un'elica di prua, un frigorifero, un'unit\u00e0 WC, un'asta per il salto in alto e un serbatoio diesel aggiuntivo (totale 90 litri). <span style=\"background-image: initial; background-position: initial; background-size: initial; background-repeat: initial; background-attachment: initial;\">Il combustibile viene poi regolato attraverso un Tag.<\/span> Sono inoltre disponibili 8 giubbotti di salvataggio, estintore, corda del morto, 2*prese da 12 V e 2*prese USB.<\/p>\n<p class=\"description\">Posizione e parcheggio<br \/>\n<span style=\"background-image: initial; background-position: initial; background-size: initial; background-repeat: initial; background-attachment: initial;\">Il Tender si trova nel centro di Loosdrecht e ho a disposizione due parcheggi dove \u00e8 possibile parcheggiare gratuitamente. All'imbarcazione, vi verranno fornite spiegazioni sia sull'imbarcazione che sull'area di navigazione.<\/span><\/p>\n<p>Vela<br \/>\n<span style=\"background-image: initial; background-position: initial; background-size: initial; background-repeat: initial; background-attachment: initial;\">A causa del numero di immatricolazione, l'imbarcazione pu\u00f2 essere noleggiata solo con patente nautica 1 o con skipper. Se volete navigare da soli, dovete fornire il vostro numero di patente nautica e portarlo con voi il giorno della partenza. Se ci si dimentica di portare la patente, si pu\u00f2 comunque navigare, ma solo con uno skipper (al costo di 25 euro all'ora). <\/span>Non sono ammessi animali domestici.<\/p>\n<\/div><\/div><\/div><\/div><\/div>","protected":false},"excerpt":{"rendered":"<p class=\"description\" style=\"text-align: center;\">Godetevi una gita in barca con la famiglia o gli amici sui laghi Loosdrecht e\/o sul bellissimo Vecht. Pranzate su una delle isole dei laghi, a Slangevegt su un cuscino lounge dell'Vecht, o in uno dei ristoranti sui laghi, o naturalmente semplicemente a bordo con un bicchiere di vino, birra o soda seguito da una nuotata dalla piattaforma di nuoto!<\/p>\n<p class=\"description\">Volete essere accompagnati da soli da qualche parte? Allora prenotate la barca come trasporto in taxi su port-service.nl\/taxi.<\/p>","protected":false},"featured_media":55719,"comment_status":"closed","ping_status":"closed","template":"","meta":{"rs_blank_template":"","rs_page_bg_color":"","slide_template_v7":""},"product_brand":[],"product_cat":[342,257],"product_tag":[],"class_list":{"0":"post-55108","1":"product","2":"type-product","3":"status-publish","4":"has-post-thumbnail","6":"product_cat-boten","7":"product_cat-area-loosdrecht","8":"wcpv_product_vendors-michel-van-julsingha","10":"first","11":"instock","12":"virtual","13":"sold-individually","14":"purchasable","15":"product-type-booking"},"booking_location":"","booking_location_type":"","booking_duration":1,"booking_duration_unit":"hour","booking_buffer":0,"booking_cost":306,"booking_resources":[],"exclude_global_add_ons":false,"addons":[{"name":"Patente nautica o skipper?","type":"multiple_choice","position":0,"required":true,"title_format":"label","default":"","description_enable":false,"description":"","placeholder_enable":false,"placeholder":"","display":"radiobutton","restrictions_type":"any_text","adjust_price":false,"price":"","price_type":"flat_fee","restrictions":false,"min":"0","max":"0","options":[{"label":"Ik ben in bezit van Vaarbewijs-1","price":"","price_type":"flat_fee","image":0,"visibility":true},{"label":"Ik huur een schipper, per uur:","price":"25","price_type":"quantity_based","image":0,"visibility":true}],"id":1750173614},{"name":"Numero di licenza di navigazione","type":"custom_text","position":1,"required":false,"title_format":"label","default":"","description_enable":true,"description":"Applicabile solo se si vuole navigare da soli.","placeholder_enable":false,"placeholder":"","display":"select","restrictions_type":"only_letters_numbers","adjust_price":false,"price":"","price_type":"flat_fee","restrictions":false,"min":"0","max":"0","options":[],"id":1750173615},{"name":"Concordo con le condizioni","type":"checkbox","position":2,"required":true,"title_format":"label","default":"","description_enable":true,"description":"<ul>\r\n<li>Non si prenota per un addio al celibato (festa\/gruppo) o per un gruppo di giovani (a meno che non si prenoti con lo skipper).<\/li>\r\n<li>La persona che naviga deve essere in possesso della patente nautica 1 (a meno che non si prenoti con lo skipper).<\/li>\r\n<li>La benzina sar\u00e0 regolata in seguito (contare da 5 a 25 litri).<\/li>\r\n<\/ul>","placeholder_enable":false,"placeholder":"","display":"select","restrictions_type":"any_text","adjust_price":false,"price":"","price_type":"flat_fee","restrictions":false,"min":"0","max":"0","options":[{"label":"Akkoord","price":"","price_type":"flat_fee","image":0,"visibility":true}],"id":1750173616},{"name":"Borg","type":"checkbox","position":3,"required":true,"title_format":"label","default":"","description_enable":true,"description":"La cauzione di 400,- verr\u00e0 rimborsata se la barca verr\u00e0 restituita senza danni e nei tempi previsti. Il deposito viene rimborsato entro 24 ore.","placeholder_enable":false,"placeholder":"","display":"select","restrictions_type":"any_text","adjust_price":false,"price":"","price_type":"flat_fee","restrictions":false,"min":"0","max":"0","options":[{"label":"Borg","price":"400","price_type":"flat_fee","image":0,"visibility":true}],"id":1750173617}],"yoast_head":"<!-- This site is optimized with the Yoast SEO Premium plugin v27.4 (Yoast SEO v27.4) - https:\/\/yoast.com\/product\/yoast-seo-premium-wordpress\/ -->\n<title>Luxe Tender Cooper Loosdrecht M&amp;M - Havendienst.nl<\/title>\n<meta name=\"description\" content=\"Lekker met de familie of vrienden varen op de Loosdrechtse plassen en\/of op de prachtige Vecht. Lunchen op een van de eilanden op de plas, bij Slangevegt op een loungekussen aan de Vecht, of een van de restaurants aan de Plassen \u00f3f natuurlijk gewoon aan boord met wijntje, biertje of frisje waarna je een duik neemt vanaf het zwemplateau! Wil je alleen ergens worden afgezet? Boek de boot dan als taxi vervoer op havendienst.nl\/taxi.\" \/>\n<meta name=\"robots\" content=\"index, follow, max-snippet:-1, max-image-preview:large, max-video-preview:-1\" \/>\n<link rel=\"canonical\" href=\"https:\/\/havendienst.nl\/it\/prodotto\/luxe-tender-sloep-mm\/\" \/>\n<meta property=\"og:locale\" content=\"it_IT\" \/>\n<meta property=\"og:type\" content=\"article\" \/>\n<meta property=\"og:title\" content=\"Luxe Tender Cooper Loosdrecht M&amp;M\" \/>\n<meta property=\"og:description\" content=\"Lekker met de familie of vrienden varen op de Loosdrechtse plassen en\/of op de prachtige Vecht. Lunchen op een van de eilanden op de plas, bij Slangevegt op een loungekussen aan de Vecht, of een van de restaurants aan de Plassen \u00f3f natuurlijk gewoon aan boord met wijntje, biertje of frisje waarna je een duik neemt vanaf het zwemplateau! Wil je alleen ergens worden afgezet? Boek de boot dan als taxi vervoer op havendienst.nl\/taxi.\" \/>\n<meta property=\"og:url\" content=\"https:\/\/havendienst.nl\/it\/prodotto\/luxe-tender-sloep-mm\/\" \/>\n<meta property=\"og:site_name\" content=\"Havendienst.nl\" \/>\n<meta property=\"article:publisher\" content=\"https:\/\/www.facebook.com\/HavendienstNL\/\" \/>\n<meta property=\"article:modified_time\" content=\"2025-06-17T13:20:29+00:00\" \/>\n<meta property=\"og:image\" content=\"https:\/\/havendienst.nl\/upload\/2024\/08\/Cooper-680-01.png\" \/>\n\t<meta property=\"og:image:width\" content=\"1518\" \/>\n\t<meta property=\"og:image:height\" content=\"778\" \/>\n\t<meta property=\"og:image:type\" content=\"image\/png\" \/>\n<meta name=\"twitter:card\" content=\"summary_large_image\" \/>\n<meta name=\"twitter:label1\" content=\"Prezzo\" \/>\n\t<meta name=\"twitter:data1\" content=\"&euro;&nbsp;698,00\" \/>\n\t<meta name=\"twitter:label2\" content=\"Disponibilit\u00e0\" \/>\n\t<meta name=\"twitter:data2\" content=\"In stock\" \/>\n<script type=\"application\/ld+json\" class=\"yoast-schema-graph\">{\"@context\":\"https:\\\/\\\/schema.org\",\"@graph\":[{\"@type\":[\"WebPage\",\"ItemPage\"],\"@id\":\"https:\\\/\\\/havendienst.nl\\\/product\\\/luxe-tender-sloep-mm\\\/\",\"url\":\"https:\\\/\\\/havendienst.nl\\\/product\\\/luxe-tender-sloep-mm\\\/\",\"name\":\"Luxe Tender Cooper Loosdrecht M&amp;M - Havendienst.nl\",\"isPartOf\":{\"@id\":\"https:\\\/\\\/havendienst.nl\\\/de\\\/#website\"},\"primaryImageOfPage\":{\"@id\":\"https:\\\/\\\/havendienst.nl\\\/product\\\/luxe-tender-sloep-mm\\\/#primaryimage\"},\"image\":{\"@id\":\"https:\\\/\\\/havendienst.nl\\\/product\\\/luxe-tender-sloep-mm\\\/#primaryimage\"},\"thumbnailUrl\":\"https:\\\/\\\/havendienst.nl\\\/upload\\\/2024\\\/08\\\/Cooper-680-01.png\",\"datePublished\":\"2024-06-16T18:44:24+00:00\",\"dateModified\":\"2025-06-17T13:20:29+00:00\",\"description\":\"Lekker met de familie of vrienden varen op de Loosdrechtse plassen en\\\/of op de prachtige Vecht. Lunchen op een van de eilanden op de plas, bij Slangevegt op een loungekussen aan de Vecht, of een van de restaurants aan de Plassen \u00f3f natuurlijk gewoon aan boord met wijntje, biertje of frisje waarna je een duik neemt vanaf het zwemplateau! Wil je alleen ergens worden afgezet? Boek de boot dan als taxi vervoer op havendienst.nl\\\/taxi.\",\"breadcrumb\":{\"@id\":\"https:\\\/\\\/havendienst.nl\\\/product\\\/luxe-tender-sloep-mm\\\/#breadcrumb\"},\"inLanguage\":\"it-IT\",\"potentialAction\":[{\"@type\":\"ReadAction\",\"target\":[\"https:\\\/\\\/havendienst.nl\\\/product\\\/luxe-tender-sloep-mm\\\/\"]}]},{\"@type\":\"ImageObject\",\"inLanguage\":\"it-IT\",\"@id\":\"https:\\\/\\\/havendienst.nl\\\/product\\\/luxe-tender-sloep-mm\\\/#primaryimage\",\"url\":\"https:\\\/\\\/havendienst.nl\\\/upload\\\/2024\\\/08\\\/Cooper-680-01.png\",\"contentUrl\":\"https:\\\/\\\/havendienst.nl\\\/upload\\\/2024\\\/08\\\/Cooper-680-01.png\",\"width\":1518,\"height\":778},{\"@type\":\"BreadcrumbList\",\"@id\":\"https:\\\/\\\/havendienst.nl\\\/product\\\/luxe-tender-sloep-mm\\\/#breadcrumb\",\"itemListElement\":[{\"@type\":\"ListItem\",\"position\":1,\"name\":\"Home\",\"item\":\"https:\\\/\\\/havendienst.nl\\\/\"},{\"@type\":\"ListItem\",\"position\":2,\"name\":\"Winkel\",\"item\":\"https:\\\/\\\/havendienst.nl\\\/winkel\\\/\"},{\"@type\":\"ListItem\",\"position\":3,\"name\":\"Luxe Tender Cooper Loosdrecht M&amp;M\"}]},{\"@type\":\"WebSite\",\"@id\":\"https:\\\/\\\/havendienst.nl\\\/de\\\/#website\",\"url\":\"https:\\\/\\\/havendienst.nl\\\/de\\\/\",\"name\":\"Havendienst.nl\",\"description\":\"Deelplatform voor boot huur en verhuur\",\"publisher\":{\"@id\":\"https:\\\/\\\/havendienst.nl\\\/de\\\/#organization\"},\"alternateName\":\"Havendienst Boot huren Loosdrecht\",\"potentialAction\":[{\"@type\":\"SearchAction\",\"target\":{\"@type\":\"EntryPoint\",\"urlTemplate\":\"https:\\\/\\\/havendienst.nl\\\/de\\\/?s={search_term_string}\"},\"query-input\":{\"@type\":\"PropertyValueSpecification\",\"valueRequired\":true,\"valueName\":\"search_term_string\"}}],\"inLanguage\":\"it-IT\"},{\"@type\":[\"Organization\",\"Place\",\"Corporation\"],\"@id\":\"https:\\\/\\\/havendienst.nl\\\/de\\\/#organization\",\"name\":\"Havendienst.nl\",\"alternateName\":\"Havendienst Boot huren Loosdrecht\",\"url\":\"https:\\\/\\\/havendienst.nl\\\/de\\\/\",\"logo\":{\"@id\":\"https:\\\/\\\/havendienst.nl\\\/product\\\/luxe-tender-sloep-mm\\\/#local-main-organization-logo\"},\"image\":{\"@id\":\"https:\\\/\\\/havendienst.nl\\\/product\\\/luxe-tender-sloep-mm\\\/#local-main-organization-logo\"},\"sameAs\":[\"https:\\\/\\\/www.facebook.com\\\/HavendienstNL\\\/\",\"https:\\\/\\\/www.instagram.com\\\/havendienstnl\\\/\",\"https:\\\/\\\/www.youtube.com\\\/@havendienst\",\"http:\\\/\\\/wa.me\\\/31356565744\"],\"description\":\"Havendienst.nl is het grootste gratis deelplatform voor bootverhuur in Loosdrecht en omgeving. Verhuur of huur eenvoudig een sloep, motorboot of sup zonder commissie. Havendienst.nl biedt daarnaast pechhulp op het water, watertaxi en noodservice op de Loosdrechtse Plassen, de Vecht en aangrenzende wateren. D\u00e9 centrale plek voor particulieren en verhuurbedrijven.\",\"legalName\":\"Havendienst.nl\",\"foundingDate\":\"2021-03-01\",\"duns\":\"404514148\",\"numberOfEmployees\":{\"@type\":\"QuantitativeValue\",\"minValue\":\"1\",\"maxValue\":\"10\"},\"publishingPrinciples\":\"https:\\\/\\\/havendienst.nl\\\/over\\\/\",\"ownershipFundingInfo\":\"https:\\\/\\\/havendienst.nl\\\/over\\\/\",\"actionableFeedbackPolicy\":\"https:\\\/\\\/havendienst.nl\\\/over\\\/\",\"correctionsPolicy\":\"https:\\\/\\\/havendienst.nl\\\/over\\\/\",\"ethicsPolicy\":\"https:\\\/\\\/havendienst.nl\\\/over\\\/\",\"diversityPolicy\":\"https:\\\/\\\/havendienst.nl\\\/over\\\/\",\"diversityStaffingReport\":\"https:\\\/\\\/havendienst.nl\\\/over\\\/\",\"hasMerchantReturnPolicy\":{\"@type\":\"MerchantReturnPolicy\",\"merchantReturnLink\":\"https:\\\/\\\/havendienst.nl\\\/it\\\/over\\\/\"},\"address\":{\"@id\":\"https:\\\/\\\/havendienst.nl\\\/product\\\/luxe-tender-sloep-mm\\\/#local-main-place-address\"},\"geo\":{\"@type\":\"GeoCoordinates\",\"latitude\":\"52.23923903597849\",\"longitude\":\"5.117388746032714\"},\"telephone\":[\"+31 35 6565744\"],\"openingHoursSpecification\":[{\"@type\":\"OpeningHoursSpecification\",\"dayOfWeek\":[\"Monday\",\"Tuesday\",\"Wednesday\",\"Thursday\",\"Friday\",\"Saturday\",\"Sunday\"],\"opens\":\"08:00\",\"closes\":\"22:00\"}],\"email\":\"info@havendienst.nl\",\"areaServed\":\"Loosdrecht, Oud-Loosdrecht, Vinkeveen, Friesland, Amsterdam, Utrecht, Oudewater, Kortenhoef, Maarssen, Weesp, Breukelen, Vecht\",\"vatID\":\"NL821308233B01\"},{\"@type\":\"PostalAddress\",\"@id\":\"https:\\\/\\\/havendienst.nl\\\/product\\\/luxe-tender-sloep-mm\\\/#local-main-place-address\",\"streetAddress\":\"Kerklaan 53\",\"addressLocality\":\"Kortenhoef\",\"postalCode\":\"1241CK\",\"addressRegion\":\"Noord-Holland\",\"addressCountry\":\"NL\"},{\"@type\":\"ImageObject\",\"inLanguage\":\"it-IT\",\"@id\":\"https:\\\/\\\/havendienst.nl\\\/product\\\/luxe-tender-sloep-mm\\\/#local-main-organization-logo\",\"url\":\"https:\\\/\\\/havendienst.nl\\\/upload\\\/2021\\\/01\\\/havendienst-logo-small.png\",\"contentUrl\":\"https:\\\/\\\/havendienst.nl\\\/upload\\\/2021\\\/01\\\/havendienst-logo-small.png\",\"width\":167,\"height\":81,\"caption\":\"Havendienst.nl\"}]}<\/script>\n<meta property=\"product:brand\" content=\"Motorboot\" \/>\n<meta property=\"product:price:amount\" content=\"698.00\" \/>\n<meta property=\"product:price:currency\" content=\"EUR\" \/>\n<meta property=\"og:availability\" content=\"instock\" \/>\n<meta property=\"product:availability\" content=\"instock\" \/>\n<meta property=\"product:condition\" content=\"new\" \/>\n<meta name=\"geo.placename\" content=\"Kortenhoef\" \/>\n<meta name=\"geo.position\" content=\"52.23923903597849;5.117388746032714\" \/>\n<meta name=\"geo.region\" content=\"Paesi Bassi\" \/>\n<!-- \/ Yoast SEO Premium plugin. -->","yoast_head_json":{"title":"Luxury Tender Cooper Loosdrecht M&amp;M - Havendienst.nl","description":"Andate in barca con la famiglia o con gli amici sui laghi Loosdrecht e\/o sul bellissimo Vecht. Pranzate su una delle isole dei laghi, a Slangevegt su un cuscino lounge dell'Vecht, o in uno dei ristoranti dei laghi o, naturalmente, a bordo con un bicchiere di vino, birra o soda, dopo di che potete fare un tuffo dalla piattaforma di nuoto! Volete solo essere accompagnati da qualche parte? Allora prenotate la barca come trasporto taxi su havendienst.nl\/taxi.","robots":{"index":"index","follow":"follow","max-snippet":"max-snippet:-1","max-image-preview":"max-image-preview:large","max-video-preview":"max-video-preview:-1"},"canonical":"https:\/\/havendienst.nl\/it\/prodotto\/luxe-tender-sloep-mm\/","og_locale":"it_IT","og_type":"article","og_title":"Luxe Tender Cooper Loosdrecht M&amp;M","og_description":"Lekker met de familie of vrienden varen op de Loosdrechtse plassen en\/of op de prachtige Vecht. Lunchen op een van de eilanden op de plas, bij Slangevegt op een loungekussen aan de Vecht, of een van de restaurants aan de Plassen \u00f3f natuurlijk gewoon aan boord met wijntje, biertje of frisje waarna je een duik neemt vanaf het zwemplateau! Wil je alleen ergens worden afgezet? Boek de boot dan als taxi vervoer op havendienst.nl\/taxi.","og_url":"https:\/\/havendienst.nl\/it\/prodotto\/luxe-tender-sloep-mm\/","og_site_name":"Havendienst.nl","article_publisher":"https:\/\/www.facebook.com\/HavendienstNL\/","article_modified_time":"2025-06-17T13:20:29+00:00","og_image":[{"width":1518,"height":778,"url":"https:\/\/havendienst.nl\/upload\/2024\/08\/Cooper-680-01.png","type":"image\/png"}],"twitter_card":"summary_large_image","twitter_misc":{"Prezzo":"&euro;&nbsp;698,00","Disponibilit\u00e0":"In stock"},"schema":{"@context":"https:\/\/schema.org","@graph":[{"@type":["WebPage","ItemPage"],"@id":"https:\/\/havendienst.nl\/product\/luxe-tender-sloep-mm\/","url":"https:\/\/havendienst.nl\/product\/luxe-tender-sloep-mm\/","name":"Luxury Tender Cooper Loosdrecht M&amp;M - Havendienst.nl","isPartOf":{"@id":"https:\/\/havendienst.nl\/de\/#website"},"primaryImageOfPage":{"@id":"https:\/\/havendienst.nl\/product\/luxe-tender-sloep-mm\/#primaryimage"},"image":{"@id":"https:\/\/havendienst.nl\/product\/luxe-tender-sloep-mm\/#primaryimage"},"thumbnailUrl":"https:\/\/havendienst.nl\/upload\/2024\/08\/Cooper-680-01.png","datePublished":"2024-06-16T18:44:24+00:00","dateModified":"2025-06-17T13:20:29+00:00","description":"Andate in barca con la famiglia o con gli amici sui laghi Loosdrecht e\/o sul bellissimo Vecht. Pranzate su una delle isole dei laghi, a Slangevegt su un cuscino lounge dell'Vecht, o in uno dei ristoranti dei laghi o, naturalmente, a bordo con un bicchiere di vino, birra o soda, dopo di che potete fare un tuffo dalla piattaforma di nuoto! Volete solo essere accompagnati da qualche parte? Allora prenotate la barca come trasporto taxi su havendienst.nl\/taxi.","breadcrumb":{"@id":"https:\/\/havendienst.nl\/product\/luxe-tender-sloep-mm\/#breadcrumb"},"inLanguage":"it-IT","potentialAction":[{"@type":"ReadAction","target":["https:\/\/havendienst.nl\/product\/luxe-tender-sloep-mm\/"]}]},{"@type":"ImageObject","inLanguage":"it-IT","@id":"https:\/\/havendienst.nl\/product\/luxe-tender-sloep-mm\/#primaryimage","url":"https:\/\/havendienst.nl\/upload\/2024\/08\/Cooper-680-01.png","contentUrl":"https:\/\/havendienst.nl\/upload\/2024\/08\/Cooper-680-01.png","width":1518,"height":778},{"@type":"BreadcrumbList","@id":"https:\/\/havendienst.nl\/product\/luxe-tender-sloep-mm\/#breadcrumb","itemListElement":[{"@type":"ListItem","position":1,"name":"Home","item":"https:\/\/havendienst.nl\/"},{"@type":"ListItem","position":2,"name":"Winkel","item":"https:\/\/havendienst.nl\/winkel\/"},{"@type":"ListItem","position":3,"name":"Luxe Tender Cooper Loosdrecht M&amp;M"}]},{"@type":"WebSite","@id":"https:\/\/havendienst.nl\/de\/#website","url":"https:\/\/havendienst.nl\/de\/","name":"Havendienst.nl","description":"Piattaforma di condivisione per il noleggio e l'affitto di barche","publisher":{"@id":"https:\/\/havendienst.nl\/de\/#organization"},"alternateName":"Havendienst Boot huren Loosdrecht","potentialAction":[{"@type":"SearchAction","target":{"@type":"EntryPoint","urlTemplate":"https:\/\/havendienst.nl\/de\/?s={search_term_string}"},"query-input":{"@type":"PropertyValueSpecification","valueRequired":true,"valueName":"search_term_string"}}],"inLanguage":"it-IT"},{"@type":["Organization","Place","Corporation"],"@id":"https:\/\/havendienst.nl\/de\/#organization","name":"Havendienst.nl","alternateName":"Havendienst Boot huren Loosdrecht","url":"https:\/\/havendienst.nl\/de\/","logo":{"@id":"https:\/\/havendienst.nl\/product\/luxe-tender-sloep-mm\/#local-main-organization-logo"},"image":{"@id":"https:\/\/havendienst.nl\/product\/luxe-tender-sloep-mm\/#local-main-organization-logo"},"sameAs":["https:\/\/www.facebook.com\/HavendienstNL\/","https:\/\/www.instagram.com\/havendienstnl\/","https:\/\/www.youtube.com\/@havendienst","http:\/\/wa.me\/31356565744"],"description":"Havendienst.nl \u00e8 la pi\u00f9 grande piattaforma di condivisione gratuita per il noleggio di barche a Loosdrecht e dintorni. Noleggiate o affittate facilmente uno sloop, un motoscafo o un sup senza commissioni. Havendienst.nl offre anche assistenza in caso di guasto in acqua, taxi d'acqua e servizio di emergenza sull'Loosdrechtse Plassen, sull'Vecht e sulle acque vicine. Il luogo centrale per i privati e le societ\u00e0 di noleggio.","legalName":"Havendienst.nl","foundingDate":"2021-03-01","duns":"404514148","numberOfEmployees":{"@type":"QuantitativeValue","minValue":"1","maxValue":"10"},"publishingPrinciples":"https:\/\/havendienst.nl\/over\/","ownershipFundingInfo":"https:\/\/havendienst.nl\/over\/","actionableFeedbackPolicy":"https:\/\/havendienst.nl\/over\/","correctionsPolicy":"https:\/\/havendienst.nl\/over\/","ethicsPolicy":"https:\/\/havendienst.nl\/over\/","diversityPolicy":"https:\/\/havendienst.nl\/over\/","diversityStaffingReport":"https:\/\/havendienst.nl\/over\/","hasMerchantReturnPolicy":{"@type":"MerchantReturnPolicy","merchantReturnLink":"https:\/\/havendienst.nl\/it\/over\/"},"address":{"@id":"https:\/\/havendienst.nl\/product\/luxe-tender-sloep-mm\/#local-main-place-address"},"geo":{"@type":"GeoCoordinates","latitude":"52.23923903597849","longitude":"5.117388746032714"},"telephone":["+31 35 6565744"],"openingHoursSpecification":[{"@type":"OpeningHoursSpecification","dayOfWeek":["Monday","Tuesday","Wednesday","Thursday","Friday","Saturday","Sunday"],"opens":"08:00","closes":"22:00"}],"email":"info@havendienst.nl","areaServed":"Loosdrecht, Oud-Loosdrecht, Vinkeveen, Friesland, Amsterdam, Utrecht, Oudewater, Kortenhoef, Maarssen, Weesp, Breukelen, Vecht","vatID":"NL821308233B01"},{"@type":"PostalAddress","@id":"https:\/\/havendienst.nl\/product\/luxe-tender-sloep-mm\/#local-main-place-address","streetAddress":"Kerklaan 53","addressLocality":"Kortenhoef","postalCode":"1241CK","addressRegion":"Noord-Holland","addressCountry":"NL"},{"@type":"ImageObject","inLanguage":"it-IT","@id":"https:\/\/havendienst.nl\/product\/luxe-tender-sloep-mm\/#local-main-organization-logo","url":"https:\/\/havendienst.nl\/upload\/2021\/01\/havendienst-logo-small.png","contentUrl":"https:\/\/havendienst.nl\/upload\/2021\/01\/havendienst-logo-small.png","width":167,"height":81,"caption":"Havendienst.nl"}]},"product_brand":"Motorboot","product_price_amount":"698.00","product_price_currency":"EUR","og_availability":"instock","product_availability":"instock","product_condition":"new","geo.placename":"Kortenhoef","geo.position":{"lat":"52.23923903597849","long":"5.117388746032714"},"geo.region":"Paesi Bassi"},"_links":{"self":[{"href":"https:\/\/havendienst.nl\/it\/wp-json\/wp\/v2\/product\/55108","targetHints":{"allow":["GET"]}}],"collection":[{"href":"https:\/\/havendienst.nl\/it\/wp-json\/wp\/v2\/product"}],"about":[{"href":"https:\/\/havendienst.nl\/it\/wp-json\/wp\/v2\/types\/product"}],"replies":[{"embeddable":true,"href":"https:\/\/havendienst.nl\/it\/wp-json\/wp\/v2\/comments?post=55108"}],"wp:featuredmedia":[{"embeddable":true,"href":"https:\/\/havendienst.nl\/it\/wp-json\/wp\/v2\/media\/55719"}],"wp:attachment":[{"href":"https:\/\/havendienst.nl\/it\/wp-json\/wp\/v2\/media?parent=55108"}],"wp:term":[{"taxonomy":"product_brand","embeddable":true,"href":"https:\/\/havendienst.nl\/it\/wp-json\/wp\/v2\/product_brand?post=55108"},{"taxonomy":"product_cat","embeddable":true,"href":"https:\/\/havendienst.nl\/it\/wp-json\/wp\/v2\/product_cat?post=55108"},{"taxonomy":"product_tag","embeddable":true,"href":"https:\/\/havendienst.nl\/it\/wp-json\/wp\/v2\/product_tag?post=55108"}],"curies":[{"name":"wp","href":"https:\/\/api.w.org\/{rel}","templated":true}]}}