{"id":44793,"date":"2023-06-09T18:19:26","date_gmt":"2023-06-09T16:19:26","guid":{"rendered":"https:\/\/havendienst.nl\/?post_type=product&#038;p=44793"},"modified":"2026-04-07T15:58:56","modified_gmt":"2026-04-07T13:58:56","slug":"ruime-gezellige-tuinersvlet","status":"publish","type":"product","link":"https:\/\/havendienst.nl\/it\/product\/ruime-gezellige-tuinersvlet\/","title":{"rendered":"Spazioso e accogliente Tuindervlet"},"content":{"rendered":"<div class=\"fusion-fullwidth fullwidth-box fusion-builder-row-1 fusion-flex-container nonhundred-percent-fullwidth non-hundred-percent-height-scrolling\" style=\"--awb-border-radius-top-left:0px;--awb-border-radius-top-right:0px;--awb-border-radius-bottom-right:0px;--awb-border-radius-bottom-left:0px;--awb-flex-wrap:wrap;\" ><div class=\"fusion-builder-row fusion-row fusion-flex-align-items-flex-start fusion-flex-content-wrap\" style=\"max-width:1144px;margin-left: calc(-4% \/ 2 );margin-right: calc(-4% \/ 2 );\"><div class=\"fusion-layout-column fusion_builder_column fusion-builder-column-0 fusion_builder_column_1_1 1_1 fusion-flex-column\" style=\"--awb-bg-size:cover;--awb-width-large:100%;--awb-margin-top-large:0px;--awb-spacing-right-large:1.92%;--awb-margin-bottom-large:0px;--awb-spacing-left-large:1.92%;--awb-width-medium:100%;--awb-spacing-right-medium:1.92%;--awb-spacing-left-medium:1.92%;--awb-width-small:100%;--awb-spacing-right-small:1.92%;--awb-spacing-left-small:1.92%;\"><div class=\"fusion-column-wrapper fusion-flex-justify-content-flex-start fusion-content-layout-column\"><div class=\"fusion-text fusion-text-1\"><p><strong data-start=\"0\" data-end=\"64\">Scoprite l'incantevole Vecht con il nostro classico Vlet da giardiniere!<\/strong><\/p>\n<p data-start=\"68\" data-end=\"305\">Salite a bordo del nostro autentico Tuindersvlet e godetevi una rilassante crociera con un massimo di 13 persone. Perfetto per una gita in famiglia, un aperitivo con gli amici o un'uscita in compagnia. Divertimento extra: ne abbiamo addirittura due!<\/p>\n<p data-start=\"307\" data-end=\"607\"><strong data-start=\"307\" data-end=\"350\">Navigazione sul Vecht e sui laghi circostanti<\/strong><br data-start=\"350\" data-end=\"353\" \/>Provate il fascino dell'Vecht mentre costeggiate la splendida campagna, le maestose case di campagna, le case da t\u00e8, i mulini a vento e i villaggi pittoreschi. Saremo lieti di tracciare per voi un bellissimo itinerario, ad esempio attraverso i laghi Kortenhoef e Loosdrecht.<\/p>\n<p data-start=\"609\" data-end=\"875\"><strong data-start=\"609\" data-end=\"640\">Punto di partenza e strutture<\/strong><br data-start=\"640\" data-end=\"643\" \/>Le nostre barche partono dalla nostra fattoria sulla Vecht, situata in una posizione comoda tra la Weesp e Nederhorst den Berg, a soli 20 minuti da Amsterdam. Qui troverete un ampio parcheggio e servizi igienici, cos\u00ec potrete partire rilassati.<\/p>\n<p data-start=\"877\" data-end=\"1356\"><strong data-start=\"877\" data-end=\"912\">Crociera confortevole e autentica<\/strong><br data-start=\"912\" data-end=\"915\" \/>Il Tuindervlet \u00e8 una robusta imbarcazione in ferro che un tempo veniva utilizzata per il trasporto di bestiame e verdure. Oggi \u00e8 dotata di un affidabile motore diesel e di un timone che consente di governare in modo fluido e preciso. Le panche in legno sono dotate di comodi cuscini e ci sono due sedili aggiuntivi con schienale, ideali per i nonni! Al centro c'\u00e8 uno spazioso box in legno, comodo per i bagagli e un tavolino per le bevande.<\/p>\n<p data-start=\"1358\" data-end=\"1467\"><strong data-start=\"1358\" data-end=\"1376\">I cani sono i benvenuti!<\/strong><\/p>\n<p data-start=\"1358\" data-end=\"1467\">Attenzione agli amanti degli animali: il vostro fedele amico a quattro zampe \u00e8 il benvenuto a bordo!<\/p>\n<p data-start=\"1469\" data-end=\"1664\"><strong data-start=\"1469\" data-end=\"1505\">Un'esperienza unica sull'acqua<\/strong><br data-start=\"1505\" data-end=\"1508\" \/>Il Gardenervlet offre una combinazione perfetta di spazio, comodit\u00e0 e atmosfera autentica. Rilassatevi, godetevi e lasciatevi stupire dalla bellezza dell'Vecht.<\/p>\n<p data-start=\"1666\" data-end=\"1767\"><strong data-start=\"1669\" data-end=\"1696\">Orari di navigazione disponibili:<\/strong><br data-start=\"1696\" data-end=\"1699\" \/>\ud83d\udd39 10:00 - 18:00\/19:00<br data-start=\"1719\" data-end=\"1722\" \/>\ud83d\udd39 10:00 - 13:00<br data-start=\"1742\" data-end=\"1745\" \/>\ud83d\udd39 14:00 - 18:00\/19:00<\/p>\n<p data-start=\"1769\" data-end=\"1886\" data-is-last-node=\"\" data-is-only-node=\"\">Desiderate navigare in un orario diverso? Non esitate a contattarci e valuteremo insieme le possibilit\u00e0!<\/p>\n<p><strong>Condizioni:<\/strong><\/p>\n<ul>\n<li>Affitti secondo <a href=\"\/upload\/2023\/06\/algemene-huurvoorwaarden-boot-recreatie-aan-de-vecht.pdf\" target=\"_blank\" rel=\"noopener\" data-mce-href=\"\/upload\/2023\/06\/algemene-huurvoorwaarden-boot-recreatie-aan-de-vecht.pdf\">questo contratto<\/a><\/li>\n<li>L'et\u00e0 minima dello skipper \u00e8 di 18 anni.<\/li>\n<li>\u00c8 necessaria la legittimazione.<\/li>\n<li>Non verr\u00e0 addebitato alcun deposito finch\u00e9 parcheggerete la vostra auto presso di noi.<\/li>\n<li>La barca \u00e8 completamente rifornita alla partenza, nessun rifornimento \u00e8 necessario.<\/li>\n<li>Non \u00e8 consentito attraversare la chiusa dell'Muiden e navigare verso Amsterdam (tranne l'Weesp).<\/li>\n<li>Politica di cancellazione: la cancellazione \u00e8 gratuita fino a 3 giorni prima. Entro 3 giorni, il deposito non sar\u00e0 rimborsato. In caso di maltempo, \u00e8 sempre possibile cancellare gratuitamente la prenotazione in base alle disposizioni del regolamento. <em>Garanzia di bel tempo.<\/em><\/li>\n<\/ul>\n<\/div><\/div><\/div><\/div><\/div>","protected":false},"excerpt":{"rendered":"<p data-start=\"0\" data-end=\"211\">Tuindersvlet classico molto spazioso per 13 persone, dotato di motore entrobordo, timone e comodi cuscini. I cani sono i benvenuti! Ideale per una crociera rilassante o per un drink accogliente sull'Vecht.<\/p>\n<p data-start=\"213\" data-end=\"307\">Orari di navigazione disponibili:<br data-start=\"236\" data-end=\"239\"\/>\ud83d\udd39 10:00 - 18:00 (o 19:00)<br data-start=\"259\" data-end=\"262\" data-is-only-node=\"\"\/>\ud83d\udd39 10:00 - 13:00<br data-start=\"282\" data-end=\"285\"\/>\ud83d\udd39 14:00 - 18:00 (o 19:00)<\/p>\n<p data-start=\"309\" data-end=\"409\" data-is-last-node=\"\" data-is-only-node=\"\">Desiderate navigare in un orario diverso? Non esitate a contattarci per discutere le possibilit\u00e0!<\/p>","protected":false},"featured_media":44310,"comment_status":"open","ping_status":"closed","template":"","meta":[],"product_brand":[],"product_cat":[342,1582],"product_tag":[],"class_list":{"0":"post-44793","1":"product","2":"type-product","3":"status-publish","4":"has-post-thumbnail","6":"product_cat-boten","7":"product_cat-area-weesp","8":"wcpv_product_vendors-recreatie-aan-de-vecht","10":"first","11":"instock","12":"virtual","13":"sold-individually","14":"taxable","15":"purchasable","16":"product-type-booking"},"booking_location":"","booking_location_type":"","booking_duration":1,"booking_duration_unit":"hour","booking_buffer":0,"booking_cost":105,"booking_resources":[],"exclude_global_add_ons":false,"addons":[{"name":"Condizioni","type":"checkbox","position":0,"required":true,"title_format":"label","default":"","description_enable":true,"description":"Grazie per aver letto i termini e le condizioni di questa barca. (Vedi sotto) Sei d'accordo?","placeholder_enable":false,"placeholder":"","display":"select","restrictions_type":"any_text","adjust_price":false,"price":"0","price_type":"flat_fee","restrictions":false,"min":"0","max":"0","options":[{"label":"Akkoord","price":"","price_type":"flat_fee","image":0,"visibility":true}]}],"yoast_head":"<!-- This site is optimized with the Yoast SEO Premium plugin v27.2 (Yoast SEO v27.3) - https:\/\/yoast.com\/product\/yoast-seo-premium-wordpress\/ -->\n<title>Ruime gezellige Tuindersvlet - Havendienst.nl<\/title>\n<meta name=\"description\" content=\"Zeer ruime, klassieke Tuindersvlet voor 13 personen, uitgerust met een inboard motor, roer en comfortabele kussens. Honden zijn welkom! Ideaal voor een ontspannen vaartocht of een gezellige borrel op de Vecht.Beschikbare vaartijden:\ud83d\udd39 10:00 - 18:00 uur (of 19:00)\ud83d\udd39 10:00 - 13:00 uur\ud83d\udd39 14:00 - 18:00 uur (of 19:00)Wilt u op een ander tijdstip varen? Neem gerust contact met ons op om de mogelijkheden te bespreken!\" \/>\n<meta name=\"robots\" content=\"index, follow, max-snippet:-1, max-image-preview:large, max-video-preview:-1\" \/>\n<link rel=\"canonical\" href=\"https:\/\/havendienst.nl\/it\/prodotto\/ruime-gezellige-tuinersvlet\/\" \/>\n<meta property=\"og:locale\" content=\"it_IT\" \/>\n<meta property=\"og:type\" content=\"article\" \/>\n<meta property=\"og:title\" content=\"Ruime gezellige Tuindersvlet\" \/>\n<meta property=\"og:description\" content=\"Zeer ruime, klassieke Tuindersvlet voor 13 personen, uitgerust met een inboard motor, roer en comfortabele kussens. Honden zijn welkom! Ideaal voor een ontspannen vaartocht of een gezellige borrel op de Vecht.Beschikbare vaartijden:\ud83d\udd39 10:00 - 18:00 uur (of 19:00)\ud83d\udd39 10:00 - 13:00 uur\ud83d\udd39 14:00 - 18:00 uur (of 19:00)Wilt u op een ander tijdstip varen? Neem gerust contact met ons op om de mogelijkheden te bespreken!\" \/>\n<meta property=\"og:url\" content=\"https:\/\/havendienst.nl\/it\/prodotto\/ruime-gezellige-tuinersvlet\/\" \/>\n<meta property=\"og:site_name\" content=\"Havendienst.nl\" \/>\n<meta property=\"article:publisher\" content=\"https:\/\/www.facebook.com\/HavendienstNL\/\" \/>\n<meta property=\"article:modified_time\" content=\"2026-04-07T13:58:56+00:00\" \/>\n<meta property=\"og:image\" content=\"https:\/\/havendienst.nl\/upload\/2023\/06\/1618388420-tuindersvlet-hoog.jpeg\" \/>\n\t<meta property=\"og:image:width\" content=\"1920\" \/>\n\t<meta property=\"og:image:height\" content=\"1440\" \/>\n\t<meta property=\"og:image:type\" content=\"image\/jpeg\" \/>\n<meta name=\"twitter:card\" content=\"summary_large_image\" \/>\n<meta name=\"twitter:label1\" content=\"Prezzo\" \/>\n\t<meta name=\"twitter:data1\" content=\"&euro;&nbsp;105,00\" \/>\n\t<meta name=\"twitter:label2\" content=\"Disponibilit\u00e0\" \/>\n\t<meta name=\"twitter:data2\" content=\"In stock\" \/>\n<script type=\"application\/ld+json\" class=\"yoast-schema-graph\">{\"@context\":\"https:\\\/\\\/schema.org\",\"@graph\":[{\"@type\":[\"WebPage\",\"ItemPage\"],\"@id\":\"https:\\\/\\\/havendienst.nl\\\/product\\\/ruime-gezellige-tuinersvlet\\\/\",\"url\":\"https:\\\/\\\/havendienst.nl\\\/product\\\/ruime-gezellige-tuinersvlet\\\/\",\"name\":\"Ruime gezellige Tuindersvlet - Havendienst.nl\",\"isPartOf\":{\"@id\":\"https:\\\/\\\/havendienst.nl\\\/de\\\/#website\"},\"primaryImageOfPage\":{\"@id\":\"https:\\\/\\\/havendienst.nl\\\/product\\\/ruime-gezellige-tuinersvlet\\\/#primaryimage\"},\"image\":{\"@id\":\"https:\\\/\\\/havendienst.nl\\\/product\\\/ruime-gezellige-tuinersvlet\\\/#primaryimage\"},\"thumbnailUrl\":\"https:\\\/\\\/havendienst.nl\\\/upload\\\/2023\\\/06\\\/1618388420-tuindersvlet-hoog.jpeg\",\"datePublished\":\"2023-06-09T16:19:26+00:00\",\"dateModified\":\"2026-04-07T13:58:56+00:00\",\"description\":\"Zeer ruime, klassieke Tuindersvlet voor 13 personen, uitgerust met een inboard motor, roer en comfortabele kussens. Honden zijn welkom! Ideaal voor een ontspannen vaartocht of een gezellige borrel op de Vecht. Beschikbare vaartijden:\ud83d\udd39 10:00 - 18:00 uur (of 19:00)\ud83d\udd39 10:00 - 13:00 uur\ud83d\udd39 14:00 - 18:00 uur (of 19:00) Wilt u op een ander tijdstip varen? Neem gerust contact met ons op om de mogelijkheden te bespreken!\",\"breadcrumb\":{\"@id\":\"https:\\\/\\\/havendienst.nl\\\/product\\\/ruime-gezellige-tuinersvlet\\\/#breadcrumb\"},\"inLanguage\":\"it-IT\",\"potentialAction\":[{\"@type\":\"ReadAction\",\"target\":[\"https:\\\/\\\/havendienst.nl\\\/product\\\/ruime-gezellige-tuinersvlet\\\/\"]}]},{\"@type\":\"ImageObject\",\"inLanguage\":\"it-IT\",\"@id\":\"https:\\\/\\\/havendienst.nl\\\/product\\\/ruime-gezellige-tuinersvlet\\\/#primaryimage\",\"url\":\"https:\\\/\\\/havendienst.nl\\\/upload\\\/2023\\\/06\\\/1618388420-tuindersvlet-hoog.jpeg\",\"contentUrl\":\"https:\\\/\\\/havendienst.nl\\\/upload\\\/2023\\\/06\\\/1618388420-tuindersvlet-hoog.jpeg\",\"width\":1920,\"height\":1440},{\"@type\":\"BreadcrumbList\",\"@id\":\"https:\\\/\\\/havendienst.nl\\\/product\\\/ruime-gezellige-tuinersvlet\\\/#breadcrumb\",\"itemListElement\":[{\"@type\":\"ListItem\",\"position\":1,\"name\":\"Home\",\"item\":\"https:\\\/\\\/havendienst.nl\\\/\"},{\"@type\":\"ListItem\",\"position\":2,\"name\":\"Winkel\",\"item\":\"https:\\\/\\\/havendienst.nl\\\/winkel\\\/\"},{\"@type\":\"ListItem\",\"position\":3,\"name\":\"Ruime gezellige Tuindersvlet\"}]},{\"@type\":\"WebSite\",\"@id\":\"https:\\\/\\\/havendienst.nl\\\/de\\\/#website\",\"url\":\"https:\\\/\\\/havendienst.nl\\\/de\\\/\",\"name\":\"Havendienst.nl\",\"description\":\"Deelplatform voor boot huur en verhuur\",\"publisher\":{\"@id\":\"https:\\\/\\\/havendienst.nl\\\/de\\\/#organization\"},\"alternateName\":\"Havendienst Boot huren Loosdrecht\",\"potentialAction\":[{\"@type\":\"SearchAction\",\"target\":{\"@type\":\"EntryPoint\",\"urlTemplate\":\"https:\\\/\\\/havendienst.nl\\\/de\\\/?s={search_term_string}\"},\"query-input\":{\"@type\":\"PropertyValueSpecification\",\"valueRequired\":true,\"valueName\":\"search_term_string\"}}],\"inLanguage\":\"it-IT\"},{\"@type\":[\"Organization\",\"Place\",\"Corporation\"],\"@id\":\"https:\\\/\\\/havendienst.nl\\\/de\\\/#organization\",\"name\":\"Havendienst.nl\",\"alternateName\":\"Havendienst Boot huren Loosdrecht\",\"url\":\"https:\\\/\\\/havendienst.nl\\\/de\\\/\",\"logo\":{\"@id\":\"https:\\\/\\\/havendienst.nl\\\/product\\\/ruime-gezellige-tuinersvlet\\\/#local-main-organization-logo\"},\"image\":{\"@id\":\"https:\\\/\\\/havendienst.nl\\\/product\\\/ruime-gezellige-tuinersvlet\\\/#local-main-organization-logo\"},\"sameAs\":[\"https:\\\/\\\/www.facebook.com\\\/HavendienstNL\\\/\",\"https:\\\/\\\/www.instagram.com\\\/havendienstnl\\\/\",\"https:\\\/\\\/www.youtube.com\\\/@havendienst\",\"http:\\\/\\\/wa.me\\\/31356565744\"],\"description\":\"Havendienst.nl is het grootste gratis deelplatform voor bootverhuur in Loosdrecht en omgeving. Verhuur of huur eenvoudig een sloep, motorboot of sup zonder commissie. Havendienst.nl biedt daarnaast pechhulp op het water, watertaxi en noodservice op de Loosdrechtse Plassen, de Vecht en aangrenzende wateren. D\u00e9 centrale plek voor particulieren en verhuurbedrijven.\",\"legalName\":\"Havendienst.nl\",\"foundingDate\":\"2021-03-01\",\"duns\":\"404514148\",\"numberOfEmployees\":{\"@type\":\"QuantitativeValue\",\"minValue\":\"1\",\"maxValue\":\"10\"},\"publishingPrinciples\":\"https:\\\/\\\/havendienst.nl\\\/over\\\/\",\"ownershipFundingInfo\":\"https:\\\/\\\/havendienst.nl\\\/over\\\/\",\"actionableFeedbackPolicy\":\"https:\\\/\\\/havendienst.nl\\\/over\\\/\",\"correctionsPolicy\":\"https:\\\/\\\/havendienst.nl\\\/over\\\/\",\"ethicsPolicy\":\"https:\\\/\\\/havendienst.nl\\\/over\\\/\",\"diversityPolicy\":\"https:\\\/\\\/havendienst.nl\\\/over\\\/\",\"diversityStaffingReport\":\"https:\\\/\\\/havendienst.nl\\\/over\\\/\",\"hasMerchantReturnPolicy\":{\"@type\":\"MerchantReturnPolicy\",\"merchantReturnLink\":\"https:\\\/\\\/havendienst.nl\\\/it\\\/over\\\/\"},\"address\":{\"@id\":\"https:\\\/\\\/havendienst.nl\\\/product\\\/ruime-gezellige-tuinersvlet\\\/#local-main-place-address\"},\"geo\":{\"@type\":\"GeoCoordinates\",\"latitude\":\"52.23923903597849\",\"longitude\":\"5.117388746032714\"},\"telephone\":[\"+31 35 6565744\"],\"openingHoursSpecification\":[{\"@type\":\"OpeningHoursSpecification\",\"dayOfWeek\":[\"Monday\",\"Tuesday\",\"Wednesday\",\"Thursday\",\"Friday\",\"Saturday\",\"Sunday\"],\"opens\":\"08:00\",\"closes\":\"22:00\"}],\"email\":\"info@havendienst.nl\",\"areaServed\":\"Loosdrecht, Oud-Loosdrecht, Vinkeveen, Friesland, Amsterdam, Utrecht, Oudewater, Kortenhoef, Maarssen, Weesp, Breukelen, Vecht\",\"vatID\":\"NL821308233B01\"},{\"@type\":\"PostalAddress\",\"@id\":\"https:\\\/\\\/havendienst.nl\\\/product\\\/ruime-gezellige-tuinersvlet\\\/#local-main-place-address\",\"streetAddress\":\"Kerklaan 53\",\"addressLocality\":\"Kortenhoef\",\"postalCode\":\"1241CK\",\"addressRegion\":\"Noord-Holland\",\"addressCountry\":\"NL\"},{\"@type\":\"ImageObject\",\"inLanguage\":\"it-IT\",\"@id\":\"https:\\\/\\\/havendienst.nl\\\/product\\\/ruime-gezellige-tuinersvlet\\\/#local-main-organization-logo\",\"url\":\"https:\\\/\\\/havendienst.nl\\\/upload\\\/2021\\\/01\\\/havendienst-logo-small.png\",\"contentUrl\":\"https:\\\/\\\/havendienst.nl\\\/upload\\\/2021\\\/01\\\/havendienst-logo-small.png\",\"width\":167,\"height\":81,\"caption\":\"Havendienst.nl\"}]}<\/script>\n<meta property=\"product:brand\" content=\"Sloep\" \/>\n<meta property=\"product:price:amount\" content=\"105.00\" \/>\n<meta property=\"product:price:currency\" content=\"EUR\" \/>\n<meta property=\"og:availability\" content=\"instock\" \/>\n<meta property=\"product:availability\" content=\"instock\" \/>\n<meta property=\"product:condition\" content=\"new\" \/>\n<meta name=\"geo.placename\" content=\"Kortenhoef\" \/>\n<meta name=\"geo.position\" content=\"52.23923903597849;5.117388746032714\" \/>\n<meta name=\"geo.region\" content=\"Paesi Bassi\" \/>\n<!-- \/ Yoast SEO Premium plugin. -->","yoast_head_json":{"title":"Tuindersvlet spazioso e accogliente - Havendienst.nl","description":"Tuindervlet classico molto spazioso per 13 persone, dotato di motore entrobordo, timone e comodi cuscini. I cani sono i benvenuti! Ideale per una crociera rilassante o per un drink accogliente sulla Vecht.Orari di navigazione disponibili:\ud83d\udd39 10:00 - 18:00 (o 19:00)\ud83d\udd39 10:00 - 13:00\ud83d\udd39 14:00 - 18:00 (o 19:00)Volete navigare in un orario diverso? Non esitate a contattarci per discutere le possibilit\u00e0!","robots":{"index":"index","follow":"follow","max-snippet":"max-snippet:-1","max-image-preview":"max-image-preview:large","max-video-preview":"max-video-preview:-1"},"canonical":"https:\/\/havendienst.nl\/it\/prodotto\/ruime-gezellige-tuinersvlet\/","og_locale":"it_IT","og_type":"article","og_title":"Ruime gezellige Tuindersvlet","og_description":"Zeer ruime, klassieke Tuindersvlet voor 13 personen, uitgerust met een inboard motor, roer en comfortabele kussens. Honden zijn welkom! Ideaal voor een ontspannen vaartocht of een gezellige borrel op de Vecht.Beschikbare vaartijden:\ud83d\udd39 10:00 - 18:00 uur (of 19:00)\ud83d\udd39 10:00 - 13:00 uur\ud83d\udd39 14:00 - 18:00 uur (of 19:00)Wilt u op een ander tijdstip varen? Neem gerust contact met ons op om de mogelijkheden te bespreken!","og_url":"https:\/\/havendienst.nl\/it\/prodotto\/ruime-gezellige-tuinersvlet\/","og_site_name":"Havendienst.nl","article_publisher":"https:\/\/www.facebook.com\/HavendienstNL\/","article_modified_time":"2026-04-07T13:58:56+00:00","og_image":[{"width":1920,"height":1440,"url":"https:\/\/havendienst.nl\/upload\/2023\/06\/1618388420-tuindersvlet-hoog.jpeg","type":"image\/jpeg"}],"twitter_card":"summary_large_image","twitter_misc":{"Prezzo":"&euro;&nbsp;105,00","Disponibilit\u00e0":"In stock"},"schema":{"@context":"https:\/\/schema.org","@graph":[{"@type":["WebPage","ItemPage"],"@id":"https:\/\/havendienst.nl\/product\/ruime-gezellige-tuinersvlet\/","url":"https:\/\/havendienst.nl\/product\/ruime-gezellige-tuinersvlet\/","name":"Tuindersvlet spazioso e accogliente - Havendienst.nl","isPartOf":{"@id":"https:\/\/havendienst.nl\/de\/#website"},"primaryImageOfPage":{"@id":"https:\/\/havendienst.nl\/product\/ruime-gezellige-tuinersvlet\/#primaryimage"},"image":{"@id":"https:\/\/havendienst.nl\/product\/ruime-gezellige-tuinersvlet\/#primaryimage"},"thumbnailUrl":"https:\/\/havendienst.nl\/upload\/2023\/06\/1618388420-tuindersvlet-hoog.jpeg","datePublished":"2023-06-09T16:19:26+00:00","dateModified":"2026-04-07T13:58:56+00:00","description":"Tuindersvlet classico molto spazioso per 13 persone, dotato di motore entrobordo, timone e comodi cuscini. I cani sono i benvenuti! Ideale per una crociera rilassante o per un drink accogliente sull'Vecht. Orari di navigazione disponibili:\ud83d\udd39 10:00 - 18:00 (o 19:00)\ud83d\udd39 10:00 - 13:00\ud83d\udd39 14:00 - 18:00 (o 19:00) Volete navigare in un orario diverso? Non esitate a contattarci per discutere le possibilit\u00e0!","breadcrumb":{"@id":"https:\/\/havendienst.nl\/product\/ruime-gezellige-tuinersvlet\/#breadcrumb"},"inLanguage":"it-IT","potentialAction":[{"@type":"ReadAction","target":["https:\/\/havendienst.nl\/product\/ruime-gezellige-tuinersvlet\/"]}]},{"@type":"ImageObject","inLanguage":"it-IT","@id":"https:\/\/havendienst.nl\/product\/ruime-gezellige-tuinersvlet\/#primaryimage","url":"https:\/\/havendienst.nl\/upload\/2023\/06\/1618388420-tuindersvlet-hoog.jpeg","contentUrl":"https:\/\/havendienst.nl\/upload\/2023\/06\/1618388420-tuindersvlet-hoog.jpeg","width":1920,"height":1440},{"@type":"BreadcrumbList","@id":"https:\/\/havendienst.nl\/product\/ruime-gezellige-tuinersvlet\/#breadcrumb","itemListElement":[{"@type":"ListItem","position":1,"name":"Home","item":"https:\/\/havendienst.nl\/"},{"@type":"ListItem","position":2,"name":"Winkel","item":"https:\/\/havendienst.nl\/winkel\/"},{"@type":"ListItem","position":3,"name":"Ruime gezellige Tuindersvlet"}]},{"@type":"WebSite","@id":"https:\/\/havendienst.nl\/de\/#website","url":"https:\/\/havendienst.nl\/de\/","name":"Havendienst.nl","description":"Piattaforma di condivisione per il noleggio e l'affitto di barche","publisher":{"@id":"https:\/\/havendienst.nl\/de\/#organization"},"alternateName":"Havendienst Boot huren Loosdrecht","potentialAction":[{"@type":"SearchAction","target":{"@type":"EntryPoint","urlTemplate":"https:\/\/havendienst.nl\/de\/?s={search_term_string}"},"query-input":{"@type":"PropertyValueSpecification","valueRequired":true,"valueName":"search_term_string"}}],"inLanguage":"it-IT"},{"@type":["Organization","Place","Corporation"],"@id":"https:\/\/havendienst.nl\/de\/#organization","name":"Havendienst.nl","alternateName":"Havendienst Boot huren Loosdrecht","url":"https:\/\/havendienst.nl\/de\/","logo":{"@id":"https:\/\/havendienst.nl\/product\/ruime-gezellige-tuinersvlet\/#local-main-organization-logo"},"image":{"@id":"https:\/\/havendienst.nl\/product\/ruime-gezellige-tuinersvlet\/#local-main-organization-logo"},"sameAs":["https:\/\/www.facebook.com\/HavendienstNL\/","https:\/\/www.instagram.com\/havendienstnl\/","https:\/\/www.youtube.com\/@havendienst","http:\/\/wa.me\/31356565744"],"description":"Havendienst.nl \u00e8 la pi\u00f9 grande piattaforma di condivisione gratuita per il noleggio di barche a Loosdrecht e dintorni. Noleggiate o affittate facilmente uno sloop, un motoscafo o un sup senza commissioni. Havendienst.nl offre anche assistenza in caso di guasto in acqua, taxi d'acqua e servizio di emergenza sull'Loosdrechtse Plassen, sull'Vecht e sulle acque vicine. Il luogo centrale per i privati e le societ\u00e0 di noleggio.","legalName":"Havendienst.nl","foundingDate":"2021-03-01","duns":"404514148","numberOfEmployees":{"@type":"QuantitativeValue","minValue":"1","maxValue":"10"},"publishingPrinciples":"https:\/\/havendienst.nl\/over\/","ownershipFundingInfo":"https:\/\/havendienst.nl\/over\/","actionableFeedbackPolicy":"https:\/\/havendienst.nl\/over\/","correctionsPolicy":"https:\/\/havendienst.nl\/over\/","ethicsPolicy":"https:\/\/havendienst.nl\/over\/","diversityPolicy":"https:\/\/havendienst.nl\/over\/","diversityStaffingReport":"https:\/\/havendienst.nl\/over\/","hasMerchantReturnPolicy":{"@type":"MerchantReturnPolicy","merchantReturnLink":"https:\/\/havendienst.nl\/it\/over\/"},"address":{"@id":"https:\/\/havendienst.nl\/product\/ruime-gezellige-tuinersvlet\/#local-main-place-address"},"geo":{"@type":"GeoCoordinates","latitude":"52.23923903597849","longitude":"5.117388746032714"},"telephone":["+31 35 6565744"],"openingHoursSpecification":[{"@type":"OpeningHoursSpecification","dayOfWeek":["Monday","Tuesday","Wednesday","Thursday","Friday","Saturday","Sunday"],"opens":"08:00","closes":"22:00"}],"email":"info@havendienst.nl","areaServed":"Loosdrecht, Oud-Loosdrecht, Vinkeveen, Friesland, Amsterdam, Utrecht, Oudewater, Kortenhoef, Maarssen, Weesp, Breukelen, Vecht","vatID":"NL821308233B01"},{"@type":"PostalAddress","@id":"https:\/\/havendienst.nl\/product\/ruime-gezellige-tuinersvlet\/#local-main-place-address","streetAddress":"Kerklaan 53","addressLocality":"Kortenhoef","postalCode":"1241CK","addressRegion":"Noord-Holland","addressCountry":"NL"},{"@type":"ImageObject","inLanguage":"it-IT","@id":"https:\/\/havendienst.nl\/product\/ruime-gezellige-tuinersvlet\/#local-main-organization-logo","url":"https:\/\/havendienst.nl\/upload\/2021\/01\/havendienst-logo-small.png","contentUrl":"https:\/\/havendienst.nl\/upload\/2021\/01\/havendienst-logo-small.png","width":167,"height":81,"caption":"Havendienst.nl"}]},"product_brand":"Sloep","product_price_amount":"105.00","product_price_currency":"EUR","og_availability":"instock","product_availability":"instock","product_condition":"new","geo.placename":"Kortenhoef","geo.position":{"lat":"52.23923903597849","long":"5.117388746032714"},"geo.region":"Paesi Bassi"},"_links":{"self":[{"href":"https:\/\/havendienst.nl\/it\/wp-json\/wp\/v2\/product\/44793","targetHints":{"allow":["GET"]}}],"collection":[{"href":"https:\/\/havendienst.nl\/it\/wp-json\/wp\/v2\/product"}],"about":[{"href":"https:\/\/havendienst.nl\/it\/wp-json\/wp\/v2\/types\/product"}],"replies":[{"embeddable":true,"href":"https:\/\/havendienst.nl\/it\/wp-json\/wp\/v2\/comments?post=44793"}],"wp:featuredmedia":[{"embeddable":true,"href":"https:\/\/havendienst.nl\/it\/wp-json\/wp\/v2\/media\/44310"}],"wp:attachment":[{"href":"https:\/\/havendienst.nl\/it\/wp-json\/wp\/v2\/media?parent=44793"}],"wp:term":[{"taxonomy":"product_brand","embeddable":true,"href":"https:\/\/havendienst.nl\/it\/wp-json\/wp\/v2\/product_brand?post=44793"},{"taxonomy":"product_cat","embeddable":true,"href":"https:\/\/havendienst.nl\/it\/wp-json\/wp\/v2\/product_cat?post=44793"},{"taxonomy":"product_tag","embeddable":true,"href":"https:\/\/havendienst.nl\/it\/wp-json\/wp\/v2\/product_tag?post=44793"}],"curies":[{"name":"wp","href":"https:\/\/api.w.org\/{rel}","templated":true}]}}