{"id":44316,"date":"2023-06-07T11:34:08","date_gmt":"2023-06-07T09:34:08","guid":{"rendered":"https:\/\/havendienst.nl\/?post_type=product&#038;p=44316"},"modified":"2026-04-08T14:49:53","modified_gmt":"2026-04-08T12:49:53","slug":"ruime-aluminium-sloep-met-roer","status":"publish","type":"product","link":"https:\/\/havendienst.nl\/it\/product\/ruime-aluminium-sloep-met-roer\/","title":{"rendered":"Spazioso sloop in alluminio con timone"},"content":{"rendered":"<div class=\"fusion-fullwidth fullwidth-box fusion-builder-row-1 fusion-flex-container nonhundred-percent-fullwidth non-hundred-percent-height-scrolling\" style=\"--awb-border-radius-top-left:0px;--awb-border-radius-top-right:0px;--awb-border-radius-bottom-right:0px;--awb-border-radius-bottom-left:0px;--awb-flex-wrap:wrap;\" ><div class=\"fusion-builder-row fusion-row fusion-flex-align-items-flex-start fusion-flex-content-wrap\" style=\"max-width:1144px;margin-left: calc(-4% \/ 2 );margin-right: calc(-4% \/ 2 );\"><div class=\"fusion-layout-column fusion_builder_column fusion-builder-column-0 fusion_builder_column_1_1 1_1 fusion-flex-column\" style=\"--awb-bg-size:cover;--awb-width-large:100%;--awb-margin-top-large:0px;--awb-spacing-right-large:1.92%;--awb-margin-bottom-large:0px;--awb-spacing-left-large:1.92%;--awb-width-medium:100%;--awb-spacing-right-medium:1.92%;--awb-spacing-left-medium:1.92%;--awb-width-small:100%;--awb-spacing-right-small:1.92%;--awb-spacing-left-small:1.92%;\"><div class=\"fusion-column-wrapper fusion-flex-justify-content-flex-start fusion-content-layout-column\"><div class=\"fusion-text fusion-text-1\"><p data-start=\"0\" data-end=\"72\"><strong data-start=\"0\" data-end=\"70\">Scoprite la bellezza dell'Vecht con i nostri lussuosi sloop in alluminio!<\/strong><\/p>\n<p data-start=\"74\" data-end=\"326\">Vivete una giornata indimenticabile sull'acqua nel nostro robusto e confortevole sloop in alluminio per <strong data-start=\"171\" data-end=\"185\">9 persone<\/strong> - perfetto per famiglie, gruppi di amici e gite aziendali. Abbiamo un totale di <strong data-start=\"267\" data-end=\"292\">5 sloop disponibili<\/strong>: <strong data-start=\"294\" data-end=\"323\">2 con ruota e 3 con timone<\/strong>.<\/p>\n<p data-start=\"328\" data-end=\"665\"><strong data-start=\"331\" data-end=\"370\">Godetevi una crociera rilassante<\/strong><br data-start=\"370\" data-end=\"373\" \/>Crociera sul bellissimo fiume <strong data-start=\"403\" data-end=\"415\">l'Vecht<\/strong> e ammirare la splendida campagna, le storiche case di campagna, i suggestivi padiglioni da t\u00e8, i mulini e i pittoreschi villaggi. Volete esplorare ulteriormente? I nostri itinerari accuratamente tracciati vi porteranno anche alle <strong data-start=\"622\" data-end=\"662\">Kortenhoefse e Loosdrechtse Plassen<\/strong>.<\/p>\n<p data-start=\"667\" data-end=\"919\"><strong data-start=\"670\" data-end=\"715\">Partenza dalla nostra azienda agricola con l'Vecht<\/strong><br data-start=\"715\" data-end=\"718\" \/>La nostra sede, situata tra <strong data-start=\"747\" data-end=\"779\">Weesp e Nederhorst den Berg<\/strong>offre un ampio parcheggio e servizi igienici. Solo <strong data-start=\"834\" data-end=\"862\">20 minuti da Amsterdam<\/strong>ideale per iniziare la vostra crociera senza preoccupazioni.<\/p>\n<p data-start=\"921\" data-end=\"1284\"><strong data-start=\"923\" data-end=\"956\">Comfort e convenienza in acqua<\/strong><br data-start=\"956\" data-end=\"959\" \/>I nostri sloop sono dotati di un <strong data-start=\"995\" data-end=\"1033\">Motore a benzina silenzioso e affidabile<\/strong> e ampie e comode panche con morbidi cuscini. Gli sloop con <strong data-start=\"1099\" data-end=\"1116\">controllo del timone<\/strong> timone liscio e rilassato, ideale sia per i principianti che per gli skipper pi\u00f9 esperti. Inoltre, \u00e8 presente un <strong data-start=\"1216\" data-end=\"1230\">scala di nuoto<\/strong>, perfetto per un tuffo rinfrescante nelle giornate pi\u00f9 calde.<\/p>\n<p data-start=\"1286\" data-end=\"1387\"><strong data-start=\"1289\" data-end=\"1307\">I cani sono i benvenuti!<\/strong><br data-start=\"1307\" data-end=\"1310\" \/>Attenzione agli amanti degli animali: il vostro fedele amico a quattro zampe \u00e8 il benvenuto a bordo!<\/p>\n<p data-start=\"1389\" data-end=\"1615\"><strong data-start=\"1392\" data-end=\"1407\">Opzioni di crociera:<\/strong><br data-start=\"1407\" data-end=\"1410\" \/>\ud83d\udd39 Tutto il giorno: <strong data-start=\"1422\" data-end=\"1439\">10:00 - 18:00\/19:00<\/strong><br data-start=\"1439\" data-end=\"1442\" \/>\ud83d\udd39 Buongiorno: <strong data-start=\"1453\" data-end=\"1470\">10:00 - 13:00<\/strong><br data-start=\"1470\" data-end=\"1473\" \/>\ud83d\udd39 Pomeriggio: <strong data-start=\"1483\" data-end=\"1500\">14:00 - 18:00\/19:00<\/strong><br data-start=\"1500\" data-end=\"1503\" data-is-only-node=\"\" \/>Desiderate navigare in un orario diverso? Non esitate a contattarci e valuteremo insieme le possibilit\u00e0!<\/p>\n<p data-start=\"1617\" data-end=\"1710\" data-is-last-node=\"\" data-is-only-node=\"\">Pronti per una giornata spensierata in acqua? <strong data-start=\"1660\" data-end=\"1710\" data-is-last-node=\"\">Prenotate subito e scoprite il fascino dell'Vecht!<\/strong><\/p>\n<p><strong>Condizioni:<\/strong><\/p>\n<ul>\n<li>Affitti secondo <a href=\"\/upload\/2023\/06\/algemene-huurvoorwaarden-boot-recreatie-aan-de-vecht.pdf\" target=\"_blank\" rel=\"noopener\" data-mce-href=\"\/upload\/2023\/06\/algemene-huurvoorwaarden-boot-recreatie-aan-de-vecht.pdf\">questo contratto<\/a><\/li>\n<li>L'et\u00e0 minima dello skipper \u00e8 di 18 anni.<\/li>\n<li>\u00c8 necessaria la legittimazione.<\/li>\n<li>Non verr\u00e0 addebitato alcun deposito finch\u00e9 parcheggerete la vostra auto presso di noi.<\/li>\n<li>La barca \u00e8 completamente rifornita alla partenza, nessun rifornimento \u00e8 necessario.<\/li>\n<li><strong>Non \u00e8 consentito attraversare la chiusa di Muiden e navigare verso Amsterdam (eccetto Weesp).<\/strong><\/li>\n<li>Politica di cancellazione: la cancellazione \u00e8 gratuita fino a 3 giorni prima. Entro 3 giorni, il deposito non sar\u00e0 rimborsato. In caso di maltempo, \u00e8 sempre possibile cancellare gratuitamente la prenotazione in base alle disposizioni del regolamento. <em>Garanzia di bel tempo.<\/em><\/li>\n<li>La prenotazione per lo sloop con timone, a volte pu\u00f2 essere cambiata in timone, per cause di forza maggiore, ad esempio per un guasto alla barca.<\/li>\n<\/ul>\n<\/div><\/div><\/div><\/div><\/div>","protected":false},"excerpt":{"rendered":"<p data-start=\"0\" data-end=\"259\">Godetevi una giornata di relax sull'Vecht con il nostro spazioso sloop in alluminio per 9 persone! Lo sloop \u00e8 dotato di un motore silenzioso, di un timone per un facile governo, di comodi cuscini e di una comoda scaletta per nuotare. I cani sono i benvenuti a bordo!<\/p>\n<p data-start=\"261\" data-end=\"384\">Scegliete tra diversi orari di navigazione:<br data-start=\"295\" data-end=\"298\"\/>\ud83d\udd39 10:00 - 18:00 (o 19:00)<br data-start=\"325\" data-end=\"328\" data-is-only-node=\"\"\/>\ud83d\udd39 10:00 - 13:00\u00a0<br data-start=\"354\" data-end=\"357\"\/>\ud83d\udd39 14:00 - 18:00 (o 19:00)<\/p>\n<p data-start=\"386\" data-end=\"496\" data-is-last-node=\"\" data-is-only-node=\"\">Desiderate navigare in un orario diverso? Non esitate a contattarci e valuteremo insieme le possibilit\u00e0!<\/p>","protected":false},"featured_media":58725,"comment_status":"open","ping_status":"closed","template":"","meta":[],"product_brand":[],"product_cat":[342,1582],"product_tag":[],"class_list":{"0":"post-44316","1":"product","2":"type-product","3":"status-publish","4":"has-post-thumbnail","6":"product_cat-boten","7":"product_cat-area-weesp","8":"wcpv_product_vendors-recreatie-aan-de-vecht","10":"first","11":"instock","12":"virtual","13":"sold-individually","14":"taxable","15":"purchasable","16":"product-type-booking"},"booking_location":"","booking_location_type":"","booking_duration":1,"booking_duration_unit":"hour","booking_buffer":0,"booking_cost":105,"booking_resources":[],"exclude_global_add_ons":false,"addons":[{"name":"Condizioni","type":"checkbox","position":0,"required":true,"title_format":"label","default":"","description_enable":true,"description":"Grazie per aver letto i termini e le condizioni di questa barca. (Vedi sotto) Sei d'accordo?","placeholder_enable":false,"placeholder":"","display":"select","restrictions_type":"any_text","adjust_price":false,"price":"0","price_type":"flat_fee","restrictions":false,"min":"0","max":"0","options":[{"label":"Akkoord","price":"","price_type":"flat_fee","image":0,"visibility":true}]}],"yoast_head":"<!-- This site is optimized with the Yoast SEO Premium plugin v27.2 (Yoast SEO v27.3) - https:\/\/yoast.com\/product\/yoast-seo-premium-wordpress\/ -->\n<title>Ruime Aluminium Sloep met roer - Havendienst.nl<\/title>\n<meta name=\"description\" content=\"Geniet van een ontspannen dag op de Vecht met onze ruime aluminium sloep voor 9 personen! De sloep is uitgerust met een stille motor, een roer voor eenvoudige besturing, comfortabele kussens en een handige zwemladder. Honden zijn van harte welkom aan boord!Kies uit verschillende vaartijden:\ud83d\udd39 10:00 - 18:00 (of 19:00)\ud83d\udd39 10:00 - 13:00\u00a0\ud83d\udd39 14:00 - 18:00 (of 19:00)Wilt u op een ander tijdstip varen? Neem gerust contact met ons op, dan kijken we samen naar de mogelijkheden!\" \/>\n<meta name=\"robots\" content=\"index, follow, max-snippet:-1, max-image-preview:large, max-video-preview:-1\" \/>\n<link rel=\"canonical\" href=\"https:\/\/havendienst.nl\/it\/prodotto\/ruime-aluminium-sloep-met-roer\/\" \/>\n<meta property=\"og:locale\" content=\"it_IT\" \/>\n<meta property=\"og:type\" content=\"article\" \/>\n<meta property=\"og:title\" content=\"Ruime Aluminium Sloep met roer\" \/>\n<meta property=\"og:description\" content=\"Geniet van een ontspannen dag op de Vecht met onze ruime aluminium sloep voor 9 personen! De sloep is uitgerust met een stille motor, een roer voor eenvoudige besturing, comfortabele kussens en een handige zwemladder. Honden zijn van harte welkom aan boord!Kies uit verschillende vaartijden:\ud83d\udd39 10:00 - 18:00 (of 19:00)\ud83d\udd39 10:00 - 13:00\u00a0\ud83d\udd39 14:00 - 18:00 (of 19:00)Wilt u op een ander tijdstip varen? Neem gerust contact met ons op, dan kijken we samen naar de mogelijkheden!\" \/>\n<meta property=\"og:url\" content=\"https:\/\/havendienst.nl\/it\/prodotto\/ruime-aluminium-sloep-met-roer\/\" \/>\n<meta property=\"og:site_name\" content=\"Havendienst.nl\" \/>\n<meta property=\"article:publisher\" content=\"https:\/\/www.facebook.com\/HavendienstNL\/\" \/>\n<meta property=\"article:modified_time\" content=\"2026-04-08T12:49:53+00:00\" \/>\n<meta property=\"og:image\" content=\"https:\/\/havendienst.nl\/upload\/2026\/04\/20250718_110527-1-rotated.jpg\" \/>\n\t<meta property=\"og:image:width\" content=\"2604\" \/>\n\t<meta property=\"og:image:height\" content=\"4624\" \/>\n\t<meta property=\"og:image:type\" content=\"image\/jpeg\" \/>\n<meta name=\"twitter:card\" content=\"summary_large_image\" \/>\n<meta name=\"twitter:label1\" content=\"Prezzo\" \/>\n\t<meta name=\"twitter:data1\" content=\"&euro;&nbsp;105,00\" \/>\n\t<meta name=\"twitter:label2\" content=\"Disponibilit\u00e0\" \/>\n\t<meta name=\"twitter:data2\" content=\"In stock\" \/>\n<script type=\"application\/ld+json\" class=\"yoast-schema-graph\">{\"@context\":\"https:\\\/\\\/schema.org\",\"@graph\":[{\"@type\":[\"WebPage\",\"ItemPage\"],\"@id\":\"https:\\\/\\\/havendienst.nl\\\/product\\\/ruime-aluminium-sloep-met-roer\\\/\",\"url\":\"https:\\\/\\\/havendienst.nl\\\/product\\\/ruime-aluminium-sloep-met-roer\\\/\",\"name\":\"Ruime Aluminium Sloep met roer - Havendienst.nl\",\"isPartOf\":{\"@id\":\"https:\\\/\\\/havendienst.nl\\\/de\\\/#website\"},\"primaryImageOfPage\":{\"@id\":\"https:\\\/\\\/havendienst.nl\\\/product\\\/ruime-aluminium-sloep-met-roer\\\/#primaryimage\"},\"image\":{\"@id\":\"https:\\\/\\\/havendienst.nl\\\/product\\\/ruime-aluminium-sloep-met-roer\\\/#primaryimage\"},\"thumbnailUrl\":\"https:\\\/\\\/havendienst.nl\\\/upload\\\/2026\\\/04\\\/20250718_110527-1-rotated.jpg\",\"datePublished\":\"2023-06-07T09:34:08+00:00\",\"dateModified\":\"2026-04-08T12:49:53+00:00\",\"description\":\"Geniet van een ontspannen dag op de Vecht met onze ruime aluminium sloep voor 9 personen! De sloep is uitgerust met een stille motor, een roer voor eenvoudige besturing, comfortabele kussens en een handige zwemladder. Honden zijn van harte welkom aan boord! Kies uit verschillende vaartijden:\ud83d\udd39 10:00 - 18:00 (of 19:00)\ud83d\udd39 10:00 - 13:00\u00a0\ud83d\udd39 14:00 - 18:00 (of 19:00) Wilt u op een ander tijdstip varen? Neem gerust contact met ons op, dan kijken we samen naar de mogelijkheden!\",\"breadcrumb\":{\"@id\":\"https:\\\/\\\/havendienst.nl\\\/product\\\/ruime-aluminium-sloep-met-roer\\\/#breadcrumb\"},\"inLanguage\":\"it-IT\",\"potentialAction\":[{\"@type\":\"ReadAction\",\"target\":[\"https:\\\/\\\/havendienst.nl\\\/product\\\/ruime-aluminium-sloep-met-roer\\\/\"]}]},{\"@type\":\"ImageObject\",\"inLanguage\":\"it-IT\",\"@id\":\"https:\\\/\\\/havendienst.nl\\\/product\\\/ruime-aluminium-sloep-met-roer\\\/#primaryimage\",\"url\":\"https:\\\/\\\/havendienst.nl\\\/upload\\\/2026\\\/04\\\/20250718_110527-1-rotated.jpg\",\"contentUrl\":\"https:\\\/\\\/havendienst.nl\\\/upload\\\/2026\\\/04\\\/20250718_110527-1-rotated.jpg\",\"width\":2604,\"height\":4624},{\"@type\":\"BreadcrumbList\",\"@id\":\"https:\\\/\\\/havendienst.nl\\\/product\\\/ruime-aluminium-sloep-met-roer\\\/#breadcrumb\",\"itemListElement\":[{\"@type\":\"ListItem\",\"position\":1,\"name\":\"Home\",\"item\":\"https:\\\/\\\/havendienst.nl\\\/\"},{\"@type\":\"ListItem\",\"position\":2,\"name\":\"Winkel\",\"item\":\"https:\\\/\\\/havendienst.nl\\\/winkel\\\/\"},{\"@type\":\"ListItem\",\"position\":3,\"name\":\"Ruime Aluminium Sloep met roer\"}]},{\"@type\":\"WebSite\",\"@id\":\"https:\\\/\\\/havendienst.nl\\\/de\\\/#website\",\"url\":\"https:\\\/\\\/havendienst.nl\\\/de\\\/\",\"name\":\"Havendienst.nl\",\"description\":\"Deelplatform voor boot huur en verhuur\",\"publisher\":{\"@id\":\"https:\\\/\\\/havendienst.nl\\\/de\\\/#organization\"},\"alternateName\":\"Havendienst Boot huren Loosdrecht\",\"potentialAction\":[{\"@type\":\"SearchAction\",\"target\":{\"@type\":\"EntryPoint\",\"urlTemplate\":\"https:\\\/\\\/havendienst.nl\\\/de\\\/?s={search_term_string}\"},\"query-input\":{\"@type\":\"PropertyValueSpecification\",\"valueRequired\":true,\"valueName\":\"search_term_string\"}}],\"inLanguage\":\"it-IT\"},{\"@type\":[\"Organization\",\"Place\",\"Corporation\"],\"@id\":\"https:\\\/\\\/havendienst.nl\\\/de\\\/#organization\",\"name\":\"Havendienst.nl\",\"alternateName\":\"Havendienst Boot huren Loosdrecht\",\"url\":\"https:\\\/\\\/havendienst.nl\\\/de\\\/\",\"logo\":{\"@id\":\"https:\\\/\\\/havendienst.nl\\\/product\\\/ruime-aluminium-sloep-met-roer\\\/#local-main-organization-logo\"},\"image\":{\"@id\":\"https:\\\/\\\/havendienst.nl\\\/product\\\/ruime-aluminium-sloep-met-roer\\\/#local-main-organization-logo\"},\"sameAs\":[\"https:\\\/\\\/www.facebook.com\\\/HavendienstNL\\\/\",\"https:\\\/\\\/www.instagram.com\\\/havendienstnl\\\/\",\"https:\\\/\\\/www.youtube.com\\\/@havendienst\",\"http:\\\/\\\/wa.me\\\/31356565744\"],\"description\":\"Havendienst.nl is het grootste gratis deelplatform voor bootverhuur in Loosdrecht en omgeving. Verhuur of huur eenvoudig een sloep, motorboot of sup zonder commissie. Havendienst.nl biedt daarnaast pechhulp op het water, watertaxi en noodservice op de Loosdrechtse Plassen, de Vecht en aangrenzende wateren. D\u00e9 centrale plek voor particulieren en verhuurbedrijven.\",\"legalName\":\"Havendienst.nl\",\"foundingDate\":\"2021-03-01\",\"duns\":\"404514148\",\"numberOfEmployees\":{\"@type\":\"QuantitativeValue\",\"minValue\":\"1\",\"maxValue\":\"10\"},\"publishingPrinciples\":\"https:\\\/\\\/havendienst.nl\\\/over\\\/\",\"ownershipFundingInfo\":\"https:\\\/\\\/havendienst.nl\\\/over\\\/\",\"actionableFeedbackPolicy\":\"https:\\\/\\\/havendienst.nl\\\/over\\\/\",\"correctionsPolicy\":\"https:\\\/\\\/havendienst.nl\\\/over\\\/\",\"ethicsPolicy\":\"https:\\\/\\\/havendienst.nl\\\/over\\\/\",\"diversityPolicy\":\"https:\\\/\\\/havendienst.nl\\\/over\\\/\",\"diversityStaffingReport\":\"https:\\\/\\\/havendienst.nl\\\/over\\\/\",\"hasMerchantReturnPolicy\":{\"@type\":\"MerchantReturnPolicy\",\"merchantReturnLink\":\"https:\\\/\\\/havendienst.nl\\\/it\\\/over\\\/\"},\"address\":{\"@id\":\"https:\\\/\\\/havendienst.nl\\\/product\\\/ruime-aluminium-sloep-met-roer\\\/#local-main-place-address\"},\"geo\":{\"@type\":\"GeoCoordinates\",\"latitude\":\"52.23923903597849\",\"longitude\":\"5.117388746032714\"},\"telephone\":[\"+31 35 6565744\"],\"openingHoursSpecification\":[{\"@type\":\"OpeningHoursSpecification\",\"dayOfWeek\":[\"Monday\",\"Tuesday\",\"Wednesday\",\"Thursday\",\"Friday\",\"Saturday\",\"Sunday\"],\"opens\":\"08:00\",\"closes\":\"22:00\"}],\"email\":\"info@havendienst.nl\",\"areaServed\":\"Loosdrecht, Oud-Loosdrecht, Vinkeveen, Friesland, Amsterdam, Utrecht, Oudewater, Kortenhoef, Maarssen, Weesp, Breukelen, Vecht\",\"vatID\":\"NL821308233B01\"},{\"@type\":\"PostalAddress\",\"@id\":\"https:\\\/\\\/havendienst.nl\\\/product\\\/ruime-aluminium-sloep-met-roer\\\/#local-main-place-address\",\"streetAddress\":\"Kerklaan 53\",\"addressLocality\":\"Kortenhoef\",\"postalCode\":\"1241CK\",\"addressRegion\":\"Noord-Holland\",\"addressCountry\":\"NL\"},{\"@type\":\"ImageObject\",\"inLanguage\":\"it-IT\",\"@id\":\"https:\\\/\\\/havendienst.nl\\\/product\\\/ruime-aluminium-sloep-met-roer\\\/#local-main-organization-logo\",\"url\":\"https:\\\/\\\/havendienst.nl\\\/upload\\\/2021\\\/01\\\/havendienst-logo-small.png\",\"contentUrl\":\"https:\\\/\\\/havendienst.nl\\\/upload\\\/2021\\\/01\\\/havendienst-logo-small.png\",\"width\":167,\"height\":81,\"caption\":\"Havendienst.nl\"}]}<\/script>\n<meta property=\"product:brand\" content=\"Sloep\" \/>\n<meta property=\"product:price:amount\" content=\"105.00\" \/>\n<meta property=\"product:price:currency\" content=\"EUR\" \/>\n<meta property=\"og:availability\" content=\"instock\" \/>\n<meta property=\"product:availability\" content=\"instock\" \/>\n<meta property=\"product:condition\" content=\"new\" \/>\n<meta name=\"geo.placename\" content=\"Kortenhoef\" \/>\n<meta name=\"geo.position\" content=\"52.23923903597849;5.117388746032714\" \/>\n<meta name=\"geo.region\" content=\"Paesi Bassi\" \/>\n<!-- \/ Yoast SEO Premium plugin. -->","yoast_head_json":{"title":"Spazioso sloop in alluminio con timone - Havendienst.nl","description":"Godetevi una giornata di relax sull'Vecht con il nostro spazioso sloop in alluminio per 9 persone! Lo sloop \u00e8 dotato di un motore silenzioso, di un timone per un facile governo, di comodi cuscini e di una pratica scaletta per il bagno. I cani sono i benvenuti a bordo! Scegliete tra diversi orari di navigazione:\ud83d\udd39 10:00 - 18:00 (o 19:00)\ud83d\udd39 10:00 - 13:00 \ud83d\udd39 14:00 - 18:00 (o 19:00)Volete navigare in un orario diverso? Non esitate a contattarci e valuteremo insieme le possibilit\u00e0!","robots":{"index":"index","follow":"follow","max-snippet":"max-snippet:-1","max-image-preview":"max-image-preview:large","max-video-preview":"max-video-preview:-1"},"canonical":"https:\/\/havendienst.nl\/it\/prodotto\/ruime-aluminium-sloep-met-roer\/","og_locale":"it_IT","og_type":"article","og_title":"Ruime Aluminium Sloep met roer","og_description":"Geniet van een ontspannen dag op de Vecht met onze ruime aluminium sloep voor 9 personen! De sloep is uitgerust met een stille motor, een roer voor eenvoudige besturing, comfortabele kussens en een handige zwemladder. Honden zijn van harte welkom aan boord!Kies uit verschillende vaartijden:\ud83d\udd39 10:00 - 18:00 (of 19:00)\ud83d\udd39 10:00 - 13:00\u00a0\ud83d\udd39 14:00 - 18:00 (of 19:00)Wilt u op een ander tijdstip varen? Neem gerust contact met ons op, dan kijken we samen naar de mogelijkheden!","og_url":"https:\/\/havendienst.nl\/it\/prodotto\/ruime-aluminium-sloep-met-roer\/","og_site_name":"Havendienst.nl","article_publisher":"https:\/\/www.facebook.com\/HavendienstNL\/","article_modified_time":"2026-04-08T12:49:53+00:00","og_image":[{"width":2604,"height":4624,"url":"https:\/\/havendienst.nl\/upload\/2026\/04\/20250718_110527-1-rotated.jpg","type":"image\/jpeg"}],"twitter_card":"summary_large_image","twitter_misc":{"Prezzo":"&euro;&nbsp;105,00","Disponibilit\u00e0":"In stock"},"schema":{"@context":"https:\/\/schema.org","@graph":[{"@type":["WebPage","ItemPage"],"@id":"https:\/\/havendienst.nl\/product\/ruime-aluminium-sloep-met-roer\/","url":"https:\/\/havendienst.nl\/product\/ruime-aluminium-sloep-met-roer\/","name":"Spazioso sloop in alluminio con timone - Havendienst.nl","isPartOf":{"@id":"https:\/\/havendienst.nl\/de\/#website"},"primaryImageOfPage":{"@id":"https:\/\/havendienst.nl\/product\/ruime-aluminium-sloep-met-roer\/#primaryimage"},"image":{"@id":"https:\/\/havendienst.nl\/product\/ruime-aluminium-sloep-met-roer\/#primaryimage"},"thumbnailUrl":"https:\/\/havendienst.nl\/upload\/2026\/04\/20250718_110527-1-rotated.jpg","datePublished":"2023-06-07T09:34:08+00:00","dateModified":"2026-04-08T12:49:53+00:00","description":"Godetevi una giornata di relax sull'Vecht con il nostro spazioso sloop in alluminio per 9 persone! Lo sloop \u00e8 dotato di un motore silenzioso, di un timone per un facile governo, di comodi cuscini e di una comoda scaletta per nuotare. I cani sono i benvenuti a bordo! Scegliete tra diversi orari di navigazione:\ud83d\udd39 10:00 - 18:00 (o 19:00)\ud83d\udd39 10:00 - 13:00 \ud83d\udd39 14:00 - 18:00 (o 19:00) Volete navigare in un orario diverso? Non esitate a contattarci e valuteremo insieme le possibilit\u00e0!","breadcrumb":{"@id":"https:\/\/havendienst.nl\/product\/ruime-aluminium-sloep-met-roer\/#breadcrumb"},"inLanguage":"it-IT","potentialAction":[{"@type":"ReadAction","target":["https:\/\/havendienst.nl\/product\/ruime-aluminium-sloep-met-roer\/"]}]},{"@type":"ImageObject","inLanguage":"it-IT","@id":"https:\/\/havendienst.nl\/product\/ruime-aluminium-sloep-met-roer\/#primaryimage","url":"https:\/\/havendienst.nl\/upload\/2026\/04\/20250718_110527-1-rotated.jpg","contentUrl":"https:\/\/havendienst.nl\/upload\/2026\/04\/20250718_110527-1-rotated.jpg","width":2604,"height":4624},{"@type":"BreadcrumbList","@id":"https:\/\/havendienst.nl\/product\/ruime-aluminium-sloep-met-roer\/#breadcrumb","itemListElement":[{"@type":"ListItem","position":1,"name":"Home","item":"https:\/\/havendienst.nl\/"},{"@type":"ListItem","position":2,"name":"Winkel","item":"https:\/\/havendienst.nl\/winkel\/"},{"@type":"ListItem","position":3,"name":"Ruime Aluminium Sloep met roer"}]},{"@type":"WebSite","@id":"https:\/\/havendienst.nl\/de\/#website","url":"https:\/\/havendienst.nl\/de\/","name":"Havendienst.nl","description":"Piattaforma di condivisione per il noleggio e l'affitto di barche","publisher":{"@id":"https:\/\/havendienst.nl\/de\/#organization"},"alternateName":"Havendienst Boot huren Loosdrecht","potentialAction":[{"@type":"SearchAction","target":{"@type":"EntryPoint","urlTemplate":"https:\/\/havendienst.nl\/de\/?s={search_term_string}"},"query-input":{"@type":"PropertyValueSpecification","valueRequired":true,"valueName":"search_term_string"}}],"inLanguage":"it-IT"},{"@type":["Organization","Place","Corporation"],"@id":"https:\/\/havendienst.nl\/de\/#organization","name":"Havendienst.nl","alternateName":"Havendienst Boot huren Loosdrecht","url":"https:\/\/havendienst.nl\/de\/","logo":{"@id":"https:\/\/havendienst.nl\/product\/ruime-aluminium-sloep-met-roer\/#local-main-organization-logo"},"image":{"@id":"https:\/\/havendienst.nl\/product\/ruime-aluminium-sloep-met-roer\/#local-main-organization-logo"},"sameAs":["https:\/\/www.facebook.com\/HavendienstNL\/","https:\/\/www.instagram.com\/havendienstnl\/","https:\/\/www.youtube.com\/@havendienst","http:\/\/wa.me\/31356565744"],"description":"Havendienst.nl \u00e8 la pi\u00f9 grande piattaforma di condivisione gratuita per il noleggio di barche a Loosdrecht e dintorni. Noleggiate o affittate facilmente uno sloop, un motoscafo o un sup senza commissioni. Havendienst.nl offre anche assistenza in caso di guasto in acqua, taxi d'acqua e servizio di emergenza sull'Loosdrechtse Plassen, sull'Vecht e sulle acque vicine. Il luogo centrale per i privati e le societ\u00e0 di noleggio.","legalName":"Havendienst.nl","foundingDate":"2021-03-01","duns":"404514148","numberOfEmployees":{"@type":"QuantitativeValue","minValue":"1","maxValue":"10"},"publishingPrinciples":"https:\/\/havendienst.nl\/over\/","ownershipFundingInfo":"https:\/\/havendienst.nl\/over\/","actionableFeedbackPolicy":"https:\/\/havendienst.nl\/over\/","correctionsPolicy":"https:\/\/havendienst.nl\/over\/","ethicsPolicy":"https:\/\/havendienst.nl\/over\/","diversityPolicy":"https:\/\/havendienst.nl\/over\/","diversityStaffingReport":"https:\/\/havendienst.nl\/over\/","hasMerchantReturnPolicy":{"@type":"MerchantReturnPolicy","merchantReturnLink":"https:\/\/havendienst.nl\/it\/over\/"},"address":{"@id":"https:\/\/havendienst.nl\/product\/ruime-aluminium-sloep-met-roer\/#local-main-place-address"},"geo":{"@type":"GeoCoordinates","latitude":"52.23923903597849","longitude":"5.117388746032714"},"telephone":["+31 35 6565744"],"openingHoursSpecification":[{"@type":"OpeningHoursSpecification","dayOfWeek":["Monday","Tuesday","Wednesday","Thursday","Friday","Saturday","Sunday"],"opens":"08:00","closes":"22:00"}],"email":"info@havendienst.nl","areaServed":"Loosdrecht, Oud-Loosdrecht, Vinkeveen, Friesland, Amsterdam, Utrecht, Oudewater, Kortenhoef, Maarssen, Weesp, Breukelen, Vecht","vatID":"NL821308233B01"},{"@type":"PostalAddress","@id":"https:\/\/havendienst.nl\/product\/ruime-aluminium-sloep-met-roer\/#local-main-place-address","streetAddress":"Kerklaan 53","addressLocality":"Kortenhoef","postalCode":"1241CK","addressRegion":"Noord-Holland","addressCountry":"NL"},{"@type":"ImageObject","inLanguage":"it-IT","@id":"https:\/\/havendienst.nl\/product\/ruime-aluminium-sloep-met-roer\/#local-main-organization-logo","url":"https:\/\/havendienst.nl\/upload\/2021\/01\/havendienst-logo-small.png","contentUrl":"https:\/\/havendienst.nl\/upload\/2021\/01\/havendienst-logo-small.png","width":167,"height":81,"caption":"Havendienst.nl"}]},"product_brand":"Sloep","product_price_amount":"105.00","product_price_currency":"EUR","og_availability":"instock","product_availability":"instock","product_condition":"new","geo.placename":"Kortenhoef","geo.position":{"lat":"52.23923903597849","long":"5.117388746032714"},"geo.region":"Paesi Bassi"},"_links":{"self":[{"href":"https:\/\/havendienst.nl\/it\/wp-json\/wp\/v2\/product\/44316","targetHints":{"allow":["GET"]}}],"collection":[{"href":"https:\/\/havendienst.nl\/it\/wp-json\/wp\/v2\/product"}],"about":[{"href":"https:\/\/havendienst.nl\/it\/wp-json\/wp\/v2\/types\/product"}],"replies":[{"embeddable":true,"href":"https:\/\/havendienst.nl\/it\/wp-json\/wp\/v2\/comments?post=44316"}],"wp:featuredmedia":[{"embeddable":true,"href":"https:\/\/havendienst.nl\/it\/wp-json\/wp\/v2\/media\/58725"}],"wp:attachment":[{"href":"https:\/\/havendienst.nl\/it\/wp-json\/wp\/v2\/media?parent=44316"}],"wp:term":[{"taxonomy":"product_brand","embeddable":true,"href":"https:\/\/havendienst.nl\/it\/wp-json\/wp\/v2\/product_brand?post=44316"},{"taxonomy":"product_cat","embeddable":true,"href":"https:\/\/havendienst.nl\/it\/wp-json\/wp\/v2\/product_cat?post=44316"},{"taxonomy":"product_tag","embeddable":true,"href":"https:\/\/havendienst.nl\/it\/wp-json\/wp\/v2\/product_tag?post=44316"}],"curies":[{"name":"wp","href":"https:\/\/api.w.org\/{rel}","templated":true}]}}