{"id":33739,"date":"2022-05-16T11:49:43","date_gmt":"2022-05-16T09:49:43","guid":{"rendered":"https:\/\/havendienst.nl\/?post_type=product&#038;p=33739"},"modified":"2026-04-10T18:40:15","modified_gmt":"2026-04-10T16:40:15","slug":"qaptains-e-qruiser-600plus-premium-loosrecht","status":"publish","type":"product","link":"https:\/\/havendienst.nl\/it\/product\/qaptains-e-qruiser-600plus-premium-loosrecht\/","title":{"rendered":"e-Qruiser 600+ Premium"},"content":{"rendered":"<div class=\"fusion-fullwidth fullwidth-box fusion-builder-row-1 fusion-flex-container nonhundred-percent-fullwidth non-hundred-percent-height-scrolling\" style=\"--awb-border-radius-top-left:0px;--awb-border-radius-top-right:0px;--awb-border-radius-bottom-right:0px;--awb-border-radius-bottom-left:0px;--awb-flex-wrap:wrap;\" ><div class=\"fusion-builder-row fusion-row fusion-flex-align-items-flex-start fusion-flex-content-wrap\" style=\"max-width:1144px;margin-left: calc(-4% \/ 2 );margin-right: calc(-4% \/ 2 );\"><div class=\"fusion-layout-column fusion_builder_column fusion-builder-column-0 fusion_builder_column_1_2 1_2 fusion-flex-column\" style=\"--awb-bg-size:cover;--awb-width-large:50%;--awb-margin-top-large:0px;--awb-spacing-right-large:3.84%;--awb-margin-bottom-large:0px;--awb-spacing-left-large:3.84%;--awb-width-medium:50%;--awb-spacing-right-medium:3.84%;--awb-spacing-left-medium:3.84%;--awb-width-small:100%;--awb-spacing-right-small:1.92%;--awb-spacing-left-small:1.92%;\"><div class=\"fusion-column-wrapper fusion-flex-justify-content-flex-start fusion-content-layout-column\"><div class=\"fusion-text fusion-text-1\"><p>Navigare con l'e-Qruiser 600+ Premium \u00e8 un'esperienza unica. La barca \u00e8 100% elettrica, molto stabile ed estremamente lussuosa.<br \/>\nLe propriet\u00e0 di navigazione sono sublimi e la barca \u00e8 adatta a viaggi pi\u00f9 lunghi. Grazie al motore entrobordo elettrico, lo sloop naviga in modo estremamente stabile, silenzioso e fluido. Lo sloop \u00e8 dotato di un'elica di prua e quindi gira con particolare facilit\u00e0 quando \u00e8 ormeggiato.<br \/>\nIl Qrafter e-Qruiser 600+ Premium offre spazio per 8 persone, ha un sistema audio (bluetooth), cuscini molto lussuosi e un bel prendisole.<\/p>\n<p>Su <a href=\"\/over#huren\">maltempo*<\/a> pu\u00f2 sempre essere cancellato gratuitamente. Vuole cambiare la data dopo la prenotazione? Questo \u00e8 possibile gratuitamente fino a 4 giorni prima della partenza.<\/p>\n<p>Non c'\u00e8 bisogno di una licenza per questa barca. Se non avete mai navigato prima, riceverete spiegazioni sufficienti per salpare e tornare con fiducia.<br \/>\nLa barca \u00e8 adatta ai bambini ma \u00e8 aperta nella parte posteriore. I giubbotti di salvataggio (per bambini) sono forniti gratuitamente su richiesta.<br \/>\nPotete portare il vostro animale domestico su questa barca!<\/p>\n<\/div><\/div><\/div><div class=\"fusion-layout-column fusion_builder_column fusion-builder-column-1 fusion_builder_column_1_2 1_2 fusion-flex-column\" style=\"--awb-bg-size:cover;--awb-width-large:50%;--awb-margin-top-large:0px;--awb-spacing-right-large:3.84%;--awb-margin-bottom-large:20px;--awb-spacing-left-large:3.84%;--awb-width-medium:50%;--awb-order-medium:0;--awb-spacing-right-medium:3.84%;--awb-spacing-left-medium:3.84%;--awb-width-small:100%;--awb-order-small:0;--awb-spacing-right-small:1.92%;--awb-spacing-left-small:1.92%;\"><div class=\"fusion-column-wrapper fusion-column-has-shadow fusion-flex-justify-content-flex-start fusion-content-layout-column\"><div class=\"fusion-video fusion-vimeo\" style=\"--awb-max-width:450px;--awb-max-height:253px;\" data-autoplay=\"1\"><div class=\"video-shortcode\"><div class=\"fluid-width-video-wrapper\" style=\"padding-top:56.22%;\" ><iframe loading=\"lazy\" title=\"Lettore video Vimeo 1\" src=\"https:\/\/player.vimeo.com\/video\/459335157?autoplay=1&amp;dnt=1&amp;loop=1&amp;muted=1&amp;title=0&amp;autopause=0\" width=\"450\" height=\"253\" allowfullscreen allow=\"autoplay; fullscreen\"><\/iframe><\/div><\/div><\/div><div class=\"fusion-text fusion-text-2\" style=\"--awb-margin-top:20px;\"><p>Volete sperimentare anche voi questo lusso? Allora prenotate in fretta, ne abbiamo solo 2 disponibili in Loosdrecht!<\/p>\n<\/div><\/div><\/div><\/div><\/div>","protected":false},"excerpt":{"rendered":"<p>L'e-Qruiser 600+ Premium \u00e8 la barca pi\u00f9 lussuosa per 8 persone!<\/p>\n<p>Naviga in modo estremamente fluido e silenzioso sull'acqua ed \u00e8 molto facile da governare. L'e-Qruiser 600+ Premiums \u00e8 il tender sloop elettrico del momento, con un bellissimo set di cuscini di lusso, impianto audio, finiture perfette, ponte in teak e un box refrigerante per tenere in fresco snack e bevande.<\/p>\n<p>Non c'\u00e8 bisogno di una patente nautica.<\/p>","protected":false},"featured_media":33727,"comment_status":"open","ping_status":"closed","template":"","meta":[],"product_brand":[],"product_cat":[342,257],"product_tag":[],"class_list":{"0":"post-33739","1":"product","2":"type-product","3":"status-publish","4":"has-post-thumbnail","6":"product_cat-boten","7":"product_cat-area-loosdrecht","8":"wcpv_product_vendors-qaptains","10":"first","11":"instock","12":"featured","13":"virtual","14":"sold-individually","15":"taxable","16":"purchasable","17":"product-type-booking"},"booking_location":"","booking_location_type":"","booking_duration":60,"booking_duration_unit":"minute","booking_buffer":0,"booking_cost":0,"booking_resources":[],"exclude_global_add_ons":false,"addons":[{"name":"Borg","type":"checkbox","position":0,"required":true,"title_format":"label","default":"","description_enable":true,"description":"Il deposito \u00e8 obbligatorio. Verr\u00e0 rimborsato a meno che non ci sia qualcosa da regolare come tempo di navigazione extra o danni.","placeholder_enable":false,"placeholder":"","display":"select","restrictions_type":"any_text","adjust_price":false,"price":"","price_type":"flat_fee","restrictions":false,"min":"0","max":"0","options":[{"label":"Borg","price":"200","price_type":"flat_fee","image":0,"visibility":true}],"id":1750172679},{"name":"Scatola fredda","type":"checkbox","position":1,"required":false,"title_format":"label","default":"","description_enable":true,"description":"Tenete i vostri snack e le vostre bevande al fresco per tutto il giorno in una borsa frigo, la metteremo a bordo per voi!","placeholder_enable":false,"placeholder":"","display":"select","restrictions_type":"any_text","adjust_price":false,"price":"","price_type":"flat_fee","restrictions":false,"min":"0","max":"0","options":[{"label":"Koelbox","price":"10","price_type":"flat_fee","image":0,"visibility":true}],"id":1750172680},{"name":"Giubbotti di salvataggio","type":"input_multiplier","position":2,"required":false,"title_format":"label","default":"","description_enable":true,"description":"Avete bisogno di un giubbotto di salvataggio? Indicare qui il numero:","placeholder_enable":false,"placeholder":"","display":"select","restrictions_type":"any_text","adjust_price":false,"price":"","price_type":"flat_fee","restrictions":true,"min":"0","max":"8","options":[],"id":1750172681}],"yoast_head":"<!-- This site is optimized with the Yoast SEO Premium plugin v27.2 (Yoast SEO v27.3) - https:\/\/yoast.com\/product\/yoast-seo-premium-wordpress\/ -->\n<title>e-Qruiser 600+ Premium - Havendienst.nl<\/title>\n<meta name=\"description\" content=\"Vaar door Loosdrecht op de meest luxueuze tendersloep van dit moment, de e-Qruiser 600+ Premium. Ontdek je mooiste plekjes in stijl, incl. koelkast!\" \/>\n<meta name=\"robots\" content=\"index, follow, max-snippet:-1, max-image-preview:large, max-video-preview:-1\" \/>\n<link rel=\"canonical\" href=\"https:\/\/havendienst.nl\/it\/prodotto\/qaptains-e-qruiser-600plus-premium-loosrecht\/\" \/>\n<meta property=\"og:locale\" content=\"it_IT\" \/>\n<meta property=\"og:type\" content=\"article\" \/>\n<meta property=\"og:title\" content=\"e-Qruiser 600+ Premium\" \/>\n<meta property=\"og:description\" content=\"Vaar door Loosdrecht op de meest luxueuze tendersloep van dit moment, de e-Qruiser 600+ Premium. Ontdek je mooiste plekjes in stijl, incl. koelkast!\" \/>\n<meta property=\"og:url\" content=\"https:\/\/havendienst.nl\/it\/prodotto\/qaptains-e-qruiser-600plus-premium-loosrecht\/\" \/>\n<meta property=\"og:site_name\" content=\"Havendienst.nl\" \/>\n<meta property=\"article:publisher\" content=\"https:\/\/www.facebook.com\/HavendienstNL\/\" \/>\n<meta property=\"article:modified_time\" content=\"2026-04-10T16:40:15+00:00\" \/>\n<meta property=\"og:image\" content=\"https:\/\/havendienst.nl\/upload\/2022\/05\/Qrafter_qruiser_600plus_premium_in_water_2.jpg\" \/>\n\t<meta property=\"og:image:width\" content=\"2560\" \/>\n\t<meta property=\"og:image:height\" content=\"1707\" \/>\n\t<meta property=\"og:image:type\" content=\"image\/jpeg\" \/>\n<meta name=\"twitter:card\" content=\"summary_large_image\" \/>\n<meta name=\"twitter:label1\" content=\"Prezzo\" \/>\n\t<meta name=\"twitter:data1\" content=\"&euro;&nbsp;210,00\" \/>\n\t<meta name=\"twitter:label2\" content=\"Disponibilit\u00e0\" \/>\n\t<meta name=\"twitter:data2\" content=\"In stock\" \/>\n<script type=\"application\/ld+json\" class=\"yoast-schema-graph\">{\"@context\":\"https:\\\/\\\/schema.org\",\"@graph\":[{\"@type\":[\"WebPage\",\"ItemPage\"],\"@id\":\"https:\\\/\\\/havendienst.nl\\\/product\\\/qaptains-e-qruiser-600plus-premium-loosrecht\\\/\",\"url\":\"https:\\\/\\\/havendienst.nl\\\/product\\\/qaptains-e-qruiser-600plus-premium-loosrecht\\\/\",\"name\":\"e-Qruiser 600+ Premium - Havendienst.nl\",\"isPartOf\":{\"@id\":\"https:\\\/\\\/havendienst.nl\\\/de\\\/#website\"},\"primaryImageOfPage\":{\"@id\":\"https:\\\/\\\/havendienst.nl\\\/product\\\/qaptains-e-qruiser-600plus-premium-loosrecht\\\/#primaryimage\"},\"image\":{\"@id\":\"https:\\\/\\\/havendienst.nl\\\/product\\\/qaptains-e-qruiser-600plus-premium-loosrecht\\\/#primaryimage\"},\"thumbnailUrl\":\"https:\\\/\\\/havendienst.nl\\\/upload\\\/2022\\\/05\\\/Qrafter_qruiser_600plus_premium_in_water_2.jpg\",\"datePublished\":\"2022-05-16T09:49:43+00:00\",\"dateModified\":\"2026-04-10T16:40:15+00:00\",\"description\":\"Vaar door Loosdrecht op de meest luxueuze tendersloep van dit moment, de e-Qruiser 600+ Premium. Ontdek je mooiste plekjes in stijl, incl. koelkast!\",\"breadcrumb\":{\"@id\":\"https:\\\/\\\/havendienst.nl\\\/product\\\/qaptains-e-qruiser-600plus-premium-loosrecht\\\/#breadcrumb\"},\"inLanguage\":\"it-IT\",\"potentialAction\":[{\"@type\":\"ReadAction\",\"target\":[\"https:\\\/\\\/havendienst.nl\\\/product\\\/qaptains-e-qruiser-600plus-premium-loosrecht\\\/\"]}]},{\"@type\":\"ImageObject\",\"inLanguage\":\"it-IT\",\"@id\":\"https:\\\/\\\/havendienst.nl\\\/product\\\/qaptains-e-qruiser-600plus-premium-loosrecht\\\/#primaryimage\",\"url\":\"https:\\\/\\\/havendienst.nl\\\/upload\\\/2022\\\/05\\\/Qrafter_qruiser_600plus_premium_in_water_2.jpg\",\"contentUrl\":\"https:\\\/\\\/havendienst.nl\\\/upload\\\/2022\\\/05\\\/Qrafter_qruiser_600plus_premium_in_water_2.jpg\",\"width\":2560,\"height\":1707},{\"@type\":\"BreadcrumbList\",\"@id\":\"https:\\\/\\\/havendienst.nl\\\/product\\\/qaptains-e-qruiser-600plus-premium-loosrecht\\\/#breadcrumb\",\"itemListElement\":[{\"@type\":\"ListItem\",\"position\":1,\"name\":\"Home\",\"item\":\"https:\\\/\\\/havendienst.nl\\\/\"},{\"@type\":\"ListItem\",\"position\":2,\"name\":\"Winkel\",\"item\":\"https:\\\/\\\/havendienst.nl\\\/winkel\\\/\"},{\"@type\":\"ListItem\",\"position\":3,\"name\":\"e-Qruiser 600+ Premium\"}]},{\"@type\":\"WebSite\",\"@id\":\"https:\\\/\\\/havendienst.nl\\\/de\\\/#website\",\"url\":\"https:\\\/\\\/havendienst.nl\\\/de\\\/\",\"name\":\"Havendienst.nl\",\"description\":\"Deelplatform voor boot huur en verhuur\",\"publisher\":{\"@id\":\"https:\\\/\\\/havendienst.nl\\\/de\\\/#organization\"},\"alternateName\":\"Havendienst Boot huren Loosdrecht\",\"potentialAction\":[{\"@type\":\"SearchAction\",\"target\":{\"@type\":\"EntryPoint\",\"urlTemplate\":\"https:\\\/\\\/havendienst.nl\\\/de\\\/?s={search_term_string}\"},\"query-input\":{\"@type\":\"PropertyValueSpecification\",\"valueRequired\":true,\"valueName\":\"search_term_string\"}}],\"inLanguage\":\"it-IT\"},{\"@type\":[\"Organization\",\"Place\",\"Corporation\"],\"@id\":\"https:\\\/\\\/havendienst.nl\\\/de\\\/#organization\",\"name\":\"Havendienst.nl\",\"alternateName\":\"Havendienst Boot huren Loosdrecht\",\"url\":\"https:\\\/\\\/havendienst.nl\\\/de\\\/\",\"logo\":{\"@id\":\"https:\\\/\\\/havendienst.nl\\\/product\\\/qaptains-e-qruiser-600plus-premium-loosrecht\\\/#local-main-organization-logo\"},\"image\":{\"@id\":\"https:\\\/\\\/havendienst.nl\\\/product\\\/qaptains-e-qruiser-600plus-premium-loosrecht\\\/#local-main-organization-logo\"},\"sameAs\":[\"https:\\\/\\\/www.facebook.com\\\/HavendienstNL\\\/\",\"https:\\\/\\\/www.instagram.com\\\/havendienstnl\\\/\",\"https:\\\/\\\/www.youtube.com\\\/@havendienst\",\"http:\\\/\\\/wa.me\\\/31356565744\"],\"description\":\"Havendienst.nl is het grootste gratis deelplatform voor bootverhuur in Loosdrecht en omgeving. Verhuur of huur eenvoudig een sloep, motorboot of sup zonder commissie. Havendienst.nl biedt daarnaast pechhulp op het water, watertaxi en noodservice op de Loosdrechtse Plassen, de Vecht en aangrenzende wateren. D\u00e9 centrale plek voor particulieren en verhuurbedrijven.\",\"legalName\":\"Havendienst.nl\",\"foundingDate\":\"2021-03-01\",\"duns\":\"404514148\",\"numberOfEmployees\":{\"@type\":\"QuantitativeValue\",\"minValue\":\"1\",\"maxValue\":\"10\"},\"publishingPrinciples\":\"https:\\\/\\\/havendienst.nl\\\/over\\\/\",\"ownershipFundingInfo\":\"https:\\\/\\\/havendienst.nl\\\/over\\\/\",\"actionableFeedbackPolicy\":\"https:\\\/\\\/havendienst.nl\\\/over\\\/\",\"correctionsPolicy\":\"https:\\\/\\\/havendienst.nl\\\/over\\\/\",\"ethicsPolicy\":\"https:\\\/\\\/havendienst.nl\\\/over\\\/\",\"diversityPolicy\":\"https:\\\/\\\/havendienst.nl\\\/over\\\/\",\"diversityStaffingReport\":\"https:\\\/\\\/havendienst.nl\\\/over\\\/\",\"hasMerchantReturnPolicy\":{\"@type\":\"MerchantReturnPolicy\",\"merchantReturnLink\":\"https:\\\/\\\/havendienst.nl\\\/it\\\/over\\\/\"},\"address\":{\"@id\":\"https:\\\/\\\/havendienst.nl\\\/product\\\/qaptains-e-qruiser-600plus-premium-loosrecht\\\/#local-main-place-address\"},\"geo\":{\"@type\":\"GeoCoordinates\",\"latitude\":\"52.23923903597849\",\"longitude\":\"5.117388746032714\"},\"telephone\":[\"+31 35 6565744\"],\"openingHoursSpecification\":[{\"@type\":\"OpeningHoursSpecification\",\"dayOfWeek\":[\"Monday\",\"Tuesday\",\"Wednesday\",\"Thursday\",\"Friday\",\"Saturday\",\"Sunday\"],\"opens\":\"08:00\",\"closes\":\"22:00\"}],\"email\":\"info@havendienst.nl\",\"areaServed\":\"Loosdrecht, Oud-Loosdrecht, Vinkeveen, Friesland, Amsterdam, Utrecht, Oudewater, Kortenhoef, Maarssen, Weesp, Breukelen, Vecht\",\"vatID\":\"NL821308233B01\"},{\"@type\":\"PostalAddress\",\"@id\":\"https:\\\/\\\/havendienst.nl\\\/product\\\/qaptains-e-qruiser-600plus-premium-loosrecht\\\/#local-main-place-address\",\"streetAddress\":\"Kerklaan 53\",\"addressLocality\":\"Kortenhoef\",\"postalCode\":\"1241CK\",\"addressRegion\":\"Noord-Holland\",\"addressCountry\":\"NL\"},{\"@type\":\"ImageObject\",\"inLanguage\":\"it-IT\",\"@id\":\"https:\\\/\\\/havendienst.nl\\\/product\\\/qaptains-e-qruiser-600plus-premium-loosrecht\\\/#local-main-organization-logo\",\"url\":\"https:\\\/\\\/havendienst.nl\\\/upload\\\/2021\\\/01\\\/havendienst-logo-small.png\",\"contentUrl\":\"https:\\\/\\\/havendienst.nl\\\/upload\\\/2021\\\/01\\\/havendienst-logo-small.png\",\"width\":167,\"height\":81,\"caption\":\"Havendienst.nl\"}]}<\/script>\n<meta property=\"product:brand\" content=\"Sloep\" \/>\n<meta property=\"product:price:amount\" content=\"210.00\" \/>\n<meta property=\"product:price:currency\" content=\"EUR\" \/>\n<meta property=\"og:availability\" content=\"instock\" \/>\n<meta property=\"product:availability\" content=\"instock\" \/>\n<meta property=\"product:condition\" content=\"new\" \/>\n<meta name=\"geo.placename\" content=\"Kortenhoef\" \/>\n<meta name=\"geo.position\" content=\"52.23923903597849;5.117388746032714\" \/>\n<meta name=\"geo.region\" content=\"Paesi Bassi\" \/>\n<!-- \/ Yoast SEO Premium plugin. -->","yoast_head_json":{"title":"e-Qruiser 600+ Premium - Havendienst.nl","description":"Navigate attraverso l'Loosdrecht sulla barca tender pi\u00f9 lussuosa del momento, l'e-Qruiser 600+ Premium. Scoprite i vostri luoghi preferiti con stile, compreso un frigorifero!","robots":{"index":"index","follow":"follow","max-snippet":"max-snippet:-1","max-image-preview":"max-image-preview:large","max-video-preview":"max-video-preview:-1"},"canonical":"https:\/\/havendienst.nl\/it\/prodotto\/qaptains-e-qruiser-600plus-premium-loosrecht\/","og_locale":"it_IT","og_type":"article","og_title":"e-Qruiser 600+ Premium","og_description":"Vaar door Loosdrecht op de meest luxueuze tendersloep van dit moment, de e-Qruiser 600+ Premium. Ontdek je mooiste plekjes in stijl, incl. koelkast!","og_url":"https:\/\/havendienst.nl\/it\/prodotto\/qaptains-e-qruiser-600plus-premium-loosrecht\/","og_site_name":"Havendienst.nl","article_publisher":"https:\/\/www.facebook.com\/HavendienstNL\/","article_modified_time":"2026-04-10T16:40:15+00:00","og_image":[{"width":2560,"height":1707,"url":"https:\/\/havendienst.nl\/upload\/2022\/05\/Qrafter_qruiser_600plus_premium_in_water_2.jpg","type":"image\/jpeg"}],"twitter_card":"summary_large_image","twitter_misc":{"Prezzo":"&euro;&nbsp;210,00","Disponibilit\u00e0":"In stock"},"schema":{"@context":"https:\/\/schema.org","@graph":[{"@type":["WebPage","ItemPage"],"@id":"https:\/\/havendienst.nl\/product\/qaptains-e-qruiser-600plus-premium-loosrecht\/","url":"https:\/\/havendienst.nl\/product\/qaptains-e-qruiser-600plus-premium-loosrecht\/","name":"e-Qruiser 600+ Premium - Havendienst.nl","isPartOf":{"@id":"https:\/\/havendienst.nl\/de\/#website"},"primaryImageOfPage":{"@id":"https:\/\/havendienst.nl\/product\/qaptains-e-qruiser-600plus-premium-loosrecht\/#primaryimage"},"image":{"@id":"https:\/\/havendienst.nl\/product\/qaptains-e-qruiser-600plus-premium-loosrecht\/#primaryimage"},"thumbnailUrl":"https:\/\/havendienst.nl\/upload\/2022\/05\/Qrafter_qruiser_600plus_premium_in_water_2.jpg","datePublished":"2022-05-16T09:49:43+00:00","dateModified":"2026-04-10T16:40:15+00:00","description":"Navigate attraverso l'Loosdrecht sulla barca tender pi\u00f9 lussuosa del momento, l'e-Qruiser 600+ Premium. Scoprite i vostri luoghi preferiti con stile, compreso un frigorifero!","breadcrumb":{"@id":"https:\/\/havendienst.nl\/product\/qaptains-e-qruiser-600plus-premium-loosrecht\/#breadcrumb"},"inLanguage":"it-IT","potentialAction":[{"@type":"ReadAction","target":["https:\/\/havendienst.nl\/product\/qaptains-e-qruiser-600plus-premium-loosrecht\/"]}]},{"@type":"ImageObject","inLanguage":"it-IT","@id":"https:\/\/havendienst.nl\/product\/qaptains-e-qruiser-600plus-premium-loosrecht\/#primaryimage","url":"https:\/\/havendienst.nl\/upload\/2022\/05\/Qrafter_qruiser_600plus_premium_in_water_2.jpg","contentUrl":"https:\/\/havendienst.nl\/upload\/2022\/05\/Qrafter_qruiser_600plus_premium_in_water_2.jpg","width":2560,"height":1707},{"@type":"BreadcrumbList","@id":"https:\/\/havendienst.nl\/product\/qaptains-e-qruiser-600plus-premium-loosrecht\/#breadcrumb","itemListElement":[{"@type":"ListItem","position":1,"name":"Home","item":"https:\/\/havendienst.nl\/"},{"@type":"ListItem","position":2,"name":"Winkel","item":"https:\/\/havendienst.nl\/winkel\/"},{"@type":"ListItem","position":3,"name":"e-Qruiser 600+ Premium"}]},{"@type":"WebSite","@id":"https:\/\/havendienst.nl\/de\/#website","url":"https:\/\/havendienst.nl\/de\/","name":"Havendienst.nl","description":"Piattaforma di condivisione per il noleggio e l'affitto di barche","publisher":{"@id":"https:\/\/havendienst.nl\/de\/#organization"},"alternateName":"Havendienst Boot huren Loosdrecht","potentialAction":[{"@type":"SearchAction","target":{"@type":"EntryPoint","urlTemplate":"https:\/\/havendienst.nl\/de\/?s={search_term_string}"},"query-input":{"@type":"PropertyValueSpecification","valueRequired":true,"valueName":"search_term_string"}}],"inLanguage":"it-IT"},{"@type":["Organization","Place","Corporation"],"@id":"https:\/\/havendienst.nl\/de\/#organization","name":"Havendienst.nl","alternateName":"Havendienst Boot huren Loosdrecht","url":"https:\/\/havendienst.nl\/de\/","logo":{"@id":"https:\/\/havendienst.nl\/product\/qaptains-e-qruiser-600plus-premium-loosrecht\/#local-main-organization-logo"},"image":{"@id":"https:\/\/havendienst.nl\/product\/qaptains-e-qruiser-600plus-premium-loosrecht\/#local-main-organization-logo"},"sameAs":["https:\/\/www.facebook.com\/HavendienstNL\/","https:\/\/www.instagram.com\/havendienstnl\/","https:\/\/www.youtube.com\/@havendienst","http:\/\/wa.me\/31356565744"],"description":"Havendienst.nl \u00e8 la pi\u00f9 grande piattaforma di condivisione gratuita per il noleggio di barche a Loosdrecht e dintorni. Noleggiate o affittate facilmente uno sloop, un motoscafo o un sup senza commissioni. Havendienst.nl offre anche assistenza in caso di guasto in acqua, taxi d'acqua e servizio di emergenza sull'Loosdrechtse Plassen, sull'Vecht e sulle acque vicine. Il luogo centrale per i privati e le societ\u00e0 di noleggio.","legalName":"Havendienst.nl","foundingDate":"2021-03-01","duns":"404514148","numberOfEmployees":{"@type":"QuantitativeValue","minValue":"1","maxValue":"10"},"publishingPrinciples":"https:\/\/havendienst.nl\/over\/","ownershipFundingInfo":"https:\/\/havendienst.nl\/over\/","actionableFeedbackPolicy":"https:\/\/havendienst.nl\/over\/","correctionsPolicy":"https:\/\/havendienst.nl\/over\/","ethicsPolicy":"https:\/\/havendienst.nl\/over\/","diversityPolicy":"https:\/\/havendienst.nl\/over\/","diversityStaffingReport":"https:\/\/havendienst.nl\/over\/","hasMerchantReturnPolicy":{"@type":"MerchantReturnPolicy","merchantReturnLink":"https:\/\/havendienst.nl\/it\/over\/"},"address":{"@id":"https:\/\/havendienst.nl\/product\/qaptains-e-qruiser-600plus-premium-loosrecht\/#local-main-place-address"},"geo":{"@type":"GeoCoordinates","latitude":"52.23923903597849","longitude":"5.117388746032714"},"telephone":["+31 35 6565744"],"openingHoursSpecification":[{"@type":"OpeningHoursSpecification","dayOfWeek":["Monday","Tuesday","Wednesday","Thursday","Friday","Saturday","Sunday"],"opens":"08:00","closes":"22:00"}],"email":"info@havendienst.nl","areaServed":"Loosdrecht, Oud-Loosdrecht, Vinkeveen, Friesland, Amsterdam, Utrecht, Oudewater, Kortenhoef, Maarssen, Weesp, Breukelen, Vecht","vatID":"NL821308233B01"},{"@type":"PostalAddress","@id":"https:\/\/havendienst.nl\/product\/qaptains-e-qruiser-600plus-premium-loosrecht\/#local-main-place-address","streetAddress":"Kerklaan 53","addressLocality":"Kortenhoef","postalCode":"1241CK","addressRegion":"Noord-Holland","addressCountry":"NL"},{"@type":"ImageObject","inLanguage":"it-IT","@id":"https:\/\/havendienst.nl\/product\/qaptains-e-qruiser-600plus-premium-loosrecht\/#local-main-organization-logo","url":"https:\/\/havendienst.nl\/upload\/2021\/01\/havendienst-logo-small.png","contentUrl":"https:\/\/havendienst.nl\/upload\/2021\/01\/havendienst-logo-small.png","width":167,"height":81,"caption":"Havendienst.nl"}]},"product_brand":"Sloep","product_price_amount":"210.00","product_price_currency":"EUR","og_availability":"instock","product_availability":"instock","product_condition":"new","geo.placename":"Kortenhoef","geo.position":{"lat":"52.23923903597849","long":"5.117388746032714"},"geo.region":"Paesi Bassi"},"_links":{"self":[{"href":"https:\/\/havendienst.nl\/it\/wp-json\/wp\/v2\/product\/33739","targetHints":{"allow":["GET"]}}],"collection":[{"href":"https:\/\/havendienst.nl\/it\/wp-json\/wp\/v2\/product"}],"about":[{"href":"https:\/\/havendienst.nl\/it\/wp-json\/wp\/v2\/types\/product"}],"replies":[{"embeddable":true,"href":"https:\/\/havendienst.nl\/it\/wp-json\/wp\/v2\/comments?post=33739"}],"wp:featuredmedia":[{"embeddable":true,"href":"https:\/\/havendienst.nl\/it\/wp-json\/wp\/v2\/media\/33727"}],"wp:attachment":[{"href":"https:\/\/havendienst.nl\/it\/wp-json\/wp\/v2\/media?parent=33739"}],"wp:term":[{"taxonomy":"product_brand","embeddable":true,"href":"https:\/\/havendienst.nl\/it\/wp-json\/wp\/v2\/product_brand?post=33739"},{"taxonomy":"product_cat","embeddable":true,"href":"https:\/\/havendienst.nl\/it\/wp-json\/wp\/v2\/product_cat?post=33739"},{"taxonomy":"product_tag","embeddable":true,"href":"https:\/\/havendienst.nl\/it\/wp-json\/wp\/v2\/product_tag?post=33739"}],"curies":[{"name":"wp","href":"https:\/\/api.w.org\/{rel}","templated":true}]}}