{"id":33425,"date":"2022-05-02T22:36:43","date_gmt":"2022-05-02T20:36:43","guid":{"rendered":"https:\/\/havendienst.nl\/?post_type=product&#038;p=33425"},"modified":"2025-09-14T10:04:25","modified_gmt":"2025-09-14T08:04:25","slug":"luxe-sloep-met-schipper","status":"publish","type":"product","link":"https:\/\/havendienst.nl\/it\/product\/luxe-sloep-met-schipper\/","title":{"rendered":"Sloop di lusso con skipper"},"content":{"rendered":"<div class=\"fusion-fullwidth fullwidth-box fusion-builder-row-1 fusion-flex-container nonhundred-percent-fullwidth non-hundred-percent-height-scrolling\" style=\"--awb-border-radius-top-left:0px;--awb-border-radius-top-right:0px;--awb-border-radius-bottom-right:0px;--awb-border-radius-bottom-left:0px;--awb-flex-wrap:wrap;\" ><div class=\"fusion-builder-row fusion-row fusion-flex-align-items-flex-start fusion-flex-content-wrap\" style=\"max-width:1144px;margin-left: calc(-4% \/ 2 );margin-right: calc(-4% \/ 2 );\"><div class=\"fusion-layout-column fusion_builder_column fusion-builder-column-0 fusion_builder_column_1_1 1_1 fusion-flex-column\" style=\"--awb-bg-size:cover;--awb-width-large:100%;--awb-margin-top-large:0px;--awb-spacing-right-large:1.92%;--awb-margin-bottom-large:0px;--awb-spacing-left-large:1.92%;--awb-width-medium:100%;--awb-spacing-right-medium:1.92%;--awb-spacing-left-medium:1.92%;--awb-width-small:100%;--awb-spacing-right-small:1.92%;--awb-spacing-left-small:1.92%;\"><div class=\"fusion-column-wrapper fusion-flex-justify-content-flex-start fusion-content-layout-column\"><div class=\"fusion-text fusion-text-1\"><p>Crociera rilassata sulla Vecht, il nostro skipper sar\u00e0 felice di mostrarvi tutto ci\u00f2 che la Vecht ha da offrire. Il Vecht \u00e8 un bel pezzo d'acqua che va dal Muiden a Utrecht. La barca \u00e8 dotata di molte comodit\u00e0 per rendere il viaggio piacevole.<\/p>\n<\/div><\/div><\/div><\/div><\/div>","protected":false},"excerpt":{"rendered":"<p>Lasciatevi portare in giro sul nostro sloop di lusso. Lo sloop si trova in Weesp ed \u00e8 anche il punto di partenza.<\/p>","protected":false},"featured_media":33428,"comment_status":"open","ping_status":"closed","template":"","meta":{"rs_blank_template":"","rs_page_bg_color":"","slide_template_v7":""},"product_brand":[],"product_cat":[342,1582],"product_tag":[],"class_list":{"0":"post-33425","1":"product","2":"type-product","3":"status-publish","4":"has-post-thumbnail","6":"product_cat-boten","7":"product_cat-area-weesp","8":"wcpv_product_vendors-genieten-op-de-vecht","10":"first","11":"instock","12":"virtual","13":"sold-individually","14":"taxable","15":"purchasable","16":"product-type-booking"},"booking_location":"","booking_location_type":"","booking_duration":1,"booking_duration_unit":"hour","booking_buffer":0,"booking_cost":0,"booking_resources":[],"exclude_global_add_ons":[],"addons":[],"yoast_head":"<!-- This site is optimized with the Yoast SEO Premium plugin v27.4 (Yoast SEO v27.4) - https:\/\/yoast.com\/product\/yoast-seo-premium-wordpress\/ -->\n<title>Luxe sloep met schipper - Havendienst.nl<\/title>\n<meta name=\"description\" content=\"Varen over de Vecht met onze luxe sloep met schipper.\" \/>\n<meta name=\"robots\" content=\"index, follow, max-snippet:-1, max-image-preview:large, max-video-preview:-1\" \/>\n<link rel=\"canonical\" href=\"https:\/\/havendienst.nl\/it\/prodotto\/luxe-sloep-met-schipper\/\" \/>\n<meta property=\"og:locale\" content=\"it_IT\" \/>\n<meta property=\"og:type\" content=\"article\" \/>\n<meta property=\"og:title\" content=\"Luxe sloep met schipper\" \/>\n<meta property=\"og:description\" content=\"Varen over de Vecht met onze luxe sloep met schipper.\" \/>\n<meta property=\"og:url\" content=\"https:\/\/havendienst.nl\/it\/prodotto\/luxe-sloep-met-schipper\/\" \/>\n<meta property=\"og:site_name\" content=\"Havendienst.nl\" \/>\n<meta property=\"article:publisher\" content=\"https:\/\/www.facebook.com\/HavendienstNL\/\" \/>\n<meta property=\"article:modified_time\" content=\"2025-09-14T08:04:25+00:00\" \/>\n<meta property=\"og:image\" content=\"https:\/\/havendienst.nl\/upload\/2022\/05\/genietenopdevecht_huren_onj1.jpg\" \/>\n\t<meta property=\"og:image:width\" content=\"1030\" \/>\n\t<meta property=\"og:image:height\" content=\"687\" \/>\n\t<meta property=\"og:image:type\" content=\"image\/jpeg\" \/>\n<meta name=\"twitter:card\" content=\"summary_large_image\" \/>\n<meta name=\"twitter:label1\" content=\"Prezzo\" \/>\n\t<meta name=\"twitter:data1\" content=\"&euro;&nbsp;80,00\" \/>\n\t<meta name=\"twitter:label2\" content=\"Disponibilit\u00e0\" \/>\n\t<meta name=\"twitter:data2\" content=\"In stock\" \/>\n<script type=\"application\/ld+json\" class=\"yoast-schema-graph\">{\"@context\":\"https:\\\/\\\/schema.org\",\"@graph\":[{\"@type\":[\"WebPage\",\"ItemPage\"],\"@id\":\"https:\\\/\\\/havendienst.nl\\\/product\\\/luxe-sloep-met-schipper\\\/\",\"url\":\"https:\\\/\\\/havendienst.nl\\\/product\\\/luxe-sloep-met-schipper\\\/\",\"name\":\"Luxe sloep met schipper - Havendienst.nl\",\"isPartOf\":{\"@id\":\"https:\\\/\\\/havendienst.nl\\\/de\\\/#website\"},\"primaryImageOfPage\":{\"@id\":\"https:\\\/\\\/havendienst.nl\\\/product\\\/luxe-sloep-met-schipper\\\/#primaryimage\"},\"image\":{\"@id\":\"https:\\\/\\\/havendienst.nl\\\/product\\\/luxe-sloep-met-schipper\\\/#primaryimage\"},\"thumbnailUrl\":\"https:\\\/\\\/havendienst.nl\\\/upload\\\/2022\\\/05\\\/genietenopdevecht_huren_onj1.jpg\",\"datePublished\":\"2022-05-02T20:36:43+00:00\",\"dateModified\":\"2025-09-14T08:04:25+00:00\",\"description\":\"Varen over de Vecht met onze luxe sloep met schipper.\",\"breadcrumb\":{\"@id\":\"https:\\\/\\\/havendienst.nl\\\/product\\\/luxe-sloep-met-schipper\\\/#breadcrumb\"},\"inLanguage\":\"it-IT\",\"potentialAction\":[{\"@type\":\"ReadAction\",\"target\":[\"https:\\\/\\\/havendienst.nl\\\/product\\\/luxe-sloep-met-schipper\\\/\"]}]},{\"@type\":\"ImageObject\",\"inLanguage\":\"it-IT\",\"@id\":\"https:\\\/\\\/havendienst.nl\\\/product\\\/luxe-sloep-met-schipper\\\/#primaryimage\",\"url\":\"https:\\\/\\\/havendienst.nl\\\/upload\\\/2022\\\/05\\\/genietenopdevecht_huren_onj1.jpg\",\"contentUrl\":\"https:\\\/\\\/havendienst.nl\\\/upload\\\/2022\\\/05\\\/genietenopdevecht_huren_onj1.jpg\",\"width\":1030,\"height\":687},{\"@type\":\"BreadcrumbList\",\"@id\":\"https:\\\/\\\/havendienst.nl\\\/product\\\/luxe-sloep-met-schipper\\\/#breadcrumb\",\"itemListElement\":[{\"@type\":\"ListItem\",\"position\":1,\"name\":\"Home\",\"item\":\"https:\\\/\\\/havendienst.nl\\\/\"},{\"@type\":\"ListItem\",\"position\":2,\"name\":\"Winkel\",\"item\":\"https:\\\/\\\/havendienst.nl\\\/winkel\\\/\"},{\"@type\":\"ListItem\",\"position\":3,\"name\":\"Luxe sloep met schipper\"}]},{\"@type\":\"WebSite\",\"@id\":\"https:\\\/\\\/havendienst.nl\\\/de\\\/#website\",\"url\":\"https:\\\/\\\/havendienst.nl\\\/de\\\/\",\"name\":\"Havendienst.nl\",\"description\":\"Deelplatform voor boot huur en verhuur\",\"publisher\":{\"@id\":\"https:\\\/\\\/havendienst.nl\\\/de\\\/#organization\"},\"alternateName\":\"Havendienst Boot huren Loosdrecht\",\"potentialAction\":[{\"@type\":\"SearchAction\",\"target\":{\"@type\":\"EntryPoint\",\"urlTemplate\":\"https:\\\/\\\/havendienst.nl\\\/de\\\/?s={search_term_string}\"},\"query-input\":{\"@type\":\"PropertyValueSpecification\",\"valueRequired\":true,\"valueName\":\"search_term_string\"}}],\"inLanguage\":\"it-IT\"},{\"@type\":[\"Organization\",\"Place\",\"Corporation\"],\"@id\":\"https:\\\/\\\/havendienst.nl\\\/de\\\/#organization\",\"name\":\"Havendienst.nl\",\"alternateName\":\"Havendienst Boot huren Loosdrecht\",\"url\":\"https:\\\/\\\/havendienst.nl\\\/de\\\/\",\"logo\":{\"@id\":\"https:\\\/\\\/havendienst.nl\\\/product\\\/luxe-sloep-met-schipper\\\/#local-main-organization-logo\"},\"image\":{\"@id\":\"https:\\\/\\\/havendienst.nl\\\/product\\\/luxe-sloep-met-schipper\\\/#local-main-organization-logo\"},\"sameAs\":[\"https:\\\/\\\/www.facebook.com\\\/HavendienstNL\\\/\",\"https:\\\/\\\/www.instagram.com\\\/havendienstnl\\\/\",\"https:\\\/\\\/www.youtube.com\\\/@havendienst\",\"http:\\\/\\\/wa.me\\\/31356565744\"],\"description\":\"Havendienst.nl is het grootste gratis deelplatform voor bootverhuur in Loosdrecht en omgeving. Verhuur of huur eenvoudig een sloep, motorboot of sup zonder commissie. Havendienst.nl biedt daarnaast pechhulp op het water, watertaxi en noodservice op de Loosdrechtse Plassen, de Vecht en aangrenzende wateren. D\u00e9 centrale plek voor particulieren en verhuurbedrijven.\",\"legalName\":\"Havendienst.nl\",\"foundingDate\":\"2021-03-01\",\"duns\":\"404514148\",\"numberOfEmployees\":{\"@type\":\"QuantitativeValue\",\"minValue\":\"1\",\"maxValue\":\"10\"},\"publishingPrinciples\":\"https:\\\/\\\/havendienst.nl\\\/over\\\/\",\"ownershipFundingInfo\":\"https:\\\/\\\/havendienst.nl\\\/over\\\/\",\"actionableFeedbackPolicy\":\"https:\\\/\\\/havendienst.nl\\\/over\\\/\",\"correctionsPolicy\":\"https:\\\/\\\/havendienst.nl\\\/over\\\/\",\"ethicsPolicy\":\"https:\\\/\\\/havendienst.nl\\\/over\\\/\",\"diversityPolicy\":\"https:\\\/\\\/havendienst.nl\\\/over\\\/\",\"diversityStaffingReport\":\"https:\\\/\\\/havendienst.nl\\\/over\\\/\",\"hasMerchantReturnPolicy\":{\"@type\":\"MerchantReturnPolicy\",\"merchantReturnLink\":\"https:\\\/\\\/havendienst.nl\\\/it\\\/over\\\/\"},\"address\":{\"@id\":\"https:\\\/\\\/havendienst.nl\\\/product\\\/luxe-sloep-met-schipper\\\/#local-main-place-address\"},\"geo\":{\"@type\":\"GeoCoordinates\",\"latitude\":\"52.23923903597849\",\"longitude\":\"5.117388746032714\"},\"telephone\":[\"+31 35 6565744\"],\"openingHoursSpecification\":[{\"@type\":\"OpeningHoursSpecification\",\"dayOfWeek\":[\"Monday\",\"Tuesday\",\"Wednesday\",\"Thursday\",\"Friday\",\"Saturday\",\"Sunday\"],\"opens\":\"08:00\",\"closes\":\"22:00\"}],\"email\":\"info@havendienst.nl\",\"areaServed\":\"Loosdrecht, Oud-Loosdrecht, Vinkeveen, Friesland, Amsterdam, Utrecht, Oudewater, Kortenhoef, Maarssen, Weesp, Breukelen, Vecht\",\"vatID\":\"NL821308233B01\"},{\"@type\":\"PostalAddress\",\"@id\":\"https:\\\/\\\/havendienst.nl\\\/product\\\/luxe-sloep-met-schipper\\\/#local-main-place-address\",\"streetAddress\":\"Kerklaan 53\",\"addressLocality\":\"Kortenhoef\",\"postalCode\":\"1241CK\",\"addressRegion\":\"Noord-Holland\",\"addressCountry\":\"NL\"},{\"@type\":\"ImageObject\",\"inLanguage\":\"it-IT\",\"@id\":\"https:\\\/\\\/havendienst.nl\\\/product\\\/luxe-sloep-met-schipper\\\/#local-main-organization-logo\",\"url\":\"https:\\\/\\\/havendienst.nl\\\/upload\\\/2021\\\/01\\\/havendienst-logo-small.png\",\"contentUrl\":\"https:\\\/\\\/havendienst.nl\\\/upload\\\/2021\\\/01\\\/havendienst-logo-small.png\",\"width\":167,\"height\":81,\"caption\":\"Havendienst.nl\"}]}<\/script>\n<meta property=\"product:brand\" content=\"Sloep\" \/>\n<meta property=\"product:price:amount\" content=\"80.00\" \/>\n<meta property=\"product:price:currency\" content=\"EUR\" \/>\n<meta property=\"og:availability\" content=\"instock\" \/>\n<meta property=\"product:availability\" content=\"instock\" \/>\n<meta property=\"product:condition\" content=\"new\" \/>\n<meta name=\"geo.placename\" content=\"Kortenhoef\" \/>\n<meta name=\"geo.position\" content=\"52.23923903597849;5.117388746032714\" \/>\n<meta name=\"geo.region\" content=\"Paesi Bassi\" \/>\n<!-- \/ Yoast SEO Premium plugin. -->","yoast_head_json":{"title":"Sloop di lusso con skipper - Havendienst.nl","description":"Naviga sulla Vecht con il nostro sloop di lusso con skipper.","robots":{"index":"index","follow":"follow","max-snippet":"max-snippet:-1","max-image-preview":"max-image-preview:large","max-video-preview":"max-video-preview:-1"},"canonical":"https:\/\/havendienst.nl\/it\/prodotto\/luxe-sloep-met-schipper\/","og_locale":"it_IT","og_type":"article","og_title":"Luxe sloep met schipper","og_description":"Varen over de Vecht met onze luxe sloep met schipper.","og_url":"https:\/\/havendienst.nl\/it\/prodotto\/luxe-sloep-met-schipper\/","og_site_name":"Havendienst.nl","article_publisher":"https:\/\/www.facebook.com\/HavendienstNL\/","article_modified_time":"2025-09-14T08:04:25+00:00","og_image":[{"width":1030,"height":687,"url":"https:\/\/havendienst.nl\/upload\/2022\/05\/genietenopdevecht_huren_onj1.jpg","type":"image\/jpeg"}],"twitter_card":"summary_large_image","twitter_misc":{"Prezzo":"&euro;&nbsp;80,00","Disponibilit\u00e0":"In stock"},"schema":{"@context":"https:\/\/schema.org","@graph":[{"@type":["WebPage","ItemPage"],"@id":"https:\/\/havendienst.nl\/product\/luxe-sloep-met-schipper\/","url":"https:\/\/havendienst.nl\/product\/luxe-sloep-met-schipper\/","name":"Sloop di lusso con skipper - Havendienst.nl","isPartOf":{"@id":"https:\/\/havendienst.nl\/de\/#website"},"primaryImageOfPage":{"@id":"https:\/\/havendienst.nl\/product\/luxe-sloep-met-schipper\/#primaryimage"},"image":{"@id":"https:\/\/havendienst.nl\/product\/luxe-sloep-met-schipper\/#primaryimage"},"thumbnailUrl":"https:\/\/havendienst.nl\/upload\/2022\/05\/genietenopdevecht_huren_onj1.jpg","datePublished":"2022-05-02T20:36:43+00:00","dateModified":"2025-09-14T08:04:25+00:00","description":"Naviga sulla Vecht con il nostro sloop di lusso con skipper.","breadcrumb":{"@id":"https:\/\/havendienst.nl\/product\/luxe-sloep-met-schipper\/#breadcrumb"},"inLanguage":"it-IT","potentialAction":[{"@type":"ReadAction","target":["https:\/\/havendienst.nl\/product\/luxe-sloep-met-schipper\/"]}]},{"@type":"ImageObject","inLanguage":"it-IT","@id":"https:\/\/havendienst.nl\/product\/luxe-sloep-met-schipper\/#primaryimage","url":"https:\/\/havendienst.nl\/upload\/2022\/05\/genietenopdevecht_huren_onj1.jpg","contentUrl":"https:\/\/havendienst.nl\/upload\/2022\/05\/genietenopdevecht_huren_onj1.jpg","width":1030,"height":687},{"@type":"BreadcrumbList","@id":"https:\/\/havendienst.nl\/product\/luxe-sloep-met-schipper\/#breadcrumb","itemListElement":[{"@type":"ListItem","position":1,"name":"Home","item":"https:\/\/havendienst.nl\/"},{"@type":"ListItem","position":2,"name":"Winkel","item":"https:\/\/havendienst.nl\/winkel\/"},{"@type":"ListItem","position":3,"name":"Luxe sloep met schipper"}]},{"@type":"WebSite","@id":"https:\/\/havendienst.nl\/de\/#website","url":"https:\/\/havendienst.nl\/de\/","name":"Havendienst.nl","description":"Piattaforma di condivisione per il noleggio e l'affitto di barche","publisher":{"@id":"https:\/\/havendienst.nl\/de\/#organization"},"alternateName":"Havendienst Boot huren Loosdrecht","potentialAction":[{"@type":"SearchAction","target":{"@type":"EntryPoint","urlTemplate":"https:\/\/havendienst.nl\/de\/?s={search_term_string}"},"query-input":{"@type":"PropertyValueSpecification","valueRequired":true,"valueName":"search_term_string"}}],"inLanguage":"it-IT"},{"@type":["Organization","Place","Corporation"],"@id":"https:\/\/havendienst.nl\/de\/#organization","name":"Havendienst.nl","alternateName":"Havendienst Boot huren Loosdrecht","url":"https:\/\/havendienst.nl\/de\/","logo":{"@id":"https:\/\/havendienst.nl\/product\/luxe-sloep-met-schipper\/#local-main-organization-logo"},"image":{"@id":"https:\/\/havendienst.nl\/product\/luxe-sloep-met-schipper\/#local-main-organization-logo"},"sameAs":["https:\/\/www.facebook.com\/HavendienstNL\/","https:\/\/www.instagram.com\/havendienstnl\/","https:\/\/www.youtube.com\/@havendienst","http:\/\/wa.me\/31356565744"],"description":"Havendienst.nl \u00e8 la pi\u00f9 grande piattaforma di condivisione gratuita per il noleggio di barche a Loosdrecht e dintorni. Noleggiate o affittate facilmente uno sloop, un motoscafo o un sup senza commissioni. Havendienst.nl offre anche assistenza in caso di guasto in acqua, taxi d'acqua e servizio di emergenza sull'Loosdrechtse Plassen, sull'Vecht e sulle acque vicine. Il luogo centrale per i privati e le societ\u00e0 di noleggio.","legalName":"Havendienst.nl","foundingDate":"2021-03-01","duns":"404514148","numberOfEmployees":{"@type":"QuantitativeValue","minValue":"1","maxValue":"10"},"publishingPrinciples":"https:\/\/havendienst.nl\/over\/","ownershipFundingInfo":"https:\/\/havendienst.nl\/over\/","actionableFeedbackPolicy":"https:\/\/havendienst.nl\/over\/","correctionsPolicy":"https:\/\/havendienst.nl\/over\/","ethicsPolicy":"https:\/\/havendienst.nl\/over\/","diversityPolicy":"https:\/\/havendienst.nl\/over\/","diversityStaffingReport":"https:\/\/havendienst.nl\/over\/","hasMerchantReturnPolicy":{"@type":"MerchantReturnPolicy","merchantReturnLink":"https:\/\/havendienst.nl\/it\/over\/"},"address":{"@id":"https:\/\/havendienst.nl\/product\/luxe-sloep-met-schipper\/#local-main-place-address"},"geo":{"@type":"GeoCoordinates","latitude":"52.23923903597849","longitude":"5.117388746032714"},"telephone":["+31 35 6565744"],"openingHoursSpecification":[{"@type":"OpeningHoursSpecification","dayOfWeek":["Monday","Tuesday","Wednesday","Thursday","Friday","Saturday","Sunday"],"opens":"08:00","closes":"22:00"}],"email":"info@havendienst.nl","areaServed":"Loosdrecht, Oud-Loosdrecht, Vinkeveen, Friesland, Amsterdam, Utrecht, Oudewater, Kortenhoef, Maarssen, Weesp, Breukelen, Vecht","vatID":"NL821308233B01"},{"@type":"PostalAddress","@id":"https:\/\/havendienst.nl\/product\/luxe-sloep-met-schipper\/#local-main-place-address","streetAddress":"Kerklaan 53","addressLocality":"Kortenhoef","postalCode":"1241CK","addressRegion":"Noord-Holland","addressCountry":"NL"},{"@type":"ImageObject","inLanguage":"it-IT","@id":"https:\/\/havendienst.nl\/product\/luxe-sloep-met-schipper\/#local-main-organization-logo","url":"https:\/\/havendienst.nl\/upload\/2021\/01\/havendienst-logo-small.png","contentUrl":"https:\/\/havendienst.nl\/upload\/2021\/01\/havendienst-logo-small.png","width":167,"height":81,"caption":"Havendienst.nl"}]},"product_brand":"Sloep","product_price_amount":"80.00","product_price_currency":"EUR","og_availability":"instock","product_availability":"instock","product_condition":"new","geo.placename":"Kortenhoef","geo.position":{"lat":"52.23923903597849","long":"5.117388746032714"},"geo.region":"Paesi Bassi"},"_links":{"self":[{"href":"https:\/\/havendienst.nl\/it\/wp-json\/wp\/v2\/product\/33425","targetHints":{"allow":["GET"]}}],"collection":[{"href":"https:\/\/havendienst.nl\/it\/wp-json\/wp\/v2\/product"}],"about":[{"href":"https:\/\/havendienst.nl\/it\/wp-json\/wp\/v2\/types\/product"}],"replies":[{"embeddable":true,"href":"https:\/\/havendienst.nl\/it\/wp-json\/wp\/v2\/comments?post=33425"}],"wp:featuredmedia":[{"embeddable":true,"href":"https:\/\/havendienst.nl\/it\/wp-json\/wp\/v2\/media\/33428"}],"wp:attachment":[{"href":"https:\/\/havendienst.nl\/it\/wp-json\/wp\/v2\/media?parent=33425"}],"wp:term":[{"taxonomy":"product_brand","embeddable":true,"href":"https:\/\/havendienst.nl\/it\/wp-json\/wp\/v2\/product_brand?post=33425"},{"taxonomy":"product_cat","embeddable":true,"href":"https:\/\/havendienst.nl\/it\/wp-json\/wp\/v2\/product_cat?post=33425"},{"taxonomy":"product_tag","embeddable":true,"href":"https:\/\/havendienst.nl\/it\/wp-json\/wp\/v2\/product_tag?post=33425"}],"curies":[{"name":"wp","href":"https:\/\/api.w.org\/{rel}","templated":true}]}}