{"id":30942,"date":"2021-08-31T10:58:28","date_gmt":"2021-08-31T08:58:28","guid":{"rendered":"https:\/\/havendienst.nl\/?post_type=product&#038;p=30942"},"modified":"2025-09-14T10:01:03","modified_gmt":"2025-09-14T08:01:03","slug":"sup","status":"publish","type":"product","link":"https:\/\/havendienst.nl\/it\/product\/sup\/","title":{"rendered":"Sport SUP"},"content":{"rendered":"<div class=\"fusion-fullwidth fullwidth-box fusion-builder-row-1 fusion-flex-container nonhundred-percent-fullwidth non-hundred-percent-height-scrolling\" style=\"--awb-border-radius-top-left:0px;--awb-border-radius-top-right:0px;--awb-border-radius-bottom-right:0px;--awb-border-radius-bottom-left:0px;--awb-flex-wrap:wrap;\" ><div class=\"fusion-builder-row fusion-row fusion-flex-align-items-flex-start fusion-flex-content-wrap\" style=\"max-width:1144px;margin-left: calc(-4% \/ 2 );margin-right: calc(-4% \/ 2 );\"><div class=\"fusion-layout-column fusion_builder_column fusion-builder-column-0 fusion_builder_column_1_1 1_1 fusion-flex-column\" style=\"--awb-bg-size:cover;--awb-width-large:100%;--awb-margin-top-large:0px;--awb-spacing-right-large:1.92%;--awb-margin-bottom-large:0px;--awb-spacing-left-large:1.92%;--awb-width-medium:100%;--awb-spacing-right-medium:1.92%;--awb-spacing-left-medium:1.92%;--awb-width-small:100%;--awb-spacing-right-small:1.92%;--awb-spacing-left-small:1.92%;\"><div class=\"fusion-column-wrapper fusion-flex-justify-content-flex-start fusion-content-layout-column\"><div class=\"fusion-text fusion-text-1\"><p><strong>SUP<\/strong> sta per <strong>S<\/strong>dente <strong>U<\/strong>p <strong>P<\/strong>Inoltre, \u00e8 il modo per godersi il tempo e i dintorni mentre si \u00e8 in giro.<br \/>Qui di seguito, abbiamo preparato per voi alcuni percorsi di SUP. Un principiante andr\u00e0 a circa 3 km\/ora, un surfista avanzato pu\u00f2 arrivare a 12 km\/ora.<\/p>\n<p><strong>Cosa bisogna portare?<br \/><\/strong>Si consiglia di indossare abiti comodi e di portare vestiti asciutti. Non ti bagnerai molto mentre fai SUPPING, ma puoi sempre cadere dalla tua tavola in acqua.<br \/>Si pu\u00f2 fare SUP a piedi nudi, con scarpe speciali da SUP o con scarpe da ginnastica. Il vantaggio dei piedi nudi \u00e8 ovviamente la semplicit\u00e0, ma quando fa un po' pi\u00f9 freddo, le scarpe SUP o le scarpe da ginnastica possono essere piacevoli.<\/p>\n<p><strong>Preferisci un certo tipo di SUP?<br \/><\/strong>Abbiamo due tipi di SUP: Mistral e JOBE. I Mistral SUP sono leggermente pi\u00f9 lunghi e pi\u00f9 larghi.<\/p>\n<p>Maestrale SUP<br \/>Lunghezza: 3.50m<br \/>Larghezza: 80cm<br \/>Colore: blu con bianco<\/p>\n<p>SUP di Jobe<br \/>Lunghezza: 3.20m<br \/>Larghezza: 74cm<br \/>Colore: Rosso con bianco<\/p>\n<p><strong>Condizioni<\/strong><\/p>\n<ul>\n<li>Sei in possesso di un diploma di nuoto.<\/li>\n<li>Noleggio a partire da 16 anni o accompagnato da un adulto.<\/li>\n<li>Se dovesse soffrire di un infortunio o di altri disturbi fisici, la preghiamo di farcelo sapere.<\/li>\n<li>Sei in ritardo di pi\u00f9 di 10 minuti? Allora siamo costretti a far pagare un'ora in pi\u00f9 (\u20ac 10,-).<\/li>\n<li>Ci aspettiamo che maneggiate con cura il materiale fornito e che le racchette perse siano rimborsate.<\/li>\n<li>Affittare un sup \u00e8 interamente a vostro rischio e pericolo.<\/li>\n<\/ul>\n<\/div><\/div><\/div><\/div><\/div>","protected":false},"excerpt":{"rendered":"<p>Godersi ci\u00f2 che il Vecht ha da offrire su un SUP \u00e8 rilassante e un allenamento allo stesso tempo.<\/p>\n<p>Da solo, insieme al tuo cane o come gita aziendale, festa di famiglia\/bambini o semplicemente con un gruppo di amici. I SUP si trovano nel centro di Weesp, quindi si inizia nel posto pi\u00f9 bello!<\/p>","protected":false},"featured_media":31074,"comment_status":"open","ping_status":"closed","template":"","meta":[],"product_brand":[],"product_cat":[1582],"product_tag":[],"class_list":{"0":"post-30942","1":"product","2":"type-product","3":"status-publish","4":"has-post-thumbnail","6":"product_cat-area-weesp","7":"wcpv_product_vendors-genieten-op-de-vecht","9":"first","10":"instock","11":"virtual","12":"sold-individually","13":"taxable","14":"purchasable","15":"product-type-booking"},"booking_location":"","booking_location_type":"","booking_duration":1,"booking_duration_unit":"hour","booking_buffer":0,"booking_cost":0,"booking_resources":[],"exclude_global_add_ons":[],"addons":[],"yoast_head":"<!-- This site is optimized with the Yoast SEO Premium plugin v27.2 (Yoast SEO v27.4) - https:\/\/yoast.com\/product\/yoast-seo-premium-wordpress\/ -->\n<title>Sportieve SUP - Havendienst.nl<\/title>\n<meta name=\"description\" content=\"Op een SUP genieten van wat de Vecht te bieden heeft is ontspannen en een workout tegelijk.Alleen, samen met je hond of als bedrijfsuitje, familie-\/kinderfeestje of gewoon met een groep vrienden. De SUPs liggen in het het centrum van Weesp, je start dus al op de leukste plek!\" \/>\n<meta name=\"robots\" content=\"index, follow, max-snippet:-1, max-image-preview:large, max-video-preview:-1\" \/>\n<link rel=\"canonical\" href=\"https:\/\/havendienst.nl\/it\/prodotto\/sup\/\" \/>\n<meta property=\"og:locale\" content=\"it_IT\" \/>\n<meta property=\"og:type\" content=\"article\" \/>\n<meta property=\"og:title\" content=\"Sportieve SUP\" \/>\n<meta property=\"og:description\" content=\"Op een SUP genieten van wat de Vecht te bieden heeft is ontspannen en een workout tegelijk.Alleen, samen met je hond of als bedrijfsuitje, familie-\/kinderfeestje of gewoon met een groep vrienden. De SUPs liggen in het het centrum van Weesp, je start dus al op de leukste plek!\" \/>\n<meta property=\"og:url\" content=\"https:\/\/havendienst.nl\/it\/prodotto\/sup\/\" \/>\n<meta property=\"og:site_name\" content=\"Havendienst.nl\" \/>\n<meta property=\"article:publisher\" content=\"https:\/\/www.facebook.com\/HavendienstNL\/\" \/>\n<meta property=\"article:modified_time\" content=\"2025-09-14T08:01:03+00:00\" \/>\n<meta property=\"og:image\" content=\"https:\/\/havendienst.nl\/upload\/2021\/08\/genieten_op_de_vecht_avond_suppen.jpg\" \/>\n\t<meta property=\"og:image:width\" content=\"800\" \/>\n\t<meta property=\"og:image:height\" content=\"600\" \/>\n\t<meta property=\"og:image:type\" content=\"image\/jpeg\" \/>\n<meta name=\"twitter:card\" content=\"summary_large_image\" \/>\n<meta name=\"twitter:label1\" content=\"Prezzo\" \/>\n\t<meta name=\"twitter:data1\" content=\"&euro;&nbsp;15,00\" \/>\n\t<meta name=\"twitter:label2\" content=\"Disponibilit\u00e0\" \/>\n\t<meta name=\"twitter:data2\" content=\"In stock\" \/>\n<script type=\"application\/ld+json\" class=\"yoast-schema-graph\">{\"@context\":\"https:\\\/\\\/schema.org\",\"@graph\":[{\"@type\":[\"WebPage\",\"ItemPage\"],\"@id\":\"https:\\\/\\\/havendienst.nl\\\/product\\\/sup\\\/\",\"url\":\"https:\\\/\\\/havendienst.nl\\\/product\\\/sup\\\/\",\"name\":\"Sportieve SUP - Havendienst.nl\",\"isPartOf\":{\"@id\":\"https:\\\/\\\/havendienst.nl\\\/de\\\/#website\"},\"primaryImageOfPage\":{\"@id\":\"https:\\\/\\\/havendienst.nl\\\/product\\\/sup\\\/#primaryimage\"},\"image\":{\"@id\":\"https:\\\/\\\/havendienst.nl\\\/product\\\/sup\\\/#primaryimage\"},\"thumbnailUrl\":\"https:\\\/\\\/havendienst.nl\\\/upload\\\/2021\\\/08\\\/genieten_op_de_vecht_avond_suppen.jpg\",\"datePublished\":\"2021-08-31T08:58:28+00:00\",\"dateModified\":\"2025-09-14T08:01:03+00:00\",\"description\":\"Op een SUP genieten van wat de Vecht te bieden heeft is ontspannen en een workout tegelijk. Alleen, samen met je hond of als bedrijfsuitje, familie-\\\/kinderfeestje of gewoon met een groep vrienden. De SUPs liggen in het het centrum van Weesp, je start dus al op de leukste plek!\",\"breadcrumb\":{\"@id\":\"https:\\\/\\\/havendienst.nl\\\/product\\\/sup\\\/#breadcrumb\"},\"inLanguage\":\"it-IT\",\"potentialAction\":[{\"@type\":\"ReadAction\",\"target\":[\"https:\\\/\\\/havendienst.nl\\\/product\\\/sup\\\/\"]}]},{\"@type\":\"ImageObject\",\"inLanguage\":\"it-IT\",\"@id\":\"https:\\\/\\\/havendienst.nl\\\/product\\\/sup\\\/#primaryimage\",\"url\":\"https:\\\/\\\/havendienst.nl\\\/upload\\\/2021\\\/08\\\/genieten_op_de_vecht_avond_suppen.jpg\",\"contentUrl\":\"https:\\\/\\\/havendienst.nl\\\/upload\\\/2021\\\/08\\\/genieten_op_de_vecht_avond_suppen.jpg\",\"width\":800,\"height\":600},{\"@type\":\"BreadcrumbList\",\"@id\":\"https:\\\/\\\/havendienst.nl\\\/product\\\/sup\\\/#breadcrumb\",\"itemListElement\":[{\"@type\":\"ListItem\",\"position\":1,\"name\":\"Home\",\"item\":\"https:\\\/\\\/havendienst.nl\\\/\"},{\"@type\":\"ListItem\",\"position\":2,\"name\":\"Winkel\",\"item\":\"https:\\\/\\\/havendienst.nl\\\/winkel\\\/\"},{\"@type\":\"ListItem\",\"position\":3,\"name\":\"Sportieve SUP\"}]},{\"@type\":\"WebSite\",\"@id\":\"https:\\\/\\\/havendienst.nl\\\/de\\\/#website\",\"url\":\"https:\\\/\\\/havendienst.nl\\\/de\\\/\",\"name\":\"Havendienst.nl\",\"description\":\"Deelplatform voor boot huur en verhuur\",\"publisher\":{\"@id\":\"https:\\\/\\\/havendienst.nl\\\/de\\\/#organization\"},\"alternateName\":\"Havendienst Boot huren Loosdrecht\",\"potentialAction\":[{\"@type\":\"SearchAction\",\"target\":{\"@type\":\"EntryPoint\",\"urlTemplate\":\"https:\\\/\\\/havendienst.nl\\\/de\\\/?s={search_term_string}\"},\"query-input\":{\"@type\":\"PropertyValueSpecification\",\"valueRequired\":true,\"valueName\":\"search_term_string\"}}],\"inLanguage\":\"it-IT\"},{\"@type\":[\"Organization\",\"Place\",\"Corporation\"],\"@id\":\"https:\\\/\\\/havendienst.nl\\\/de\\\/#organization\",\"name\":\"Havendienst.nl\",\"alternateName\":\"Havendienst Boot huren Loosdrecht\",\"url\":\"https:\\\/\\\/havendienst.nl\\\/de\\\/\",\"logo\":{\"@id\":\"https:\\\/\\\/havendienst.nl\\\/product\\\/sup\\\/#local-main-organization-logo\"},\"image\":{\"@id\":\"https:\\\/\\\/havendienst.nl\\\/product\\\/sup\\\/#local-main-organization-logo\"},\"sameAs\":[\"https:\\\/\\\/www.facebook.com\\\/HavendienstNL\\\/\",\"https:\\\/\\\/www.instagram.com\\\/havendienstnl\\\/\",\"https:\\\/\\\/www.youtube.com\\\/@havendienst\",\"http:\\\/\\\/wa.me\\\/31356565744\"],\"description\":\"Havendienst.nl is het grootste gratis deelplatform voor bootverhuur in Loosdrecht en omgeving. Verhuur of huur eenvoudig een sloep, motorboot of sup zonder commissie. Havendienst.nl biedt daarnaast pechhulp op het water, watertaxi en noodservice op de Loosdrechtse Plassen, de Vecht en aangrenzende wateren. D\u00e9 centrale plek voor particulieren en verhuurbedrijven.\",\"legalName\":\"Havendienst.nl\",\"foundingDate\":\"2021-03-01\",\"duns\":\"404514148\",\"numberOfEmployees\":{\"@type\":\"QuantitativeValue\",\"minValue\":\"1\",\"maxValue\":\"10\"},\"publishingPrinciples\":\"https:\\\/\\\/havendienst.nl\\\/over\\\/\",\"ownershipFundingInfo\":\"https:\\\/\\\/havendienst.nl\\\/over\\\/\",\"actionableFeedbackPolicy\":\"https:\\\/\\\/havendienst.nl\\\/over\\\/\",\"correctionsPolicy\":\"https:\\\/\\\/havendienst.nl\\\/over\\\/\",\"ethicsPolicy\":\"https:\\\/\\\/havendienst.nl\\\/over\\\/\",\"diversityPolicy\":\"https:\\\/\\\/havendienst.nl\\\/over\\\/\",\"diversityStaffingReport\":\"https:\\\/\\\/havendienst.nl\\\/over\\\/\",\"hasMerchantReturnPolicy\":{\"@type\":\"MerchantReturnPolicy\",\"merchantReturnLink\":\"https:\\\/\\\/havendienst.nl\\\/it\\\/over\\\/\"},\"address\":{\"@id\":\"https:\\\/\\\/havendienst.nl\\\/product\\\/sup\\\/#local-main-place-address\"},\"geo\":{\"@type\":\"GeoCoordinates\",\"latitude\":\"52.23923903597849\",\"longitude\":\"5.117388746032714\"},\"telephone\":[\"+31 35 6565744\"],\"openingHoursSpecification\":[{\"@type\":\"OpeningHoursSpecification\",\"dayOfWeek\":[\"Monday\",\"Tuesday\",\"Wednesday\",\"Thursday\",\"Friday\",\"Saturday\",\"Sunday\"],\"opens\":\"08:00\",\"closes\":\"22:00\"}],\"email\":\"info@havendienst.nl\",\"areaServed\":\"Loosdrecht, Oud-Loosdrecht, Vinkeveen, Friesland, Amsterdam, Utrecht, Oudewater, Kortenhoef, Maarssen, Weesp, Breukelen, Vecht\",\"vatID\":\"NL821308233B01\"},{\"@type\":\"PostalAddress\",\"@id\":\"https:\\\/\\\/havendienst.nl\\\/product\\\/sup\\\/#local-main-place-address\",\"streetAddress\":\"Kerklaan 53\",\"addressLocality\":\"Kortenhoef\",\"postalCode\":\"1241CK\",\"addressRegion\":\"Noord-Holland\",\"addressCountry\":\"NL\"},{\"@type\":\"ImageObject\",\"inLanguage\":\"it-IT\",\"@id\":\"https:\\\/\\\/havendienst.nl\\\/product\\\/sup\\\/#local-main-organization-logo\",\"url\":\"https:\\\/\\\/havendienst.nl\\\/upload\\\/2021\\\/01\\\/havendienst-logo-small.png\",\"contentUrl\":\"https:\\\/\\\/havendienst.nl\\\/upload\\\/2021\\\/01\\\/havendienst-logo-small.png\",\"width\":167,\"height\":81,\"caption\":\"Havendienst.nl\"}]}<\/script>\n<meta property=\"product:brand\" content=\"SUP\" \/>\n<meta property=\"product:price:amount\" content=\"15.00\" \/>\n<meta property=\"product:price:currency\" content=\"EUR\" \/>\n<meta property=\"og:availability\" content=\"instock\" \/>\n<meta property=\"product:availability\" content=\"instock\" \/>\n<meta property=\"product:condition\" content=\"new\" \/>\n<meta name=\"geo.placename\" content=\"Kortenhoef\" \/>\n<meta name=\"geo.position\" content=\"52.23923903597849;5.117388746032714\" \/>\n<meta name=\"geo.region\" content=\"Paesi Bassi\" \/>\n<!-- \/ Yoast SEO Premium plugin. -->","yoast_head_json":{"title":"Sport SUP - Havendienst.com","description":"Godere di ci\u00f2 che l'Vecht ha da offrire su un SUP \u00e8 rilassante e un allenamento allo stesso tempo. Da soli, insieme al vostro cane o come gita aziendale, festa di famiglia\/bambini o semplicemente con un gruppo di amici. I SUP si trovano nel centro dell'Weesp, quindi si parte gi\u00e0 dal posto pi\u00f9 bello!","robots":{"index":"index","follow":"follow","max-snippet":"max-snippet:-1","max-image-preview":"max-image-preview:large","max-video-preview":"max-video-preview:-1"},"canonical":"https:\/\/havendienst.nl\/it\/prodotto\/sup\/","og_locale":"it_IT","og_type":"article","og_title":"Sportieve SUP","og_description":"Op een SUP genieten van wat de Vecht te bieden heeft is ontspannen en een workout tegelijk.Alleen, samen met je hond of als bedrijfsuitje, familie-\/kinderfeestje of gewoon met een groep vrienden. De SUPs liggen in het het centrum van Weesp, je start dus al op de leukste plek!","og_url":"https:\/\/havendienst.nl\/it\/prodotto\/sup\/","og_site_name":"Havendienst.nl","article_publisher":"https:\/\/www.facebook.com\/HavendienstNL\/","article_modified_time":"2025-09-14T08:01:03+00:00","og_image":[{"width":800,"height":600,"url":"https:\/\/havendienst.nl\/upload\/2021\/08\/genieten_op_de_vecht_avond_suppen.jpg","type":"image\/jpeg"}],"twitter_card":"summary_large_image","twitter_misc":{"Prezzo":"&euro;&nbsp;15,00","Disponibilit\u00e0":"In stock"},"schema":{"@context":"https:\/\/schema.org","@graph":[{"@type":["WebPage","ItemPage"],"@id":"https:\/\/havendienst.nl\/product\/sup\/","url":"https:\/\/havendienst.nl\/product\/sup\/","name":"Sport SUP - Havendienst.com","isPartOf":{"@id":"https:\/\/havendienst.nl\/de\/#website"},"primaryImageOfPage":{"@id":"https:\/\/havendienst.nl\/product\/sup\/#primaryimage"},"image":{"@id":"https:\/\/havendienst.nl\/product\/sup\/#primaryimage"},"thumbnailUrl":"https:\/\/havendienst.nl\/upload\/2021\/08\/genieten_op_de_vecht_avond_suppen.jpg","datePublished":"2021-08-31T08:58:28+00:00","dateModified":"2025-09-14T08:01:03+00:00","description":"Godersi ci\u00f2 che l'Vecht ha da offrire su un SUP \u00e8 rilassante e allo stesso tempo un allenamento. Da soli, con il proprio cane o come gita aziendale, festa di famiglia\/bambini o semplicemente con un gruppo di amici. I SUP si trovano nel centro dell'Weesp, quindi si parte gi\u00e0 dal posto pi\u00f9 bello!","breadcrumb":{"@id":"https:\/\/havendienst.nl\/product\/sup\/#breadcrumb"},"inLanguage":"it-IT","potentialAction":[{"@type":"ReadAction","target":["https:\/\/havendienst.nl\/product\/sup\/"]}]},{"@type":"ImageObject","inLanguage":"it-IT","@id":"https:\/\/havendienst.nl\/product\/sup\/#primaryimage","url":"https:\/\/havendienst.nl\/upload\/2021\/08\/genieten_op_de_vecht_avond_suppen.jpg","contentUrl":"https:\/\/havendienst.nl\/upload\/2021\/08\/genieten_op_de_vecht_avond_suppen.jpg","width":800,"height":600},{"@type":"BreadcrumbList","@id":"https:\/\/havendienst.nl\/product\/sup\/#breadcrumb","itemListElement":[{"@type":"ListItem","position":1,"name":"Home","item":"https:\/\/havendienst.nl\/"},{"@type":"ListItem","position":2,"name":"Winkel","item":"https:\/\/havendienst.nl\/winkel\/"},{"@type":"ListItem","position":3,"name":"Sportieve SUP"}]},{"@type":"WebSite","@id":"https:\/\/havendienst.nl\/de\/#website","url":"https:\/\/havendienst.nl\/de\/","name":"Havendienst.nl","description":"Piattaforma di condivisione per il noleggio e l'affitto di barche","publisher":{"@id":"https:\/\/havendienst.nl\/de\/#organization"},"alternateName":"Havendienst Boot huren Loosdrecht","potentialAction":[{"@type":"SearchAction","target":{"@type":"EntryPoint","urlTemplate":"https:\/\/havendienst.nl\/de\/?s={search_term_string}"},"query-input":{"@type":"PropertyValueSpecification","valueRequired":true,"valueName":"search_term_string"}}],"inLanguage":"it-IT"},{"@type":["Organization","Place","Corporation"],"@id":"https:\/\/havendienst.nl\/de\/#organization","name":"Havendienst.nl","alternateName":"Havendienst Boot huren Loosdrecht","url":"https:\/\/havendienst.nl\/de\/","logo":{"@id":"https:\/\/havendienst.nl\/product\/sup\/#local-main-organization-logo"},"image":{"@id":"https:\/\/havendienst.nl\/product\/sup\/#local-main-organization-logo"},"sameAs":["https:\/\/www.facebook.com\/HavendienstNL\/","https:\/\/www.instagram.com\/havendienstnl\/","https:\/\/www.youtube.com\/@havendienst","http:\/\/wa.me\/31356565744"],"description":"Havendienst.nl \u00e8 la pi\u00f9 grande piattaforma di condivisione gratuita per il noleggio di barche a Loosdrecht e dintorni. Noleggiate o affittate facilmente uno sloop, un motoscafo o un sup senza commissioni. Havendienst.nl offre anche assistenza in caso di guasto in acqua, taxi d'acqua e servizio di emergenza sull'Loosdrechtse Plassen, sull'Vecht e sulle acque vicine. Il luogo centrale per i privati e le societ\u00e0 di noleggio.","legalName":"Havendienst.nl","foundingDate":"2021-03-01","duns":"404514148","numberOfEmployees":{"@type":"QuantitativeValue","minValue":"1","maxValue":"10"},"publishingPrinciples":"https:\/\/havendienst.nl\/over\/","ownershipFundingInfo":"https:\/\/havendienst.nl\/over\/","actionableFeedbackPolicy":"https:\/\/havendienst.nl\/over\/","correctionsPolicy":"https:\/\/havendienst.nl\/over\/","ethicsPolicy":"https:\/\/havendienst.nl\/over\/","diversityPolicy":"https:\/\/havendienst.nl\/over\/","diversityStaffingReport":"https:\/\/havendienst.nl\/over\/","hasMerchantReturnPolicy":{"@type":"MerchantReturnPolicy","merchantReturnLink":"https:\/\/havendienst.nl\/it\/over\/"},"address":{"@id":"https:\/\/havendienst.nl\/product\/sup\/#local-main-place-address"},"geo":{"@type":"GeoCoordinates","latitude":"52.23923903597849","longitude":"5.117388746032714"},"telephone":["+31 35 6565744"],"openingHoursSpecification":[{"@type":"OpeningHoursSpecification","dayOfWeek":["Monday","Tuesday","Wednesday","Thursday","Friday","Saturday","Sunday"],"opens":"08:00","closes":"22:00"}],"email":"info@havendienst.nl","areaServed":"Loosdrecht, Oud-Loosdrecht, Vinkeveen, Friesland, Amsterdam, Utrecht, Oudewater, Kortenhoef, Maarssen, Weesp, Breukelen, Vecht","vatID":"NL821308233B01"},{"@type":"PostalAddress","@id":"https:\/\/havendienst.nl\/product\/sup\/#local-main-place-address","streetAddress":"Kerklaan 53","addressLocality":"Kortenhoef","postalCode":"1241CK","addressRegion":"Noord-Holland","addressCountry":"NL"},{"@type":"ImageObject","inLanguage":"it-IT","@id":"https:\/\/havendienst.nl\/product\/sup\/#local-main-organization-logo","url":"https:\/\/havendienst.nl\/upload\/2021\/01\/havendienst-logo-small.png","contentUrl":"https:\/\/havendienst.nl\/upload\/2021\/01\/havendienst-logo-small.png","width":167,"height":81,"caption":"Havendienst.nl"}]},"product_brand":"SUP","product_price_amount":"15.00","product_price_currency":"EUR","og_availability":"instock","product_availability":"instock","product_condition":"new","geo.placename":"Kortenhoef","geo.position":{"lat":"52.23923903597849","long":"5.117388746032714"},"geo.region":"Paesi Bassi"},"_links":{"self":[{"href":"https:\/\/havendienst.nl\/it\/wp-json\/wp\/v2\/product\/30942","targetHints":{"allow":["GET"]}}],"collection":[{"href":"https:\/\/havendienst.nl\/it\/wp-json\/wp\/v2\/product"}],"about":[{"href":"https:\/\/havendienst.nl\/it\/wp-json\/wp\/v2\/types\/product"}],"replies":[{"embeddable":true,"href":"https:\/\/havendienst.nl\/it\/wp-json\/wp\/v2\/comments?post=30942"}],"wp:featuredmedia":[{"embeddable":true,"href":"https:\/\/havendienst.nl\/it\/wp-json\/wp\/v2\/media\/31074"}],"wp:attachment":[{"href":"https:\/\/havendienst.nl\/it\/wp-json\/wp\/v2\/media?parent=30942"}],"wp:term":[{"taxonomy":"product_brand","embeddable":true,"href":"https:\/\/havendienst.nl\/it\/wp-json\/wp\/v2\/product_brand?post=30942"},{"taxonomy":"product_cat","embeddable":true,"href":"https:\/\/havendienst.nl\/it\/wp-json\/wp\/v2\/product_cat?post=30942"},{"taxonomy":"product_tag","embeddable":true,"href":"https:\/\/havendienst.nl\/it\/wp-json\/wp\/v2\/product_tag?post=30942"}],"curies":[{"name":"wp","href":"https:\/\/api.w.org\/{rel}","templated":true}]}}