{"id":29274,"date":"2021-08-11T17:32:01","date_gmt":"2021-08-11T15:32:01","guid":{"rendered":"https:\/\/havendienst.nl\/?post_type=product&#038;p=29274"},"modified":"2026-04-04T21:32:11","modified_gmt":"2026-04-04T19:32:11","slug":"gezellige-elektrische-sloep","status":"publish","type":"product","link":"https:\/\/havendienst.nl\/it\/product\/gezellige-elektrische-sloep\/","title":{"rendered":"Sloop elettrico accogliente"},"content":{"rendered":"<div class=\"fusion-fullwidth fullwidth-box fusion-builder-row-1 fusion-flex-container nonhundred-percent-fullwidth non-hundred-percent-height-scrolling\" style=\"--awb-border-radius-top-left:0px;--awb-border-radius-top-right:0px;--awb-border-radius-bottom-right:0px;--awb-border-radius-bottom-left:0px;--awb-flex-wrap:wrap;\" ><div class=\"fusion-builder-row fusion-row fusion-flex-align-items-flex-start fusion-flex-content-wrap\" style=\"max-width:1144px;margin-left: calc(-4% \/ 2 );margin-right: calc(-4% \/ 2 );\"><div class=\"fusion-layout-column fusion_builder_column fusion-builder-column-0 fusion_builder_column_1_1 1_1 fusion-flex-column\" style=\"--awb-bg-size:cover;--awb-width-large:100%;--awb-margin-top-large:0px;--awb-spacing-right-large:1.92%;--awb-margin-bottom-large:0px;--awb-spacing-left-large:1.92%;--awb-width-medium:100%;--awb-spacing-right-medium:1.92%;--awb-spacing-left-medium:1.92%;--awb-width-small:100%;--awb-spacing-right-small:1.92%;--awb-spacing-left-small:1.92%;\"><div class=\"fusion-column-wrapper fusion-flex-justify-content-flex-start fusion-content-layout-column\"><div class=\"fusion-text fusion-text-1\"><p>Non c'\u00e8 bisogno di una patente per questa barca, ma il conducente deve avere almeno 21 anni. Non ha esperienza di navigazione? Poi una spiegazione dettagliata sar\u00e0 data alla partenza.<\/p>\n<p>I cani sono ammessi a bordo, ma solo a terra e non sui cuscini.<\/p>\n<p>Per la vostra sicurezza e la conservazione della nostra barca, non dovete <span style=\"text-decoration: underline\">da<\/span> la chiusa al Muiden (sull'IJmeer) e anche non sul Rijnkanaal di Amsterdam. Entrambi possono essere molto pericolosi con una piccola barca.<\/p>\n<p>Lo Scoop \u00e8 una barca elettrica, comoda, sicura e ideale per picnic e bevande. Un vero classico che \u00e8 stato costruito in Francia per anni e ha un'approvazione europea CE fino a 7 persone (categoria D).<\/p>\n<p>Grazie al sedile di guida nella parte posteriore, \u00e8 possibile tenere d'occhio l'acqua e la barca, il che \u00e8 molto pratico con i bambini.<\/p>\n<p>Visualizza il <a href=\"https:\/\/genietenopdevecht.nl\/wp-content\/uploads\/2025\/05\/Genieten-op-de-Vecht_Voorwaarden.pdf\" target=\"_blank\" rel=\"noopener\">termini e condizioni generali<\/a> di divertimento sul Vecht.<\/p>\n<\/div><\/div><\/div><\/div><\/div>","protected":false},"excerpt":{"rendered":"<p>Allontanatevi da tutto in uno dei nostri sloop elettrici. Esplorate l'Vecht con gli amici o in compagnia. Per lo sloop non \u00e8 necessaria la patente nautica e, con una buona spiegazione preliminare, sarete lo skipper di voi stessi. Se ci sono altri desideri oltre a quelli elencati di seguito, vi preghiamo di contattarci. <a href=\"https:\/\/genietenopdevecht.nl\/nl\/contact\/\" target=\"_blank\" rel=\"noopener\" data-mce-href=\"https:\/\/genietenopdevecht.nl\/nl\/contact\/\">contatto<\/a> record.<\/p>\n<ul>\n<li><strong>Luogo di imbarco:<\/strong> Gli sloop elettrici si trovano al Mercato del Bue al <strong>molo lungo<\/strong>.<\/li>\n<li>Potete trovarci al <strong>molo o alla banca<\/strong> che si trova un po' pi\u00f9 avanti. Per la navigazione, potete inserire il numero 12.<\/li>\n<li>Vicino alle imbarcazioni c'\u00e8 la possibilit\u00e0 di parcheggiare ma si prega di notare che il <strong>parcheggio a pagamento<\/strong> \u00e8.<\/li>\n<\/ul>","protected":false},"featured_media":58686,"comment_status":"open","ping_status":"closed","template":"","meta":[],"product_brand":[],"product_cat":[342,1582],"product_tag":[],"class_list":{"0":"post-29274","1":"product","2":"type-product","3":"status-publish","4":"has-post-thumbnail","6":"product_cat-boten","7":"product_cat-area-weesp","8":"wcpv_product_vendors-genieten-op-de-vecht","10":"first","11":"instock","12":"featured","13":"virtual","14":"sold-individually","15":"taxable","16":"purchasable","17":"product-type-booking"},"booking_location":"","booking_location_type":"","booking_duration":120,"booking_duration_unit":"minute","booking_buffer":15,"booking_cost":0,"booking_resources":[],"exclude_global_add_ons":false,"addons":[{"name":"Cane","type":"checkbox","position":0,"required":false,"title_format":"label","default":"","description_enable":true,"description":"Volete portare con voi il vostro cane? Nessun problema, i cani amano andare in barca! Per questo chiediamo un supplemento di 10 \u20ac per il pelo e la pulizia.","placeholder_enable":false,"placeholder":"","display":"select","restrictions_type":"any_text","adjust_price":false,"price":"0","price_type":"flat_fee","restrictions":false,"min":"0","max":"0","options":[{"label":"Ja, ik neem mijn viervoeter mee!","price":"10.00","price_type":"flat_fee","image":0,"visibility":true}]},{"name":"Messaggio","type":"custom_textarea","position":1,"required":false,"title_format":"label","default":"","description_enable":true,"description":"","placeholder_enable":false,"placeholder":"","display":"select","restrictions_type":"any_text","adjust_price":false,"price":"0","price_type":"flat_fee","restrictions":false,"min":"0","max":"0","options":[]},{"name":"Borg","type":"checkbox","position":2,"required":false,"title_format":"label","default":"","description_enable":true,"description":"Il deposito cauzionale di 150 euro \u00e8 obbligatorio. Non \u00e8 necessario pagare la cauzione in anticipo, ma se si verificano dei danni comunicateceli e calcoleremo la cauzione.","placeholder_enable":false,"placeholder":"","display":"select","restrictions_type":"any_text","adjust_price":false,"price":"0","price_type":"flat_fee","restrictions":false,"min":"0","max":"0","options":[{"label":"Borg","price":"","price_type":"flat_fee","image":0,"visibility":true}]}],"yoast_head":"<!-- This site is optimized with the Yoast SEO Premium plugin v27.2 (Yoast SEO v27.3) - https:\/\/yoast.com\/product\/yoast-seo-premium-wordpress\/ -->\n<title>Gezellige Elektrische Sloep - Havendienst.nl<\/title>\n<meta name=\"description\" content=\"Heerlijk er even op uit in een van onze elektrische sloepen. Heerlijk de Vecht ontdekken met vrienden of samen. Voor de sloep heb je geen vaarbewijs nodig en met een goede uitleg vooraf ben je je eigen schipper. Zijn er andere wensen dan aangegeven hieronder, dan kan je altijd even contact opnemen.Opstaplocatie: De elektrische sloepen liggen op de Ossenmarkt aan de lang steiger.\u2028Je vindt ons op de steiger of bij de bank die iets verderop staat. Voor de navigatie kan je nummer 12 invoeren.Bij de boten is er mogelijkheid om te parkeren maar let op dat het betaald parkeren is.\" \/>\n<meta name=\"robots\" content=\"index, follow, max-snippet:-1, max-image-preview:large, max-video-preview:-1\" \/>\n<link rel=\"canonical\" href=\"https:\/\/havendienst.nl\/it\/prodotto\/gezellige-elektrische-sloep\/\" \/>\n<meta property=\"og:locale\" content=\"it_IT\" \/>\n<meta property=\"og:type\" content=\"article\" \/>\n<meta property=\"og:title\" content=\"Gezellige Elektrische Sloep\" \/>\n<meta property=\"og:description\" content=\"Heerlijk er even op uit in een van onze elektrische sloepen. Heerlijk de Vecht ontdekken met vrienden of samen. Voor de sloep heb je geen vaarbewijs nodig en met een goede uitleg vooraf ben je je eigen schipper. Zijn er andere wensen dan aangegeven hieronder, dan kan je altijd even contact opnemen.Opstaplocatie: De elektrische sloepen liggen op de Ossenmarkt aan de lang steiger.\u2028Je vindt ons op de steiger of bij de bank die iets verderop staat. Voor de navigatie kan je nummer 12 invoeren.Bij de boten is er mogelijkheid om te parkeren maar let op dat het betaald parkeren is.\" \/>\n<meta property=\"og:url\" content=\"https:\/\/havendienst.nl\/it\/prodotto\/gezellige-elektrische-sloep\/\" \/>\n<meta property=\"og:site_name\" content=\"Havendienst.nl\" \/>\n<meta property=\"article:publisher\" content=\"https:\/\/www.facebook.com\/HavendienstNL\/\" \/>\n<meta property=\"article:modified_time\" content=\"2026-04-04T19:32:11+00:00\" \/>\n<meta property=\"og:image\" content=\"https:\/\/havendienst.nl\/upload\/2026\/03\/Elektrische-sloep-aan-de-steiger-in-Weesp.png\" \/>\n\t<meta property=\"og:image:width\" content=\"1000\" \/>\n\t<meta property=\"og:image:height\" content=\"750\" \/>\n\t<meta property=\"og:image:type\" content=\"image\/png\" \/>\n<meta name=\"twitter:card\" content=\"summary_large_image\" \/>\n<meta name=\"twitter:label1\" content=\"Prezzo\" \/>\n\t<meta name=\"twitter:data1\" content=\"&euro;&nbsp;45,00\" \/>\n\t<meta name=\"twitter:label2\" content=\"Disponibilit\u00e0\" \/>\n\t<meta name=\"twitter:data2\" content=\"In stock\" \/>\n<script type=\"application\/ld+json\" class=\"yoast-schema-graph\">{\"@context\":\"https:\\\/\\\/schema.org\",\"@graph\":[{\"@type\":[\"WebPage\",\"ItemPage\"],\"@id\":\"https:\\\/\\\/havendienst.nl\\\/product\\\/gezellige-elektrische-sloep\\\/\",\"url\":\"https:\\\/\\\/havendienst.nl\\\/product\\\/gezellige-elektrische-sloep\\\/\",\"name\":\"Gezellige Elektrische Sloep - Havendienst.nl\",\"isPartOf\":{\"@id\":\"https:\\\/\\\/havendienst.nl\\\/de\\\/#website\"},\"primaryImageOfPage\":{\"@id\":\"https:\\\/\\\/havendienst.nl\\\/product\\\/gezellige-elektrische-sloep\\\/#primaryimage\"},\"image\":{\"@id\":\"https:\\\/\\\/havendienst.nl\\\/product\\\/gezellige-elektrische-sloep\\\/#primaryimage\"},\"thumbnailUrl\":\"https:\\\/\\\/havendienst.nl\\\/upload\\\/2026\\\/03\\\/Elektrische-sloep-aan-de-steiger-in-Weesp.png\",\"datePublished\":\"2021-08-11T15:32:01+00:00\",\"dateModified\":\"2026-04-04T19:32:11+00:00\",\"description\":\"Heerlijk er even op uit in een van onze elektrische sloepen. Heerlijk de Vecht ontdekken met vrienden of samen. Voor de sloep heb je geen vaarbewijs nodig en met een goede uitleg vooraf ben je je eigen schipper. Zijn er andere wensen dan aangegeven hieronder, dan kan je altijd even contact opnemen. \u2022 Opstaplocatie: De elektrische sloepen liggen op de Ossenmarkt aan de lang steiger.\\u2028\u2022 Je vindt ons op de steiger of bij de bank die iets verderop staat. Voor de navigatie kan je nummer 12 invoeren.\u2022 Bij de boten is er mogelijkheid om te parkeren maar let op dat het betaald parkeren is.\",\"breadcrumb\":{\"@id\":\"https:\\\/\\\/havendienst.nl\\\/product\\\/gezellige-elektrische-sloep\\\/#breadcrumb\"},\"inLanguage\":\"it-IT\",\"potentialAction\":[{\"@type\":\"ReadAction\",\"target\":[\"https:\\\/\\\/havendienst.nl\\\/product\\\/gezellige-elektrische-sloep\\\/\"]}]},{\"@type\":\"ImageObject\",\"inLanguage\":\"it-IT\",\"@id\":\"https:\\\/\\\/havendienst.nl\\\/product\\\/gezellige-elektrische-sloep\\\/#primaryimage\",\"url\":\"https:\\\/\\\/havendienst.nl\\\/upload\\\/2026\\\/03\\\/Elektrische-sloep-aan-de-steiger-in-Weesp.png\",\"contentUrl\":\"https:\\\/\\\/havendienst.nl\\\/upload\\\/2026\\\/03\\\/Elektrische-sloep-aan-de-steiger-in-Weesp.png\",\"width\":1000,\"height\":750},{\"@type\":\"BreadcrumbList\",\"@id\":\"https:\\\/\\\/havendienst.nl\\\/product\\\/gezellige-elektrische-sloep\\\/#breadcrumb\",\"itemListElement\":[{\"@type\":\"ListItem\",\"position\":1,\"name\":\"Home\",\"item\":\"https:\\\/\\\/havendienst.nl\\\/\"},{\"@type\":\"ListItem\",\"position\":2,\"name\":\"Winkel\",\"item\":\"https:\\\/\\\/havendienst.nl\\\/winkel\\\/\"},{\"@type\":\"ListItem\",\"position\":3,\"name\":\"Gezellige Elektrische Sloep\"}]},{\"@type\":\"WebSite\",\"@id\":\"https:\\\/\\\/havendienst.nl\\\/de\\\/#website\",\"url\":\"https:\\\/\\\/havendienst.nl\\\/de\\\/\",\"name\":\"Havendienst.nl\",\"description\":\"Deelplatform voor boot huur en verhuur\",\"publisher\":{\"@id\":\"https:\\\/\\\/havendienst.nl\\\/de\\\/#organization\"},\"alternateName\":\"Havendienst Boot huren Loosdrecht\",\"potentialAction\":[{\"@type\":\"SearchAction\",\"target\":{\"@type\":\"EntryPoint\",\"urlTemplate\":\"https:\\\/\\\/havendienst.nl\\\/de\\\/?s={search_term_string}\"},\"query-input\":{\"@type\":\"PropertyValueSpecification\",\"valueRequired\":true,\"valueName\":\"search_term_string\"}}],\"inLanguage\":\"it-IT\"},{\"@type\":[\"Organization\",\"Place\",\"Corporation\"],\"@id\":\"https:\\\/\\\/havendienst.nl\\\/de\\\/#organization\",\"name\":\"Havendienst.nl\",\"alternateName\":\"Havendienst Boot huren Loosdrecht\",\"url\":\"https:\\\/\\\/havendienst.nl\\\/de\\\/\",\"logo\":{\"@id\":\"https:\\\/\\\/havendienst.nl\\\/product\\\/gezellige-elektrische-sloep\\\/#local-main-organization-logo\"},\"image\":{\"@id\":\"https:\\\/\\\/havendienst.nl\\\/product\\\/gezellige-elektrische-sloep\\\/#local-main-organization-logo\"},\"sameAs\":[\"https:\\\/\\\/www.facebook.com\\\/HavendienstNL\\\/\",\"https:\\\/\\\/www.instagram.com\\\/havendienstnl\\\/\",\"https:\\\/\\\/www.youtube.com\\\/@havendienst\",\"http:\\\/\\\/wa.me\\\/31356565744\"],\"description\":\"Havendienst.nl is het grootste gratis deelplatform voor bootverhuur in Loosdrecht en omgeving. Verhuur of huur eenvoudig een sloep, motorboot of sup zonder commissie. Havendienst.nl biedt daarnaast pechhulp op het water, watertaxi en noodservice op de Loosdrechtse Plassen, de Vecht en aangrenzende wateren. D\u00e9 centrale plek voor particulieren en verhuurbedrijven.\",\"legalName\":\"Havendienst.nl\",\"foundingDate\":\"2021-03-01\",\"duns\":\"404514148\",\"numberOfEmployees\":{\"@type\":\"QuantitativeValue\",\"minValue\":\"1\",\"maxValue\":\"10\"},\"publishingPrinciples\":\"https:\\\/\\\/havendienst.nl\\\/over\\\/\",\"ownershipFundingInfo\":\"https:\\\/\\\/havendienst.nl\\\/over\\\/\",\"actionableFeedbackPolicy\":\"https:\\\/\\\/havendienst.nl\\\/over\\\/\",\"correctionsPolicy\":\"https:\\\/\\\/havendienst.nl\\\/over\\\/\",\"ethicsPolicy\":\"https:\\\/\\\/havendienst.nl\\\/over\\\/\",\"diversityPolicy\":\"https:\\\/\\\/havendienst.nl\\\/over\\\/\",\"diversityStaffingReport\":\"https:\\\/\\\/havendienst.nl\\\/over\\\/\",\"hasMerchantReturnPolicy\":{\"@type\":\"MerchantReturnPolicy\",\"merchantReturnLink\":\"https:\\\/\\\/havendienst.nl\\\/it\\\/over\\\/\"},\"address\":{\"@id\":\"https:\\\/\\\/havendienst.nl\\\/product\\\/gezellige-elektrische-sloep\\\/#local-main-place-address\"},\"geo\":{\"@type\":\"GeoCoordinates\",\"latitude\":\"52.23923903597849\",\"longitude\":\"5.117388746032714\"},\"telephone\":[\"+31 35 6565744\"],\"openingHoursSpecification\":[{\"@type\":\"OpeningHoursSpecification\",\"dayOfWeek\":[\"Monday\",\"Tuesday\",\"Wednesday\",\"Thursday\",\"Friday\",\"Saturday\",\"Sunday\"],\"opens\":\"08:00\",\"closes\":\"22:00\"}],\"email\":\"info@havendienst.nl\",\"areaServed\":\"Loosdrecht, Oud-Loosdrecht, Vinkeveen, Friesland, Amsterdam, Utrecht, Oudewater, Kortenhoef, Maarssen, Weesp, Breukelen, Vecht\",\"vatID\":\"NL821308233B01\"},{\"@type\":\"PostalAddress\",\"@id\":\"https:\\\/\\\/havendienst.nl\\\/product\\\/gezellige-elektrische-sloep\\\/#local-main-place-address\",\"streetAddress\":\"Kerklaan 53\",\"addressLocality\":\"Kortenhoef\",\"postalCode\":\"1241CK\",\"addressRegion\":\"Noord-Holland\",\"addressCountry\":\"NL\"},{\"@type\":\"ImageObject\",\"inLanguage\":\"it-IT\",\"@id\":\"https:\\\/\\\/havendienst.nl\\\/product\\\/gezellige-elektrische-sloep\\\/#local-main-organization-logo\",\"url\":\"https:\\\/\\\/havendienst.nl\\\/upload\\\/2021\\\/01\\\/havendienst-logo-small.png\",\"contentUrl\":\"https:\\\/\\\/havendienst.nl\\\/upload\\\/2021\\\/01\\\/havendienst-logo-small.png\",\"width\":167,\"height\":81,\"caption\":\"Havendienst.nl\"}]}<\/script>\n<meta property=\"product:brand\" content=\"Motorboot\" \/>\n<meta property=\"product:price:amount\" content=\"45.00\" \/>\n<meta property=\"product:price:currency\" content=\"EUR\" \/>\n<meta property=\"og:availability\" content=\"instock\" \/>\n<meta property=\"product:availability\" content=\"instock\" \/>\n<meta property=\"product:condition\" content=\"new\" \/>\n<meta name=\"geo.placename\" content=\"Kortenhoef\" \/>\n<meta name=\"geo.position\" content=\"52.23923903597849;5.117388746032714\" \/>\n<meta name=\"geo.region\" content=\"Paesi Bassi\" \/>\n<!-- \/ Yoast SEO Premium plugin. -->","yoast_head_json":{"title":"Cosy Electric Sloop - Havendienst.nl","description":"Allontanatevi da tutto con uno dei nostri sloop elettrici. Esplorate l'Vecht con gli amici o insieme. Non \u00e8 necessaria la patente nautica per lo sloop e, con una buona spiegazione preliminare, sarete il vostro skipper personale. Se ci sono altri desideri oltre a quelli indicati di seguito, contattateci.Luogo di imbarco: Gli sloop elettrici si trovano a Ossenmarkt presso il molo lungo.Potete trovarci sul molo o sulla riva un po' pi\u00f9 in basso. Per la navigazione potete digitare il numero 12. Vicino alle barche c'\u00e8 la possibilit\u00e0 di parcheggiare, ma vi ricordiamo che si tratta di un parcheggio a pagamento.","robots":{"index":"index","follow":"follow","max-snippet":"max-snippet:-1","max-image-preview":"max-image-preview:large","max-video-preview":"max-video-preview:-1"},"canonical":"https:\/\/havendienst.nl\/it\/prodotto\/gezellige-elektrische-sloep\/","og_locale":"it_IT","og_type":"article","og_title":"Gezellige Elektrische Sloep","og_description":"Heerlijk er even op uit in een van onze elektrische sloepen. Heerlijk de Vecht ontdekken met vrienden of samen. Voor de sloep heb je geen vaarbewijs nodig en met een goede uitleg vooraf ben je je eigen schipper. Zijn er andere wensen dan aangegeven hieronder, dan kan je altijd even contact opnemen.Opstaplocatie: De elektrische sloepen liggen op de Ossenmarkt aan de lang steiger.\u2028Je vindt ons op de steiger of bij de bank die iets verderop staat. Voor de navigatie kan je nummer 12 invoeren.Bij de boten is er mogelijkheid om te parkeren maar let op dat het betaald parkeren is.","og_url":"https:\/\/havendienst.nl\/it\/prodotto\/gezellige-elektrische-sloep\/","og_site_name":"Havendienst.nl","article_publisher":"https:\/\/www.facebook.com\/HavendienstNL\/","article_modified_time":"2026-04-04T19:32:11+00:00","og_image":[{"width":1000,"height":750,"url":"https:\/\/havendienst.nl\/upload\/2026\/03\/Elektrische-sloep-aan-de-steiger-in-Weesp.png","type":"image\/png"}],"twitter_card":"summary_large_image","twitter_misc":{"Prezzo":"&euro;&nbsp;45,00","Disponibilit\u00e0":"In stock"},"schema":{"@context":"https:\/\/schema.org","@graph":[{"@type":["WebPage","ItemPage"],"@id":"https:\/\/havendienst.nl\/product\/gezellige-elektrische-sloep\/","url":"https:\/\/havendienst.nl\/product\/gezellige-elektrische-sloep\/","name":"Cosy Electric Sloop - Havendienst.nl","isPartOf":{"@id":"https:\/\/havendienst.nl\/de\/#website"},"primaryImageOfPage":{"@id":"https:\/\/havendienst.nl\/product\/gezellige-elektrische-sloep\/#primaryimage"},"image":{"@id":"https:\/\/havendienst.nl\/product\/gezellige-elektrische-sloep\/#primaryimage"},"thumbnailUrl":"https:\/\/havendienst.nl\/upload\/2026\/03\/Elektrische-sloep-aan-de-steiger-in-Weesp.png","datePublished":"2021-08-11T15:32:01+00:00","dateModified":"2026-04-04T19:32:11+00:00","description":"Allontanatevi da tutto con uno dei nostri sloop elettrici. Esplorate l'Vecht con gli amici o insieme. Non \u00e8 necessaria la patente nautica per lo sloop e, con una buona spiegazione preliminare, sarete lo skipper di voi stessi. Se ci sono altri requisiti oltre a quelli indicati di seguito, non esitate a contattarci. - Luogo di imbarco: Gli sloop elettrici si trovano a Ossenmarkt presso il molo lungo.- Potete trovarci sul molo o sulla riva un po' pi\u00f9 in basso. Per la navigazione potete digitare il numero 12. Vicino alle barche c'\u00e8 la possibilit\u00e0 di parcheggiare, ma vi ricordiamo che si tratta di un parcheggio a pagamento.","breadcrumb":{"@id":"https:\/\/havendienst.nl\/product\/gezellige-elektrische-sloep\/#breadcrumb"},"inLanguage":"it-IT","potentialAction":[{"@type":"ReadAction","target":["https:\/\/havendienst.nl\/product\/gezellige-elektrische-sloep\/"]}]},{"@type":"ImageObject","inLanguage":"it-IT","@id":"https:\/\/havendienst.nl\/product\/gezellige-elektrische-sloep\/#primaryimage","url":"https:\/\/havendienst.nl\/upload\/2026\/03\/Elektrische-sloep-aan-de-steiger-in-Weesp.png","contentUrl":"https:\/\/havendienst.nl\/upload\/2026\/03\/Elektrische-sloep-aan-de-steiger-in-Weesp.png","width":1000,"height":750},{"@type":"BreadcrumbList","@id":"https:\/\/havendienst.nl\/product\/gezellige-elektrische-sloep\/#breadcrumb","itemListElement":[{"@type":"ListItem","position":1,"name":"Home","item":"https:\/\/havendienst.nl\/"},{"@type":"ListItem","position":2,"name":"Winkel","item":"https:\/\/havendienst.nl\/winkel\/"},{"@type":"ListItem","position":3,"name":"Gezellige Elektrische Sloep"}]},{"@type":"WebSite","@id":"https:\/\/havendienst.nl\/de\/#website","url":"https:\/\/havendienst.nl\/de\/","name":"Havendienst.nl","description":"Piattaforma di condivisione per il noleggio e l'affitto di barche","publisher":{"@id":"https:\/\/havendienst.nl\/de\/#organization"},"alternateName":"Havendienst Boot huren Loosdrecht","potentialAction":[{"@type":"SearchAction","target":{"@type":"EntryPoint","urlTemplate":"https:\/\/havendienst.nl\/de\/?s={search_term_string}"},"query-input":{"@type":"PropertyValueSpecification","valueRequired":true,"valueName":"search_term_string"}}],"inLanguage":"it-IT"},{"@type":["Organization","Place","Corporation"],"@id":"https:\/\/havendienst.nl\/de\/#organization","name":"Havendienst.nl","alternateName":"Havendienst Boot huren Loosdrecht","url":"https:\/\/havendienst.nl\/de\/","logo":{"@id":"https:\/\/havendienst.nl\/product\/gezellige-elektrische-sloep\/#local-main-organization-logo"},"image":{"@id":"https:\/\/havendienst.nl\/product\/gezellige-elektrische-sloep\/#local-main-organization-logo"},"sameAs":["https:\/\/www.facebook.com\/HavendienstNL\/","https:\/\/www.instagram.com\/havendienstnl\/","https:\/\/www.youtube.com\/@havendienst","http:\/\/wa.me\/31356565744"],"description":"Havendienst.nl \u00e8 la pi\u00f9 grande piattaforma di condivisione gratuita per il noleggio di barche a Loosdrecht e dintorni. Noleggiate o affittate facilmente uno sloop, un motoscafo o un sup senza commissioni. Havendienst.nl offre anche assistenza in caso di guasto in acqua, taxi d'acqua e servizio di emergenza sull'Loosdrechtse Plassen, sull'Vecht e sulle acque vicine. Il luogo centrale per i privati e le societ\u00e0 di noleggio.","legalName":"Havendienst.nl","foundingDate":"2021-03-01","duns":"404514148","numberOfEmployees":{"@type":"QuantitativeValue","minValue":"1","maxValue":"10"},"publishingPrinciples":"https:\/\/havendienst.nl\/over\/","ownershipFundingInfo":"https:\/\/havendienst.nl\/over\/","actionableFeedbackPolicy":"https:\/\/havendienst.nl\/over\/","correctionsPolicy":"https:\/\/havendienst.nl\/over\/","ethicsPolicy":"https:\/\/havendienst.nl\/over\/","diversityPolicy":"https:\/\/havendienst.nl\/over\/","diversityStaffingReport":"https:\/\/havendienst.nl\/over\/","hasMerchantReturnPolicy":{"@type":"MerchantReturnPolicy","merchantReturnLink":"https:\/\/havendienst.nl\/it\/over\/"},"address":{"@id":"https:\/\/havendienst.nl\/product\/gezellige-elektrische-sloep\/#local-main-place-address"},"geo":{"@type":"GeoCoordinates","latitude":"52.23923903597849","longitude":"5.117388746032714"},"telephone":["+31 35 6565744"],"openingHoursSpecification":[{"@type":"OpeningHoursSpecification","dayOfWeek":["Monday","Tuesday","Wednesday","Thursday","Friday","Saturday","Sunday"],"opens":"08:00","closes":"22:00"}],"email":"info@havendienst.nl","areaServed":"Loosdrecht, Oud-Loosdrecht, Vinkeveen, Friesland, Amsterdam, Utrecht, Oudewater, Kortenhoef, Maarssen, Weesp, Breukelen, Vecht","vatID":"NL821308233B01"},{"@type":"PostalAddress","@id":"https:\/\/havendienst.nl\/product\/gezellige-elektrische-sloep\/#local-main-place-address","streetAddress":"Kerklaan 53","addressLocality":"Kortenhoef","postalCode":"1241CK","addressRegion":"Noord-Holland","addressCountry":"NL"},{"@type":"ImageObject","inLanguage":"it-IT","@id":"https:\/\/havendienst.nl\/product\/gezellige-elektrische-sloep\/#local-main-organization-logo","url":"https:\/\/havendienst.nl\/upload\/2021\/01\/havendienst-logo-small.png","contentUrl":"https:\/\/havendienst.nl\/upload\/2021\/01\/havendienst-logo-small.png","width":167,"height":81,"caption":"Havendienst.nl"}]},"product_brand":"Motorboot","product_price_amount":"45.00","product_price_currency":"EUR","og_availability":"instock","product_availability":"instock","product_condition":"new","geo.placename":"Kortenhoef","geo.position":{"lat":"52.23923903597849","long":"5.117388746032714"},"geo.region":"Paesi Bassi"},"_links":{"self":[{"href":"https:\/\/havendienst.nl\/it\/wp-json\/wp\/v2\/product\/29274","targetHints":{"allow":["GET"]}}],"collection":[{"href":"https:\/\/havendienst.nl\/it\/wp-json\/wp\/v2\/product"}],"about":[{"href":"https:\/\/havendienst.nl\/it\/wp-json\/wp\/v2\/types\/product"}],"replies":[{"embeddable":true,"href":"https:\/\/havendienst.nl\/it\/wp-json\/wp\/v2\/comments?post=29274"}],"wp:featuredmedia":[{"embeddable":true,"href":"https:\/\/havendienst.nl\/it\/wp-json\/wp\/v2\/media\/58686"}],"wp:attachment":[{"href":"https:\/\/havendienst.nl\/it\/wp-json\/wp\/v2\/media?parent=29274"}],"wp:term":[{"taxonomy":"product_brand","embeddable":true,"href":"https:\/\/havendienst.nl\/it\/wp-json\/wp\/v2\/product_brand?post=29274"},{"taxonomy":"product_cat","embeddable":true,"href":"https:\/\/havendienst.nl\/it\/wp-json\/wp\/v2\/product_cat?post=29274"},{"taxonomy":"product_tag","embeddable":true,"href":"https:\/\/havendienst.nl\/it\/wp-json\/wp\/v2\/product_tag?post=29274"}],"curies":[{"name":"wp","href":"https:\/\/api.w.org\/{rel}","templated":true}]}}