{"id":27273,"date":"2021-06-29T11:46:16","date_gmt":"2021-06-29T09:46:16","guid":{"rendered":"https:\/\/havendienst.nl\/?post_type=product&#038;p=27273"},"modified":"2025-05-20T20:24:20","modified_gmt":"2025-05-20T18:24:20","slug":"luxe-pontonboot-smartliner","status":"publish","type":"product","link":"https:\/\/havendienst.nl\/it\/product\/luxe-pontonboot-smartliner\/","title":{"rendered":"Luxury Pontoon Boat \/ Terrace Boat (Max 12Pers)"},"content":{"rendered":"<div class=\"fusion-fullwidth fullwidth-box fusion-builder-row-1 fusion-flex-container nonhundred-percent-fullwidth non-hundred-percent-height-scrolling\" style=\"--awb-border-radius-top-left:0px;--awb-border-radius-top-right:0px;--awb-border-radius-bottom-right:0px;--awb-border-radius-bottom-left:0px;--awb-flex-wrap:wrap;\" ><div class=\"fusion-builder-row fusion-row fusion-flex-align-items-flex-start fusion-flex-content-wrap\" style=\"max-width:1144px;margin-left: calc(-4% \/ 2 );margin-right: calc(-4% \/ 2 );\"><div class=\"fusion-layout-column fusion_builder_column fusion-builder-column-0 fusion_builder_column_1_2 1_2 fusion-flex-column\" style=\"--awb-bg-size:cover;--awb-width-large:50%;--awb-margin-top-large:0px;--awb-spacing-right-large:3.84%;--awb-margin-bottom-large:20px;--awb-spacing-left-large:3.84%;--awb-width-medium:50%;--awb-order-medium:0;--awb-spacing-right-medium:3.84%;--awb-spacing-left-medium:3.84%;--awb-width-small:100%;--awb-order-small:0;--awb-spacing-right-small:1.92%;--awb-spacing-left-small:1.92%;\"><div class=\"fusion-column-wrapper fusion-column-has-shadow fusion-flex-justify-content-flex-start fusion-content-layout-column\"><div class=\"fusion-text fusion-text-1\"><p>Questa barca offre tre panche spaziose, due nella parte anteriore e una nella parte posteriore. Con spazio per un massimo di 12 persone! Ogni panchina \u00e8 dotata di schiuma multi-densit\u00e0 per un comodo riposo, cos\u00ec come di scomparti per riporre le cose. Il conducente ha un bel sedile del timone con uno schienale pi\u00f9 alto. La barca \u00e8 dotata di un Bimini-top, un tavolo mobile e molti altri lussi!<\/p>\n<p>Un piccolo riassunto di ci\u00f2 che troverete:<\/p>\n<ul>\n<li>Pontoni a pi\u00f9 tronchi con un diametro di 60 cm<\/li>\n<li>Pavimento in vinile intrecciato<\/li>\n<li>Salotti di babordo e tribordo<\/li>\n<li>Spazio di stoccaggio sotto i sedili<\/li>\n<li>Bimini top di circa 7 M2 (ombra!)<\/li>\n<li>Tavolo mobile davanti<\/li>\n<li>Console fusa con sedile di lusso per il conducente<\/li>\n<li>Piattaforma di nuoto a tutta larghezza con scaletta d'imbarco<\/li>\n<li>La lunghezza della barca \u00e8 di quasi 7 metri, progettata e costruita per il comfort, il divertimento e la sicurezza.<\/li>\n<\/ul>\n<p>L'et\u00e0 minima per noleggiare la barca \u00e8 di 25 anni. I piccoli animali sono ammessi, ma non sulle panchine.<br \/>Il deposito sar\u00e0 restituito il giorno stesso.<br \/>Il prezzo include la benzina.<\/p>\n<\/div><\/div><\/div><div class=\"fusion-layout-column fusion_builder_column fusion-builder-column-1 fusion_builder_column_1_2 1_2 fusion-flex-column\" style=\"--awb-bg-size:cover;--awb-width-large:50%;--awb-margin-top-large:0px;--awb-spacing-right-large:3.84%;--awb-margin-bottom-large:20px;--awb-spacing-left-large:3.84%;--awb-width-medium:50%;--awb-order-medium:0;--awb-spacing-right-medium:3.84%;--awb-spacing-left-medium:3.84%;--awb-width-small:100%;--awb-order-small:0;--awb-spacing-right-small:1.92%;--awb-spacing-left-small:1.92%;\"><div class=\"fusion-column-wrapper fusion-column-has-shadow fusion-flex-justify-content-flex-start fusion-content-layout-column\"><div class=\"fusion-video fusion-youtube\" style=\"--awb-max-width:384px;--awb-max-height:216px;\" data-autoplay=\"1\"><div class=\"video-shortcode\"><div class=\"fluid-width-video-wrapper\" style=\"padding-top:56.25%;\" ><iframe loading=\"lazy\" title=\"Pontoon boat a Vinkeveen\" src=\"https:\/\/www.youtube.com\/embed\/zCNRhtdIf_8?wmode=transparent&autoplay=0&amp;rel=0&amp;autoplay=1&amp;mute=1\" width=\"384\" height=\"216\" allowfullscreen allow=\"autoplay; clipboard-write; encrypted-media; gyroscope; picture-in-picture;\"><\/iframe><\/div><\/div><\/div><div class=\"fusion-text fusion-text-2\" style=\"--awb-margin-top:20px;\"><p>Verificate rapidamente la disponibilit\u00e0, c'\u00e8 solo una barca pontoon di lusso come questa sui laghi Vinkeveen!<\/p>\n<\/div><\/div><\/div><\/div><\/div>","protected":false},"excerpt":{"rendered":"<p>Una fantastica barca da terrazza \/ lounge boat \/ pontone di lusso per trascorrere una splendida giornata sulla Vinkeveense Plassen. Divertimento garantito!<\/p>\n<p>Rilassarsi con gli amici, festeggiare il compleanno o una riunione di lavoro con i colleghi? Tutto questo \u00e8 possibile su questa spaziosa e confortevole terrazza\/barca per feste.<\/p>\n<ul>\n<li>Guida autonoma senza patente<\/li>\n<li>Motore fuoribordo 25 HP silenzioso e forte (Mercury 3 cilindri)<\/li>\n<li>Con bimini top per l'ombra (circa 8 m2)<\/li>\n<li>Skipper e\/o catering possibile<\/li>\n<li>L'et\u00e0 minima per noleggiare la barca \u00e8 di 25 anni<\/li>\n<\/ul>","protected":false},"featured_media":27398,"comment_status":"open","ping_status":"closed","template":"","meta":{"rs_blank_template":"","rs_page_bg_color":"","slide_template_v7":""},"product_brand":[],"product_cat":[342,376],"product_tag":[],"class_list":{"0":"post-27273","1":"product","2":"type-product","3":"status-publish","4":"has-post-thumbnail","6":"product_cat-boten","7":"product_cat-place-vinkeveen","8":"wcpv_product_vendors-boot-huur-nl","10":"first","11":"instock","12":"virtual","13":"sold-individually","14":"purchasable","15":"product-type-booking"},"booking_location":"","booking_location_type":"","booking_duration":240,"booking_duration_unit":"minute","booking_buffer":30,"booking_cost":0,"booking_resources":[],"exclude_global_add_ons":false,"addons":[{"name":"Skipper","type":"checkbox","position":0,"required":false,"title_format":"label","default":"","description_enable":true,"description":"Zelf varen of liever gevaren worden door een schipper?\r\nZo heb je alle tijd om te praten en een drankje te doen met je vrienden zonder dat je hoeft op te letten of de route in de gaten hoeft te houden. Kosten zijn \u20ac50 per tijdsblok.","placeholder_enable":false,"placeholder":"","display":"select","restrictions_type":"any_text","adjust_price":false,"price":"","price_type":"flat_fee","restrictions":false,"min":"0","max":"0","options":[{"label":"Ja, ik laat me varen door een schipper!","price":"50","price_type":"quantity_based","image":0,"visibility":true}],"id":1691507336},{"name":"Catering","type":"checkbox","position":1,"required":false,"title_format":"label","default":"","description_enable":true,"description":"Si prega di spuntare se si desidera che io fornisca gli spuntini e le bevande. Vi contatter\u00f2 per i dettagli. Il prezzo qui sotto non include il catering.","placeholder_enable":false,"placeholder":"","display":"select","restrictions_type":"any_text","adjust_price":false,"price":"","price_type":"flat_fee","restrictions":false,"min":"0","max":"0","options":[{"label":"Neem contact met me op voor de catering","price":"","price_type":"flat_fee","image":0,"visibility":true}],"id":1691507337},{"name":"Borg","type":"checkbox","position":2,"required":false,"title_format":"label","default":"","description_enable":true,"description":"Il deposito di 500 euro \u00e8 obbligatorio. Si paga al pi\u00f9 tardi al momento dell'imbarco e viene rimborsato immediatamente dopo, a meno che non ci sia qualcosa da regolare come danni o tempo di navigazione extra.","placeholder_enable":false,"placeholder":"","display":"select","restrictions_type":"any_text","adjust_price":false,"price":"","price_type":"flat_fee","restrictions":false,"min":"0","max":"0","options":[{"label":"Borg","price":"500","price_type":"flat_fee","image":0,"visibility":true}],"id":1691507338}],"yoast_head":"<!-- This site is optimized with the Yoast SEO Premium plugin v27.4 (Yoast SEO v27.4) - https:\/\/yoast.com\/product\/yoast-seo-premium-wordpress\/ -->\n<title>Luxe Pontonboot \/ Terrasboot (Max 12Pers) - Havendienst.nl<\/title>\n<meta name=\"description\" content=\"Huur een fantastische luxe terrasboot \/ lounge boot \/ pontonboot om een heerlijke dag op de Vinkeveense Plassen mee te varen. Gegarandeerd genieten!\" \/>\n<meta name=\"robots\" content=\"index, follow, max-snippet:-1, max-image-preview:large, max-video-preview:-1\" \/>\n<link rel=\"canonical\" href=\"https:\/\/havendienst.nl\/it\/prodotto\/luxe-pontonboot-smartliner\/\" \/>\n<meta property=\"og:locale\" content=\"it_IT\" \/>\n<meta property=\"og:type\" content=\"article\" \/>\n<meta property=\"og:title\" content=\"Luxe Pontonboot \/ Terrasboot (Max 12Pers)\" \/>\n<meta property=\"og:description\" content=\"Huur een fantastische luxe terrasboot \/ lounge boot \/ pontonboot om een heerlijke dag op de Vinkeveense Plassen mee te varen. Gegarandeerd genieten!\" \/>\n<meta property=\"og:url\" content=\"https:\/\/havendienst.nl\/it\/prodotto\/luxe-pontonboot-smartliner\/\" \/>\n<meta property=\"og:site_name\" content=\"Havendienst.nl\" \/>\n<meta property=\"article:publisher\" content=\"https:\/\/www.facebook.com\/HavendienstNL\/\" \/>\n<meta property=\"article:modified_time\" content=\"2025-05-20T18:24:20+00:00\" \/>\n<meta property=\"og:image\" content=\"https:\/\/havendienst.nl\/upload\/2021\/06\/boot-huut-smartliner.jpg\" \/>\n\t<meta property=\"og:image:width\" content=\"674\" \/>\n\t<meta property=\"og:image:height\" content=\"900\" \/>\n\t<meta property=\"og:image:type\" content=\"image\/jpeg\" \/>\n<meta name=\"twitter:card\" content=\"summary_large_image\" \/>\n<meta name=\"twitter:label1\" content=\"Prezzo\" \/>\n\t<meta name=\"twitter:data1\" content=\"&euro;&nbsp;497,00\" \/>\n\t<meta name=\"twitter:label2\" content=\"Disponibilit\u00e0\" \/>\n\t<meta name=\"twitter:data2\" content=\"In stock\" \/>\n<script type=\"application\/ld+json\" class=\"yoast-schema-graph\">{\"@context\":\"https:\\\/\\\/schema.org\",\"@graph\":[{\"@type\":[\"WebPage\",\"ItemPage\"],\"@id\":\"https:\\\/\\\/havendienst.nl\\\/it\\\/prodotto\\\/luxe-pontonboot-smartliner\\\/\",\"url\":\"https:\\\/\\\/havendienst.nl\\\/it\\\/prodotto\\\/luxe-pontonboot-smartliner\\\/\",\"name\":\"Luxe Pontonboot \\\/ Terrasboot (Max 12Pers) - Havendienst.nl\",\"isPartOf\":{\"@id\":\"https:\\\/\\\/havendienst.nl\\\/de\\\/#website\"},\"primaryImageOfPage\":{\"@id\":\"https:\\\/\\\/havendienst.nl\\\/it\\\/prodotto\\\/luxe-pontonboot-smartliner\\\/#primaryimage\"},\"image\":{\"@id\":\"https:\\\/\\\/havendienst.nl\\\/it\\\/prodotto\\\/luxe-pontonboot-smartliner\\\/#primaryimage\"},\"thumbnailUrl\":\"https:\\\/\\\/havendienst.nl\\\/upload\\\/2021\\\/06\\\/boot-huut-smartliner.jpg\",\"datePublished\":\"2021-06-29T09:46:16+00:00\",\"dateModified\":\"2025-05-20T18:24:20+00:00\",\"description\":\"Huur een fantastische luxe terrasboot \\\/ lounge boot \\\/ pontonboot om een heerlijke dag op de Vinkeveense Plassen mee te varen. Gegarandeerd genieten!\",\"breadcrumb\":{\"@id\":\"https:\\\/\\\/havendienst.nl\\\/it\\\/prodotto\\\/luxe-pontonboot-smartliner\\\/#breadcrumb\"},\"inLanguage\":\"it-IT\",\"potentialAction\":[{\"@type\":\"ReadAction\",\"target\":[\"https:\\\/\\\/havendienst.nl\\\/it\\\/prodotto\\\/luxe-pontonboot-smartliner\\\/\"]}]},{\"@type\":\"ImageObject\",\"inLanguage\":\"it-IT\",\"@id\":\"https:\\\/\\\/havendienst.nl\\\/it\\\/prodotto\\\/luxe-pontonboot-smartliner\\\/#primaryimage\",\"url\":\"https:\\\/\\\/havendienst.nl\\\/upload\\\/2021\\\/06\\\/boot-huut-smartliner.jpg\",\"contentUrl\":\"https:\\\/\\\/havendienst.nl\\\/upload\\\/2021\\\/06\\\/boot-huut-smartliner.jpg\",\"width\":674,\"height\":900},{\"@type\":\"BreadcrumbList\",\"@id\":\"https:\\\/\\\/havendienst.nl\\\/it\\\/prodotto\\\/luxe-pontonboot-smartliner\\\/#breadcrumb\",\"itemListElement\":[{\"@type\":\"ListItem\",\"position\":1,\"name\":\"Home\",\"item\":\"https:\\\/\\\/havendienst.nl\\\/\"},{\"@type\":\"ListItem\",\"position\":2,\"name\":\"Winkel\",\"item\":\"https:\\\/\\\/havendienst.nl\\\/winkel\\\/\"},{\"@type\":\"ListItem\",\"position\":3,\"name\":\"Luxe Pontonboot \\\/ Terrasboot (Max 12Pers)\"}]},{\"@type\":\"WebSite\",\"@id\":\"https:\\\/\\\/havendienst.nl\\\/de\\\/#website\",\"url\":\"https:\\\/\\\/havendienst.nl\\\/de\\\/\",\"name\":\"Havendienst.nl\",\"description\":\"Deelplatform voor boot huur en verhuur\",\"publisher\":{\"@id\":\"https:\\\/\\\/havendienst.nl\\\/de\\\/#organization\"},\"alternateName\":\"Havendienst Boot huren Loosdrecht\",\"potentialAction\":[{\"@type\":\"SearchAction\",\"target\":{\"@type\":\"EntryPoint\",\"urlTemplate\":\"https:\\\/\\\/havendienst.nl\\\/de\\\/?s={search_term_string}\"},\"query-input\":{\"@type\":\"PropertyValueSpecification\",\"valueRequired\":true,\"valueName\":\"search_term_string\"}}],\"inLanguage\":\"it-IT\"},{\"@type\":[\"Organization\",\"Place\",\"Corporation\"],\"@id\":\"https:\\\/\\\/havendienst.nl\\\/de\\\/#organization\",\"name\":\"Havendienst.nl\",\"alternateName\":\"Havendienst Boot huren Loosdrecht\",\"url\":\"https:\\\/\\\/havendienst.nl\\\/de\\\/\",\"logo\":{\"@id\":\"https:\\\/\\\/havendienst.nl\\\/it\\\/prodotto\\\/luxe-pontonboot-smartliner\\\/#local-main-organization-logo\"},\"image\":{\"@id\":\"https:\\\/\\\/havendienst.nl\\\/it\\\/prodotto\\\/luxe-pontonboot-smartliner\\\/#local-main-organization-logo\"},\"sameAs\":[\"https:\\\/\\\/www.facebook.com\\\/HavendienstNL\\\/\",\"https:\\\/\\\/www.instagram.com\\\/havendienstnl\\\/\",\"https:\\\/\\\/www.youtube.com\\\/@havendienst\",\"http:\\\/\\\/wa.me\\\/31356565744\"],\"description\":\"Havendienst.nl is het grootste gratis deelplatform voor bootverhuur in Loosdrecht en omgeving. Verhuur of huur eenvoudig een sloep, motorboot of sup zonder commissie. Havendienst.nl biedt daarnaast pechhulp op het water, watertaxi en noodservice op de Loosdrechtse Plassen, de Vecht en aangrenzende wateren. D\u00e9 centrale plek voor particulieren en verhuurbedrijven.\",\"legalName\":\"Havendienst.nl\",\"foundingDate\":\"2021-03-01\",\"duns\":\"404514148\",\"numberOfEmployees\":{\"@type\":\"QuantitativeValue\",\"minValue\":\"1\",\"maxValue\":\"10\"},\"publishingPrinciples\":\"https:\\\/\\\/havendienst.nl\\\/over\\\/\",\"ownershipFundingInfo\":\"https:\\\/\\\/havendienst.nl\\\/over\\\/\",\"actionableFeedbackPolicy\":\"https:\\\/\\\/havendienst.nl\\\/over\\\/\",\"correctionsPolicy\":\"https:\\\/\\\/havendienst.nl\\\/over\\\/\",\"ethicsPolicy\":\"https:\\\/\\\/havendienst.nl\\\/over\\\/\",\"diversityPolicy\":\"https:\\\/\\\/havendienst.nl\\\/over\\\/\",\"diversityStaffingReport\":\"https:\\\/\\\/havendienst.nl\\\/over\\\/\",\"hasMerchantReturnPolicy\":{\"@type\":\"MerchantReturnPolicy\",\"merchantReturnLink\":\"https:\\\/\\\/havendienst.nl\\\/it\\\/over\\\/\"},\"address\":{\"@id\":\"https:\\\/\\\/havendienst.nl\\\/it\\\/prodotto\\\/luxe-pontonboot-smartliner\\\/#local-main-place-address\"},\"geo\":{\"@type\":\"GeoCoordinates\",\"latitude\":\"52.23923903597849\",\"longitude\":\"5.117388746032714\"},\"telephone\":[\"+31 35 6565744\"],\"openingHoursSpecification\":[{\"@type\":\"OpeningHoursSpecification\",\"dayOfWeek\":[\"Monday\",\"Tuesday\",\"Wednesday\",\"Thursday\",\"Friday\",\"Saturday\",\"Sunday\"],\"opens\":\"08:00\",\"closes\":\"22:00\"}],\"email\":\"info@havendienst.nl\",\"areaServed\":\"Loosdrecht, Oud-Loosdrecht, Vinkeveen, Friesland, Amsterdam, Utrecht, Oudewater, Kortenhoef, Maarssen, Weesp, Breukelen, Vecht\",\"vatID\":\"NL821308233B01\"},{\"@type\":\"PostalAddress\",\"@id\":\"https:\\\/\\\/havendienst.nl\\\/it\\\/prodotto\\\/luxe-pontonboot-smartliner\\\/#local-main-place-address\",\"streetAddress\":\"Kerklaan 53\",\"addressLocality\":\"Kortenhoef\",\"postalCode\":\"1241CK\",\"addressRegion\":\"Noord-Holland\",\"addressCountry\":\"NL\"},{\"@type\":\"ImageObject\",\"inLanguage\":\"it-IT\",\"@id\":\"https:\\\/\\\/havendienst.nl\\\/it\\\/prodotto\\\/luxe-pontonboot-smartliner\\\/#local-main-organization-logo\",\"url\":\"https:\\\/\\\/havendienst.nl\\\/upload\\\/2021\\\/01\\\/havendienst-logo-small.png\",\"contentUrl\":\"https:\\\/\\\/havendienst.nl\\\/upload\\\/2021\\\/01\\\/havendienst-logo-small.png\",\"width\":167,\"height\":81,\"caption\":\"Havendienst.nl\"}]}<\/script>\n<meta property=\"product:brand\" content=\"Loungeboot\" \/>\n<meta property=\"product:price:amount\" content=\"497.00\" \/>\n<meta property=\"product:price:currency\" content=\"EUR\" \/>\n<meta property=\"og:availability\" content=\"instock\" \/>\n<meta property=\"product:availability\" content=\"instock\" \/>\n<meta property=\"product:condition\" content=\"new\" \/>\n<meta name=\"geo.placename\" content=\"Kortenhoef\" \/>\n<meta name=\"geo.position\" content=\"52.23923903597849;5.117388746032714\" \/>\n<meta name=\"geo.region\" content=\"Paesi Bassi\" \/>\n<!-- \/ Yoast SEO Premium plugin. -->","yoast_head_json":{"title":"Luxury Pontoon Boat \/ Terrace Boat (Max 12Pers) - Havendienst.nl","description":"Noleggiate una fantastica barca a terrazza \/ lounge boat \/ pontone per trascorrere una splendida giornata sulla Vinkeveense Plassen. Divertimento garantito!","robots":{"index":"index","follow":"follow","max-snippet":"max-snippet:-1","max-image-preview":"max-image-preview:large","max-video-preview":"max-video-preview:-1"},"canonical":"https:\/\/havendienst.nl\/it\/prodotto\/luxe-pontonboot-smartliner\/","og_locale":"it_IT","og_type":"article","og_title":"Luxe Pontonboot \/ Terrasboot (Max 12Pers)","og_description":"Huur een fantastische luxe terrasboot \/ lounge boot \/ pontonboot om een heerlijke dag op de Vinkeveense Plassen mee te varen. Gegarandeerd genieten!","og_url":"https:\/\/havendienst.nl\/it\/prodotto\/luxe-pontonboot-smartliner\/","og_site_name":"Havendienst.nl","article_publisher":"https:\/\/www.facebook.com\/HavendienstNL\/","article_modified_time":"2025-05-20T18:24:20+00:00","og_image":[{"width":674,"height":900,"url":"https:\/\/havendienst.nl\/upload\/2021\/06\/boot-huut-smartliner.jpg","type":"image\/jpeg"}],"twitter_card":"summary_large_image","twitter_misc":{"Prezzo":"&euro;&nbsp;497,00","Disponibilit\u00e0":"In stock"},"schema":{"@context":"https:\/\/schema.org","@graph":[{"@type":["WebPage","ItemPage"],"@id":"https:\/\/havendienst.nl\/it\/prodotto\/luxe-pontonboot-smartliner\/","url":"https:\/\/havendienst.nl\/it\/prodotto\/luxe-pontonboot-smartliner\/","name":"Luxury Pontoon Boat \/ Terrace Boat (Max 12Pers) - Havendienst.nl","isPartOf":{"@id":"https:\/\/havendienst.nl\/de\/#website"},"primaryImageOfPage":{"@id":"https:\/\/havendienst.nl\/it\/prodotto\/luxe-pontonboot-smartliner\/#primaryimage"},"image":{"@id":"https:\/\/havendienst.nl\/it\/prodotto\/luxe-pontonboot-smartliner\/#primaryimage"},"thumbnailUrl":"https:\/\/havendienst.nl\/upload\/2021\/06\/boot-huut-smartliner.jpg","datePublished":"2021-06-29T09:46:16+00:00","dateModified":"2025-05-20T18:24:20+00:00","description":"Noleggiate una fantastica barca a terrazza \/ lounge boat \/ pontone per trascorrere una splendida giornata sulla Vinkeveense Plassen. Divertimento garantito!","breadcrumb":{"@id":"https:\/\/havendienst.nl\/it\/prodotto\/luxe-pontonboot-smartliner\/#breadcrumb"},"inLanguage":"it-IT","potentialAction":[{"@type":"ReadAction","target":["https:\/\/havendienst.nl\/it\/prodotto\/luxe-pontonboot-smartliner\/"]}]},{"@type":"ImageObject","inLanguage":"it-IT","@id":"https:\/\/havendienst.nl\/it\/prodotto\/luxe-pontonboot-smartliner\/#primaryimage","url":"https:\/\/havendienst.nl\/upload\/2021\/06\/boot-huut-smartliner.jpg","contentUrl":"https:\/\/havendienst.nl\/upload\/2021\/06\/boot-huut-smartliner.jpg","width":674,"height":900},{"@type":"BreadcrumbList","@id":"https:\/\/havendienst.nl\/it\/prodotto\/luxe-pontonboot-smartliner\/#breadcrumb","itemListElement":[{"@type":"ListItem","position":1,"name":"Home","item":"https:\/\/havendienst.nl\/"},{"@type":"ListItem","position":2,"name":"Winkel","item":"https:\/\/havendienst.nl\/winkel\/"},{"@type":"ListItem","position":3,"name":"Luxe Pontonboot \/ Terrasboot (Max 12Pers)"}]},{"@type":"WebSite","@id":"https:\/\/havendienst.nl\/de\/#website","url":"https:\/\/havendienst.nl\/de\/","name":"Havendienst.nl","description":"Piattaforma di condivisione per il noleggio e l'affitto di barche","publisher":{"@id":"https:\/\/havendienst.nl\/de\/#organization"},"alternateName":"Havendienst Boot huren Loosdrecht","potentialAction":[{"@type":"SearchAction","target":{"@type":"EntryPoint","urlTemplate":"https:\/\/havendienst.nl\/de\/?s={search_term_string}"},"query-input":{"@type":"PropertyValueSpecification","valueRequired":true,"valueName":"search_term_string"}}],"inLanguage":"it-IT"},{"@type":["Organization","Place","Corporation"],"@id":"https:\/\/havendienst.nl\/de\/#organization","name":"Havendienst.nl","alternateName":"Havendienst Boot huren Loosdrecht","url":"https:\/\/havendienst.nl\/de\/","logo":{"@id":"https:\/\/havendienst.nl\/it\/prodotto\/luxe-pontonboot-smartliner\/#local-main-organization-logo"},"image":{"@id":"https:\/\/havendienst.nl\/it\/prodotto\/luxe-pontonboot-smartliner\/#local-main-organization-logo"},"sameAs":["https:\/\/www.facebook.com\/HavendienstNL\/","https:\/\/www.instagram.com\/havendienstnl\/","https:\/\/www.youtube.com\/@havendienst","http:\/\/wa.me\/31356565744"],"description":"Havendienst.nl \u00e8 la pi\u00f9 grande piattaforma di condivisione gratuita per il noleggio di barche a Loosdrecht e dintorni. Noleggiate o affittate facilmente uno sloop, un motoscafo o un sup senza commissioni. Havendienst.nl offre anche assistenza in caso di guasto in acqua, taxi d'acqua e servizio di emergenza sull'Loosdrechtse Plassen, sull'Vecht e sulle acque vicine. Il luogo centrale per i privati e le societ\u00e0 di noleggio.","legalName":"Havendienst.nl","foundingDate":"2021-03-01","duns":"404514148","numberOfEmployees":{"@type":"QuantitativeValue","minValue":"1","maxValue":"10"},"publishingPrinciples":"https:\/\/havendienst.nl\/over\/","ownershipFundingInfo":"https:\/\/havendienst.nl\/over\/","actionableFeedbackPolicy":"https:\/\/havendienst.nl\/over\/","correctionsPolicy":"https:\/\/havendienst.nl\/over\/","ethicsPolicy":"https:\/\/havendienst.nl\/over\/","diversityPolicy":"https:\/\/havendienst.nl\/over\/","diversityStaffingReport":"https:\/\/havendienst.nl\/over\/","hasMerchantReturnPolicy":{"@type":"MerchantReturnPolicy","merchantReturnLink":"https:\/\/havendienst.nl\/it\/over\/"},"address":{"@id":"https:\/\/havendienst.nl\/it\/prodotto\/luxe-pontonboot-smartliner\/#local-main-place-address"},"geo":{"@type":"GeoCoordinates","latitude":"52.23923903597849","longitude":"5.117388746032714"},"telephone":["+31 35 6565744"],"openingHoursSpecification":[{"@type":"OpeningHoursSpecification","dayOfWeek":["Monday","Tuesday","Wednesday","Thursday","Friday","Saturday","Sunday"],"opens":"08:00","closes":"22:00"}],"email":"info@havendienst.nl","areaServed":"Loosdrecht, Oud-Loosdrecht, Vinkeveen, Friesland, Amsterdam, Utrecht, Oudewater, Kortenhoef, Maarssen, Weesp, Breukelen, Vecht","vatID":"NL821308233B01"},{"@type":"PostalAddress","@id":"https:\/\/havendienst.nl\/it\/prodotto\/luxe-pontonboot-smartliner\/#local-main-place-address","streetAddress":"Kerklaan 53","addressLocality":"Kortenhoef","postalCode":"1241CK","addressRegion":"Noord-Holland","addressCountry":"NL"},{"@type":"ImageObject","inLanguage":"it-IT","@id":"https:\/\/havendienst.nl\/it\/prodotto\/luxe-pontonboot-smartliner\/#local-main-organization-logo","url":"https:\/\/havendienst.nl\/upload\/2021\/01\/havendienst-logo-small.png","contentUrl":"https:\/\/havendienst.nl\/upload\/2021\/01\/havendienst-logo-small.png","width":167,"height":81,"caption":"Havendienst.nl"}]},"product_brand":"Loungeboot","product_price_amount":"497.00","product_price_currency":"EUR","og_availability":"instock","product_availability":"instock","product_condition":"new","geo.placename":"Kortenhoef","geo.position":{"lat":"52.23923903597849","long":"5.117388746032714"},"geo.region":"Paesi Bassi"},"_links":{"self":[{"href":"https:\/\/havendienst.nl\/it\/wp-json\/wp\/v2\/product\/27273","targetHints":{"allow":["GET"]}}],"collection":[{"href":"https:\/\/havendienst.nl\/it\/wp-json\/wp\/v2\/product"}],"about":[{"href":"https:\/\/havendienst.nl\/it\/wp-json\/wp\/v2\/types\/product"}],"replies":[{"embeddable":true,"href":"https:\/\/havendienst.nl\/it\/wp-json\/wp\/v2\/comments?post=27273"}],"wp:featuredmedia":[{"embeddable":true,"href":"https:\/\/havendienst.nl\/it\/wp-json\/wp\/v2\/media\/27398"}],"wp:attachment":[{"href":"https:\/\/havendienst.nl\/it\/wp-json\/wp\/v2\/media?parent=27273"}],"wp:term":[{"taxonomy":"product_brand","embeddable":true,"href":"https:\/\/havendienst.nl\/it\/wp-json\/wp\/v2\/product_brand?post=27273"},{"taxonomy":"product_cat","embeddable":true,"href":"https:\/\/havendienst.nl\/it\/wp-json\/wp\/v2\/product_cat?post=27273"},{"taxonomy":"product_tag","embeddable":true,"href":"https:\/\/havendienst.nl\/it\/wp-json\/wp\/v2\/product_tag?post=27273"}],"curies":[{"name":"wp","href":"https:\/\/api.w.org\/{rel}","templated":true}]}}