{"id":58818,"date":"2026-04-22T17:11:52","date_gmt":"2026-04-22T15:11:52","guid":{"rendered":"https:\/\/havendienst.nl\/?post_type=product&#038;p=58818"},"modified":"2026-04-22T17:11:54","modified_gmt":"2026-04-22T15:11:54","slug":"sloep-te-huur-leiden","status":"publish","type":"product","link":"https:\/\/havendienst.nl\/de\/product\/sloep-te-huur-leiden\/","title":{"rendered":"Schaluppe zu vermieten Leiden"},"content":{"rendered":"<div class=\"fusion-fullwidth fullwidth-box fusion-builder-row-1 fusion-flex-container nonhundred-percent-fullwidth non-hundred-percent-height-scrolling\" style=\"--awb-border-radius-top-left:0px;--awb-border-radius-top-right:0px;--awb-border-radius-bottom-right:0px;--awb-border-radius-bottom-left:0px;--awb-flex-wrap:wrap;\" ><div class=\"fusion-builder-row fusion-row fusion-flex-align-items-flex-start fusion-flex-content-wrap\" style=\"max-width:1144px;margin-left: calc(-4% \/ 2 );margin-right: calc(-4% \/ 2 );\"><div class=\"fusion-layout-column fusion_builder_column fusion-builder-column-0 fusion_builder_column_1_1 1_1 fusion-flex-column\" style=\"--awb-bg-size:cover;--awb-width-large:100%;--awb-margin-top-large:0px;--awb-spacing-right-large:1.92%;--awb-margin-bottom-large:0px;--awb-spacing-left-large:1.92%;--awb-width-medium:100%;--awb-spacing-right-medium:1.92%;--awb-spacing-left-medium:1.92%;--awb-width-small:100%;--awb-spacing-right-small:1.92%;--awb-spacing-left-small:1.92%;\"><div class=\"fusion-column-wrapper fusion-flex-justify-content-flex-start fusion-content-layout-column\"><div class=\"fusion-text fusion-text-1\"><p><img loading=\"lazy\" decoding=\"async\" class=\"alignnone size-medium wp-image-58815\" src=\"https:\/\/havendienst.nl\/upload\/2026\/04\/sloep-1a-300x225.jpg\" alt=\"\" width=\"300\" height=\"225\" data-mce-src=\"https:\/\/havendienst.nl\/upload\/2026\/04\/sloep-1a-300x225.jpg\" srcset=\"https:\/\/havendienst.nl\/upload\/2026\/04\/sloep-1a-16x12.jpg 16w, https:\/\/havendienst.nl\/upload\/2026\/04\/sloep-1a-200x150.jpg 200w, https:\/\/havendienst.nl\/upload\/2026\/04\/sloep-1a-300x225.jpg 300w, https:\/\/havendienst.nl\/upload\/2026\/04\/sloep-1a-400x301.jpg 400w, https:\/\/havendienst.nl\/upload\/2026\/04\/sloep-1a-500x376.jpg 500w, https:\/\/havendienst.nl\/upload\/2026\/04\/sloep-1a-600x451.jpg 600w, https:\/\/havendienst.nl\/upload\/2026\/04\/sloep-1a.jpg 640w\" sizes=\"auto, (max-width: 300px) 100vw, 300px\" \/> <img loading=\"lazy\" decoding=\"async\" class=\"alignnone size-medium wp-image-58816\" src=\"https:\/\/havendienst.nl\/upload\/2026\/04\/sloep-1b-300x248.jpeg\" alt=\"\" width=\"300\" height=\"248\" data-mce-src=\"https:\/\/havendienst.nl\/upload\/2026\/04\/sloep-1b-300x248.jpeg\" srcset=\"https:\/\/havendienst.nl\/upload\/2026\/04\/sloep-1b-15x12.jpeg 15w, https:\/\/havendienst.nl\/upload\/2026\/04\/sloep-1b-200x165.jpeg 200w, https:\/\/havendienst.nl\/upload\/2026\/04\/sloep-1b-300x248.jpeg 300w, https:\/\/havendienst.nl\/upload\/2026\/04\/sloep-1b-400x330.jpeg 400w, https:\/\/havendienst.nl\/upload\/2026\/04\/sloep-1b-500x413.jpeg 500w, https:\/\/havendienst.nl\/upload\/2026\/04\/sloep-1b-600x495.jpeg 600w, https:\/\/havendienst.nl\/upload\/2026\/04\/sloep-1b.jpeg 640w\" sizes=\"auto, (max-width: 300px) 100vw, 300px\" \/> <img loading=\"lazy\" decoding=\"async\" class=\"alignnone size-medium wp-image-58817\" src=\"https:\/\/havendienst.nl\/upload\/2026\/04\/sloep-1c-242x300.jpeg\" alt=\"\" width=\"242\" height=\"300\" data-mce-src=\"https:\/\/havendienst.nl\/upload\/2026\/04\/sloep-1c-242x300.jpeg\" srcset=\"https:\/\/havendienst.nl\/upload\/2026\/04\/sloep-1c-10x12.jpeg 10w, https:\/\/havendienst.nl\/upload\/2026\/04\/sloep-1c-200x248.jpeg 200w, https:\/\/havendienst.nl\/upload\/2026\/04\/sloep-1c-242x300.jpeg 242w, https:\/\/havendienst.nl\/upload\/2026\/04\/sloep-1c-400x496.jpeg 400w, https:\/\/havendienst.nl\/upload\/2026\/04\/sloep-1c-500x620.jpeg 500w, https:\/\/havendienst.nl\/upload\/2026\/04\/sloep-1c.jpeg 516w\" sizes=\"auto, (max-width: 242px) 100vw, 242px\" \/><\/p>\n<\/div><\/div><\/div><\/div><\/div>","protected":false},"excerpt":{"rendered":"<p>Mieten Sie eine Schaluppe und fahren Sie los.<\/p>\n<p>Entdecken Sie die sch\u00f6ne Umgebung von Leiden. Wir bieten Ihnen die M\u00f6glichkeit, eine Schaluppe f\u00fcr einen Tagesausflug zu mieten. Wir bieten Ihnen die M\u00f6glichkeit, eine JBL-Box zu mieten, die Sie \u00fcber Bluetooth anschlie\u00dfen k\u00f6nnen. So k\u00f6nnen Sie beim Segeln Ihre Lieblingssongs genie\u00dfen. F\u00fcr die Kinder k\u00f6nnen Sie ein Funband mieten. Dieses kann mit einem Seil an der R\u00fcckseite des Bootes befestigt werden. Nat\u00fcrlich bieten wir auch Schwimmwesten f\u00fcr die Kinder an.<\/p>","protected":false},"featured_media":58817,"comment_status":"open","ping_status":"closed","template":"","meta":{"rs_blank_template":"","rs_page_bg_color":"","slide_template_v7":""},"product_brand":[],"product_cat":[1829,342],"product_tag":[],"class_list":{"0":"post-58818","1":"product","2":"type-product","3":"status-publish","4":"has-post-thumbnail","6":"product_cat-place-leiden","7":"product_cat-boten","8":"wcpv_product_vendors-rent4days","10":"first","11":"instock","12":"virtual","13":"sold-individually","14":"taxable","15":"purchasable","16":"product-type-booking"},"booking_location":"","booking_location_type":"","booking_duration":1,"booking_duration_unit":"hour","booking_buffer":0,"booking_cost":0,"booking_resources":[],"exclude_global_add_ons":false,"addons":[{"name":"Borg","type":"checkbox","position":0,"required":true,"title_format":"label","default":"","description_enable":false,"description":"Die Kaution ist obligatorisch. Sie wird zur\u00fcckerstattet, es sei denn, es muss etwas geregelt werden, wie z. B. zus\u00e4tzliche Fahrzeit oder Sch\u00e4den.","placeholder_enable":false,"placeholder":"","display":"select","restrictions_type":"any_text","adjust_price":false,"price":"0","price_type":"flat_fee","restrictions":true,"min":"0","max":"0","options":[{"label":"Borg","price":"200","price_type":"flat_fee","image":0,"visibility":true}]},{"name":"Schwimmwesten","type":"input_multiplier","position":1,"required":false,"title_format":"label","default":"","description_enable":true,"description":"Brauchen Sie eine Schwimmweste? Bitte geben Sie hier an, wie viel:","placeholder_enable":false,"placeholder":"","display":"select","restrictions_type":"any_text","adjust_price":true,"price":"15","price_type":"quantity_based","restrictions":true,"min":"0","max":"2","options":[]}],"yoast_head":"<!-- This site is optimized with the Yoast SEO Premium plugin v27.4 (Yoast SEO v27.4) - https:\/\/yoast.com\/product\/yoast-seo-premium-wordpress\/ -->\n<title>Sloep te huur Leiden - Havendienst.nl<\/title>\n<meta name=\"description\" content=\"Huur een sloep en trek eropuit.Ontdek de prachtige omgeving van Leiden. Wij bieden de mogelijkheid om een sloep te huren om te genieten van een dagje uit. Wij bieden u de mogelijkheid om een JBL box te huren die u via bluetooth kunt laten verbinden. Zo kunt u tijdens het varen genieten van uw favoriete nummers. Voor de kids kunt u een funband huren. Deze kan achterin de boot via touw bevestigd worden. Uiteraard bieden wij voor de kids ook zwemvesten.\" \/>\n<meta name=\"robots\" content=\"index, follow, max-snippet:-1, max-image-preview:large, max-video-preview:-1\" \/>\n<link rel=\"canonical\" href=\"https:\/\/havendienst.nl\/de\/produkt\/sloep-te-huur-leiden\/\" \/>\n<meta property=\"og:locale\" content=\"de_DE\" \/>\n<meta property=\"og:type\" content=\"article\" \/>\n<meta property=\"og:title\" content=\"Sloep te huur Leiden\" \/>\n<meta property=\"og:description\" content=\"Huur een sloep en trek eropuit.Ontdek de prachtige omgeving van Leiden. Wij bieden de mogelijkheid om een sloep te huren om te genieten van een dagje uit. Wij bieden u de mogelijkheid om een JBL box te huren die u via bluetooth kunt laten verbinden. Zo kunt u tijdens het varen genieten van uw favoriete nummers. Voor de kids kunt u een funband huren. Deze kan achterin de boot via touw bevestigd worden. Uiteraard bieden wij voor de kids ook zwemvesten.\" \/>\n<meta property=\"og:url\" content=\"https:\/\/havendienst.nl\/de\/produkt\/sloep-te-huur-leiden\/\" \/>\n<meta property=\"og:site_name\" content=\"Havendienst.nl\" \/>\n<meta property=\"article:publisher\" content=\"https:\/\/www.facebook.com\/HavendienstNL\/\" \/>\n<meta property=\"article:modified_time\" content=\"2026-04-22T15:11:54+00:00\" \/>\n<meta property=\"og:image\" content=\"https:\/\/havendienst.nl\/upload\/2026\/04\/sloep-1c.jpeg\" \/>\n\t<meta property=\"og:image:width\" content=\"516\" \/>\n\t<meta property=\"og:image:height\" content=\"640\" \/>\n\t<meta property=\"og:image:type\" content=\"image\/jpeg\" \/>\n<meta name=\"twitter:card\" content=\"summary_large_image\" \/>\n<meta name=\"twitter:label1\" content=\"Preis\" \/>\n\t<meta name=\"twitter:data1\" content=\"&euro;&nbsp;50,00\" \/>\n\t<meta name=\"twitter:label2\" content=\"Verf\u00fcgbarkeit\" \/>\n\t<meta name=\"twitter:data2\" content=\"Auf Lager\" \/>\n<script type=\"application\/ld+json\" class=\"yoast-schema-graph\">{\"@context\":\"https:\\\/\\\/schema.org\",\"@graph\":[{\"@type\":[\"WebPage\",\"ItemPage\"],\"@id\":\"https:\\\/\\\/havendienst.nl\\\/product\\\/sloep-te-huur-leiden\\\/\",\"url\":\"https:\\\/\\\/havendienst.nl\\\/product\\\/sloep-te-huur-leiden\\\/\",\"name\":\"Sloep te huur Leiden - Havendienst.nl\",\"isPartOf\":{\"@id\":\"https:\\\/\\\/havendienst.nl\\\/de\\\/#website\"},\"primaryImageOfPage\":{\"@id\":\"https:\\\/\\\/havendienst.nl\\\/product\\\/sloep-te-huur-leiden\\\/#primaryimage\"},\"image\":{\"@id\":\"https:\\\/\\\/havendienst.nl\\\/product\\\/sloep-te-huur-leiden\\\/#primaryimage\"},\"thumbnailUrl\":\"https:\\\/\\\/havendienst.nl\\\/upload\\\/2026\\\/04\\\/sloep-1c.jpeg\",\"datePublished\":\"2026-04-22T15:11:52+00:00\",\"dateModified\":\"2026-04-22T15:11:54+00:00\",\"description\":\"Huur een sloep en trek eropuit. Ontdek de prachtige omgeving van Leiden. Wij bieden de mogelijkheid om een sloep te huren om te genieten van een dagje uit. Wij bieden u de mogelijkheid om een JBL box te huren die u via bluetooth kunt laten verbinden. Zo kunt u tijdens het varen genieten van uw favoriete nummers. Voor de kids kunt u een funband huren. Deze kan achterin de boot via touw bevestigd worden. Uiteraard bieden wij voor de kids ook zwemvesten.\",\"breadcrumb\":{\"@id\":\"https:\\\/\\\/havendienst.nl\\\/product\\\/sloep-te-huur-leiden\\\/#breadcrumb\"},\"inLanguage\":\"de\",\"potentialAction\":[{\"@type\":\"ReadAction\",\"target\":[\"https:\\\/\\\/havendienst.nl\\\/product\\\/sloep-te-huur-leiden\\\/\"]}]},{\"@type\":\"ImageObject\",\"inLanguage\":\"de\",\"@id\":\"https:\\\/\\\/havendienst.nl\\\/product\\\/sloep-te-huur-leiden\\\/#primaryimage\",\"url\":\"https:\\\/\\\/havendienst.nl\\\/upload\\\/2026\\\/04\\\/sloep-1c.jpeg\",\"contentUrl\":\"https:\\\/\\\/havendienst.nl\\\/upload\\\/2026\\\/04\\\/sloep-1c.jpeg\",\"width\":516,\"height\":640},{\"@type\":\"BreadcrumbList\",\"@id\":\"https:\\\/\\\/havendienst.nl\\\/product\\\/sloep-te-huur-leiden\\\/#breadcrumb\",\"itemListElement\":[{\"@type\":\"ListItem\",\"position\":1,\"name\":\"Home\",\"item\":\"https:\\\/\\\/havendienst.nl\\\/\"},{\"@type\":\"ListItem\",\"position\":2,\"name\":\"Winkel\",\"item\":\"https:\\\/\\\/havendienst.nl\\\/winkel\\\/\"},{\"@type\":\"ListItem\",\"position\":3,\"name\":\"Sloep te huur Leiden\"}]},{\"@type\":\"WebSite\",\"@id\":\"https:\\\/\\\/havendienst.nl\\\/de\\\/#website\",\"url\":\"https:\\\/\\\/havendienst.nl\\\/de\\\/\",\"name\":\"Havendienst.nl\",\"description\":\"Deelplatform voor boot huur en verhuur\",\"publisher\":{\"@id\":\"https:\\\/\\\/havendienst.nl\\\/de\\\/#organization\"},\"alternateName\":\"Havendienst Boot huren Loosdrecht\",\"potentialAction\":[{\"@type\":\"SearchAction\",\"target\":{\"@type\":\"EntryPoint\",\"urlTemplate\":\"https:\\\/\\\/havendienst.nl\\\/de\\\/?s={search_term_string}\"},\"query-input\":{\"@type\":\"PropertyValueSpecification\",\"valueRequired\":true,\"valueName\":\"search_term_string\"}}],\"inLanguage\":\"de\"},{\"@type\":[\"Organization\",\"Place\",\"Corporation\"],\"@id\":\"https:\\\/\\\/havendienst.nl\\\/de\\\/#organization\",\"name\":\"Havendienst.nl\",\"alternateName\":\"Havendienst Boot huren Loosdrecht\",\"url\":\"https:\\\/\\\/havendienst.nl\\\/de\\\/\",\"logo\":{\"@id\":\"https:\\\/\\\/havendienst.nl\\\/product\\\/sloep-te-huur-leiden\\\/#local-main-organization-logo\"},\"image\":{\"@id\":\"https:\\\/\\\/havendienst.nl\\\/product\\\/sloep-te-huur-leiden\\\/#local-main-organization-logo\"},\"sameAs\":[\"https:\\\/\\\/www.facebook.com\\\/HavendienstNL\\\/\",\"https:\\\/\\\/www.instagram.com\\\/havendienstnl\\\/\",\"https:\\\/\\\/www.youtube.com\\\/@havendienst\",\"http:\\\/\\\/wa.me\\\/31356565744\"],\"description\":\"Havendienst.nl is het grootste gratis deelplatform voor bootverhuur in Loosdrecht en omgeving. Verhuur of huur eenvoudig een sloep, motorboot of sup zonder commissie. Havendienst.nl biedt daarnaast pechhulp op het water, watertaxi en noodservice op de Loosdrechtse Plassen, de Vecht en aangrenzende wateren. D\u00e9 centrale plek voor particulieren en verhuurbedrijven.\",\"legalName\":\"Havendienst.nl\",\"foundingDate\":\"2021-03-01\",\"duns\":\"404514148\",\"numberOfEmployees\":{\"@type\":\"QuantitativeValue\",\"minValue\":\"1\",\"maxValue\":\"10\"},\"publishingPrinciples\":\"https:\\\/\\\/havendienst.nl\\\/over\\\/\",\"ownershipFundingInfo\":\"https:\\\/\\\/havendienst.nl\\\/over\\\/\",\"actionableFeedbackPolicy\":\"https:\\\/\\\/havendienst.nl\\\/over\\\/\",\"correctionsPolicy\":\"https:\\\/\\\/havendienst.nl\\\/over\\\/\",\"ethicsPolicy\":\"https:\\\/\\\/havendienst.nl\\\/over\\\/\",\"diversityPolicy\":\"https:\\\/\\\/havendienst.nl\\\/over\\\/\",\"diversityStaffingReport\":\"https:\\\/\\\/havendienst.nl\\\/over\\\/\",\"hasMerchantReturnPolicy\":{\"@type\":\"MerchantReturnPolicy\",\"merchantReturnLink\":\"https:\\\/\\\/havendienst.nl\\\/de\\\/over\\\/\"},\"address\":{\"@id\":\"https:\\\/\\\/havendienst.nl\\\/product\\\/sloep-te-huur-leiden\\\/#local-main-place-address\"},\"geo\":{\"@type\":\"GeoCoordinates\",\"latitude\":\"52.23923903597849\",\"longitude\":\"5.117388746032714\"},\"telephone\":[\"+31 35 6565744\"],\"openingHoursSpecification\":[{\"@type\":\"OpeningHoursSpecification\",\"dayOfWeek\":[\"Monday\",\"Tuesday\",\"Wednesday\",\"Thursday\",\"Friday\",\"Saturday\",\"Sunday\"],\"opens\":\"08:00\",\"closes\":\"22:00\"}],\"email\":\"info@havendienst.nl\",\"areaServed\":\"Loosdrecht, Oud-Loosdrecht, Vinkeveen, Friesland, Amsterdam, Utrecht, Oudewater, Kortenhoef, Maarssen, Weesp, Breukelen, Vecht\",\"vatID\":\"NL821308233B01\"},{\"@type\":\"PostalAddress\",\"@id\":\"https:\\\/\\\/havendienst.nl\\\/product\\\/sloep-te-huur-leiden\\\/#local-main-place-address\",\"streetAddress\":\"Kerklaan 53\",\"addressLocality\":\"Kortenhoef\",\"postalCode\":\"1241CK\",\"addressRegion\":\"Noord-Holland\",\"addressCountry\":\"NL\"},{\"@type\":\"ImageObject\",\"inLanguage\":\"de\",\"@id\":\"https:\\\/\\\/havendienst.nl\\\/product\\\/sloep-te-huur-leiden\\\/#local-main-organization-logo\",\"url\":\"https:\\\/\\\/havendienst.nl\\\/upload\\\/2021\\\/01\\\/havendienst-logo-small.png\",\"contentUrl\":\"https:\\\/\\\/havendienst.nl\\\/upload\\\/2021\\\/01\\\/havendienst-logo-small.png\",\"width\":167,\"height\":81,\"caption\":\"Havendienst.nl\"}]}<\/script>\n<meta property=\"product:price:amount\" content=\"50.00\" \/>\n<meta property=\"product:price:currency\" content=\"EUR\" \/>\n<meta property=\"og:availability\" content=\"instock\" \/>\n<meta property=\"product:availability\" content=\"instock\" \/>\n<meta property=\"product:condition\" content=\"new\" \/>\n<meta name=\"geo.placename\" content=\"Kortenhoef\" \/>\n<meta name=\"geo.position\" content=\"52.23923903597849;5.117388746032714\" \/>\n<meta name=\"geo.region\" content=\"Niederlande\" \/>\n<!-- \/ Yoast SEO Premium plugin. -->","yoast_head_json":{"title":"Schaluppe zur Miete Leiden - Havendienst.nl","description":"Mieten Sie eine Schaluppe und machen Sie sich auf den Weg, um die sch\u00f6ne Umgebung von Leiden zu entdecken. Wir bieten Ihnen die M\u00f6glichkeit, eine Schaluppe zu mieten, um einen Tagesausflug zu genie\u00dfen. Wir bieten Ihnen die M\u00f6glichkeit, eine JBL-Box zu mieten, die Sie \u00fcber Bluetooth anschlie\u00dfen k\u00f6nnen. So k\u00f6nnen Sie beim Segeln Ihre Lieblingssongs genie\u00dfen. F\u00fcr die Kinder k\u00f6nnen Sie ein Funband mieten. Dieses kann mit einem Seil am Heck des Bootes befestigt werden. Nat\u00fcrlich bieten wir auch Schwimmwesten f\u00fcr die Kinder an.","robots":{"index":"index","follow":"follow","max-snippet":"max-snippet:-1","max-image-preview":"max-image-preview:large","max-video-preview":"max-video-preview:-1"},"canonical":"https:\/\/havendienst.nl\/de\/produkt\/sloep-te-huur-leiden\/","og_locale":"de_DE","og_type":"article","og_title":"Sloep te huur Leiden","og_description":"Huur een sloep en trek eropuit.Ontdek de prachtige omgeving van Leiden. Wij bieden de mogelijkheid om een sloep te huren om te genieten van een dagje uit. Wij bieden u de mogelijkheid om een JBL box te huren die u via bluetooth kunt laten verbinden. Zo kunt u tijdens het varen genieten van uw favoriete nummers. Voor de kids kunt u een funband huren. Deze kan achterin de boot via touw bevestigd worden. Uiteraard bieden wij voor de kids ook zwemvesten.","og_url":"https:\/\/havendienst.nl\/de\/produkt\/sloep-te-huur-leiden\/","og_site_name":"Havendienst.nl","article_publisher":"https:\/\/www.facebook.com\/HavendienstNL\/","article_modified_time":"2026-04-22T15:11:54+00:00","og_image":[{"width":516,"height":640,"url":"https:\/\/havendienst.nl\/upload\/2026\/04\/sloep-1c.jpeg","type":"image\/jpeg"}],"twitter_card":"summary_large_image","twitter_misc":{"Preis":"&euro;&nbsp;50,00","Verf\u00fcgbarkeit":"Auf Lager"},"schema":{"@context":"https:\/\/schema.org","@graph":[{"@type":["WebPage","ItemPage"],"@id":"https:\/\/havendienst.nl\/product\/sloep-te-huur-leiden\/","url":"https:\/\/havendienst.nl\/product\/sloep-te-huur-leiden\/","name":"Schaluppe zur Miete Leiden - Havendienst.nl","isPartOf":{"@id":"https:\/\/havendienst.nl\/de\/#website"},"primaryImageOfPage":{"@id":"https:\/\/havendienst.nl\/product\/sloep-te-huur-leiden\/#primaryimage"},"image":{"@id":"https:\/\/havendienst.nl\/product\/sloep-te-huur-leiden\/#primaryimage"},"thumbnailUrl":"https:\/\/havendienst.nl\/upload\/2026\/04\/sloep-1c.jpeg","datePublished":"2026-04-22T15:11:52+00:00","dateModified":"2026-04-22T15:11:54+00:00","description":"Mieten Sie eine Schaluppe und fahren Sie los. Entdecken Sie die sch\u00f6ne Umgebung von Leiden. Wir bieten Ihnen die M\u00f6glichkeit, eine Schaluppe zu mieten, um einen Tagesausflug zu genie\u00dfen. Wir bieten Ihnen die M\u00f6glichkeit, eine JBL-Box zu mieten, die Sie \u00fcber Bluetooth anschlie\u00dfen k\u00f6nnen. So k\u00f6nnen Sie beim Segeln Ihre Lieblingssongs genie\u00dfen. F\u00fcr die Kinder k\u00f6nnen Sie ein Funband mieten. Dieses kann mit einem Seil am Heck des Bootes befestigt werden. Nat\u00fcrlich bieten wir auch Schwimmwesten f\u00fcr die Kinder an.","breadcrumb":{"@id":"https:\/\/havendienst.nl\/product\/sloep-te-huur-leiden\/#breadcrumb"},"inLanguage":"de","potentialAction":[{"@type":"ReadAction","target":["https:\/\/havendienst.nl\/product\/sloep-te-huur-leiden\/"]}]},{"@type":"ImageObject","inLanguage":"de","@id":"https:\/\/havendienst.nl\/product\/sloep-te-huur-leiden\/#primaryimage","url":"https:\/\/havendienst.nl\/upload\/2026\/04\/sloep-1c.jpeg","contentUrl":"https:\/\/havendienst.nl\/upload\/2026\/04\/sloep-1c.jpeg","width":516,"height":640},{"@type":"BreadcrumbList","@id":"https:\/\/havendienst.nl\/product\/sloep-te-huur-leiden\/#breadcrumb","itemListElement":[{"@type":"ListItem","position":1,"name":"Home","item":"https:\/\/havendienst.nl\/"},{"@type":"ListItem","position":2,"name":"Winkel","item":"https:\/\/havendienst.nl\/winkel\/"},{"@type":"ListItem","position":3,"name":"Sloep te huur Leiden"}]},{"@type":"WebSite","@id":"https:\/\/havendienst.nl\/de\/#website","url":"https:\/\/havendienst.nl\/de\/","name":"Havendienst.nl","description":"Gemeinsame Plattform f\u00fcr Bootsverleih und -vermietung","publisher":{"@id":"https:\/\/havendienst.nl\/de\/#organization"},"alternateName":"Havendienst Boot huren Loosdrecht","potentialAction":[{"@type":"SearchAction","target":{"@type":"EntryPoint","urlTemplate":"https:\/\/havendienst.nl\/de\/?s={search_term_string}"},"query-input":{"@type":"PropertyValueSpecification","valueRequired":true,"valueName":"search_term_string"}}],"inLanguage":"de"},{"@type":["Organization","Place","Corporation"],"@id":"https:\/\/havendienst.nl\/de\/#organization","name":"Havendienst.nl","alternateName":"Havendienst Boot huren Loosdrecht","url":"https:\/\/havendienst.nl\/de\/","logo":{"@id":"https:\/\/havendienst.nl\/product\/sloep-te-huur-leiden\/#local-main-organization-logo"},"image":{"@id":"https:\/\/havendienst.nl\/product\/sloep-te-huur-leiden\/#local-main-organization-logo"},"sameAs":["https:\/\/www.facebook.com\/HavendienstNL\/","https:\/\/www.instagram.com\/havendienstnl\/","https:\/\/www.youtube.com\/@havendienst","http:\/\/wa.me\/31356565744"],"description":"Havendienst.nl ist die gr\u00f6\u00dfte kostenlose Vermittlungsplattform f\u00fcr Bootsvermietungen in Loosdrecht und Umgebung. Mieten oder leasen Sie ganz einfach eine Schaluppe, ein Motorboot oder eine Sup ohne Provision. Havendienst.nl bietet auch Wasserpannenhilfe, Wassertaxi und Notdienst auf den Loosdrechtse Plassen, dem Vecht und den angrenzenden Gew\u00e4ssern. Die zentrale Anlaufstelle f\u00fcr Privatpersonen und Vermietungsunternehmen.","legalName":"Havendienst.nl","foundingDate":"2021-03-01","duns":"404514148","numberOfEmployees":{"@type":"QuantitativeValue","minValue":"1","maxValue":"10"},"publishingPrinciples":"https:\/\/havendienst.nl\/over\/","ownershipFundingInfo":"https:\/\/havendienst.nl\/over\/","actionableFeedbackPolicy":"https:\/\/havendienst.nl\/over\/","correctionsPolicy":"https:\/\/havendienst.nl\/over\/","ethicsPolicy":"https:\/\/havendienst.nl\/over\/","diversityPolicy":"https:\/\/havendienst.nl\/over\/","diversityStaffingReport":"https:\/\/havendienst.nl\/over\/","hasMerchantReturnPolicy":{"@type":"MerchantReturnPolicy","merchantReturnLink":"https:\/\/havendienst.nl\/de\/over\/"},"address":{"@id":"https:\/\/havendienst.nl\/product\/sloep-te-huur-leiden\/#local-main-place-address"},"geo":{"@type":"GeoCoordinates","latitude":"52.23923903597849","longitude":"5.117388746032714"},"telephone":["+31 35 6565744"],"openingHoursSpecification":[{"@type":"OpeningHoursSpecification","dayOfWeek":["Monday","Tuesday","Wednesday","Thursday","Friday","Saturday","Sunday"],"opens":"08:00","closes":"22:00"}],"email":"info@havendienst.nl","areaServed":"Loosdrecht, Oud-Loosdrecht, Vinkeveen, Friesland, Amsterdam, Utrecht, Oudewater, Kortenhoef, Maarssen, Weesp, Breukelen, Vecht","vatID":"NL821308233B01"},{"@type":"PostalAddress","@id":"https:\/\/havendienst.nl\/product\/sloep-te-huur-leiden\/#local-main-place-address","streetAddress":"Kerklaan 53","addressLocality":"Kortenhoef","postalCode":"1241CK","addressRegion":"Noord-Holland","addressCountry":"NL"},{"@type":"ImageObject","inLanguage":"de","@id":"https:\/\/havendienst.nl\/product\/sloep-te-huur-leiden\/#local-main-organization-logo","url":"https:\/\/havendienst.nl\/upload\/2021\/01\/havendienst-logo-small.png","contentUrl":"https:\/\/havendienst.nl\/upload\/2021\/01\/havendienst-logo-small.png","width":167,"height":81,"caption":"Havendienst.nl"}]},"product_price_amount":"50.00","product_price_currency":"EUR","og_availability":"instock","product_availability":"instock","product_condition":"new","geo.placename":"Kortenhoef","geo.position":{"lat":"52.23923903597849","long":"5.117388746032714"},"geo.region":"Niederlande"},"_links":{"self":[{"href":"https:\/\/havendienst.nl\/de\/wp-json\/wp\/v2\/product\/58818","targetHints":{"allow":["GET"]}}],"collection":[{"href":"https:\/\/havendienst.nl\/de\/wp-json\/wp\/v2\/product"}],"about":[{"href":"https:\/\/havendienst.nl\/de\/wp-json\/wp\/v2\/types\/product"}],"replies":[{"embeddable":true,"href":"https:\/\/havendienst.nl\/de\/wp-json\/wp\/v2\/comments?post=58818"}],"wp:featuredmedia":[{"embeddable":true,"href":"https:\/\/havendienst.nl\/de\/wp-json\/wp\/v2\/media\/58817"}],"wp:attachment":[{"href":"https:\/\/havendienst.nl\/de\/wp-json\/wp\/v2\/media?parent=58818"}],"wp:term":[{"taxonomy":"product_brand","embeddable":true,"href":"https:\/\/havendienst.nl\/de\/wp-json\/wp\/v2\/product_brand?post=58818"},{"taxonomy":"product_cat","embeddable":true,"href":"https:\/\/havendienst.nl\/de\/wp-json\/wp\/v2\/product_cat?post=58818"},{"taxonomy":"product_tag","embeddable":true,"href":"https:\/\/havendienst.nl\/de\/wp-json\/wp\/v2\/product_tag?post=58818"}],"curies":[{"name":"wp","href":"https:\/\/api.w.org\/{rel}","templated":true}]}}