{"id":58755,"date":"2026-04-15T09:50:16","date_gmt":"2026-04-15T07:50:16","guid":{"rendered":"https:\/\/havendienst.nl\/product\/santos-one\/"},"modified":"2026-04-17T15:43:50","modified_gmt":"2026-04-17T13:43:50","slug":"santos-one","status":"publish","type":"product","link":"https:\/\/havendienst.nl\/de\/product\/santos-one\/","title":{"rendered":"Santos Eins"},"content":{"rendered":"<div class=\"fusion-fullwidth fullwidth-box fusion-builder-row-1 fusion-flex-container nonhundred-percent-fullwidth non-hundred-percent-height-scrolling\" style=\"--awb-border-radius-top-left:0px;--awb-border-radius-top-right:0px;--awb-border-radius-bottom-right:0px;--awb-border-radius-bottom-left:0px;--awb-flex-wrap:wrap;\" ><div class=\"fusion-builder-row fusion-row fusion-flex-align-items-flex-start fusion-flex-content-wrap\" style=\"max-width:1144px;margin-left: calc(-4% \/ 2 );margin-right: calc(-4% \/ 2 );\"><div class=\"fusion-layout-column fusion_builder_column fusion-builder-column-0 fusion_builder_column_1_1 1_1 fusion-flex-column\" style=\"--awb-bg-size:cover;--awb-width-large:100%;--awb-margin-top-large:0px;--awb-spacing-right-large:1.92%;--awb-margin-bottom-large:0px;--awb-spacing-left-large:1.92%;--awb-width-medium:100%;--awb-spacing-right-medium:1.92%;--awb-spacing-left-medium:1.92%;--awb-width-small:100%;--awb-spacing-right-small:1.92%;--awb-spacing-left-small:1.92%;\"><div class=\"fusion-column-wrapper fusion-flex-justify-content-flex-start fusion-content-layout-column\"><div class=\"fusion-text fusion-text-1\"><p><span style=\"font-family: Circular, sans-serif\">Sehr feine 6-Personen-Schaluppe, leicht man\u00f6vrierbar und 100 % elektrisch mit RIM Drive Technology. Fl\u00fcsterleise elektrisch mit Radio, Bimini, Luxus-Kissen-Set und Tisch. Genie\u00dfen Sie die Loosdrecht Seen.<\/span><\/p>\n<\/div><\/div><\/div><\/div><\/div>","protected":false},"excerpt":{"rendered":"<p><span style=\"font-family: Circular, sans-serif\" data-mce-style=\"font-family: Circular, sans-serif;\">Sehr feine 6-Personen-Schaluppe, leicht man\u00f6vrierbar und 100 % elektrisch mit RIM Drive Technology. Fl\u00fcsterleise elektrisch mit Radio, Bimini, Luxus-Kissen-Set und Tisch. Genie\u00dfen Sie die Loosdrecht Seen.<\/span><\/p>","protected":false},"featured_media":58750,"comment_status":"open","ping_status":"closed","template":"","meta":{"rs_blank_template":"","rs_page_bg_color":"","slide_template_v7":""},"product_brand":[],"product_cat":[342,257],"product_tag":[],"class_list":{"0":"post-58755","1":"product","2":"type-product","3":"status-publish","4":"has-post-thumbnail","6":"product_cat-boten","7":"product_cat-area-loosdrecht","8":"wcpv_product_vendors-qaptains","10":"first","11":"instock","12":"virtual","13":"sold-individually","14":"taxable","15":"purchasable","16":"product-type-booking"},"booking_location":"","booking_location_type":"","booking_duration":60,"booking_duration_unit":"minute","booking_buffer":0,"booking_cost":0,"booking_resources":[],"exclude_global_add_ons":false,"addons":[{"name":"Borg","type":"multiple_choice","position":0,"required":true,"title_format":"label","default":"","description_enable":true,"description":"Die Kaution ist obligatorisch. Sie wird zur\u00fcckerstattet, es sei denn, es muss etwas geregelt werden, wie z. B. zus\u00e4tzliche Fahrzeit oder Sch\u00e4den.","placeholder_enable":false,"placeholder":"","display":"select","restrictions_type":"any_text","adjust_price":false,"price":"0","price_type":"flat_fee","restrictions":false,"min":"0","max":"0","options":[{"label":"Borg","price":"200.00","price_type":"flat_fee","image":0,"visibility":true}]}],"yoast_head":"<!-- This site is optimized with the Yoast SEO Premium plugin v27.4 (Yoast SEO v27.4) - https:\/\/yoast.com\/product\/yoast-seo-premium-wordpress\/ -->\n<title>Santos One - Havendienst.nl<\/title>\n<meta name=\"description\" content=\"electrische boot, 6 personen, loosdrecht, varen, huurboot\" \/>\n<meta name=\"robots\" content=\"index, follow, max-snippet:-1, max-image-preview:large, max-video-preview:-1\" \/>\n<link rel=\"canonical\" href=\"https:\/\/havendienst.nl\/de\/produkt\/santos-one\/\" \/>\n<meta property=\"og:locale\" content=\"de_DE\" \/>\n<meta property=\"og:type\" content=\"article\" \/>\n<meta property=\"og:title\" content=\"Santos One\" \/>\n<meta property=\"og:description\" content=\"electrische boot, 6 personen, loosdrecht, varen, huurboot\" \/>\n<meta property=\"og:url\" content=\"https:\/\/havendienst.nl\/de\/produkt\/santos-one\/\" \/>\n<meta property=\"og:site_name\" content=\"Havendienst.nl\" \/>\n<meta property=\"article:publisher\" content=\"https:\/\/www.facebook.com\/HavendienstNL\/\" \/>\n<meta property=\"article:modified_time\" content=\"2026-04-17T13:43:50+00:00\" \/>\n<meta property=\"og:image\" content=\"https:\/\/havendienst.nl\/upload\/2026\/04\/Santos-foto-1.jpg\" \/>\n\t<meta property=\"og:image:width\" content=\"4226\" \/>\n\t<meta property=\"og:image:height\" content=\"2817\" \/>\n\t<meta property=\"og:image:type\" content=\"image\/jpeg\" \/>\n<meta name=\"twitter:card\" content=\"summary_large_image\" \/>\n<meta name=\"twitter:label1\" content=\"Preis\" \/>\n\t<meta name=\"twitter:data1\" content=\"&euro;&nbsp;165,00\" \/>\n\t<meta name=\"twitter:label2\" content=\"Verf\u00fcgbarkeit\" \/>\n\t<meta name=\"twitter:data2\" content=\"Auf Lager\" \/>\n<script type=\"application\/ld+json\" class=\"yoast-schema-graph\">{\"@context\":\"https:\\\/\\\/schema.org\",\"@graph\":[{\"@type\":[\"WebPage\",\"ItemPage\"],\"@id\":\"https:\\\/\\\/havendienst.nl\\\/product\\\/santos-one\\\/\",\"url\":\"https:\\\/\\\/havendienst.nl\\\/product\\\/santos-one\\\/\",\"name\":\"Santos One - Havendienst.nl\",\"isPartOf\":{\"@id\":\"https:\\\/\\\/havendienst.nl\\\/de\\\/#website\"},\"primaryImageOfPage\":{\"@id\":\"https:\\\/\\\/havendienst.nl\\\/product\\\/santos-one\\\/#primaryimage\"},\"image\":{\"@id\":\"https:\\\/\\\/havendienst.nl\\\/product\\\/santos-one\\\/#primaryimage\"},\"thumbnailUrl\":\"https:\\\/\\\/havendienst.nl\\\/upload\\\/2026\\\/04\\\/Santos-foto-1.jpg\",\"datePublished\":\"2026-04-15T07:50:16+00:00\",\"dateModified\":\"2026-04-17T13:43:50+00:00\",\"description\":\"electrische boot, 6 personen, loosdrecht, varen, huurboot\",\"breadcrumb\":{\"@id\":\"https:\\\/\\\/havendienst.nl\\\/product\\\/santos-one\\\/#breadcrumb\"},\"inLanguage\":\"de\",\"potentialAction\":[{\"@type\":\"ReadAction\",\"target\":[\"https:\\\/\\\/havendienst.nl\\\/product\\\/santos-one\\\/\"]}]},{\"@type\":\"ImageObject\",\"inLanguage\":\"de\",\"@id\":\"https:\\\/\\\/havendienst.nl\\\/product\\\/santos-one\\\/#primaryimage\",\"url\":\"https:\\\/\\\/havendienst.nl\\\/upload\\\/2026\\\/04\\\/Santos-foto-1.jpg\",\"contentUrl\":\"https:\\\/\\\/havendienst.nl\\\/upload\\\/2026\\\/04\\\/Santos-foto-1.jpg\",\"width\":4226,\"height\":2817},{\"@type\":\"BreadcrumbList\",\"@id\":\"https:\\\/\\\/havendienst.nl\\\/product\\\/santos-one\\\/#breadcrumb\",\"itemListElement\":[{\"@type\":\"ListItem\",\"position\":1,\"name\":\"Home\",\"item\":\"https:\\\/\\\/havendienst.nl\\\/\"},{\"@type\":\"ListItem\",\"position\":2,\"name\":\"Winkel\",\"item\":\"https:\\\/\\\/havendienst.nl\\\/winkel\\\/\"},{\"@type\":\"ListItem\",\"position\":3,\"name\":\"Santos One\"}]},{\"@type\":\"WebSite\",\"@id\":\"https:\\\/\\\/havendienst.nl\\\/de\\\/#website\",\"url\":\"https:\\\/\\\/havendienst.nl\\\/de\\\/\",\"name\":\"Havendienst.nl\",\"description\":\"Deelplatform voor boot huur en verhuur\",\"publisher\":{\"@id\":\"https:\\\/\\\/havendienst.nl\\\/de\\\/#organization\"},\"alternateName\":\"Havendienst Boot huren Loosdrecht\",\"potentialAction\":[{\"@type\":\"SearchAction\",\"target\":{\"@type\":\"EntryPoint\",\"urlTemplate\":\"https:\\\/\\\/havendienst.nl\\\/de\\\/?s={search_term_string}\"},\"query-input\":{\"@type\":\"PropertyValueSpecification\",\"valueRequired\":true,\"valueName\":\"search_term_string\"}}],\"inLanguage\":\"de\"},{\"@type\":[\"Organization\",\"Place\",\"Corporation\"],\"@id\":\"https:\\\/\\\/havendienst.nl\\\/de\\\/#organization\",\"name\":\"Havendienst.nl\",\"alternateName\":\"Havendienst Boot huren Loosdrecht\",\"url\":\"https:\\\/\\\/havendienst.nl\\\/de\\\/\",\"logo\":{\"@id\":\"https:\\\/\\\/havendienst.nl\\\/product\\\/santos-one\\\/#local-main-organization-logo\"},\"image\":{\"@id\":\"https:\\\/\\\/havendienst.nl\\\/product\\\/santos-one\\\/#local-main-organization-logo\"},\"sameAs\":[\"https:\\\/\\\/www.facebook.com\\\/HavendienstNL\\\/\",\"https:\\\/\\\/www.instagram.com\\\/havendienstnl\\\/\",\"https:\\\/\\\/www.youtube.com\\\/@havendienst\",\"http:\\\/\\\/wa.me\\\/31356565744\"],\"description\":\"Havendienst.nl is het grootste gratis deelplatform voor bootverhuur in Loosdrecht en omgeving. Verhuur of huur eenvoudig een sloep, motorboot of sup zonder commissie. Havendienst.nl biedt daarnaast pechhulp op het water, watertaxi en noodservice op de Loosdrechtse Plassen, de Vecht en aangrenzende wateren. D\u00e9 centrale plek voor particulieren en verhuurbedrijven.\",\"legalName\":\"Havendienst.nl\",\"foundingDate\":\"2021-03-01\",\"duns\":\"404514148\",\"numberOfEmployees\":{\"@type\":\"QuantitativeValue\",\"minValue\":\"1\",\"maxValue\":\"10\"},\"publishingPrinciples\":\"https:\\\/\\\/havendienst.nl\\\/over\\\/\",\"ownershipFundingInfo\":\"https:\\\/\\\/havendienst.nl\\\/over\\\/\",\"actionableFeedbackPolicy\":\"https:\\\/\\\/havendienst.nl\\\/over\\\/\",\"correctionsPolicy\":\"https:\\\/\\\/havendienst.nl\\\/over\\\/\",\"ethicsPolicy\":\"https:\\\/\\\/havendienst.nl\\\/over\\\/\",\"diversityPolicy\":\"https:\\\/\\\/havendienst.nl\\\/over\\\/\",\"diversityStaffingReport\":\"https:\\\/\\\/havendienst.nl\\\/over\\\/\",\"hasMerchantReturnPolicy\":{\"@type\":\"MerchantReturnPolicy\",\"merchantReturnLink\":\"https:\\\/\\\/havendienst.nl\\\/de\\\/over\\\/\"},\"address\":{\"@id\":\"https:\\\/\\\/havendienst.nl\\\/product\\\/santos-one\\\/#local-main-place-address\"},\"geo\":{\"@type\":\"GeoCoordinates\",\"latitude\":\"52.23923903597849\",\"longitude\":\"5.117388746032714\"},\"telephone\":[\"+31 35 6565744\"],\"openingHoursSpecification\":[{\"@type\":\"OpeningHoursSpecification\",\"dayOfWeek\":[\"Monday\",\"Tuesday\",\"Wednesday\",\"Thursday\",\"Friday\",\"Saturday\",\"Sunday\"],\"opens\":\"08:00\",\"closes\":\"22:00\"}],\"email\":\"info@havendienst.nl\",\"areaServed\":\"Loosdrecht, Oud-Loosdrecht, Vinkeveen, Friesland, Amsterdam, Utrecht, Oudewater, Kortenhoef, Maarssen, Weesp, Breukelen, Vecht\",\"vatID\":\"NL821308233B01\"},{\"@type\":\"PostalAddress\",\"@id\":\"https:\\\/\\\/havendienst.nl\\\/product\\\/santos-one\\\/#local-main-place-address\",\"streetAddress\":\"Kerklaan 53\",\"addressLocality\":\"Kortenhoef\",\"postalCode\":\"1241CK\",\"addressRegion\":\"Noord-Holland\",\"addressCountry\":\"NL\"},{\"@type\":\"ImageObject\",\"inLanguage\":\"de\",\"@id\":\"https:\\\/\\\/havendienst.nl\\\/product\\\/santos-one\\\/#local-main-organization-logo\",\"url\":\"https:\\\/\\\/havendienst.nl\\\/upload\\\/2021\\\/01\\\/havendienst-logo-small.png\",\"contentUrl\":\"https:\\\/\\\/havendienst.nl\\\/upload\\\/2021\\\/01\\\/havendienst-logo-small.png\",\"width\":167,\"height\":81,\"caption\":\"Havendienst.nl\"}]}<\/script>\n<meta property=\"product:price:amount\" content=\"165.00\" \/>\n<meta property=\"product:price:currency\" content=\"EUR\" \/>\n<meta property=\"og:availability\" content=\"instock\" \/>\n<meta property=\"product:availability\" content=\"instock\" \/>\n<meta property=\"product:condition\" content=\"new\" \/>\n<meta name=\"geo.placename\" content=\"Kortenhoef\" \/>\n<meta name=\"geo.position\" content=\"52.23923903597849;5.117388746032714\" \/>\n<meta name=\"geo.region\" content=\"Niederlande\" \/>\n<!-- \/ Yoast SEO Premium plugin. -->","yoast_head_json":{"title":"Santos One - Havendienst.nl","description":"Elektroboot, 6 Personen, Loosdrecht, Boot fahren, Boot mieten","robots":{"index":"index","follow":"follow","max-snippet":"max-snippet:-1","max-image-preview":"max-image-preview:large","max-video-preview":"max-video-preview:-1"},"canonical":"https:\/\/havendienst.nl\/de\/produkt\/santos-one\/","og_locale":"de_DE","og_type":"article","og_title":"Santos One","og_description":"electrische boot, 6 personen, loosdrecht, varen, huurboot","og_url":"https:\/\/havendienst.nl\/de\/produkt\/santos-one\/","og_site_name":"Havendienst.nl","article_publisher":"https:\/\/www.facebook.com\/HavendienstNL\/","article_modified_time":"2026-04-17T13:43:50+00:00","og_image":[{"width":4226,"height":2817,"url":"https:\/\/havendienst.nl\/upload\/2026\/04\/Santos-foto-1.jpg","type":"image\/jpeg"}],"twitter_card":"summary_large_image","twitter_misc":{"Preis":"&euro;&nbsp;165,00","Verf\u00fcgbarkeit":"Auf Lager"},"schema":{"@context":"https:\/\/schema.org","@graph":[{"@type":["WebPage","ItemPage"],"@id":"https:\/\/havendienst.nl\/product\/santos-one\/","url":"https:\/\/havendienst.nl\/product\/santos-one\/","name":"Santos One - Havendienst.nl","isPartOf":{"@id":"https:\/\/havendienst.nl\/de\/#website"},"primaryImageOfPage":{"@id":"https:\/\/havendienst.nl\/product\/santos-one\/#primaryimage"},"image":{"@id":"https:\/\/havendienst.nl\/product\/santos-one\/#primaryimage"},"thumbnailUrl":"https:\/\/havendienst.nl\/upload\/2026\/04\/Santos-foto-1.jpg","datePublished":"2026-04-15T07:50:16+00:00","dateModified":"2026-04-17T13:43:50+00:00","description":"Elektroboot, 6 Personen, Loosdrecht, Boot fahren, Boot mieten","breadcrumb":{"@id":"https:\/\/havendienst.nl\/product\/santos-one\/#breadcrumb"},"inLanguage":"de","potentialAction":[{"@type":"ReadAction","target":["https:\/\/havendienst.nl\/product\/santos-one\/"]}]},{"@type":"ImageObject","inLanguage":"de","@id":"https:\/\/havendienst.nl\/product\/santos-one\/#primaryimage","url":"https:\/\/havendienst.nl\/upload\/2026\/04\/Santos-foto-1.jpg","contentUrl":"https:\/\/havendienst.nl\/upload\/2026\/04\/Santos-foto-1.jpg","width":4226,"height":2817},{"@type":"BreadcrumbList","@id":"https:\/\/havendienst.nl\/product\/santos-one\/#breadcrumb","itemListElement":[{"@type":"ListItem","position":1,"name":"Home","item":"https:\/\/havendienst.nl\/"},{"@type":"ListItem","position":2,"name":"Winkel","item":"https:\/\/havendienst.nl\/winkel\/"},{"@type":"ListItem","position":3,"name":"Santos One"}]},{"@type":"WebSite","@id":"https:\/\/havendienst.nl\/de\/#website","url":"https:\/\/havendienst.nl\/de\/","name":"Havendienst.nl","description":"Gemeinsame Plattform f\u00fcr Bootsverleih und -vermietung","publisher":{"@id":"https:\/\/havendienst.nl\/de\/#organization"},"alternateName":"Havendienst Boot huren Loosdrecht","potentialAction":[{"@type":"SearchAction","target":{"@type":"EntryPoint","urlTemplate":"https:\/\/havendienst.nl\/de\/?s={search_term_string}"},"query-input":{"@type":"PropertyValueSpecification","valueRequired":true,"valueName":"search_term_string"}}],"inLanguage":"de"},{"@type":["Organization","Place","Corporation"],"@id":"https:\/\/havendienst.nl\/de\/#organization","name":"Havendienst.nl","alternateName":"Havendienst Boot huren Loosdrecht","url":"https:\/\/havendienst.nl\/de\/","logo":{"@id":"https:\/\/havendienst.nl\/product\/santos-one\/#local-main-organization-logo"},"image":{"@id":"https:\/\/havendienst.nl\/product\/santos-one\/#local-main-organization-logo"},"sameAs":["https:\/\/www.facebook.com\/HavendienstNL\/","https:\/\/www.instagram.com\/havendienstnl\/","https:\/\/www.youtube.com\/@havendienst","http:\/\/wa.me\/31356565744"],"description":"Havendienst.nl ist die gr\u00f6\u00dfte kostenlose Vermittlungsplattform f\u00fcr Bootsvermietungen in Loosdrecht und Umgebung. Mieten oder leasen Sie ganz einfach eine Schaluppe, ein Motorboot oder eine Sup ohne Provision. Havendienst.nl bietet auch Wasserpannenhilfe, Wassertaxi und Notdienst auf den Loosdrechtse Plassen, dem Vecht und den angrenzenden Gew\u00e4ssern. Die zentrale Anlaufstelle f\u00fcr Privatpersonen und Vermietungsunternehmen.","legalName":"Havendienst.nl","foundingDate":"2021-03-01","duns":"404514148","numberOfEmployees":{"@type":"QuantitativeValue","minValue":"1","maxValue":"10"},"publishingPrinciples":"https:\/\/havendienst.nl\/over\/","ownershipFundingInfo":"https:\/\/havendienst.nl\/over\/","actionableFeedbackPolicy":"https:\/\/havendienst.nl\/over\/","correctionsPolicy":"https:\/\/havendienst.nl\/over\/","ethicsPolicy":"https:\/\/havendienst.nl\/over\/","diversityPolicy":"https:\/\/havendienst.nl\/over\/","diversityStaffingReport":"https:\/\/havendienst.nl\/over\/","hasMerchantReturnPolicy":{"@type":"MerchantReturnPolicy","merchantReturnLink":"https:\/\/havendienst.nl\/de\/over\/"},"address":{"@id":"https:\/\/havendienst.nl\/product\/santos-one\/#local-main-place-address"},"geo":{"@type":"GeoCoordinates","latitude":"52.23923903597849","longitude":"5.117388746032714"},"telephone":["+31 35 6565744"],"openingHoursSpecification":[{"@type":"OpeningHoursSpecification","dayOfWeek":["Monday","Tuesday","Wednesday","Thursday","Friday","Saturday","Sunday"],"opens":"08:00","closes":"22:00"}],"email":"info@havendienst.nl","areaServed":"Loosdrecht, Oud-Loosdrecht, Vinkeveen, Friesland, Amsterdam, Utrecht, Oudewater, Kortenhoef, Maarssen, Weesp, Breukelen, Vecht","vatID":"NL821308233B01"},{"@type":"PostalAddress","@id":"https:\/\/havendienst.nl\/product\/santos-one\/#local-main-place-address","streetAddress":"Kerklaan 53","addressLocality":"Kortenhoef","postalCode":"1241CK","addressRegion":"Noord-Holland","addressCountry":"NL"},{"@type":"ImageObject","inLanguage":"de","@id":"https:\/\/havendienst.nl\/product\/santos-one\/#local-main-organization-logo","url":"https:\/\/havendienst.nl\/upload\/2021\/01\/havendienst-logo-small.png","contentUrl":"https:\/\/havendienst.nl\/upload\/2021\/01\/havendienst-logo-small.png","width":167,"height":81,"caption":"Havendienst.nl"}]},"product_price_amount":"165.00","product_price_currency":"EUR","og_availability":"instock","product_availability":"instock","product_condition":"new","geo.placename":"Kortenhoef","geo.position":{"lat":"52.23923903597849","long":"5.117388746032714"},"geo.region":"Niederlande"},"_links":{"self":[{"href":"https:\/\/havendienst.nl\/de\/wp-json\/wp\/v2\/product\/58755","targetHints":{"allow":["GET"]}}],"collection":[{"href":"https:\/\/havendienst.nl\/de\/wp-json\/wp\/v2\/product"}],"about":[{"href":"https:\/\/havendienst.nl\/de\/wp-json\/wp\/v2\/types\/product"}],"replies":[{"embeddable":true,"href":"https:\/\/havendienst.nl\/de\/wp-json\/wp\/v2\/comments?post=58755"}],"wp:featuredmedia":[{"embeddable":true,"href":"https:\/\/havendienst.nl\/de\/wp-json\/wp\/v2\/media\/58750"}],"wp:attachment":[{"href":"https:\/\/havendienst.nl\/de\/wp-json\/wp\/v2\/media?parent=58755"}],"wp:term":[{"taxonomy":"product_brand","embeddable":true,"href":"https:\/\/havendienst.nl\/de\/wp-json\/wp\/v2\/product_brand?post=58755"},{"taxonomy":"product_cat","embeddable":true,"href":"https:\/\/havendienst.nl\/de\/wp-json\/wp\/v2\/product_cat?post=58755"},{"taxonomy":"product_tag","embeddable":true,"href":"https:\/\/havendienst.nl\/de\/wp-json\/wp\/v2\/product_tag?post=58755"}],"curies":[{"name":"wp","href":"https:\/\/api.w.org\/{rel}","templated":true}]}}