{"id":55108,"date":"2024-06-16T20:44:24","date_gmt":"2024-06-16T18:44:24","guid":{"rendered":"https:\/\/havendienst.nl\/?post_type=product&#038;p=55108"},"modified":"2025-06-17T15:20:29","modified_gmt":"2025-06-17T13:20:29","slug":"luxe-tender-sloep-mm","status":"publish","type":"product","link":"https:\/\/havendienst.nl\/de\/product\/luxe-tender-sloep-mm\/","title":{"rendered":"Luxus-Tender Cooper Loosdrecht M&amp;M"},"content":{"rendered":"<div class=\"fusion-fullwidth fullwidth-box fusion-builder-row-1 fusion-flex-container nonhundred-percent-fullwidth non-hundred-percent-height-scrolling\" style=\"--awb-border-radius-top-left:0px;--awb-border-radius-top-right:0px;--awb-border-radius-bottom-right:0px;--awb-border-radius-bottom-left:0px;--awb-flex-wrap:wrap;\" ><div class=\"fusion-builder-row fusion-row fusion-flex-align-items-flex-start fusion-flex-content-wrap\" style=\"max-width:1144px;margin-left: calc(-4% \/ 2 );margin-right: calc(-4% \/ 2 );\"><div class=\"fusion-layout-column fusion_builder_column fusion-builder-column-0 fusion_builder_column_1_1 1_1 fusion-flex-column\" style=\"--awb-bg-size:cover;--awb-width-large:100%;--awb-margin-top-large:0px;--awb-spacing-right-large:1.92%;--awb-margin-bottom-large:0px;--awb-spacing-left-large:1.92%;--awb-width-medium:100%;--awb-spacing-right-medium:1.92%;--awb-spacing-left-medium:1.92%;--awb-width-small:100%;--awb-spacing-right-small:1.92%;--awb-spacing-left-small:1.92%;\"><div class=\"fusion-column-wrapper fusion-flex-justify-content-flex-start fusion-content-layout-column\"><div class=\"fusion-text fusion-text-1\"><p class=\"description\">Eine Bootsfahrt mit der Familie oder mit Freunden auf den Loosdrecht-Seen und\/oder auf dem sch\u00f6nen Vecht. Essen Sie zu Mittag auf einer der Inseln auf den Seen, in Slangevegt auf einem Lounge-Kissen auf der Vecht oder in einem der Restaurants auf den Seen, oder nat\u00fcrlich einfach an Bord mit einem Glas Wein, Bier oder Soda, gefolgt von einem Bad von der Badeplattform!<\/p>\n<p class=\"description\">M\u00f6chten Sie selbst irgendwo abgesetzt werden? Dann buchen Sie das Schiff als Taxitransport unter port-service.nl\/taxi.<\/p>\n<p>Der Tender<br \/>\nEin 7,20-Meter-Tender (\"M&amp;M\") vom Juli 2024 mit 110 PS Yanmar-Innenbord-Dieselmotor und hydraulischer Ultraflex-Steuerung der Marke Cooper. Neu, ger\u00e4umig und sehr gut gepflegt mit Teakholz auf dem Cockpitboden, dem Dollbord, dem Motorkasten, der Einstiegs- und Badeplattform. Die Lederkissen sind aus Bella Grana Natural und die Spritzdecke ist schwarz. Diese Version hat eine Fusion-Audioanlage mit vier Lautsprechern. Sie haben die Wahl zwischen einer Sitzgruppe mit vier isolierten Getr\u00e4nkehaltern und einem Teakholztisch oder einem Bett mit festem Mobiliar einschlie\u00dflich Polsterset. Auf dem Achterdeck befindet sich bereits eine 2-Personen-Koje mit integrierter Badeplattform.  Das Beiboot hat eine kippbare R\u00fcckenlehne f\u00fcr den Fahrer und Sie haben Zugang zum Vorschiff \u00fcber das Hauptcockpit und \u00fcber das Vordeck. Es gibt herausnehmbare Fenster mit vertikaler Schlie\u00dfung. Es gibt auch blinde Vorh\u00e4nge mit Klettverschluss. Die Spritzschutzhaube kann vollst\u00e4ndig im Vorschiff versenkt werden. Die Stauklappe im Vorschiff ist mit einer Gasfeder ausgestattet. Das Beiboot hat ein 5-Speichen-Lederlenkrad und 4 Fender mit einem Easy-Connect-System und schwarzen Nylon-Festmacherleinen. Au\u00dferdem gibt es einen verzinkten Anker mit Ankerleine. Der Tender ist mit einer vollwertigen Instrumententafel und 6 LED-Bordscheinwerfern ausgestattet. Der Tender hat einen Suchscheinwerfer, Navigationslichter, Hecklicht, Flaggenhalter und Flaggenmast. Dieser Tender in der Version mit offenem Heck ist mit einem Bugstrahlruder, einem K\u00fchlschrank, einer Toiletteneinheit, einem hohen Sprungmastmodell und einem zus\u00e4tzlichen Dieseltank (insgesamt 90 Liter) ausgestattet. <span style=\"background-image: initial; background-position: initial; background-size: initial; background-repeat: initial; background-attachment: initial;\">Der Brennstoff wird anschlie\u00dfend durch einen Tag abgesetzt.<\/span> Au\u00dferdem gibt es 8 Schwimmwesten, einen Feuerl\u00f6scher, ein Totmannseil, 2*12V-Steckdosen und 2*USB-Steckdosen.<\/p>\n<p class=\"description\">Standort und Parken<br \/>\n<span style=\"background-image: initial; background-position: initial; background-size: initial; background-repeat: initial; background-attachment: initial;\">Der Tender befindet sich im Zentrum von Loosdrecht und ich habe zwei Parkpl\u00e4tze zur Verf\u00fcgung, auf denen Sie kostenlos parken k\u00f6nnen. Am Boot erhalten Sie eine Erkl\u00e4rung \u00fcber das Boot und das Segelgebiet.<\/span><\/p>\n<p>Segeln<br \/>\n<span style=\"background-image: initial; background-position: initial; background-size: initial; background-repeat: initial; background-attachment: initial;\">Aufgrund der Registriernummer kann das Boot nur mit einem Bootsf\u00fchrerschein-1 oder mit Skipper gemietet werden. Wenn Sie das Boot selbst fahren m\u00f6chten, geben Sie Ihre Bootsf\u00fchrerscheinnummer an und bringen Sie Ihren F\u00fchrerschein am Tag des Auslaufens mit. Wenn Sie Ihren Bootsf\u00fchrerschein vergessen haben, k\u00f6nnen Sie trotzdem segeln, aber nur mit einem Skipper (zu 25 \u20ac pro Stunde). <\/span>Haustiere sind nicht erlaubt.<\/p>\n<\/div><\/div><\/div><\/div><\/div>","protected":false},"excerpt":{"rendered":"<p class=\"description\" style=\"text-align: center;\">Eine Bootsfahrt mit der Familie oder mit Freunden auf den Loosdrecht-Seen und\/oder auf dem sch\u00f6nen Vecht. Essen Sie zu Mittag auf einer der Inseln auf den Seen, in Slangevegt auf einem Lounge-Kissen auf der Vecht oder in einem der Restaurants auf den Seen, oder nat\u00fcrlich einfach an Bord mit einem Glas Wein, Bier oder Soda, gefolgt von einem Bad von der Badeplattform!<\/p>\n<p class=\"description\">M\u00f6chten Sie selbst irgendwo abgesetzt werden? Dann buchen Sie das Schiff als Taxitransport unter port-service.nl\/taxi.<\/p>","protected":false},"featured_media":55719,"comment_status":"closed","ping_status":"closed","template":"","meta":[],"product_brand":[],"product_cat":[342,257],"product_tag":[],"class_list":{"0":"post-55108","1":"product","2":"type-product","3":"status-publish","4":"has-post-thumbnail","6":"product_cat-boten","7":"product_cat-area-loosdrecht","8":"wcpv_product_vendors-michel-van-julsingha","10":"first","11":"instock","12":"virtual","13":"sold-individually","14":"purchasable","15":"product-type-booking"},"booking_location":"","booking_location_type":"","booking_duration":1,"booking_duration_unit":"hour","booking_buffer":0,"booking_cost":306,"booking_resources":[],"exclude_global_add_ons":false,"addons":[{"name":"Bootsf\u00fchrerschein oder Skipper?","type":"multiple_choice","position":0,"required":true,"title_format":"label","default":"","description_enable":false,"description":"","placeholder_enable":false,"placeholder":"","display":"radiobutton","restrictions_type":"any_text","adjust_price":false,"price":"","price_type":"flat_fee","restrictions":false,"min":"0","max":"0","options":[{"label":"Ik ben in bezit van Vaarbewijs-1","price":"","price_type":"flat_fee","image":0,"visibility":true},{"label":"Ik huur een schipper, per uur:","price":"25","price_type":"quantity_based","image":0,"visibility":true}],"id":1750173614},{"name":"Nummer des Sportbootf\u00fchrerscheins","type":"custom_text","position":1,"required":false,"title_format":"label","default":"","description_enable":true,"description":"Gilt nur, wenn Sie das Boot selbst segeln wollen.","placeholder_enable":false,"placeholder":"","display":"select","restrictions_type":"only_letters_numbers","adjust_price":false,"price":"","price_type":"flat_fee","restrictions":false,"min":"0","max":"0","options":[],"id":1750173615},{"name":"Zustimmen mit Bedingung","type":"checkbox","position":2,"required":true,"title_format":"label","default":"","description_enable":true,"description":"<ul>\r\n<li>Sie buchen nicht f\u00fcr einen Junggesellenabschied (Party\/Gruppe) oder eine Jugendgruppe (au\u00dfer Sie buchen mit Skipper).<\/li>\r\n<li>Die segelnde Person muss im Besitz des Bootsf\u00fchrerscheins-1 sein (au\u00dfer Sie buchen mit Skipper).<\/li>\r\n<li>Das Benzin wird anschlie\u00dfend abgerechnet (rechnen Sie mit 5 bis 25 Litern)<\/li>\r\n<\/ul>","placeholder_enable":false,"placeholder":"","display":"select","restrictions_type":"any_text","adjust_price":false,"price":"","price_type":"flat_fee","restrictions":false,"min":"0","max":"0","options":[{"label":"Akkoord","price":"","price_type":"flat_fee","image":0,"visibility":true}],"id":1750173616},{"name":"Borg","type":"checkbox","position":3,"required":true,"title_format":"label","default":"","description_enable":true,"description":"Die 400,- Kaution wird zur\u00fcckerstattet, wenn das Boot rechtzeitig und ohne Sch\u00e4den zur\u00fcckgegeben wird. Die Kaution wird dann innerhalb von 24 Stunden zur\u00fcckerstattet.","placeholder_enable":false,"placeholder":"","display":"select","restrictions_type":"any_text","adjust_price":false,"price":"","price_type":"flat_fee","restrictions":false,"min":"0","max":"0","options":[{"label":"Borg","price":"400","price_type":"flat_fee","image":0,"visibility":true}],"id":1750173617}],"yoast_head":"<!-- This site is optimized with the Yoast SEO Premium plugin v27.2 (Yoast SEO v27.3) - https:\/\/yoast.com\/product\/yoast-seo-premium-wordpress\/ -->\n<title>Luxe Tender Cooper Loosdrecht M&amp;M - Havendienst.nl<\/title>\n<meta name=\"description\" content=\"Lekker met de familie of vrienden varen op de Loosdrechtse plassen en\/of op de prachtige Vecht. Lunchen op een van de eilanden op de plas, bij Slangevegt op een loungekussen aan de Vecht, of een van de restaurants aan de Plassen \u00f3f natuurlijk gewoon aan boord met wijntje, biertje of frisje waarna je een duik neemt vanaf het zwemplateau! Wil je alleen ergens worden afgezet? Boek de boot dan als taxi vervoer op havendienst.nl\/taxi.\" \/>\n<meta name=\"robots\" content=\"index, follow, max-snippet:-1, max-image-preview:large, max-video-preview:-1\" \/>\n<link rel=\"canonical\" href=\"https:\/\/havendienst.nl\/de\/produkt\/luxe-tender-sloep-mm\/\" \/>\n<meta property=\"og:locale\" content=\"de_DE\" \/>\n<meta property=\"og:type\" content=\"article\" \/>\n<meta property=\"og:title\" content=\"Luxe Tender Cooper Loosdrecht M&amp;M\" \/>\n<meta property=\"og:description\" content=\"Lekker met de familie of vrienden varen op de Loosdrechtse plassen en\/of op de prachtige Vecht. Lunchen op een van de eilanden op de plas, bij Slangevegt op een loungekussen aan de Vecht, of een van de restaurants aan de Plassen \u00f3f natuurlijk gewoon aan boord met wijntje, biertje of frisje waarna je een duik neemt vanaf het zwemplateau! Wil je alleen ergens worden afgezet? Boek de boot dan als taxi vervoer op havendienst.nl\/taxi.\" \/>\n<meta property=\"og:url\" content=\"https:\/\/havendienst.nl\/de\/produkt\/luxe-tender-sloep-mm\/\" \/>\n<meta property=\"og:site_name\" content=\"Havendienst.nl\" \/>\n<meta property=\"article:publisher\" content=\"https:\/\/www.facebook.com\/HavendienstNL\/\" \/>\n<meta property=\"article:modified_time\" content=\"2025-06-17T13:20:29+00:00\" \/>\n<meta property=\"og:image\" content=\"https:\/\/havendienst.nl\/upload\/2024\/08\/Cooper-680-01.png\" \/>\n\t<meta property=\"og:image:width\" content=\"1518\" \/>\n\t<meta property=\"og:image:height\" content=\"778\" \/>\n\t<meta property=\"og:image:type\" content=\"image\/png\" \/>\n<meta name=\"twitter:card\" content=\"summary_large_image\" \/>\n<meta name=\"twitter:label1\" content=\"Preis\" \/>\n\t<meta name=\"twitter:data1\" content=\"&euro;&nbsp;698,00\" \/>\n\t<meta name=\"twitter:label2\" content=\"Verf\u00fcgbarkeit\" \/>\n\t<meta name=\"twitter:data2\" content=\"Auf Lager\" \/>\n<script type=\"application\/ld+json\" class=\"yoast-schema-graph\">{\"@context\":\"https:\\\/\\\/schema.org\",\"@graph\":[{\"@type\":[\"WebPage\",\"ItemPage\"],\"@id\":\"https:\\\/\\\/havendienst.nl\\\/product\\\/luxe-tender-sloep-mm\\\/\",\"url\":\"https:\\\/\\\/havendienst.nl\\\/product\\\/luxe-tender-sloep-mm\\\/\",\"name\":\"Luxe Tender Cooper Loosdrecht M&amp;M - Havendienst.nl\",\"isPartOf\":{\"@id\":\"https:\\\/\\\/havendienst.nl\\\/de\\\/#website\"},\"primaryImageOfPage\":{\"@id\":\"https:\\\/\\\/havendienst.nl\\\/product\\\/luxe-tender-sloep-mm\\\/#primaryimage\"},\"image\":{\"@id\":\"https:\\\/\\\/havendienst.nl\\\/product\\\/luxe-tender-sloep-mm\\\/#primaryimage\"},\"thumbnailUrl\":\"https:\\\/\\\/havendienst.nl\\\/upload\\\/2024\\\/08\\\/Cooper-680-01.png\",\"datePublished\":\"2024-06-16T18:44:24+00:00\",\"dateModified\":\"2025-06-17T13:20:29+00:00\",\"description\":\"Lekker met de familie of vrienden varen op de Loosdrechtse plassen en\\\/of op de prachtige Vecht. Lunchen op een van de eilanden op de plas, bij Slangevegt op een loungekussen aan de Vecht, of een van de restaurants aan de Plassen \u00f3f natuurlijk gewoon aan boord met wijntje, biertje of frisje waarna je een duik neemt vanaf het zwemplateau! Wil je alleen ergens worden afgezet? Boek de boot dan als taxi vervoer op havendienst.nl\\\/taxi.\",\"breadcrumb\":{\"@id\":\"https:\\\/\\\/havendienst.nl\\\/product\\\/luxe-tender-sloep-mm\\\/#breadcrumb\"},\"inLanguage\":\"de\",\"potentialAction\":[{\"@type\":\"ReadAction\",\"target\":[\"https:\\\/\\\/havendienst.nl\\\/product\\\/luxe-tender-sloep-mm\\\/\"]}]},{\"@type\":\"ImageObject\",\"inLanguage\":\"de\",\"@id\":\"https:\\\/\\\/havendienst.nl\\\/product\\\/luxe-tender-sloep-mm\\\/#primaryimage\",\"url\":\"https:\\\/\\\/havendienst.nl\\\/upload\\\/2024\\\/08\\\/Cooper-680-01.png\",\"contentUrl\":\"https:\\\/\\\/havendienst.nl\\\/upload\\\/2024\\\/08\\\/Cooper-680-01.png\",\"width\":1518,\"height\":778},{\"@type\":\"BreadcrumbList\",\"@id\":\"https:\\\/\\\/havendienst.nl\\\/product\\\/luxe-tender-sloep-mm\\\/#breadcrumb\",\"itemListElement\":[{\"@type\":\"ListItem\",\"position\":1,\"name\":\"Home\",\"item\":\"https:\\\/\\\/havendienst.nl\\\/\"},{\"@type\":\"ListItem\",\"position\":2,\"name\":\"Winkel\",\"item\":\"https:\\\/\\\/havendienst.nl\\\/winkel\\\/\"},{\"@type\":\"ListItem\",\"position\":3,\"name\":\"Luxe Tender Cooper Loosdrecht M&amp;M\"}]},{\"@type\":\"WebSite\",\"@id\":\"https:\\\/\\\/havendienst.nl\\\/de\\\/#website\",\"url\":\"https:\\\/\\\/havendienst.nl\\\/de\\\/\",\"name\":\"Havendienst.nl\",\"description\":\"Deelplatform voor boot huur en verhuur\",\"publisher\":{\"@id\":\"https:\\\/\\\/havendienst.nl\\\/de\\\/#organization\"},\"alternateName\":\"Havendienst Boot huren Loosdrecht\",\"potentialAction\":[{\"@type\":\"SearchAction\",\"target\":{\"@type\":\"EntryPoint\",\"urlTemplate\":\"https:\\\/\\\/havendienst.nl\\\/de\\\/?s={search_term_string}\"},\"query-input\":{\"@type\":\"PropertyValueSpecification\",\"valueRequired\":true,\"valueName\":\"search_term_string\"}}],\"inLanguage\":\"de\"},{\"@type\":[\"Organization\",\"Place\",\"Corporation\"],\"@id\":\"https:\\\/\\\/havendienst.nl\\\/de\\\/#organization\",\"name\":\"Havendienst.nl\",\"alternateName\":\"Havendienst Boot huren Loosdrecht\",\"url\":\"https:\\\/\\\/havendienst.nl\\\/de\\\/\",\"logo\":{\"@id\":\"https:\\\/\\\/havendienst.nl\\\/product\\\/luxe-tender-sloep-mm\\\/#local-main-organization-logo\"},\"image\":{\"@id\":\"https:\\\/\\\/havendienst.nl\\\/product\\\/luxe-tender-sloep-mm\\\/#local-main-organization-logo\"},\"sameAs\":[\"https:\\\/\\\/www.facebook.com\\\/HavendienstNL\\\/\",\"https:\\\/\\\/www.instagram.com\\\/havendienstnl\\\/\",\"https:\\\/\\\/www.youtube.com\\\/@havendienst\",\"http:\\\/\\\/wa.me\\\/31356565744\"],\"description\":\"Havendienst.nl is het grootste gratis deelplatform voor bootverhuur in Loosdrecht en omgeving. Verhuur of huur eenvoudig een sloep, motorboot of sup zonder commissie. Havendienst.nl biedt daarnaast pechhulp op het water, watertaxi en noodservice op de Loosdrechtse Plassen, de Vecht en aangrenzende wateren. D\u00e9 centrale plek voor particulieren en verhuurbedrijven.\",\"legalName\":\"Havendienst.nl\",\"foundingDate\":\"2021-03-01\",\"duns\":\"404514148\",\"numberOfEmployees\":{\"@type\":\"QuantitativeValue\",\"minValue\":\"1\",\"maxValue\":\"10\"},\"publishingPrinciples\":\"https:\\\/\\\/havendienst.nl\\\/over\\\/\",\"ownershipFundingInfo\":\"https:\\\/\\\/havendienst.nl\\\/over\\\/\",\"actionableFeedbackPolicy\":\"https:\\\/\\\/havendienst.nl\\\/over\\\/\",\"correctionsPolicy\":\"https:\\\/\\\/havendienst.nl\\\/over\\\/\",\"ethicsPolicy\":\"https:\\\/\\\/havendienst.nl\\\/over\\\/\",\"diversityPolicy\":\"https:\\\/\\\/havendienst.nl\\\/over\\\/\",\"diversityStaffingReport\":\"https:\\\/\\\/havendienst.nl\\\/over\\\/\",\"hasMerchantReturnPolicy\":{\"@type\":\"MerchantReturnPolicy\",\"merchantReturnLink\":\"https:\\\/\\\/havendienst.nl\\\/de\\\/over\\\/\"},\"address\":{\"@id\":\"https:\\\/\\\/havendienst.nl\\\/product\\\/luxe-tender-sloep-mm\\\/#local-main-place-address\"},\"geo\":{\"@type\":\"GeoCoordinates\",\"latitude\":\"52.23923903597849\",\"longitude\":\"5.117388746032714\"},\"telephone\":[\"+31 35 6565744\"],\"openingHoursSpecification\":[{\"@type\":\"OpeningHoursSpecification\",\"dayOfWeek\":[\"Monday\",\"Tuesday\",\"Wednesday\",\"Thursday\",\"Friday\",\"Saturday\",\"Sunday\"],\"opens\":\"08:00\",\"closes\":\"22:00\"}],\"email\":\"info@havendienst.nl\",\"areaServed\":\"Loosdrecht, Oud-Loosdrecht, Vinkeveen, Friesland, Amsterdam, Utrecht, Oudewater, Kortenhoef, Maarssen, Weesp, Breukelen, Vecht\",\"vatID\":\"NL821308233B01\"},{\"@type\":\"PostalAddress\",\"@id\":\"https:\\\/\\\/havendienst.nl\\\/product\\\/luxe-tender-sloep-mm\\\/#local-main-place-address\",\"streetAddress\":\"Kerklaan 53\",\"addressLocality\":\"Kortenhoef\",\"postalCode\":\"1241CK\",\"addressRegion\":\"Noord-Holland\",\"addressCountry\":\"NL\"},{\"@type\":\"ImageObject\",\"inLanguage\":\"de\",\"@id\":\"https:\\\/\\\/havendienst.nl\\\/product\\\/luxe-tender-sloep-mm\\\/#local-main-organization-logo\",\"url\":\"https:\\\/\\\/havendienst.nl\\\/upload\\\/2021\\\/01\\\/havendienst-logo-small.png\",\"contentUrl\":\"https:\\\/\\\/havendienst.nl\\\/upload\\\/2021\\\/01\\\/havendienst-logo-small.png\",\"width\":167,\"height\":81,\"caption\":\"Havendienst.nl\"}]}<\/script>\n<meta property=\"product:brand\" content=\"Motorboot\" \/>\n<meta property=\"product:price:amount\" content=\"698.00\" \/>\n<meta property=\"product:price:currency\" content=\"EUR\" \/>\n<meta property=\"og:availability\" content=\"instock\" \/>\n<meta property=\"product:availability\" content=\"instock\" \/>\n<meta property=\"product:condition\" content=\"new\" \/>\n<meta name=\"geo.placename\" content=\"Kortenhoef\" \/>\n<meta name=\"geo.position\" content=\"52.23923903597849;5.117388746032714\" \/>\n<meta name=\"geo.region\" content=\"Niederlande\" \/>\n<!-- \/ Yoast SEO Premium plugin. -->","yoast_head_json":{"title":"Luxus Tender Cooper Loosdrecht M&amp;M - Havendienst.nl","description":"Eine Bootsfahrt mit der Familie oder Freunden auf den Loosdrecht-Seen und\/oder auf dem sch\u00f6nen Vecht. Essen Sie zu Mittag auf einer der Inseln auf den Seen, in Slangevegt auf einem Lounge-Kissen auf der Vecht, oder in einem der Restaurants auf den Seen oder nat\u00fcrlich einfach an Bord mit einem Glas Wein, Bier oder Soda, nach dem Sie einen Sprung von der Badeplattform machen k\u00f6nnen! M\u00f6chten Sie einfach nur irgendwo abgesetzt werden? Dann buchen Sie das Boot als Taxitransport unter havendienst.nl\/taxi.","robots":{"index":"index","follow":"follow","max-snippet":"max-snippet:-1","max-image-preview":"max-image-preview:large","max-video-preview":"max-video-preview:-1"},"canonical":"https:\/\/havendienst.nl\/de\/produkt\/luxe-tender-sloep-mm\/","og_locale":"de_DE","og_type":"article","og_title":"Luxe Tender Cooper Loosdrecht M&amp;M","og_description":"Lekker met de familie of vrienden varen op de Loosdrechtse plassen en\/of op de prachtige Vecht. Lunchen op een van de eilanden op de plas, bij Slangevegt op een loungekussen aan de Vecht, of een van de restaurants aan de Plassen \u00f3f natuurlijk gewoon aan boord met wijntje, biertje of frisje waarna je een duik neemt vanaf het zwemplateau! Wil je alleen ergens worden afgezet? Boek de boot dan als taxi vervoer op havendienst.nl\/taxi.","og_url":"https:\/\/havendienst.nl\/de\/produkt\/luxe-tender-sloep-mm\/","og_site_name":"Havendienst.nl","article_publisher":"https:\/\/www.facebook.com\/HavendienstNL\/","article_modified_time":"2025-06-17T13:20:29+00:00","og_image":[{"width":1518,"height":778,"url":"https:\/\/havendienst.nl\/upload\/2024\/08\/Cooper-680-01.png","type":"image\/png"}],"twitter_card":"summary_large_image","twitter_misc":{"Preis":"&euro;&nbsp;698,00","Verf\u00fcgbarkeit":"Auf Lager"},"schema":{"@context":"https:\/\/schema.org","@graph":[{"@type":["WebPage","ItemPage"],"@id":"https:\/\/havendienst.nl\/product\/luxe-tender-sloep-mm\/","url":"https:\/\/havendienst.nl\/product\/luxe-tender-sloep-mm\/","name":"Luxus Tender Cooper Loosdrecht M&amp;M - Havendienst.nl","isPartOf":{"@id":"https:\/\/havendienst.nl\/de\/#website"},"primaryImageOfPage":{"@id":"https:\/\/havendienst.nl\/product\/luxe-tender-sloep-mm\/#primaryimage"},"image":{"@id":"https:\/\/havendienst.nl\/product\/luxe-tender-sloep-mm\/#primaryimage"},"thumbnailUrl":"https:\/\/havendienst.nl\/upload\/2024\/08\/Cooper-680-01.png","datePublished":"2024-06-16T18:44:24+00:00","dateModified":"2025-06-17T13:20:29+00:00","description":"Eine Bootsfahrt mit der Familie oder Freunden auf den Loosdrecht-Seen und\/oder auf dem sch\u00f6nen Vecht. Essen Sie zu Mittag auf einer der Inseln auf den Seen, in Slangevegt auf einem Lounge-Kissen auf der Vecht, oder in einem der Restaurants auf den Seen oder nat\u00fcrlich einfach an Bord mit einem Glas Wein, Bier oder Soda, nach dem Sie einen Sprung von der Badeplattform machen k\u00f6nnen! M\u00f6chten Sie einfach nur irgendwo abgesetzt werden? Dann buchen Sie das Boot als Taxitransport unter havendienst.nl\/taxi.","breadcrumb":{"@id":"https:\/\/havendienst.nl\/product\/luxe-tender-sloep-mm\/#breadcrumb"},"inLanguage":"de","potentialAction":[{"@type":"ReadAction","target":["https:\/\/havendienst.nl\/product\/luxe-tender-sloep-mm\/"]}]},{"@type":"ImageObject","inLanguage":"de","@id":"https:\/\/havendienst.nl\/product\/luxe-tender-sloep-mm\/#primaryimage","url":"https:\/\/havendienst.nl\/upload\/2024\/08\/Cooper-680-01.png","contentUrl":"https:\/\/havendienst.nl\/upload\/2024\/08\/Cooper-680-01.png","width":1518,"height":778},{"@type":"BreadcrumbList","@id":"https:\/\/havendienst.nl\/product\/luxe-tender-sloep-mm\/#breadcrumb","itemListElement":[{"@type":"ListItem","position":1,"name":"Home","item":"https:\/\/havendienst.nl\/"},{"@type":"ListItem","position":2,"name":"Winkel","item":"https:\/\/havendienst.nl\/winkel\/"},{"@type":"ListItem","position":3,"name":"Luxe Tender Cooper Loosdrecht M&amp;M"}]},{"@type":"WebSite","@id":"https:\/\/havendienst.nl\/de\/#website","url":"https:\/\/havendienst.nl\/de\/","name":"Havendienst.nl","description":"Gemeinsame Plattform f\u00fcr Bootsverleih und -vermietung","publisher":{"@id":"https:\/\/havendienst.nl\/de\/#organization"},"alternateName":"Havendienst Boot huren Loosdrecht","potentialAction":[{"@type":"SearchAction","target":{"@type":"EntryPoint","urlTemplate":"https:\/\/havendienst.nl\/de\/?s={search_term_string}"},"query-input":{"@type":"PropertyValueSpecification","valueRequired":true,"valueName":"search_term_string"}}],"inLanguage":"de"},{"@type":["Organization","Place","Corporation"],"@id":"https:\/\/havendienst.nl\/de\/#organization","name":"Havendienst.nl","alternateName":"Havendienst Boot huren Loosdrecht","url":"https:\/\/havendienst.nl\/de\/","logo":{"@id":"https:\/\/havendienst.nl\/product\/luxe-tender-sloep-mm\/#local-main-organization-logo"},"image":{"@id":"https:\/\/havendienst.nl\/product\/luxe-tender-sloep-mm\/#local-main-organization-logo"},"sameAs":["https:\/\/www.facebook.com\/HavendienstNL\/","https:\/\/www.instagram.com\/havendienstnl\/","https:\/\/www.youtube.com\/@havendienst","http:\/\/wa.me\/31356565744"],"description":"Havendienst.nl ist die gr\u00f6\u00dfte kostenlose Vermittlungsplattform f\u00fcr Bootsvermietungen in Loosdrecht und Umgebung. Mieten oder leasen Sie ganz einfach eine Schaluppe, ein Motorboot oder eine Sup ohne Provision. Havendienst.nl bietet auch Wasserpannenhilfe, Wassertaxi und Notdienst auf den Loosdrechtse Plassen, dem Vecht und den angrenzenden Gew\u00e4ssern. Die zentrale Anlaufstelle f\u00fcr Privatpersonen und Vermietungsunternehmen.","legalName":"Havendienst.nl","foundingDate":"2021-03-01","duns":"404514148","numberOfEmployees":{"@type":"QuantitativeValue","minValue":"1","maxValue":"10"},"publishingPrinciples":"https:\/\/havendienst.nl\/over\/","ownershipFundingInfo":"https:\/\/havendienst.nl\/over\/","actionableFeedbackPolicy":"https:\/\/havendienst.nl\/over\/","correctionsPolicy":"https:\/\/havendienst.nl\/over\/","ethicsPolicy":"https:\/\/havendienst.nl\/over\/","diversityPolicy":"https:\/\/havendienst.nl\/over\/","diversityStaffingReport":"https:\/\/havendienst.nl\/over\/","hasMerchantReturnPolicy":{"@type":"MerchantReturnPolicy","merchantReturnLink":"https:\/\/havendienst.nl\/de\/over\/"},"address":{"@id":"https:\/\/havendienst.nl\/product\/luxe-tender-sloep-mm\/#local-main-place-address"},"geo":{"@type":"GeoCoordinates","latitude":"52.23923903597849","longitude":"5.117388746032714"},"telephone":["+31 35 6565744"],"openingHoursSpecification":[{"@type":"OpeningHoursSpecification","dayOfWeek":["Monday","Tuesday","Wednesday","Thursday","Friday","Saturday","Sunday"],"opens":"08:00","closes":"22:00"}],"email":"info@havendienst.nl","areaServed":"Loosdrecht, Oud-Loosdrecht, Vinkeveen, Friesland, Amsterdam, Utrecht, Oudewater, Kortenhoef, Maarssen, Weesp, Breukelen, Vecht","vatID":"NL821308233B01"},{"@type":"PostalAddress","@id":"https:\/\/havendienst.nl\/product\/luxe-tender-sloep-mm\/#local-main-place-address","streetAddress":"Kerklaan 53","addressLocality":"Kortenhoef","postalCode":"1241CK","addressRegion":"Noord-Holland","addressCountry":"NL"},{"@type":"ImageObject","inLanguage":"de","@id":"https:\/\/havendienst.nl\/product\/luxe-tender-sloep-mm\/#local-main-organization-logo","url":"https:\/\/havendienst.nl\/upload\/2021\/01\/havendienst-logo-small.png","contentUrl":"https:\/\/havendienst.nl\/upload\/2021\/01\/havendienst-logo-small.png","width":167,"height":81,"caption":"Havendienst.nl"}]},"product_brand":"Motorboot","product_price_amount":"698.00","product_price_currency":"EUR","og_availability":"instock","product_availability":"instock","product_condition":"new","geo.placename":"Kortenhoef","geo.position":{"lat":"52.23923903597849","long":"5.117388746032714"},"geo.region":"Niederlande"},"_links":{"self":[{"href":"https:\/\/havendienst.nl\/de\/wp-json\/wp\/v2\/product\/55108","targetHints":{"allow":["GET"]}}],"collection":[{"href":"https:\/\/havendienst.nl\/de\/wp-json\/wp\/v2\/product"}],"about":[{"href":"https:\/\/havendienst.nl\/de\/wp-json\/wp\/v2\/types\/product"}],"replies":[{"embeddable":true,"href":"https:\/\/havendienst.nl\/de\/wp-json\/wp\/v2\/comments?post=55108"}],"wp:featuredmedia":[{"embeddable":true,"href":"https:\/\/havendienst.nl\/de\/wp-json\/wp\/v2\/media\/55719"}],"wp:attachment":[{"href":"https:\/\/havendienst.nl\/de\/wp-json\/wp\/v2\/media?parent=55108"}],"wp:term":[{"taxonomy":"product_brand","embeddable":true,"href":"https:\/\/havendienst.nl\/de\/wp-json\/wp\/v2\/product_brand?post=55108"},{"taxonomy":"product_cat","embeddable":true,"href":"https:\/\/havendienst.nl\/de\/wp-json\/wp\/v2\/product_cat?post=55108"},{"taxonomy":"product_tag","embeddable":true,"href":"https:\/\/havendienst.nl\/de\/wp-json\/wp\/v2\/product_tag?post=55108"}],"curies":[{"name":"wp","href":"https:\/\/api.w.org\/{rel}","templated":true}]}}