{"id":44793,"date":"2023-06-09T18:19:26","date_gmt":"2023-06-09T16:19:26","guid":{"rendered":"https:\/\/havendienst.nl\/?post_type=product&#038;p=44793"},"modified":"2025-09-03T15:02:51","modified_gmt":"2025-09-03T13:02:51","slug":"ruime-gezellige-tuinersvlet","status":"publish","type":"product","link":"https:\/\/havendienst.nl\/de\/product\/ruime-gezellige-tuinersvlet\/","title":{"rendered":"Ger\u00e4umiges gem\u00fctliches Tuindervlet"},"content":{"rendered":"<div class=\"fusion-fullwidth fullwidth-box fusion-builder-row-1 fusion-flex-container nonhundred-percent-fullwidth non-hundred-percent-height-scrolling\" style=\"--awb-border-radius-top-left:0px;--awb-border-radius-top-right:0px;--awb-border-radius-bottom-right:0px;--awb-border-radius-bottom-left:0px;--awb-flex-wrap:wrap;\" ><div class=\"fusion-builder-row fusion-row fusion-flex-align-items-flex-start fusion-flex-content-wrap\" style=\"max-width:1144px;margin-left: calc(-4% \/ 2 );margin-right: calc(-4% \/ 2 );\"><div class=\"fusion-layout-column fusion_builder_column fusion-builder-column-0 fusion_builder_column_1_1 1_1 fusion-flex-column\" style=\"--awb-bg-size:cover;--awb-width-large:100%;--awb-margin-top-large:0px;--awb-spacing-right-large:1.92%;--awb-margin-bottom-large:0px;--awb-spacing-left-large:1.92%;--awb-width-medium:100%;--awb-spacing-right-medium:1.92%;--awb-spacing-left-medium:1.92%;--awb-width-small:100%;--awb-spacing-right-small:1.92%;--awb-spacing-left-small:1.92%;\"><div class=\"fusion-column-wrapper fusion-flex-justify-content-flex-start fusion-content-layout-column\"><div class=\"fusion-text fusion-text-1\"><p><strong data-start=\"0\" data-end=\"64\">Entdecken Sie das bezaubernde Vecht mit unserem klassischen Gardener's Vlet!<\/strong><\/p>\n<p data-start=\"68\" data-end=\"305\">Kommen Sie an Bord unseres authentischen Tuindersvlet und genie\u00dfen Sie eine entspannte Kreuzfahrt mit bis zu 13 Personen. Ideal f\u00fcr einen Familienausflug, einen Drink mit Freunden oder einen gem\u00fctlichen Betriebsausflug. Extra Spa\u00df: Wir haben sogar zwei davon!<\/p>\n<p data-start=\"307\" data-end=\"607\"><strong data-start=\"307\" data-end=\"350\">Bootsfahrten auf dem Vecht und den umliegenden Seen<\/strong><br data-start=\"350\" data-end=\"353\"\/>Erleben Sie den Charme der Vecht, w\u00e4hrend Sie an wundersch\u00f6nen Landschaften, stattlichen Landh\u00e4usern, Teeh\u00e4usern, Windm\u00fchlen und malerischen D\u00f6rfern vorbeifahren. Gerne planen wir f\u00fcr Sie eine sch\u00f6ne Route, zum Beispiel \u00fcber die Seen Kortenhoef und Loosdrecht.<\/p>\n<p data-start=\"609\" data-end=\"875\"><strong data-start=\"609\" data-end=\"640\">Startpunkt &amp; Einrichtungen<\/strong><br data-start=\"640\" data-end=\"643\"\/>Unsere Boote legen von unserem Bauernhof auf Vecht ab, der g\u00fcnstig zwischen Weesp und Nederhorst den Berg liegt, nur 20 Minuten von Amsterdam entfernt. Hier finden Sie ausreichend Parkpl\u00e4tze und Toiletten, so dass Sie entspannt losfahren k\u00f6nnen.<\/p>\n<p data-start=\"877\" data-end=\"1356\"><strong data-start=\"877\" data-end=\"912\">Komfortable und authentische Kreuzfahrten<\/strong><br data-start=\"912\" data-end=\"915\"\/>Das Tuindervlet ist ein robustes, eisernes Boot, das fr\u00fcher f\u00fcr den Transport von Vieh und Gem\u00fcse verwendet wurde. Heute ist es mit einem zuverl\u00e4ssigen Dieselmotor und einem Ruder ausgestattet, mit dem Sie sanft und pr\u00e4zise lenken k\u00f6nnen. Die Holzb\u00e4nke sind bequem gepolstert, und es gibt zwei zus\u00e4tzliche Sitze mit R\u00fcckenlehnen - ideal f\u00fcr Gro\u00dfeltern! In der Mitte befindet sich eine ger\u00e4umige Holzkiste, die sowohl f\u00fcr Gep\u00e4ck als auch f\u00fcr einen Getr\u00e4nketisch geeignet ist.<\/p>\n<p data-start=\"1358\" data-end=\"1467\"><strong data-start=\"1358\" data-end=\"1376\">Hunde willkommen!<\/strong><\/p>\n<p data-start=\"1358\" data-end=\"1467\">Tierfreunde aufgepasst: Ihr treuer vierbeiniger Freund ist an Bord willkommen!<\/p>\n<p data-start=\"1469\" data-end=\"1664\"><strong data-start=\"1469\" data-end=\"1505\">Ein einzigartiges Erlebnis auf dem Wasser<\/strong><br data-start=\"1505\" data-end=\"1508\"\/>Das Gardenervlet bietet eine perfekte Kombination aus Platz, Komfort und authentischer Atmosph\u00e4re. Entspannen Sie sich, genie\u00dfen Sie und lassen Sie sich von der Sch\u00f6nheit des Vecht \u00fcberraschen.<\/p>\n<p data-start=\"1666\" data-end=\"1767\"><strong data-start=\"1669\" data-end=\"1696\">Verf\u00fcgbare Abfahrtszeiten:<\/strong><br data-start=\"1696\" data-end=\"1699\"\/>\ud83d\udd39 10:00 - 18:00\/19:00<br data-start=\"1719\" data-end=\"1722\"\/>\ud83d\udd39 10:00 - 13:00<br data-start=\"1742\" data-end=\"1745\"\/>\ud83d\udd39 14:00 - 18:00\/19:00<\/p>\n<p data-start=\"1769\" data-end=\"1886\" data-is-last-node=\"\" data-is-only-node=\"\">M\u00f6chten Sie zu einer anderen Zeit segeln? Nehmen Sie Kontakt mit uns auf und wir schauen uns gemeinsam die M\u00f6glichkeiten an!<\/p>\n<p><strong>Bedingungen:<\/strong><\/p>\n<ul>\n<li>Vermietungen nach <a href=\"\/upload\/2023\/06\/algemene-huurvoorwaarden-boot-recreatie-aan-de-vecht.pdf\" target=\"_blank\" rel=\"noopener\" data-mce-href=\"\/upload\/2023\/06\/algemene-huurvoorwaarden-boot-recreatie-aan-de-vecht.pdf\">dieser Vertrag<\/a><\/li>\n<li>Das Mindestalter des Skippers betr\u00e4gt 18 Jahre.<\/li>\n<li>Eine Legitimation ist erforderlich.<\/li>\n<li>Solange Sie Ihr Auto bei uns parken, wird keine Kaution erhoben.<\/li>\n<li>Das Boot ist bei der Abfahrt vollgetankt, ein Nachtanken ist nicht erforderlich.<\/li>\n<li>Es ist nicht erlaubt, die Schleuse bei Muiden zu passieren und nach Amsterdam zu fahren (mit Ausnahme von Weesp).<\/li>\n<li>Stornierungsbedingungen: Die Stornierung ist bis zu 3 Tage im Voraus kostenlos. Innerhalb von 3 Tagen wird die Anzahlung nicht zur\u00fcckerstattet. Bei sehr schlechtem Wetter, k\u00f6nnen Sie immer kostenlos stornieren nach dem <em>Sch\u00f6nwettergarantie.<\/em><\/li>\n<\/ul>\n<\/div><\/div><\/div><\/div><\/div>","protected":false},"excerpt":{"rendered":"<p data-start=\"0\" data-end=\"211\">Sehr ger\u00e4umiges, klassisches Tuindervlet f\u00fcr 13 Personen, ausgestattet mit einem Innenbordmotor, Ruder und bequemen Kissen. Hunde sind willkommen! Ideal f\u00fcr eine entspannte Kreuzfahrt oder einen gem\u00fctlichen Drink auf der Vecht.<\/p>\n<p data-start=\"213\" data-end=\"307\">Verf\u00fcgbare Abfahrtszeiten:<br data-start=\"236\" data-end=\"239\"\/>\ud83d\udd39 10:00 - 18:00 (oder 19:00)<br data-start=\"259\" data-end=\"262\" data-is-only-node=\"\"\/>\ud83d\udd39 10:00 - 13:00<br data-start=\"282\" data-end=\"285\"\/>\ud83d\udd39 14:00 - 18:00 (oder 19:00)<\/p>\n<p data-start=\"309\" data-end=\"409\" data-is-last-node=\"\" data-is-only-node=\"\">M\u00f6chten Sie zu einer anderen Zeit segeln? Nehmen Sie Kontakt mit uns auf, um die M\u00f6glichkeiten zu besprechen!<\/p>","protected":false},"featured_media":44310,"comment_status":"open","ping_status":"closed","template":"","meta":[],"product_brand":[],"product_cat":[342,1582],"product_tag":[],"class_list":{"0":"post-44793","1":"product","2":"type-product","3":"status-publish","4":"has-post-thumbnail","6":"product_cat-boten","7":"product_cat-area-weesp","8":"wcpv_product_vendors-recreatie-aan-de-vecht","10":"first","11":"instock","12":"virtual","13":"sold-individually","14":"taxable","15":"purchasable","16":"product-type-booking"},"booking_location":"","booking_location_type":"","booking_duration":1,"booking_duration_unit":"hour","booking_buffer":0,"booking_cost":95,"booking_resources":[],"exclude_global_add_ons":false,"addons":[{"name":"Bedingungen","type":"checkbox","position":0,"required":true,"title_format":"label","default":"","description_enable":true,"description":"Vielen Dank, dass Sie die Bedingungen f\u00fcr dieses Boot gelesen haben. (Siehe unten) Sind Sie einverstanden?","placeholder_enable":false,"placeholder":"","display":"select","restrictions_type":"any_text","adjust_price":false,"price":"0","price_type":"flat_fee","restrictions":false,"min":"0","max":"0","options":[{"label":"Akkoord","price":"","price_type":"flat_fee","image":0,"visibility":true}]}],"yoast_head":"<!-- This site is optimized with the Yoast SEO Premium plugin v27.2 (Yoast SEO v27.3) - https:\/\/yoast.com\/product\/yoast-seo-premium-wordpress\/ -->\n<title>Ruime gezellige Tuindersvlet - Havendienst.nl<\/title>\n<meta name=\"description\" content=\"Zeer ruime, klassieke Tuindersvlet voor 13 personen, uitgerust met een inboard motor, roer en comfortabele kussens. Honden zijn welkom! Ideaal voor een ontspannen vaartocht of een gezellige borrel op de Vecht.Beschikbare vaartijden:\ud83d\udd39 10:00 - 18:00 uur (of 19:00)\ud83d\udd39 10:00 - 13:00 uur\ud83d\udd39 14:00 - 18:00 uur (of 19:00)Wilt u op een ander tijdstip varen? Neem gerust contact met ons op om de mogelijkheden te bespreken!\" \/>\n<meta name=\"robots\" content=\"index, follow, max-snippet:-1, max-image-preview:large, max-video-preview:-1\" \/>\n<link rel=\"canonical\" href=\"https:\/\/havendienst.nl\/de\/produkt\/ruime-gezellige-tuinersvlet\/\" \/>\n<meta property=\"og:locale\" content=\"de_DE\" \/>\n<meta property=\"og:type\" content=\"article\" \/>\n<meta property=\"og:title\" content=\"Ruime gezellige Tuindersvlet\" \/>\n<meta property=\"og:description\" content=\"Zeer ruime, klassieke Tuindersvlet voor 13 personen, uitgerust met een inboard motor, roer en comfortabele kussens. Honden zijn welkom! Ideaal voor een ontspannen vaartocht of een gezellige borrel op de Vecht.Beschikbare vaartijden:\ud83d\udd39 10:00 - 18:00 uur (of 19:00)\ud83d\udd39 10:00 - 13:00 uur\ud83d\udd39 14:00 - 18:00 uur (of 19:00)Wilt u op een ander tijdstip varen? Neem gerust contact met ons op om de mogelijkheden te bespreken!\" \/>\n<meta property=\"og:url\" content=\"https:\/\/havendienst.nl\/de\/produkt\/ruime-gezellige-tuinersvlet\/\" \/>\n<meta property=\"og:site_name\" content=\"Havendienst.nl\" \/>\n<meta property=\"article:publisher\" content=\"https:\/\/www.facebook.com\/HavendienstNL\/\" \/>\n<meta property=\"article:modified_time\" content=\"2025-09-03T13:02:51+00:00\" \/>\n<meta property=\"og:image\" content=\"https:\/\/havendienst.nl\/upload\/2023\/06\/1618388420-tuindersvlet-hoog.jpeg\" \/>\n\t<meta property=\"og:image:width\" content=\"1920\" \/>\n\t<meta property=\"og:image:height\" content=\"1440\" \/>\n\t<meta property=\"og:image:type\" content=\"image\/jpeg\" \/>\n<meta name=\"twitter:card\" content=\"summary_large_image\" \/>\n<meta name=\"twitter:label1\" content=\"Preis\" \/>\n\t<meta name=\"twitter:data1\" content=\"&euro;&nbsp;95,00\" \/>\n\t<meta name=\"twitter:label2\" content=\"Verf\u00fcgbarkeit\" \/>\n\t<meta name=\"twitter:data2\" content=\"Auf Lager\" \/>\n<script type=\"application\/ld+json\" class=\"yoast-schema-graph\">{\"@context\":\"https:\\\/\\\/schema.org\",\"@graph\":[{\"@type\":[\"WebPage\",\"ItemPage\"],\"@id\":\"https:\\\/\\\/havendienst.nl\\\/product\\\/ruime-gezellige-tuinersvlet\\\/\",\"url\":\"https:\\\/\\\/havendienst.nl\\\/product\\\/ruime-gezellige-tuinersvlet\\\/\",\"name\":\"Ruime gezellige Tuindersvlet - Havendienst.nl\",\"isPartOf\":{\"@id\":\"https:\\\/\\\/havendienst.nl\\\/de\\\/#website\"},\"primaryImageOfPage\":{\"@id\":\"https:\\\/\\\/havendienst.nl\\\/product\\\/ruime-gezellige-tuinersvlet\\\/#primaryimage\"},\"image\":{\"@id\":\"https:\\\/\\\/havendienst.nl\\\/product\\\/ruime-gezellige-tuinersvlet\\\/#primaryimage\"},\"thumbnailUrl\":\"https:\\\/\\\/havendienst.nl\\\/upload\\\/2023\\\/06\\\/1618388420-tuindersvlet-hoog.jpeg\",\"datePublished\":\"2023-06-09T16:19:26+00:00\",\"dateModified\":\"2025-09-03T13:02:51+00:00\",\"description\":\"Zeer ruime, klassieke Tuindersvlet voor 13 personen, uitgerust met een inboard motor, roer en comfortabele kussens. Honden zijn welkom! Ideaal voor een ontspannen vaartocht of een gezellige borrel op de Vecht. Beschikbare vaartijden:\ud83d\udd39 10:00 - 18:00 uur (of 19:00)\ud83d\udd39 10:00 - 13:00 uur\ud83d\udd39 14:00 - 18:00 uur (of 19:00) Wilt u op een ander tijdstip varen? Neem gerust contact met ons op om de mogelijkheden te bespreken!\",\"breadcrumb\":{\"@id\":\"https:\\\/\\\/havendienst.nl\\\/product\\\/ruime-gezellige-tuinersvlet\\\/#breadcrumb\"},\"inLanguage\":\"de\",\"potentialAction\":[{\"@type\":\"ReadAction\",\"target\":[\"https:\\\/\\\/havendienst.nl\\\/product\\\/ruime-gezellige-tuinersvlet\\\/\"]}]},{\"@type\":\"ImageObject\",\"inLanguage\":\"de\",\"@id\":\"https:\\\/\\\/havendienst.nl\\\/product\\\/ruime-gezellige-tuinersvlet\\\/#primaryimage\",\"url\":\"https:\\\/\\\/havendienst.nl\\\/upload\\\/2023\\\/06\\\/1618388420-tuindersvlet-hoog.jpeg\",\"contentUrl\":\"https:\\\/\\\/havendienst.nl\\\/upload\\\/2023\\\/06\\\/1618388420-tuindersvlet-hoog.jpeg\",\"width\":1920,\"height\":1440},{\"@type\":\"BreadcrumbList\",\"@id\":\"https:\\\/\\\/havendienst.nl\\\/product\\\/ruime-gezellige-tuinersvlet\\\/#breadcrumb\",\"itemListElement\":[{\"@type\":\"ListItem\",\"position\":1,\"name\":\"Home\",\"item\":\"https:\\\/\\\/havendienst.nl\\\/\"},{\"@type\":\"ListItem\",\"position\":2,\"name\":\"Winkel\",\"item\":\"https:\\\/\\\/havendienst.nl\\\/winkel\\\/\"},{\"@type\":\"ListItem\",\"position\":3,\"name\":\"Ruime gezellige Tuindersvlet\"}]},{\"@type\":\"WebSite\",\"@id\":\"https:\\\/\\\/havendienst.nl\\\/de\\\/#website\",\"url\":\"https:\\\/\\\/havendienst.nl\\\/de\\\/\",\"name\":\"Havendienst.nl\",\"description\":\"Deelplatform voor boot huur en verhuur\",\"publisher\":{\"@id\":\"https:\\\/\\\/havendienst.nl\\\/de\\\/#organization\"},\"alternateName\":\"Havendienst Boot huren Loosdrecht\",\"potentialAction\":[{\"@type\":\"SearchAction\",\"target\":{\"@type\":\"EntryPoint\",\"urlTemplate\":\"https:\\\/\\\/havendienst.nl\\\/de\\\/?s={search_term_string}\"},\"query-input\":{\"@type\":\"PropertyValueSpecification\",\"valueRequired\":true,\"valueName\":\"search_term_string\"}}],\"inLanguage\":\"de\"},{\"@type\":[\"Organization\",\"Place\",\"Corporation\"],\"@id\":\"https:\\\/\\\/havendienst.nl\\\/de\\\/#organization\",\"name\":\"Havendienst.nl\",\"alternateName\":\"Havendienst Boot huren Loosdrecht\",\"url\":\"https:\\\/\\\/havendienst.nl\\\/de\\\/\",\"logo\":{\"@id\":\"https:\\\/\\\/havendienst.nl\\\/product\\\/ruime-gezellige-tuinersvlet\\\/#local-main-organization-logo\"},\"image\":{\"@id\":\"https:\\\/\\\/havendienst.nl\\\/product\\\/ruime-gezellige-tuinersvlet\\\/#local-main-organization-logo\"},\"sameAs\":[\"https:\\\/\\\/www.facebook.com\\\/HavendienstNL\\\/\",\"https:\\\/\\\/www.instagram.com\\\/havendienstnl\\\/\",\"https:\\\/\\\/www.youtube.com\\\/@havendienst\",\"http:\\\/\\\/wa.me\\\/31356565744\"],\"description\":\"Havendienst.nl is het grootste gratis deelplatform voor bootverhuur in Loosdrecht en omgeving. Verhuur of huur eenvoudig een sloep, motorboot of sup zonder commissie. Havendienst.nl biedt daarnaast pechhulp op het water, watertaxi en noodservice op de Loosdrechtse Plassen, de Vecht en aangrenzende wateren. D\u00e9 centrale plek voor particulieren en verhuurbedrijven.\",\"legalName\":\"Havendienst.nl\",\"foundingDate\":\"2021-03-01\",\"duns\":\"404514148\",\"numberOfEmployees\":{\"@type\":\"QuantitativeValue\",\"minValue\":\"1\",\"maxValue\":\"10\"},\"publishingPrinciples\":\"https:\\\/\\\/havendienst.nl\\\/over\\\/\",\"ownershipFundingInfo\":\"https:\\\/\\\/havendienst.nl\\\/over\\\/\",\"actionableFeedbackPolicy\":\"https:\\\/\\\/havendienst.nl\\\/over\\\/\",\"correctionsPolicy\":\"https:\\\/\\\/havendienst.nl\\\/over\\\/\",\"ethicsPolicy\":\"https:\\\/\\\/havendienst.nl\\\/over\\\/\",\"diversityPolicy\":\"https:\\\/\\\/havendienst.nl\\\/over\\\/\",\"diversityStaffingReport\":\"https:\\\/\\\/havendienst.nl\\\/over\\\/\",\"hasMerchantReturnPolicy\":{\"@type\":\"MerchantReturnPolicy\",\"merchantReturnLink\":\"https:\\\/\\\/havendienst.nl\\\/de\\\/over\\\/\"},\"address\":{\"@id\":\"https:\\\/\\\/havendienst.nl\\\/product\\\/ruime-gezellige-tuinersvlet\\\/#local-main-place-address\"},\"geo\":{\"@type\":\"GeoCoordinates\",\"latitude\":\"52.23923903597849\",\"longitude\":\"5.117388746032714\"},\"telephone\":[\"+31 35 6565744\"],\"openingHoursSpecification\":[{\"@type\":\"OpeningHoursSpecification\",\"dayOfWeek\":[\"Monday\",\"Tuesday\",\"Wednesday\",\"Thursday\",\"Friday\",\"Saturday\",\"Sunday\"],\"opens\":\"08:00\",\"closes\":\"22:00\"}],\"email\":\"info@havendienst.nl\",\"areaServed\":\"Loosdrecht, Oud-Loosdrecht, Vinkeveen, Friesland, Amsterdam, Utrecht, Oudewater, Kortenhoef, Maarssen, Weesp, Breukelen, Vecht\",\"vatID\":\"NL821308233B01\"},{\"@type\":\"PostalAddress\",\"@id\":\"https:\\\/\\\/havendienst.nl\\\/product\\\/ruime-gezellige-tuinersvlet\\\/#local-main-place-address\",\"streetAddress\":\"Kerklaan 53\",\"addressLocality\":\"Kortenhoef\",\"postalCode\":\"1241CK\",\"addressRegion\":\"Noord-Holland\",\"addressCountry\":\"NL\"},{\"@type\":\"ImageObject\",\"inLanguage\":\"de\",\"@id\":\"https:\\\/\\\/havendienst.nl\\\/product\\\/ruime-gezellige-tuinersvlet\\\/#local-main-organization-logo\",\"url\":\"https:\\\/\\\/havendienst.nl\\\/upload\\\/2021\\\/01\\\/havendienst-logo-small.png\",\"contentUrl\":\"https:\\\/\\\/havendienst.nl\\\/upload\\\/2021\\\/01\\\/havendienst-logo-small.png\",\"width\":167,\"height\":81,\"caption\":\"Havendienst.nl\"}]}<\/script>\n<meta property=\"product:brand\" content=\"Sloep\" \/>\n<meta property=\"product:price:amount\" content=\"95.00\" \/>\n<meta property=\"product:price:currency\" content=\"EUR\" \/>\n<meta property=\"og:availability\" content=\"instock\" \/>\n<meta property=\"product:availability\" content=\"instock\" \/>\n<meta property=\"product:condition\" content=\"new\" \/>\n<meta name=\"geo.placename\" content=\"Kortenhoef\" \/>\n<meta name=\"geo.position\" content=\"52.23923903597849;5.117388746032714\" \/>\n<meta name=\"geo.region\" content=\"Niederlande\" \/>\n<!-- \/ Yoast SEO Premium plugin. -->","yoast_head_json":{"title":"Ger\u00e4umiges gem\u00fctliches Tuindervlet - Havendienst.nl","description":"Sehr ger\u00e4umiges, klassisches Tuindersvlet f\u00fcr 13 Personen, ausgestattet mit einem Innenbordmotor, Ruder und bequemen Kissen. Hunde sind willkommen! Ideal f\u00fcr eine entspannte Kreuzfahrt oder einen gem\u00fctlichen Drink auf der Vecht.Verf\u00fcgbare Segelzeiten:\ud83d\udd39 10:00 - 18:00 (oder 19:00)\ud83d\udd39 10:00 - 13:00\ud83d\udd39 14:00 - 18:00 (oder 19:00)M\u00f6chten Sie zu einer anderen Zeit segeln? Nehmen Sie Kontakt mit uns auf, um die M\u00f6glichkeiten zu besprechen!","robots":{"index":"index","follow":"follow","max-snippet":"max-snippet:-1","max-image-preview":"max-image-preview:large","max-video-preview":"max-video-preview:-1"},"canonical":"https:\/\/havendienst.nl\/de\/produkt\/ruime-gezellige-tuinersvlet\/","og_locale":"de_DE","og_type":"article","og_title":"Ruime gezellige Tuindersvlet","og_description":"Zeer ruime, klassieke Tuindersvlet voor 13 personen, uitgerust met een inboard motor, roer en comfortabele kussens. Honden zijn welkom! Ideaal voor een ontspannen vaartocht of een gezellige borrel op de Vecht.Beschikbare vaartijden:\ud83d\udd39 10:00 - 18:00 uur (of 19:00)\ud83d\udd39 10:00 - 13:00 uur\ud83d\udd39 14:00 - 18:00 uur (of 19:00)Wilt u op een ander tijdstip varen? Neem gerust contact met ons op om de mogelijkheden te bespreken!","og_url":"https:\/\/havendienst.nl\/de\/produkt\/ruime-gezellige-tuinersvlet\/","og_site_name":"Havendienst.nl","article_publisher":"https:\/\/www.facebook.com\/HavendienstNL\/","article_modified_time":"2025-09-03T13:02:51+00:00","og_image":[{"width":1920,"height":1440,"url":"https:\/\/havendienst.nl\/upload\/2023\/06\/1618388420-tuindersvlet-hoog.jpeg","type":"image\/jpeg"}],"twitter_card":"summary_large_image","twitter_misc":{"Preis":"&euro;&nbsp;95,00","Verf\u00fcgbarkeit":"Auf Lager"},"schema":{"@context":"https:\/\/schema.org","@graph":[{"@type":["WebPage","ItemPage"],"@id":"https:\/\/havendienst.nl\/product\/ruime-gezellige-tuinersvlet\/","url":"https:\/\/havendienst.nl\/product\/ruime-gezellige-tuinersvlet\/","name":"Ger\u00e4umiges gem\u00fctliches Tuindervlet - Havendienst.nl","isPartOf":{"@id":"https:\/\/havendienst.nl\/de\/#website"},"primaryImageOfPage":{"@id":"https:\/\/havendienst.nl\/product\/ruime-gezellige-tuinersvlet\/#primaryimage"},"image":{"@id":"https:\/\/havendienst.nl\/product\/ruime-gezellige-tuinersvlet\/#primaryimage"},"thumbnailUrl":"https:\/\/havendienst.nl\/upload\/2023\/06\/1618388420-tuindersvlet-hoog.jpeg","datePublished":"2023-06-09T16:19:26+00:00","dateModified":"2025-09-03T13:02:51+00:00","description":"Sehr ger\u00e4umiges, klassisches Tuindersvlet f\u00fcr 13 Personen, ausgestattet mit einem Innenbordmotor, Ruder und bequemen Kissen. Hunde sind willkommen! Ideal f\u00fcr eine entspannte Kreuzfahrt oder einen gem\u00fctlichen Drink auf der Vecht. Verf\u00fcgbare Fahrzeiten:\ud83d\udd39 10:00 - 18:00 (oder 19:00)\ud83d\udd39 10:00 - 13:00\ud83d\udd39 14:00 - 18:00 (oder 19:00) M\u00f6chten Sie zu einer anderen Zeit fahren? Nehmen Sie Kontakt mit uns auf, um die M\u00f6glichkeiten zu besprechen!","breadcrumb":{"@id":"https:\/\/havendienst.nl\/product\/ruime-gezellige-tuinersvlet\/#breadcrumb"},"inLanguage":"de","potentialAction":[{"@type":"ReadAction","target":["https:\/\/havendienst.nl\/product\/ruime-gezellige-tuinersvlet\/"]}]},{"@type":"ImageObject","inLanguage":"de","@id":"https:\/\/havendienst.nl\/product\/ruime-gezellige-tuinersvlet\/#primaryimage","url":"https:\/\/havendienst.nl\/upload\/2023\/06\/1618388420-tuindersvlet-hoog.jpeg","contentUrl":"https:\/\/havendienst.nl\/upload\/2023\/06\/1618388420-tuindersvlet-hoog.jpeg","width":1920,"height":1440},{"@type":"BreadcrumbList","@id":"https:\/\/havendienst.nl\/product\/ruime-gezellige-tuinersvlet\/#breadcrumb","itemListElement":[{"@type":"ListItem","position":1,"name":"Home","item":"https:\/\/havendienst.nl\/"},{"@type":"ListItem","position":2,"name":"Winkel","item":"https:\/\/havendienst.nl\/winkel\/"},{"@type":"ListItem","position":3,"name":"Ruime gezellige Tuindersvlet"}]},{"@type":"WebSite","@id":"https:\/\/havendienst.nl\/de\/#website","url":"https:\/\/havendienst.nl\/de\/","name":"Havendienst.nl","description":"Gemeinsame Plattform f\u00fcr Bootsverleih und -vermietung","publisher":{"@id":"https:\/\/havendienst.nl\/de\/#organization"},"alternateName":"Havendienst Boot huren Loosdrecht","potentialAction":[{"@type":"SearchAction","target":{"@type":"EntryPoint","urlTemplate":"https:\/\/havendienst.nl\/de\/?s={search_term_string}"},"query-input":{"@type":"PropertyValueSpecification","valueRequired":true,"valueName":"search_term_string"}}],"inLanguage":"de"},{"@type":["Organization","Place","Corporation"],"@id":"https:\/\/havendienst.nl\/de\/#organization","name":"Havendienst.nl","alternateName":"Havendienst Boot huren Loosdrecht","url":"https:\/\/havendienst.nl\/de\/","logo":{"@id":"https:\/\/havendienst.nl\/product\/ruime-gezellige-tuinersvlet\/#local-main-organization-logo"},"image":{"@id":"https:\/\/havendienst.nl\/product\/ruime-gezellige-tuinersvlet\/#local-main-organization-logo"},"sameAs":["https:\/\/www.facebook.com\/HavendienstNL\/","https:\/\/www.instagram.com\/havendienstnl\/","https:\/\/www.youtube.com\/@havendienst","http:\/\/wa.me\/31356565744"],"description":"Havendienst.nl ist die gr\u00f6\u00dfte kostenlose Vermittlungsplattform f\u00fcr Bootsvermietungen in Loosdrecht und Umgebung. Mieten oder leasen Sie ganz einfach eine Schaluppe, ein Motorboot oder eine Sup ohne Provision. Havendienst.nl bietet auch Wasserpannenhilfe, Wassertaxi und Notdienst auf den Loosdrechtse Plassen, dem Vecht und den angrenzenden Gew\u00e4ssern. Die zentrale Anlaufstelle f\u00fcr Privatpersonen und Vermietungsunternehmen.","legalName":"Havendienst.nl","foundingDate":"2021-03-01","duns":"404514148","numberOfEmployees":{"@type":"QuantitativeValue","minValue":"1","maxValue":"10"},"publishingPrinciples":"https:\/\/havendienst.nl\/over\/","ownershipFundingInfo":"https:\/\/havendienst.nl\/over\/","actionableFeedbackPolicy":"https:\/\/havendienst.nl\/over\/","correctionsPolicy":"https:\/\/havendienst.nl\/over\/","ethicsPolicy":"https:\/\/havendienst.nl\/over\/","diversityPolicy":"https:\/\/havendienst.nl\/over\/","diversityStaffingReport":"https:\/\/havendienst.nl\/over\/","hasMerchantReturnPolicy":{"@type":"MerchantReturnPolicy","merchantReturnLink":"https:\/\/havendienst.nl\/de\/over\/"},"address":{"@id":"https:\/\/havendienst.nl\/product\/ruime-gezellige-tuinersvlet\/#local-main-place-address"},"geo":{"@type":"GeoCoordinates","latitude":"52.23923903597849","longitude":"5.117388746032714"},"telephone":["+31 35 6565744"],"openingHoursSpecification":[{"@type":"OpeningHoursSpecification","dayOfWeek":["Monday","Tuesday","Wednesday","Thursday","Friday","Saturday","Sunday"],"opens":"08:00","closes":"22:00"}],"email":"info@havendienst.nl","areaServed":"Loosdrecht, Oud-Loosdrecht, Vinkeveen, Friesland, Amsterdam, Utrecht, Oudewater, Kortenhoef, Maarssen, Weesp, Breukelen, Vecht","vatID":"NL821308233B01"},{"@type":"PostalAddress","@id":"https:\/\/havendienst.nl\/product\/ruime-gezellige-tuinersvlet\/#local-main-place-address","streetAddress":"Kerklaan 53","addressLocality":"Kortenhoef","postalCode":"1241CK","addressRegion":"Noord-Holland","addressCountry":"NL"},{"@type":"ImageObject","inLanguage":"de","@id":"https:\/\/havendienst.nl\/product\/ruime-gezellige-tuinersvlet\/#local-main-organization-logo","url":"https:\/\/havendienst.nl\/upload\/2021\/01\/havendienst-logo-small.png","contentUrl":"https:\/\/havendienst.nl\/upload\/2021\/01\/havendienst-logo-small.png","width":167,"height":81,"caption":"Havendienst.nl"}]},"product_brand":"Sloep","product_price_amount":"95.00","product_price_currency":"EUR","og_availability":"instock","product_availability":"instock","product_condition":"new","geo.placename":"Kortenhoef","geo.position":{"lat":"52.23923903597849","long":"5.117388746032714"},"geo.region":"Niederlande"},"_links":{"self":[{"href":"https:\/\/havendienst.nl\/de\/wp-json\/wp\/v2\/product\/44793","targetHints":{"allow":["GET"]}}],"collection":[{"href":"https:\/\/havendienst.nl\/de\/wp-json\/wp\/v2\/product"}],"about":[{"href":"https:\/\/havendienst.nl\/de\/wp-json\/wp\/v2\/types\/product"}],"replies":[{"embeddable":true,"href":"https:\/\/havendienst.nl\/de\/wp-json\/wp\/v2\/comments?post=44793"}],"wp:featuredmedia":[{"embeddable":true,"href":"https:\/\/havendienst.nl\/de\/wp-json\/wp\/v2\/media\/44310"}],"wp:attachment":[{"href":"https:\/\/havendienst.nl\/de\/wp-json\/wp\/v2\/media?parent=44793"}],"wp:term":[{"taxonomy":"product_brand","embeddable":true,"href":"https:\/\/havendienst.nl\/de\/wp-json\/wp\/v2\/product_brand?post=44793"},{"taxonomy":"product_cat","embeddable":true,"href":"https:\/\/havendienst.nl\/de\/wp-json\/wp\/v2\/product_cat?post=44793"},{"taxonomy":"product_tag","embeddable":true,"href":"https:\/\/havendienst.nl\/de\/wp-json\/wp\/v2\/product_tag?post=44793"}],"curies":[{"name":"wp","href":"https:\/\/api.w.org\/{rel}","templated":true}]}}