{"id":33739,"date":"2022-05-16T11:49:43","date_gmt":"2022-05-16T09:49:43","guid":{"rendered":"https:\/\/havendienst.nl\/?post_type=product&#038;p=33739"},"modified":"2026-04-18T18:18:46","modified_gmt":"2026-04-18T16:18:46","slug":"qaptains-e-qruiser-600plus-premium-loosrecht","status":"publish","type":"product","link":"https:\/\/havendienst.nl\/de\/product\/qaptains-e-qruiser-600plus-premium-loosrecht\/","title":{"rendered":"e-Qruiser 600+ Premium"},"content":{"rendered":"<div class=\"fusion-fullwidth fullwidth-box fusion-builder-row-1 fusion-flex-container nonhundred-percent-fullwidth non-hundred-percent-height-scrolling\" style=\"--awb-border-radius-top-left:0px;--awb-border-radius-top-right:0px;--awb-border-radius-bottom-right:0px;--awb-border-radius-bottom-left:0px;--awb-flex-wrap:wrap;\" ><div class=\"fusion-builder-row fusion-row fusion-flex-align-items-flex-start fusion-flex-content-wrap\" style=\"max-width:1144px;margin-left: calc(-4% \/ 2 );margin-right: calc(-4% \/ 2 );\"><div class=\"fusion-layout-column fusion_builder_column fusion-builder-column-0 fusion_builder_column_1_2 1_2 fusion-flex-column\" style=\"--awb-bg-size:cover;--awb-width-large:50%;--awb-margin-top-large:0px;--awb-spacing-right-large:3.84%;--awb-margin-bottom-large:0px;--awb-spacing-left-large:3.84%;--awb-width-medium:50%;--awb-spacing-right-medium:3.84%;--awb-spacing-left-medium:3.84%;--awb-width-small:100%;--awb-spacing-right-small:1.92%;--awb-spacing-left-small:1.92%;\"><div class=\"fusion-column-wrapper fusion-flex-justify-content-flex-start fusion-content-layout-column\"><div class=\"fusion-text fusion-text-1\"><p>Das Segeln auf dem e-Qruiser 600+ Premium ist eine einzigartige Erfahrung. Das Boot ist 100% elektrisch, sehr stabil und extrem luxuri\u00f6s.<br \/>\nDie Segeleigenschaften sind hervorragend und das Boot ist f\u00fcr l\u00e4ngere Fahrten geeignet. Dank des elektrischen Innenbordmotors segelt die Schaluppe \u00e4u\u00dferst stabil, leise und gleichm\u00e4\u00dfig. Die Schaluppe ist mit einem Bugstrahlruder ausgestattet und dreht sich daher beim Anlegen besonders leicht.<br \/>\nDer Qrafter e-Qruiser 600+ Premium bietet Platz f\u00fcr 8 Personen, hat ein Soundsystem (Bluetooth), sehr luxuri\u00f6se Polster und ein sch\u00f6nes Sonnendeck.<\/p>\n<p>Unter <a href=\"\/over#huren\">schlechtes Wetter*<\/a> k\u00f6nnen jederzeit kostenlos storniert werden. M\u00f6chten Sie das Datum nach der Buchung \u00e4ndern? Dies ist bis zu 4 Tage vor der Abreise kostenlos m\u00f6glich.<\/p>\n<p>F\u00fcr dieses Boot ben\u00f6tigen Sie keinen F\u00fchrerschein. Wenn Sie noch nie gesegelt sind, wird Ihnen ausreichend erkl\u00e4rt, wie Sie lossegeln und sicher zur\u00fcckkehren k\u00f6nnen.<br \/>\nDas Boot ist kinderfreundlich, aber nach hinten offen. Schwimmwesten (f\u00fcr Kinder) werden auf Anfrage kostenlos zur Verf\u00fcgung gestellt.<br \/>\nSie k\u00f6nnen Ihr Haustier mit auf dieses Boot nehmen!<\/p>\n<\/div><\/div><\/div><div class=\"fusion-layout-column fusion_builder_column fusion-builder-column-1 fusion_builder_column_1_2 1_2 fusion-flex-column\" style=\"--awb-bg-size:cover;--awb-width-large:50%;--awb-margin-top-large:0px;--awb-spacing-right-large:3.84%;--awb-margin-bottom-large:20px;--awb-spacing-left-large:3.84%;--awb-width-medium:50%;--awb-order-medium:0;--awb-spacing-right-medium:3.84%;--awb-spacing-left-medium:3.84%;--awb-width-small:100%;--awb-order-small:0;--awb-spacing-right-small:1.92%;--awb-spacing-left-small:1.92%;\"><div class=\"fusion-column-wrapper fusion-column-has-shadow fusion-flex-justify-content-flex-start fusion-content-layout-column\"><div class=\"fusion-video fusion-vimeo\" style=\"--awb-max-width:450px;--awb-max-height:253px;\" data-autoplay=\"1\"><div class=\"video-shortcode\"><div class=\"fluid-width-video-wrapper\" style=\"padding-top:56.22%;\" ><iframe loading=\"lazy\" title=\"Vimeo-Videoplayer 1\" src=\"https:\/\/player.vimeo.com\/video\/459335157?autoplay=1&amp;dnt=1&amp;loop=1&amp;muted=1&amp;title=0&amp;autopause=0\" width=\"450\" height=\"253\" allowfullscreen allow=\"autoplay; fullscreen\"><\/iframe><\/div><\/div><\/div><div class=\"fusion-text fusion-text-2\" style=\"--awb-margin-top:20px;\"><p>M\u00f6chten auch Sie diesen Luxus erleben? Dann buchen Sie schnell, wir haben nur noch 2 Pl\u00e4tze in Loosdrecht frei!<\/p>\n<\/div><\/div><\/div><\/div><\/div>","protected":false},"excerpt":{"rendered":"<p>Der e-Qruiser 600+ Premium ist das luxuri\u00f6seste Boot f\u00fcr 8 Personen!<\/p>\n<p>Sie segelt hervorragend glatt und leise durch das Wasser und ist sehr leicht zu steuern. Die e-Qruiser 600+ Premiums ist die elektrische Beiboot Schaluppe des Augenblicks mit einem sch\u00f6n luxuri\u00f6sen Kissen, Bugstrahlruder f\u00fcr einfaches Man\u00f6vrieren, Bimini, Soundsystem, Teakdeck.<\/p>\n<p>Kein Bootsf\u00fchrerschein erforderlich.<\/p>","protected":false},"featured_media":33727,"comment_status":"open","ping_status":"closed","template":"","meta":{"rs_blank_template":"","rs_page_bg_color":"","slide_template_v7":""},"product_brand":[],"product_cat":[342,257],"product_tag":[],"class_list":{"0":"post-33739","1":"product","2":"type-product","3":"status-publish","4":"has-post-thumbnail","6":"product_cat-boten","7":"product_cat-area-loosdrecht","8":"wcpv_product_vendors-qaptains","10":"first","11":"instock","12":"featured","13":"virtual","14":"sold-individually","15":"taxable","16":"purchasable","17":"product-type-booking"},"booking_location":"","booking_location_type":"","booking_duration":60,"booking_duration_unit":"minute","booking_buffer":0,"booking_cost":0,"booking_resources":[],"exclude_global_add_ons":false,"addons":[{"name":"Borg","type":"checkbox","position":0,"required":true,"title_format":"label","default":"","description_enable":true,"description":"Die Kaution ist obligatorisch. Sie wird zur\u00fcckerstattet, es sei denn, es muss etwas geregelt werden, wie z. B. zus\u00e4tzliche Fahrzeit oder Sch\u00e4den.","placeholder_enable":false,"placeholder":"","display":"select","restrictions_type":"any_text","adjust_price":false,"price":"0","price_type":"flat_fee","restrictions":false,"min":"0","max":"0","options":[{"label":"Borg","price":"200","price_type":"flat_fee","image":0,"visibility":true}]},{"name":"K\u00fchlbox","type":"checkbox","position":1,"required":false,"title_format":"label","default":"","description_enable":true,"description":"Halten Sie Ihre Snacks und Getr\u00e4nke den ganzen Tag \u00fcber in einer K\u00fchlbox sch\u00f6n k\u00fchl, wir stellen sie f\u00fcr Sie an Bord!","placeholder_enable":false,"placeholder":"","display":"select","restrictions_type":"any_text","adjust_price":false,"price":"0","price_type":"flat_fee","restrictions":false,"min":"0","max":"0","options":[{"label":"Koelbox","price":"10","price_type":"flat_fee","image":0,"visibility":true}]},{"name":"Schwimmwesten","type":"input_multiplier","position":2,"required":false,"title_format":"label","default":"","description_enable":true,"description":"Brauchen Sie eine Schwimmweste? Bitte geben Sie hier an, wie viele:","placeholder_enable":false,"placeholder":"","display":"select","restrictions_type":"any_text","adjust_price":false,"price":"0","price_type":"flat_fee","restrictions":true,"min":"0","max":"8","options":[]}],"yoast_head":"<!-- This site is optimized with the Yoast SEO Premium plugin v27.4 (Yoast SEO v27.4) - https:\/\/yoast.com\/product\/yoast-seo-premium-wordpress\/ -->\n<title>e-Qruiser 600+ Premium - Havendienst.nl<\/title>\n<meta name=\"description\" content=\"Vaar door Loosdrecht op de meest luxueuze tendersloep van dit moment, de e-Qruiser 600+ Premium. Ontdek je mooiste plekjes in stijl, incl. koelkast!\" \/>\n<meta name=\"robots\" content=\"index, follow, max-snippet:-1, max-image-preview:large, max-video-preview:-1\" \/>\n<link rel=\"canonical\" href=\"https:\/\/havendienst.nl\/de\/produkt\/qaptains-e-qruiser-600plus-premium-loosrecht\/\" \/>\n<meta property=\"og:locale\" content=\"de_DE\" \/>\n<meta property=\"og:type\" content=\"article\" \/>\n<meta property=\"og:title\" content=\"e-Qruiser 600+ Premium\" \/>\n<meta property=\"og:description\" content=\"Vaar door Loosdrecht op de meest luxueuze tendersloep van dit moment, de e-Qruiser 600+ Premium. Ontdek je mooiste plekjes in stijl, incl. koelkast!\" \/>\n<meta property=\"og:url\" content=\"https:\/\/havendienst.nl\/de\/produkt\/qaptains-e-qruiser-600plus-premium-loosrecht\/\" \/>\n<meta property=\"og:site_name\" content=\"Havendienst.nl\" \/>\n<meta property=\"article:publisher\" content=\"https:\/\/www.facebook.com\/HavendienstNL\/\" \/>\n<meta property=\"article:modified_time\" content=\"2026-04-18T16:18:46+00:00\" \/>\n<meta property=\"og:image\" content=\"https:\/\/havendienst.nl\/upload\/2022\/05\/Qrafter_qruiser_600plus_premium_in_water_2.jpg\" \/>\n\t<meta property=\"og:image:width\" content=\"2560\" \/>\n\t<meta property=\"og:image:height\" content=\"1707\" \/>\n\t<meta property=\"og:image:type\" content=\"image\/jpeg\" \/>\n<meta name=\"twitter:card\" content=\"summary_large_image\" \/>\n<meta name=\"twitter:label1\" content=\"Preis\" \/>\n\t<meta name=\"twitter:data1\" content=\"&euro;&nbsp;210,00\" \/>\n\t<meta name=\"twitter:label2\" content=\"Verf\u00fcgbarkeit\" \/>\n\t<meta name=\"twitter:data2\" content=\"Auf Lager\" \/>\n<script type=\"application\/ld+json\" class=\"yoast-schema-graph\">{\"@context\":\"https:\\\/\\\/schema.org\",\"@graph\":[{\"@type\":[\"WebPage\",\"ItemPage\"],\"@id\":\"https:\\\/\\\/havendienst.nl\\\/product\\\/qaptains-e-qruiser-600plus-premium-loosrecht\\\/\",\"url\":\"https:\\\/\\\/havendienst.nl\\\/product\\\/qaptains-e-qruiser-600plus-premium-loosrecht\\\/\",\"name\":\"e-Qruiser 600+ Premium - Havendienst.nl\",\"isPartOf\":{\"@id\":\"https:\\\/\\\/havendienst.nl\\\/de\\\/#website\"},\"primaryImageOfPage\":{\"@id\":\"https:\\\/\\\/havendienst.nl\\\/product\\\/qaptains-e-qruiser-600plus-premium-loosrecht\\\/#primaryimage\"},\"image\":{\"@id\":\"https:\\\/\\\/havendienst.nl\\\/product\\\/qaptains-e-qruiser-600plus-premium-loosrecht\\\/#primaryimage\"},\"thumbnailUrl\":\"https:\\\/\\\/havendienst.nl\\\/upload\\\/2022\\\/05\\\/Qrafter_qruiser_600plus_premium_in_water_2.jpg\",\"datePublished\":\"2022-05-16T09:49:43+00:00\",\"dateModified\":\"2026-04-18T16:18:46+00:00\",\"description\":\"Vaar door Loosdrecht op de meest luxueuze tendersloep van dit moment, de e-Qruiser 600+ Premium. Ontdek je mooiste plekjes in stijl, incl. koelkast!\",\"breadcrumb\":{\"@id\":\"https:\\\/\\\/havendienst.nl\\\/product\\\/qaptains-e-qruiser-600plus-premium-loosrecht\\\/#breadcrumb\"},\"inLanguage\":\"de\",\"potentialAction\":[{\"@type\":\"ReadAction\",\"target\":[\"https:\\\/\\\/havendienst.nl\\\/product\\\/qaptains-e-qruiser-600plus-premium-loosrecht\\\/\"]}]},{\"@type\":\"ImageObject\",\"inLanguage\":\"de\",\"@id\":\"https:\\\/\\\/havendienst.nl\\\/product\\\/qaptains-e-qruiser-600plus-premium-loosrecht\\\/#primaryimage\",\"url\":\"https:\\\/\\\/havendienst.nl\\\/upload\\\/2022\\\/05\\\/Qrafter_qruiser_600plus_premium_in_water_2.jpg\",\"contentUrl\":\"https:\\\/\\\/havendienst.nl\\\/upload\\\/2022\\\/05\\\/Qrafter_qruiser_600plus_premium_in_water_2.jpg\",\"width\":2560,\"height\":1707},{\"@type\":\"BreadcrumbList\",\"@id\":\"https:\\\/\\\/havendienst.nl\\\/product\\\/qaptains-e-qruiser-600plus-premium-loosrecht\\\/#breadcrumb\",\"itemListElement\":[{\"@type\":\"ListItem\",\"position\":1,\"name\":\"Home\",\"item\":\"https:\\\/\\\/havendienst.nl\\\/\"},{\"@type\":\"ListItem\",\"position\":2,\"name\":\"Winkel\",\"item\":\"https:\\\/\\\/havendienst.nl\\\/winkel\\\/\"},{\"@type\":\"ListItem\",\"position\":3,\"name\":\"e-Qruiser 600+ Premium\"}]},{\"@type\":\"WebSite\",\"@id\":\"https:\\\/\\\/havendienst.nl\\\/de\\\/#website\",\"url\":\"https:\\\/\\\/havendienst.nl\\\/de\\\/\",\"name\":\"Havendienst.nl\",\"description\":\"Deelplatform voor boot huur en verhuur\",\"publisher\":{\"@id\":\"https:\\\/\\\/havendienst.nl\\\/de\\\/#organization\"},\"alternateName\":\"Havendienst Boot huren Loosdrecht\",\"potentialAction\":[{\"@type\":\"SearchAction\",\"target\":{\"@type\":\"EntryPoint\",\"urlTemplate\":\"https:\\\/\\\/havendienst.nl\\\/de\\\/?s={search_term_string}\"},\"query-input\":{\"@type\":\"PropertyValueSpecification\",\"valueRequired\":true,\"valueName\":\"search_term_string\"}}],\"inLanguage\":\"de\"},{\"@type\":[\"Organization\",\"Place\",\"Corporation\"],\"@id\":\"https:\\\/\\\/havendienst.nl\\\/de\\\/#organization\",\"name\":\"Havendienst.nl\",\"alternateName\":\"Havendienst Boot huren Loosdrecht\",\"url\":\"https:\\\/\\\/havendienst.nl\\\/de\\\/\",\"logo\":{\"@id\":\"https:\\\/\\\/havendienst.nl\\\/product\\\/qaptains-e-qruiser-600plus-premium-loosrecht\\\/#local-main-organization-logo\"},\"image\":{\"@id\":\"https:\\\/\\\/havendienst.nl\\\/product\\\/qaptains-e-qruiser-600plus-premium-loosrecht\\\/#local-main-organization-logo\"},\"sameAs\":[\"https:\\\/\\\/www.facebook.com\\\/HavendienstNL\\\/\",\"https:\\\/\\\/www.instagram.com\\\/havendienstnl\\\/\",\"https:\\\/\\\/www.youtube.com\\\/@havendienst\",\"http:\\\/\\\/wa.me\\\/31356565744\"],\"description\":\"Havendienst.nl is het grootste gratis deelplatform voor bootverhuur in Loosdrecht en omgeving. Verhuur of huur eenvoudig een sloep, motorboot of sup zonder commissie. Havendienst.nl biedt daarnaast pechhulp op het water, watertaxi en noodservice op de Loosdrechtse Plassen, de Vecht en aangrenzende wateren. D\u00e9 centrale plek voor particulieren en verhuurbedrijven.\",\"legalName\":\"Havendienst.nl\",\"foundingDate\":\"2021-03-01\",\"duns\":\"404514148\",\"numberOfEmployees\":{\"@type\":\"QuantitativeValue\",\"minValue\":\"1\",\"maxValue\":\"10\"},\"publishingPrinciples\":\"https:\\\/\\\/havendienst.nl\\\/over\\\/\",\"ownershipFundingInfo\":\"https:\\\/\\\/havendienst.nl\\\/over\\\/\",\"actionableFeedbackPolicy\":\"https:\\\/\\\/havendienst.nl\\\/over\\\/\",\"correctionsPolicy\":\"https:\\\/\\\/havendienst.nl\\\/over\\\/\",\"ethicsPolicy\":\"https:\\\/\\\/havendienst.nl\\\/over\\\/\",\"diversityPolicy\":\"https:\\\/\\\/havendienst.nl\\\/over\\\/\",\"diversityStaffingReport\":\"https:\\\/\\\/havendienst.nl\\\/over\\\/\",\"hasMerchantReturnPolicy\":{\"@type\":\"MerchantReturnPolicy\",\"merchantReturnLink\":\"https:\\\/\\\/havendienst.nl\\\/de\\\/over\\\/\"},\"address\":{\"@id\":\"https:\\\/\\\/havendienst.nl\\\/product\\\/qaptains-e-qruiser-600plus-premium-loosrecht\\\/#local-main-place-address\"},\"geo\":{\"@type\":\"GeoCoordinates\",\"latitude\":\"52.23923903597849\",\"longitude\":\"5.117388746032714\"},\"telephone\":[\"+31 35 6565744\"],\"openingHoursSpecification\":[{\"@type\":\"OpeningHoursSpecification\",\"dayOfWeek\":[\"Monday\",\"Tuesday\",\"Wednesday\",\"Thursday\",\"Friday\",\"Saturday\",\"Sunday\"],\"opens\":\"08:00\",\"closes\":\"22:00\"}],\"email\":\"info@havendienst.nl\",\"areaServed\":\"Loosdrecht, Oud-Loosdrecht, Vinkeveen, Friesland, Amsterdam, Utrecht, Oudewater, Kortenhoef, Maarssen, Weesp, Breukelen, Vecht\",\"vatID\":\"NL821308233B01\"},{\"@type\":\"PostalAddress\",\"@id\":\"https:\\\/\\\/havendienst.nl\\\/product\\\/qaptains-e-qruiser-600plus-premium-loosrecht\\\/#local-main-place-address\",\"streetAddress\":\"Kerklaan 53\",\"addressLocality\":\"Kortenhoef\",\"postalCode\":\"1241CK\",\"addressRegion\":\"Noord-Holland\",\"addressCountry\":\"NL\"},{\"@type\":\"ImageObject\",\"inLanguage\":\"de\",\"@id\":\"https:\\\/\\\/havendienst.nl\\\/product\\\/qaptains-e-qruiser-600plus-premium-loosrecht\\\/#local-main-organization-logo\",\"url\":\"https:\\\/\\\/havendienst.nl\\\/upload\\\/2021\\\/01\\\/havendienst-logo-small.png\",\"contentUrl\":\"https:\\\/\\\/havendienst.nl\\\/upload\\\/2021\\\/01\\\/havendienst-logo-small.png\",\"width\":167,\"height\":81,\"caption\":\"Havendienst.nl\"}]}<\/script>\n<meta property=\"product:brand\" content=\"Sloep\" \/>\n<meta property=\"product:price:amount\" content=\"210.00\" \/>\n<meta property=\"product:price:currency\" content=\"EUR\" \/>\n<meta property=\"og:availability\" content=\"instock\" \/>\n<meta property=\"product:availability\" content=\"instock\" \/>\n<meta property=\"product:condition\" content=\"new\" \/>\n<meta name=\"geo.placename\" content=\"Kortenhoef\" \/>\n<meta name=\"geo.position\" content=\"52.23923903597849;5.117388746032714\" \/>\n<meta name=\"geo.region\" content=\"Niederlande\" \/>\n<!-- \/ Yoast SEO Premium plugin. -->","yoast_head_json":{"title":"e-Qruiser 600+ Premium - Havendienst.nl","description":"Segeln Sie durch Loosdrecht auf dem luxuri\u00f6sesten Tenderboot der Gegenwart, dem e-Qruiser 600+ Premium. Entdecken Sie Ihre Lieblingspl\u00e4tze mit Stil, einschlie\u00dflich eines K\u00fchlschranks!","robots":{"index":"index","follow":"follow","max-snippet":"max-snippet:-1","max-image-preview":"max-image-preview:large","max-video-preview":"max-video-preview:-1"},"canonical":"https:\/\/havendienst.nl\/de\/produkt\/qaptains-e-qruiser-600plus-premium-loosrecht\/","og_locale":"de_DE","og_type":"article","og_title":"e-Qruiser 600+ Premium","og_description":"Vaar door Loosdrecht op de meest luxueuze tendersloep van dit moment, de e-Qruiser 600+ Premium. Ontdek je mooiste plekjes in stijl, incl. koelkast!","og_url":"https:\/\/havendienst.nl\/de\/produkt\/qaptains-e-qruiser-600plus-premium-loosrecht\/","og_site_name":"Havendienst.nl","article_publisher":"https:\/\/www.facebook.com\/HavendienstNL\/","article_modified_time":"2026-04-18T16:18:46+00:00","og_image":[{"width":2560,"height":1707,"url":"https:\/\/havendienst.nl\/upload\/2022\/05\/Qrafter_qruiser_600plus_premium_in_water_2.jpg","type":"image\/jpeg"}],"twitter_card":"summary_large_image","twitter_misc":{"Preis":"&euro;&nbsp;210,00","Verf\u00fcgbarkeit":"Auf Lager"},"schema":{"@context":"https:\/\/schema.org","@graph":[{"@type":["WebPage","ItemPage"],"@id":"https:\/\/havendienst.nl\/product\/qaptains-e-qruiser-600plus-premium-loosrecht\/","url":"https:\/\/havendienst.nl\/product\/qaptains-e-qruiser-600plus-premium-loosrecht\/","name":"e-Qruiser 600+ Premium - Havendienst.nl","isPartOf":{"@id":"https:\/\/havendienst.nl\/de\/#website"},"primaryImageOfPage":{"@id":"https:\/\/havendienst.nl\/product\/qaptains-e-qruiser-600plus-premium-loosrecht\/#primaryimage"},"image":{"@id":"https:\/\/havendienst.nl\/product\/qaptains-e-qruiser-600plus-premium-loosrecht\/#primaryimage"},"thumbnailUrl":"https:\/\/havendienst.nl\/upload\/2022\/05\/Qrafter_qruiser_600plus_premium_in_water_2.jpg","datePublished":"2022-05-16T09:49:43+00:00","dateModified":"2026-04-18T16:18:46+00:00","description":"Segeln Sie durch Loosdrecht auf dem luxuri\u00f6sesten Tenderboot der Gegenwart, dem e-Qruiser 600+ Premium. Entdecken Sie Ihre Lieblingspl\u00e4tze mit Stil, einschlie\u00dflich eines K\u00fchlschranks!","breadcrumb":{"@id":"https:\/\/havendienst.nl\/product\/qaptains-e-qruiser-600plus-premium-loosrecht\/#breadcrumb"},"inLanguage":"de","potentialAction":[{"@type":"ReadAction","target":["https:\/\/havendienst.nl\/product\/qaptains-e-qruiser-600plus-premium-loosrecht\/"]}]},{"@type":"ImageObject","inLanguage":"de","@id":"https:\/\/havendienst.nl\/product\/qaptains-e-qruiser-600plus-premium-loosrecht\/#primaryimage","url":"https:\/\/havendienst.nl\/upload\/2022\/05\/Qrafter_qruiser_600plus_premium_in_water_2.jpg","contentUrl":"https:\/\/havendienst.nl\/upload\/2022\/05\/Qrafter_qruiser_600plus_premium_in_water_2.jpg","width":2560,"height":1707},{"@type":"BreadcrumbList","@id":"https:\/\/havendienst.nl\/product\/qaptains-e-qruiser-600plus-premium-loosrecht\/#breadcrumb","itemListElement":[{"@type":"ListItem","position":1,"name":"Home","item":"https:\/\/havendienst.nl\/"},{"@type":"ListItem","position":2,"name":"Winkel","item":"https:\/\/havendienst.nl\/winkel\/"},{"@type":"ListItem","position":3,"name":"e-Qruiser 600+ Premium"}]},{"@type":"WebSite","@id":"https:\/\/havendienst.nl\/de\/#website","url":"https:\/\/havendienst.nl\/de\/","name":"Havendienst.nl","description":"Gemeinsame Plattform f\u00fcr Bootsverleih und -vermietung","publisher":{"@id":"https:\/\/havendienst.nl\/de\/#organization"},"alternateName":"Havendienst Boot huren Loosdrecht","potentialAction":[{"@type":"SearchAction","target":{"@type":"EntryPoint","urlTemplate":"https:\/\/havendienst.nl\/de\/?s={search_term_string}"},"query-input":{"@type":"PropertyValueSpecification","valueRequired":true,"valueName":"search_term_string"}}],"inLanguage":"de"},{"@type":["Organization","Place","Corporation"],"@id":"https:\/\/havendienst.nl\/de\/#organization","name":"Havendienst.nl","alternateName":"Havendienst Boot huren Loosdrecht","url":"https:\/\/havendienst.nl\/de\/","logo":{"@id":"https:\/\/havendienst.nl\/product\/qaptains-e-qruiser-600plus-premium-loosrecht\/#local-main-organization-logo"},"image":{"@id":"https:\/\/havendienst.nl\/product\/qaptains-e-qruiser-600plus-premium-loosrecht\/#local-main-organization-logo"},"sameAs":["https:\/\/www.facebook.com\/HavendienstNL\/","https:\/\/www.instagram.com\/havendienstnl\/","https:\/\/www.youtube.com\/@havendienst","http:\/\/wa.me\/31356565744"],"description":"Havendienst.nl ist die gr\u00f6\u00dfte kostenlose Vermittlungsplattform f\u00fcr Bootsvermietungen in Loosdrecht und Umgebung. Mieten oder leasen Sie ganz einfach eine Schaluppe, ein Motorboot oder eine Sup ohne Provision. Havendienst.nl bietet auch Wasserpannenhilfe, Wassertaxi und Notdienst auf den Loosdrechtse Plassen, dem Vecht und den angrenzenden Gew\u00e4ssern. Die zentrale Anlaufstelle f\u00fcr Privatpersonen und Vermietungsunternehmen.","legalName":"Havendienst.nl","foundingDate":"2021-03-01","duns":"404514148","numberOfEmployees":{"@type":"QuantitativeValue","minValue":"1","maxValue":"10"},"publishingPrinciples":"https:\/\/havendienst.nl\/over\/","ownershipFundingInfo":"https:\/\/havendienst.nl\/over\/","actionableFeedbackPolicy":"https:\/\/havendienst.nl\/over\/","correctionsPolicy":"https:\/\/havendienst.nl\/over\/","ethicsPolicy":"https:\/\/havendienst.nl\/over\/","diversityPolicy":"https:\/\/havendienst.nl\/over\/","diversityStaffingReport":"https:\/\/havendienst.nl\/over\/","hasMerchantReturnPolicy":{"@type":"MerchantReturnPolicy","merchantReturnLink":"https:\/\/havendienst.nl\/de\/over\/"},"address":{"@id":"https:\/\/havendienst.nl\/product\/qaptains-e-qruiser-600plus-premium-loosrecht\/#local-main-place-address"},"geo":{"@type":"GeoCoordinates","latitude":"52.23923903597849","longitude":"5.117388746032714"},"telephone":["+31 35 6565744"],"openingHoursSpecification":[{"@type":"OpeningHoursSpecification","dayOfWeek":["Monday","Tuesday","Wednesday","Thursday","Friday","Saturday","Sunday"],"opens":"08:00","closes":"22:00"}],"email":"info@havendienst.nl","areaServed":"Loosdrecht, Oud-Loosdrecht, Vinkeveen, Friesland, Amsterdam, Utrecht, Oudewater, Kortenhoef, Maarssen, Weesp, Breukelen, Vecht","vatID":"NL821308233B01"},{"@type":"PostalAddress","@id":"https:\/\/havendienst.nl\/product\/qaptains-e-qruiser-600plus-premium-loosrecht\/#local-main-place-address","streetAddress":"Kerklaan 53","addressLocality":"Kortenhoef","postalCode":"1241CK","addressRegion":"Noord-Holland","addressCountry":"NL"},{"@type":"ImageObject","inLanguage":"de","@id":"https:\/\/havendienst.nl\/product\/qaptains-e-qruiser-600plus-premium-loosrecht\/#local-main-organization-logo","url":"https:\/\/havendienst.nl\/upload\/2021\/01\/havendienst-logo-small.png","contentUrl":"https:\/\/havendienst.nl\/upload\/2021\/01\/havendienst-logo-small.png","width":167,"height":81,"caption":"Havendienst.nl"}]},"product_brand":"Sloep","product_price_amount":"210.00","product_price_currency":"EUR","og_availability":"instock","product_availability":"instock","product_condition":"new","geo.placename":"Kortenhoef","geo.position":{"lat":"52.23923903597849","long":"5.117388746032714"},"geo.region":"Niederlande"},"_links":{"self":[{"href":"https:\/\/havendienst.nl\/de\/wp-json\/wp\/v2\/product\/33739","targetHints":{"allow":["GET"]}}],"collection":[{"href":"https:\/\/havendienst.nl\/de\/wp-json\/wp\/v2\/product"}],"about":[{"href":"https:\/\/havendienst.nl\/de\/wp-json\/wp\/v2\/types\/product"}],"replies":[{"embeddable":true,"href":"https:\/\/havendienst.nl\/de\/wp-json\/wp\/v2\/comments?post=33739"}],"wp:featuredmedia":[{"embeddable":true,"href":"https:\/\/havendienst.nl\/de\/wp-json\/wp\/v2\/media\/33727"}],"wp:attachment":[{"href":"https:\/\/havendienst.nl\/de\/wp-json\/wp\/v2\/media?parent=33739"}],"wp:term":[{"taxonomy":"product_brand","embeddable":true,"href":"https:\/\/havendienst.nl\/de\/wp-json\/wp\/v2\/product_brand?post=33739"},{"taxonomy":"product_cat","embeddable":true,"href":"https:\/\/havendienst.nl\/de\/wp-json\/wp\/v2\/product_cat?post=33739"},{"taxonomy":"product_tag","embeddable":true,"href":"https:\/\/havendienst.nl\/de\/wp-json\/wp\/v2\/product_tag?post=33739"}],"curies":[{"name":"wp","href":"https:\/\/api.w.org\/{rel}","templated":true}]}}