{"id":31600,"date":"2021-09-15T09:57:46","date_gmt":"2021-09-15T07:57:46","guid":{"rendered":"https:\/\/havendienst.nl\/product\/e-bike\/"},"modified":"2025-09-14T10:01:57","modified_gmt":"2025-09-14T08:01:57","slug":"e-bike","status":"publish","type":"product","link":"https:\/\/havendienst.nl\/de\/product\/e-bike\/","title":{"rendered":"E-Bike"},"content":{"rendered":"<div class=\"fusion-fullwidth fullwidth-box fusion-builder-row-1 fusion-flex-container nonhundred-percent-fullwidth non-hundred-percent-height-scrolling\" style=\"--awb-border-radius-top-left:0px;--awb-border-radius-top-right:0px;--awb-border-radius-bottom-right:0px;--awb-border-radius-bottom-left:0px;--awb-flex-wrap:wrap;\" ><div class=\"fusion-builder-row fusion-row fusion-flex-align-items-flex-start fusion-flex-content-wrap\" style=\"max-width:1144px;margin-left: calc(-4% \/ 2 );margin-right: calc(-4% \/ 2 );\"><div class=\"fusion-layout-column fusion_builder_column fusion-builder-column-0 fusion_builder_column_3_4 3_4 fusion-flex-column\" style=\"--awb-bg-size:cover;--awb-width-large:75%;--awb-margin-top-large:0px;--awb-spacing-right-large:2.56%;--awb-margin-bottom-large:0px;--awb-spacing-left-large:2.56%;--awb-width-medium:75%;--awb-spacing-right-medium:2.56%;--awb-spacing-left-medium:2.56%;--awb-width-small:100%;--awb-spacing-right-small:1.92%;--awb-spacing-left-small:1.92%;\"><div class=\"fusion-column-wrapper fusion-flex-justify-content-flex-start fusion-content-layout-column\"><div class=\"fusion-video fusion-vimeo\" style=\"--awb-max-width:700px;--awb-max-height:394px;--awb-align-self:center;--awb-width:100%;\" data-autoplay=\"1\"><div class=\"video-shortcode\"><div class=\"fluid-width-video-wrapper\" style=\"padding-top:56.29%;\" ><iframe loading=\"lazy\" title=\"Vimeo-Videoplayer 1\" src=\"https:\/\/player.vimeo.com\/video\/616314055?autoplay=1&amp;dnt=1&amp;loop=1&amp;title=0&amp;byline=0&amp;autopause=0\" width=\"700\" height=\"394\" allowfullscreen allow=\"autoplay; fullscreen\"><\/iframe><\/div><\/div><\/div><style>\n  .fluid-width-video-wrapper {\n    height: 400px;\n  }\n<\/style><\/div><\/div><div class=\"fusion-layout-column fusion_builder_column fusion-builder-column-1 fusion_builder_column_1_4 1_4 fusion-flex-column\" style=\"--awb-bg-size:cover;--awb-width-large:25%;--awb-margin-top-large:0px;--awb-spacing-right-large:7.68%;--awb-margin-bottom-large:20px;--awb-spacing-left-large:2.56%;--awb-width-medium:25%;--awb-order-medium:0;--awb-spacing-right-medium:7.68%;--awb-spacing-left-medium:2.56%;--awb-width-small:100%;--awb-order-small:0;--awb-spacing-right-small:1.92%;--awb-spacing-left-small:1.92%;\"><div class=\"fusion-column-wrapper fusion-column-has-shadow fusion-flex-justify-content-flex-start fusion-content-layout-column\"><div class=\"fusion-text fusion-text-1\"><p><strong>Vorteile unseres E-Bikes<\/strong><\/p>\n<ul>\n<li>Einstiegsstelle: Weesp<\/li>\n<li>Dauer: 3 Stunden<\/li>\n<li>Kein F\u00fchrerschein oder Helm erforderlich<\/li>\n<li>W\u00e4hlen Sie Ihre eigene Route<\/li>\n<li>Routenplan verf\u00fcgbar<\/li>\n<li>Fahren Sie und entspannen Sie sich!<\/li>\n<\/ul>\n<\/div><\/div><\/div><div class=\"fusion-layout-column fusion_builder_column fusion-builder-column-2 fusion_builder_column_1_1 1_1 fusion-flex-column\" style=\"--awb-bg-size:cover;--awb-width-large:100%;--awb-margin-top-large:0px;--awb-spacing-right-large:1.92%;--awb-margin-bottom-large:20px;--awb-spacing-left-large:1.92%;--awb-width-medium:100%;--awb-order-medium:0;--awb-spacing-right-medium:1.92%;--awb-spacing-left-medium:1.92%;--awb-width-small:100%;--awb-order-small:0;--awb-spacing-right-small:1.92%;--awb-spacing-left-small:1.92%;\"><div class=\"fusion-column-wrapper fusion-column-has-shadow fusion-flex-justify-content-flex-start fusion-content-layout-column\"><div class=\"fusion-text fusion-text-2\" style=\"--awb-margin-top:30px;\"><p><strong>Routen<\/strong><\/p>\n<p><span style=\"color: #4a4e57\" data-mce-style=\"caret-color: #4a4e57; color: #4a4e57;\">Wir haben bereits zwei fantastische Routen f\u00fcr Sie zusammengestellt - Sie m\u00fcssen sich nur noch entscheiden:<\/span><\/p>\n<ol>\n<li style=\"list-style-type: none\" data-mce-style=\"list-style-type: none;\">\n<ol>\n<li><strong>Route zum Schloss Muiderslot (3 Stunden)<\/strong><br \/>Diese Tour beginnt in Weesp und f\u00fchrt Sie \u00fcber eine Landstra\u00dfe nach Muiden. In Muiden haben Sie die M\u00f6glichkeit, einen Blick auf die Seeschleuse zu werfen. Die Schleuse bildet die Grenze zwischen dem IJsselmeer und Vecht, oder besichtigen Sie das Schloss Muiderslot. Die Tour f\u00fchrt weiter \u00fcber die Deichstra\u00dfe nach Muidenberg. In Muidenberg kommen Sie am Strand vorbei, wo Sie die M\u00f6glichkeit haben, anzuhalten und die Aussicht auf das IJsselmeer zu genie\u00dfen oder Ihre Schuhe auszuziehen und ins Wasser zu gehen, das bis zu einer bestimmten Stelle sehr flach ist. Setzen Sie die Tour durch Muidenberg in Richtung Naardermeer fort. Ein sch\u00f6nes St\u00fcck Naturschutzgebiet, in dem es sich lohnt, bei den Natuurmonumenten Halt zu machen. Das letzte St\u00fcck radeln Sie um das Naardermeer herum, bis Sie zum Vecht kommen. Entlang des Vecht radeln Sie zur\u00fcck zum Weesp.<\/li>\n<li><strong>Gein-Route (3 Stunden)<br \/><\/strong>\u00dcber das malerische St\u00e4dtchen Weesp radeln Sie in Richtung Gein. Die Gein ist eine Landstra\u00dfe, die von Driemond nach Abcoude f\u00fchrt. Vor Driemond nehmen Sie die Stra\u00dfe zum Amsterdam-Rijnkanaal. Dort \u00fcberqueren Sie die Fahrradbr\u00fccke in Richtung Nigtevecht. Sie folgen der Stra\u00dfe durch das Dorf Nigtevecht, die Sie zur\u00fcck zu Vecht bringt.<\/li>\n<li><strong>Fahren Sie Ihre eigene Route<\/strong><br \/>Erkunden Sie die Umgebung in Ihrem eigenen Tempo, so wie Sie es m\u00f6gen! Erstellen Sie zu Hause eine Route oder laden Sie sie aus dem Internet herunter. Lassen Sie sich nicht von der Entfernung t\u00e4uschen, wir empfehlen eine Strecke von maximal 30-35 km, mehr schafft man in der Praxis nicht, da man auch an Ampeln und auf kleinen Stra\u00dfen mit anderen Radfahrern vor einem warten muss und man nicht immer 25 km\/Stunde f\u00e4hrt.<\/li>\n<\/ol>\n<\/li>\n<\/ol>\n<p><strong>\u00a0<\/strong><\/p>\n<p><strong>Bedingungen<\/strong><\/p>\n<ul>\n<li>Vermietung ab 18 Jahren oder ab 16 Jahren und in Begleitung eines Erwachsenen.<\/li>\n<li>Sind Sie mehr als 10 Minuten zu sp\u00e4t? Dann sind wir gezwungen, eine zus\u00e4tzliche Stunde zu berechnen (\u20ac 12,-).<\/li>\n<li>Wir erwarten, dass Sie das gelieferte Material sorgf\u00e4ltig behandeln, eventuelle Sch\u00e4den m\u00fcssen ersetzt werden.<\/li>\n<li>Die Anmietung eines E-Bikes erfolgt auf eigene Gefahr.<\/li>\n<\/ul>\n<\/div><\/div><\/div><\/div><\/div>","protected":false},"excerpt":{"rendered":"<p><span style=\"color: #4a4e57\" data-mce-style=\"caret-color: #4a4e57; color: #4a4e57;\">M\u00f6chten Sie die Umgebung von Weesp entspannt erkunden? Sie k\u00f6nnen dies mit einem unserer E-Bikes tun. Wenn Sie Fragen haben, lesen Sie bitte die\u00a0<\/span><a data-mce-href=\"https:\/\/rentandenjoy.nl\/nl\/veelgestelde-vragen\/\" href=\"https:\/\/rentandenjoy.nl\/nl\/veelgestelde-vragen\/\">h\u00e4ufig gestellte Fragen<\/a><span style=\"color: #4a4e57\" data-mce-style=\"caret-color: #4a4e57; color: #4a4e57;\">. Sie mieten das Fahrrad f\u00fcr 3 Stunden von 10 Uhr bis 13 Uhr oder von 15 Uhr bis 18 Uhr. F\u00fcr andere Zeiten kontaktieren Sie bitte <a data-mce-href=\"https:\/\/rentandenjoy.nl\/nl\/contact\/\" href=\"https:\/\/rentandenjoy.nl\/nl\/contact\/\">Kontakt<\/a> Aufnehmen oder Versenden einer WhatsApp .<\/span><\/p>","protected":false},"featured_media":33580,"comment_status":"closed","ping_status":"closed","template":"","meta":[],"product_brand":[],"product_cat":[1752],"product_tag":[],"class_list":{"0":"post-31600","1":"product","2":"type-product","3":"status-publish","4":"has-post-thumbnail","6":"product_cat-overige-verhuur","7":"wcpv_product_vendors-genieten-op-de-vecht","9":"first","10":"instock","11":"virtual","12":"sold-individually","13":"taxable","14":"purchasable","15":"product-type-booking"},"booking_location":"","booking_location_type":"","booking_duration":3,"booking_duration_unit":"hour","booking_buffer":2,"booking_cost":0,"booking_resources":[],"exclude_global_add_ons":false,"addons":[{"name":"Welche Tour?","type":"multiple_choice","position":0,"required":true,"title_format":"label","default":"","description_enable":false,"description":"Geef hieronder aan welke Tour je wilt doe","placeholder_enable":false,"placeholder":"","display":"radiobutton","restrictions_type":"any_text","adjust_price":false,"price":"0","price_type":"flat_fee","restrictions":false,"min":"0","max":"0","options":[{"label":"Eigen Tour","price":"","price_type":"flat_fee","image":0,"visibility":true},{"label":"Muiden Tour","price":"","price_type":"flat_fee","image":0,"visibility":true},{"label":"Gein Tour","price":"","price_type":"flat_fee","image":0,"visibility":true}]}],"yoast_head":"<!-- This site is optimized with the Yoast SEO Premium plugin v27.2 (Yoast SEO v27.4) - https:\/\/yoast.com\/product\/yoast-seo-premium-wordpress\/ -->\n<title>E-Bike - Havendienst.nl<\/title>\n<meta name=\"description\" content=\"Op een ontspannen manier de omgeving van Weesp ontdekken? Dat doe je op een van onze E-Bike. Heb je vragen kijk dan bij de\u00a0veelgestelde vragen. Je huurt de fiets voor 3 uur van 10.00 tot 13.00 uur of van 15.00 tot 18.00 uur. Voor ander tijden kan je het best even contact opnemen of een WhatsApp sturen .\" \/>\n<meta name=\"robots\" content=\"index, follow, max-snippet:-1, max-image-preview:large, max-video-preview:-1\" \/>\n<link rel=\"canonical\" href=\"https:\/\/havendienst.nl\/de\/produkt\/e-bike\/\" \/>\n<meta property=\"og:locale\" content=\"de_DE\" \/>\n<meta property=\"og:type\" content=\"article\" \/>\n<meta property=\"og:title\" content=\"E-Bike\" \/>\n<meta property=\"og:description\" content=\"Op een ontspannen manier de omgeving van Weesp ontdekken? Dat doe je op een van onze E-Bike. Heb je vragen kijk dan bij de\u00a0veelgestelde vragen. Je huurt de fiets voor 3 uur van 10.00 tot 13.00 uur of van 15.00 tot 18.00 uur. Voor ander tijden kan je het best even contact opnemen of een WhatsApp sturen .\" \/>\n<meta property=\"og:url\" content=\"https:\/\/havendienst.nl\/de\/produkt\/e-bike\/\" \/>\n<meta property=\"og:site_name\" content=\"Havendienst.nl\" \/>\n<meta property=\"article:publisher\" content=\"https:\/\/www.facebook.com\/HavendienstNL\/\" \/>\n<meta property=\"article:modified_time\" content=\"2025-09-14T08:01:57+00:00\" \/>\n<meta property=\"og:image\" content=\"https:\/\/havendienst.nl\/upload\/2022\/05\/rentandenjoy_tocht_door_het_gein.png\" \/>\n\t<meta property=\"og:image:width\" content=\"1000\" \/>\n\t<meta property=\"og:image:height\" content=\"800\" \/>\n\t<meta property=\"og:image:type\" content=\"image\/webp\" \/>\n<meta name=\"twitter:card\" content=\"summary_large_image\" \/>\n<meta name=\"twitter:label1\" content=\"Preis\" \/>\n\t<meta name=\"twitter:data1\" content=\"&euro;&nbsp;35,00\" \/>\n\t<meta name=\"twitter:label2\" content=\"Verf\u00fcgbarkeit\" \/>\n\t<meta name=\"twitter:data2\" content=\"Auf Lager\" \/>\n<script type=\"application\/ld+json\" class=\"yoast-schema-graph\">{\"@context\":\"https:\\\/\\\/schema.org\",\"@graph\":[{\"@type\":[\"WebPage\",\"ItemPage\"],\"@id\":\"https:\\\/\\\/havendienst.nl\\\/product\\\/e-bike\\\/\",\"url\":\"https:\\\/\\\/havendienst.nl\\\/product\\\/e-bike\\\/\",\"name\":\"E-Bike - Havendienst.nl\",\"isPartOf\":{\"@id\":\"https:\\\/\\\/havendienst.nl\\\/de\\\/#website\"},\"primaryImageOfPage\":{\"@id\":\"https:\\\/\\\/havendienst.nl\\\/product\\\/e-bike\\\/#primaryimage\"},\"image\":{\"@id\":\"https:\\\/\\\/havendienst.nl\\\/product\\\/e-bike\\\/#primaryimage\"},\"thumbnailUrl\":\"https:\\\/\\\/havendienst.nl\\\/upload\\\/2022\\\/05\\\/rentandenjoy_tocht_door_het_gein.png\",\"datePublished\":\"2021-09-15T07:57:46+00:00\",\"dateModified\":\"2025-09-14T08:01:57+00:00\",\"description\":\"Op een ontspannen manier de omgeving van Weesp ontdekken? Dat doe je op een van onze E-Bike. Heb je vragen kijk dan bij de\u00a0veelgestelde vragen. Je huurt de fiets voor 3 uur van 10.00 tot 13.00 uur of van 15.00 tot 18.00 uur. Voor ander tijden kan je het best even contact opnemen of een WhatsApp sturen .\",\"breadcrumb\":{\"@id\":\"https:\\\/\\\/havendienst.nl\\\/product\\\/e-bike\\\/#breadcrumb\"},\"inLanguage\":\"de\",\"potentialAction\":[{\"@type\":\"ReadAction\",\"target\":[\"https:\\\/\\\/havendienst.nl\\\/product\\\/e-bike\\\/\"]}]},{\"@type\":\"ImageObject\",\"inLanguage\":\"de\",\"@id\":\"https:\\\/\\\/havendienst.nl\\\/product\\\/e-bike\\\/#primaryimage\",\"url\":\"https:\\\/\\\/havendienst.nl\\\/upload\\\/2022\\\/05\\\/rentandenjoy_tocht_door_het_gein.png\",\"contentUrl\":\"https:\\\/\\\/havendienst.nl\\\/upload\\\/2022\\\/05\\\/rentandenjoy_tocht_door_het_gein.png\",\"width\":1000,\"height\":800},{\"@type\":\"BreadcrumbList\",\"@id\":\"https:\\\/\\\/havendienst.nl\\\/product\\\/e-bike\\\/#breadcrumb\",\"itemListElement\":[{\"@type\":\"ListItem\",\"position\":1,\"name\":\"Home\",\"item\":\"https:\\\/\\\/havendienst.nl\\\/\"},{\"@type\":\"ListItem\",\"position\":2,\"name\":\"Winkel\",\"item\":\"https:\\\/\\\/havendienst.nl\\\/winkel\\\/\"},{\"@type\":\"ListItem\",\"position\":3,\"name\":\"E-Bike\"}]},{\"@type\":\"WebSite\",\"@id\":\"https:\\\/\\\/havendienst.nl\\\/de\\\/#website\",\"url\":\"https:\\\/\\\/havendienst.nl\\\/de\\\/\",\"name\":\"Havendienst.nl\",\"description\":\"Deelplatform voor boot huur en verhuur\",\"publisher\":{\"@id\":\"https:\\\/\\\/havendienst.nl\\\/de\\\/#organization\"},\"alternateName\":\"Havendienst Boot huren Loosdrecht\",\"potentialAction\":[{\"@type\":\"SearchAction\",\"target\":{\"@type\":\"EntryPoint\",\"urlTemplate\":\"https:\\\/\\\/havendienst.nl\\\/de\\\/?s={search_term_string}\"},\"query-input\":{\"@type\":\"PropertyValueSpecification\",\"valueRequired\":true,\"valueName\":\"search_term_string\"}}],\"inLanguage\":\"de\"},{\"@type\":[\"Organization\",\"Place\",\"Corporation\"],\"@id\":\"https:\\\/\\\/havendienst.nl\\\/de\\\/#organization\",\"name\":\"Havendienst.nl\",\"alternateName\":\"Havendienst Boot huren Loosdrecht\",\"url\":\"https:\\\/\\\/havendienst.nl\\\/de\\\/\",\"logo\":{\"@id\":\"https:\\\/\\\/havendienst.nl\\\/product\\\/e-bike\\\/#local-main-organization-logo\"},\"image\":{\"@id\":\"https:\\\/\\\/havendienst.nl\\\/product\\\/e-bike\\\/#local-main-organization-logo\"},\"sameAs\":[\"https:\\\/\\\/www.facebook.com\\\/HavendienstNL\\\/\",\"https:\\\/\\\/www.instagram.com\\\/havendienstnl\\\/\",\"https:\\\/\\\/www.youtube.com\\\/@havendienst\",\"http:\\\/\\\/wa.me\\\/31356565744\"],\"description\":\"Havendienst.nl is het grootste gratis deelplatform voor bootverhuur in Loosdrecht en omgeving. Verhuur of huur eenvoudig een sloep, motorboot of sup zonder commissie. Havendienst.nl biedt daarnaast pechhulp op het water, watertaxi en noodservice op de Loosdrechtse Plassen, de Vecht en aangrenzende wateren. D\u00e9 centrale plek voor particulieren en verhuurbedrijven.\",\"legalName\":\"Havendienst.nl\",\"foundingDate\":\"2021-03-01\",\"duns\":\"404514148\",\"numberOfEmployees\":{\"@type\":\"QuantitativeValue\",\"minValue\":\"1\",\"maxValue\":\"10\"},\"publishingPrinciples\":\"https:\\\/\\\/havendienst.nl\\\/over\\\/\",\"ownershipFundingInfo\":\"https:\\\/\\\/havendienst.nl\\\/over\\\/\",\"actionableFeedbackPolicy\":\"https:\\\/\\\/havendienst.nl\\\/over\\\/\",\"correctionsPolicy\":\"https:\\\/\\\/havendienst.nl\\\/over\\\/\",\"ethicsPolicy\":\"https:\\\/\\\/havendienst.nl\\\/over\\\/\",\"diversityPolicy\":\"https:\\\/\\\/havendienst.nl\\\/over\\\/\",\"diversityStaffingReport\":\"https:\\\/\\\/havendienst.nl\\\/over\\\/\",\"hasMerchantReturnPolicy\":{\"@type\":\"MerchantReturnPolicy\",\"merchantReturnLink\":\"https:\\\/\\\/havendienst.nl\\\/de\\\/over\\\/\"},\"address\":{\"@id\":\"https:\\\/\\\/havendienst.nl\\\/product\\\/e-bike\\\/#local-main-place-address\"},\"geo\":{\"@type\":\"GeoCoordinates\",\"latitude\":\"52.23923903597849\",\"longitude\":\"5.117388746032714\"},\"telephone\":[\"+31 35 6565744\"],\"openingHoursSpecification\":[{\"@type\":\"OpeningHoursSpecification\",\"dayOfWeek\":[\"Monday\",\"Tuesday\",\"Wednesday\",\"Thursday\",\"Friday\",\"Saturday\",\"Sunday\"],\"opens\":\"08:00\",\"closes\":\"22:00\"}],\"email\":\"info@havendienst.nl\",\"areaServed\":\"Loosdrecht, Oud-Loosdrecht, Vinkeveen, Friesland, Amsterdam, Utrecht, Oudewater, Kortenhoef, Maarssen, Weesp, Breukelen, Vecht\",\"vatID\":\"NL821308233B01\"},{\"@type\":\"PostalAddress\",\"@id\":\"https:\\\/\\\/havendienst.nl\\\/product\\\/e-bike\\\/#local-main-place-address\",\"streetAddress\":\"Kerklaan 53\",\"addressLocality\":\"Kortenhoef\",\"postalCode\":\"1241CK\",\"addressRegion\":\"Noord-Holland\",\"addressCountry\":\"NL\"},{\"@type\":\"ImageObject\",\"inLanguage\":\"de\",\"@id\":\"https:\\\/\\\/havendienst.nl\\\/product\\\/e-bike\\\/#local-main-organization-logo\",\"url\":\"https:\\\/\\\/havendienst.nl\\\/upload\\\/2021\\\/01\\\/havendienst-logo-small.png\",\"contentUrl\":\"https:\\\/\\\/havendienst.nl\\\/upload\\\/2021\\\/01\\\/havendienst-logo-small.png\",\"width\":167,\"height\":81,\"caption\":\"Havendienst.nl\"}]}<\/script>\n<meta property=\"product:price:amount\" content=\"35.00\" \/>\n<meta property=\"product:price:currency\" content=\"EUR\" \/>\n<meta property=\"og:availability\" content=\"instock\" \/>\n<meta property=\"product:availability\" content=\"instock\" \/>\n<meta property=\"product:condition\" content=\"new\" \/>\n<meta name=\"geo.placename\" content=\"Kortenhoef\" \/>\n<meta name=\"geo.position\" content=\"52.23923903597849;5.117388746032714\" \/>\n<meta name=\"geo.region\" content=\"Niederlande\" \/>\n<!-- \/ Yoast SEO Premium plugin. -->","yoast_head_json":{"title":"E-Bike - Havendienst.com","description":"M\u00f6chten Sie die Umgebung von Weesp auf entspannte Weise entdecken? Das k\u00f6nnen Sie mit einem unserer E-Bikes tun. Wenn Sie Fragen haben, sehen Sie sich die h\u00e4ufig gestellten Fragen an. Sie mieten das Fahrrad f\u00fcr 3 Stunden von 10:00 bis 13:00 Uhr oder von 15:00 bis 18:00 Uhr. F\u00fcr andere Zeiten kontaktieren Sie uns bitte oder senden Sie uns eine WhatsApp.","robots":{"index":"index","follow":"follow","max-snippet":"max-snippet:-1","max-image-preview":"max-image-preview:large","max-video-preview":"max-video-preview:-1"},"canonical":"https:\/\/havendienst.nl\/de\/produkt\/e-bike\/","og_locale":"de_DE","og_type":"article","og_title":"E-Bike","og_description":"Op een ontspannen manier de omgeving van Weesp ontdekken? Dat doe je op een van onze E-Bike. Heb je vragen kijk dan bij de\u00a0veelgestelde vragen. Je huurt de fiets voor 3 uur van 10.00 tot 13.00 uur of van 15.00 tot 18.00 uur. Voor ander tijden kan je het best even contact opnemen of een WhatsApp sturen .","og_url":"https:\/\/havendienst.nl\/de\/produkt\/e-bike\/","og_site_name":"Havendienst.nl","article_publisher":"https:\/\/www.facebook.com\/HavendienstNL\/","article_modified_time":"2025-09-14T08:01:57+00:00","og_image":[{"width":1000,"height":800,"url":"https:\/\/havendienst.nl\/upload\/2022\/05\/rentandenjoy_tocht_door_het_gein.png","type":"image\/webp"}],"twitter_card":"summary_large_image","twitter_misc":{"Preis":"&euro;&nbsp;35,00","Verf\u00fcgbarkeit":"Auf Lager"},"schema":{"@context":"https:\/\/schema.org","@graph":[{"@type":["WebPage","ItemPage"],"@id":"https:\/\/havendienst.nl\/product\/e-bike\/","url":"https:\/\/havendienst.nl\/product\/e-bike\/","name":"E-Bike - Havendienst.com","isPartOf":{"@id":"https:\/\/havendienst.nl\/de\/#website"},"primaryImageOfPage":{"@id":"https:\/\/havendienst.nl\/product\/e-bike\/#primaryimage"},"image":{"@id":"https:\/\/havendienst.nl\/product\/e-bike\/#primaryimage"},"thumbnailUrl":"https:\/\/havendienst.nl\/upload\/2022\/05\/rentandenjoy_tocht_door_het_gein.png","datePublished":"2021-09-15T07:57:46+00:00","dateModified":"2025-09-14T08:01:57+00:00","description":"M\u00f6chten Sie die Umgebung von Weesp auf entspannte Weise entdecken? Das k\u00f6nnen Sie mit einem unserer E-Bikes tun. Wenn Sie Fragen haben, sehen Sie sich die h\u00e4ufig gestellten Fragen an. Sie mieten das Fahrrad f\u00fcr 3 Stunden von 10:00 bis 13:00 Uhr oder von 15:00 bis 18:00 Uhr. F\u00fcr andere Zeiten kontaktieren Sie uns bitte oder senden Sie uns eine WhatsApp.","breadcrumb":{"@id":"https:\/\/havendienst.nl\/product\/e-bike\/#breadcrumb"},"inLanguage":"de","potentialAction":[{"@type":"ReadAction","target":["https:\/\/havendienst.nl\/product\/e-bike\/"]}]},{"@type":"ImageObject","inLanguage":"de","@id":"https:\/\/havendienst.nl\/product\/e-bike\/#primaryimage","url":"https:\/\/havendienst.nl\/upload\/2022\/05\/rentandenjoy_tocht_door_het_gein.png","contentUrl":"https:\/\/havendienst.nl\/upload\/2022\/05\/rentandenjoy_tocht_door_het_gein.png","width":1000,"height":800},{"@type":"BreadcrumbList","@id":"https:\/\/havendienst.nl\/product\/e-bike\/#breadcrumb","itemListElement":[{"@type":"ListItem","position":1,"name":"Home","item":"https:\/\/havendienst.nl\/"},{"@type":"ListItem","position":2,"name":"Winkel","item":"https:\/\/havendienst.nl\/winkel\/"},{"@type":"ListItem","position":3,"name":"E-Bike"}]},{"@type":"WebSite","@id":"https:\/\/havendienst.nl\/de\/#website","url":"https:\/\/havendienst.nl\/de\/","name":"Havendienst.nl","description":"Gemeinsame Plattform f\u00fcr Bootsverleih und -vermietung","publisher":{"@id":"https:\/\/havendienst.nl\/de\/#organization"},"alternateName":"Havendienst Boot huren Loosdrecht","potentialAction":[{"@type":"SearchAction","target":{"@type":"EntryPoint","urlTemplate":"https:\/\/havendienst.nl\/de\/?s={search_term_string}"},"query-input":{"@type":"PropertyValueSpecification","valueRequired":true,"valueName":"search_term_string"}}],"inLanguage":"de"},{"@type":["Organization","Place","Corporation"],"@id":"https:\/\/havendienst.nl\/de\/#organization","name":"Havendienst.nl","alternateName":"Havendienst Boot huren Loosdrecht","url":"https:\/\/havendienst.nl\/de\/","logo":{"@id":"https:\/\/havendienst.nl\/product\/e-bike\/#local-main-organization-logo"},"image":{"@id":"https:\/\/havendienst.nl\/product\/e-bike\/#local-main-organization-logo"},"sameAs":["https:\/\/www.facebook.com\/HavendienstNL\/","https:\/\/www.instagram.com\/havendienstnl\/","https:\/\/www.youtube.com\/@havendienst","http:\/\/wa.me\/31356565744"],"description":"Havendienst.nl ist die gr\u00f6\u00dfte kostenlose Vermittlungsplattform f\u00fcr Bootsvermietungen in Loosdrecht und Umgebung. Mieten oder leasen Sie ganz einfach eine Schaluppe, ein Motorboot oder eine Sup ohne Provision. Havendienst.nl bietet auch Wasserpannenhilfe, Wassertaxi und Notdienst auf den Loosdrechtse Plassen, dem Vecht und den angrenzenden Gew\u00e4ssern. Die zentrale Anlaufstelle f\u00fcr Privatpersonen und Vermietungsunternehmen.","legalName":"Havendienst.nl","foundingDate":"2021-03-01","duns":"404514148","numberOfEmployees":{"@type":"QuantitativeValue","minValue":"1","maxValue":"10"},"publishingPrinciples":"https:\/\/havendienst.nl\/over\/","ownershipFundingInfo":"https:\/\/havendienst.nl\/over\/","actionableFeedbackPolicy":"https:\/\/havendienst.nl\/over\/","correctionsPolicy":"https:\/\/havendienst.nl\/over\/","ethicsPolicy":"https:\/\/havendienst.nl\/over\/","diversityPolicy":"https:\/\/havendienst.nl\/over\/","diversityStaffingReport":"https:\/\/havendienst.nl\/over\/","hasMerchantReturnPolicy":{"@type":"MerchantReturnPolicy","merchantReturnLink":"https:\/\/havendienst.nl\/de\/over\/"},"address":{"@id":"https:\/\/havendienst.nl\/product\/e-bike\/#local-main-place-address"},"geo":{"@type":"GeoCoordinates","latitude":"52.23923903597849","longitude":"5.117388746032714"},"telephone":["+31 35 6565744"],"openingHoursSpecification":[{"@type":"OpeningHoursSpecification","dayOfWeek":["Monday","Tuesday","Wednesday","Thursday","Friday","Saturday","Sunday"],"opens":"08:00","closes":"22:00"}],"email":"info@havendienst.nl","areaServed":"Loosdrecht, Oud-Loosdrecht, Vinkeveen, Friesland, Amsterdam, Utrecht, Oudewater, Kortenhoef, Maarssen, Weesp, Breukelen, Vecht","vatID":"NL821308233B01"},{"@type":"PostalAddress","@id":"https:\/\/havendienst.nl\/product\/e-bike\/#local-main-place-address","streetAddress":"Kerklaan 53","addressLocality":"Kortenhoef","postalCode":"1241CK","addressRegion":"Noord-Holland","addressCountry":"NL"},{"@type":"ImageObject","inLanguage":"de","@id":"https:\/\/havendienst.nl\/product\/e-bike\/#local-main-organization-logo","url":"https:\/\/havendienst.nl\/upload\/2021\/01\/havendienst-logo-small.png","contentUrl":"https:\/\/havendienst.nl\/upload\/2021\/01\/havendienst-logo-small.png","width":167,"height":81,"caption":"Havendienst.nl"}]},"product_price_amount":"35.00","product_price_currency":"EUR","og_availability":"instock","product_availability":"instock","product_condition":"new","geo.placename":"Kortenhoef","geo.position":{"lat":"52.23923903597849","long":"5.117388746032714"},"geo.region":"Niederlande"},"_links":{"self":[{"href":"https:\/\/havendienst.nl\/de\/wp-json\/wp\/v2\/product\/31600","targetHints":{"allow":["GET"]}}],"collection":[{"href":"https:\/\/havendienst.nl\/de\/wp-json\/wp\/v2\/product"}],"about":[{"href":"https:\/\/havendienst.nl\/de\/wp-json\/wp\/v2\/types\/product"}],"replies":[{"embeddable":true,"href":"https:\/\/havendienst.nl\/de\/wp-json\/wp\/v2\/comments?post=31600"}],"wp:featuredmedia":[{"embeddable":true,"href":"https:\/\/havendienst.nl\/de\/wp-json\/wp\/v2\/media\/33580"}],"wp:attachment":[{"href":"https:\/\/havendienst.nl\/de\/wp-json\/wp\/v2\/media?parent=31600"}],"wp:term":[{"taxonomy":"product_brand","embeddable":true,"href":"https:\/\/havendienst.nl\/de\/wp-json\/wp\/v2\/product_brand?post=31600"},{"taxonomy":"product_cat","embeddable":true,"href":"https:\/\/havendienst.nl\/de\/wp-json\/wp\/v2\/product_cat?post=31600"},{"taxonomy":"product_tag","embeddable":true,"href":"https:\/\/havendienst.nl\/de\/wp-json\/wp\/v2\/product_tag?post=31600"}],"curies":[{"name":"wp","href":"https:\/\/api.w.org\/{rel}","templated":true}]}}