{"id":27273,"date":"2021-06-29T11:46:16","date_gmt":"2021-06-29T09:46:16","guid":{"rendered":"https:\/\/havendienst.nl\/?post_type=product&#038;p=27273"},"modified":"2025-05-20T20:24:20","modified_gmt":"2025-05-20T18:24:20","slug":"luxe-pontonboot-smartliner","status":"publish","type":"product","link":"https:\/\/havendienst.nl\/de\/product\/luxe-pontonboot-smartliner\/","title":{"rendered":"Luxus-Pontonboot \/ Terrassenboot (Max 12Pers)"},"content":{"rendered":"<div class=\"fusion-fullwidth fullwidth-box fusion-builder-row-1 fusion-flex-container nonhundred-percent-fullwidth non-hundred-percent-height-scrolling\" style=\"--awb-border-radius-top-left:0px;--awb-border-radius-top-right:0px;--awb-border-radius-bottom-right:0px;--awb-border-radius-bottom-left:0px;--awb-flex-wrap:wrap;\" ><div class=\"fusion-builder-row fusion-row fusion-flex-align-items-flex-start fusion-flex-content-wrap\" style=\"max-width:1144px;margin-left: calc(-4% \/ 2 );margin-right: calc(-4% \/ 2 );\"><div class=\"fusion-layout-column fusion_builder_column fusion-builder-column-0 fusion_builder_column_1_2 1_2 fusion-flex-column\" style=\"--awb-bg-size:cover;--awb-width-large:50%;--awb-margin-top-large:0px;--awb-spacing-right-large:3.84%;--awb-margin-bottom-large:20px;--awb-spacing-left-large:3.84%;--awb-width-medium:50%;--awb-order-medium:0;--awb-spacing-right-medium:3.84%;--awb-spacing-left-medium:3.84%;--awb-width-small:100%;--awb-order-small:0;--awb-spacing-right-small:1.92%;--awb-spacing-left-small:1.92%;\"><div class=\"fusion-column-wrapper fusion-column-has-shadow fusion-flex-justify-content-flex-start fusion-content-layout-column\"><div class=\"fusion-text fusion-text-1\"><p>Dieses Boot bietet drei ger\u00e4umige Sitzb\u00e4nke, zwei vorne und eine hinten. Mit Platz f\u00fcr bis zu 12 Personen! Jede Bank hat einen Schaumstoff mit mehrfacher Dichte f\u00fcr bequemes Sitzen sowie F\u00e4cher zur Aufbewahrung von Gegenst\u00e4nden. Der Fahrer hat einen sch\u00f6nen Steuersitz mit einer h\u00f6heren R\u00fcckenlehne. Das Boot ist mit einem Bimini-Top, einem beweglichen Tisch und vielen weiteren Annehmlichkeiten ausgestattet!<\/p>\n<p>Eine kleine Zusammenfassung dessen, was Sie finden werden:<\/p>\n<ul>\n<li>Mehrst\u00e4mmige Pontons mit einem Durchmesser von 60 cm<\/li>\n<li>Gewebter Vinylboden<\/li>\n<li>Lounges an Backbord und Steuerbord<\/li>\n<li>Stauraum unter den Sitzen<\/li>\n<li>Bimini-Verdeck von ca. 7 M2 (Schatten!)<\/li>\n<li>Verschiebbarer Tisch an der Vorderseite<\/li>\n<li>Gusskonsole mit Luxus-Fahrersitz<\/li>\n<li>Schwimmplattform in voller Breite mit Einstiegsleiter<\/li>\n<li>Das Boot hat eine L\u00e4nge von fast 7 Metern und ist f\u00fcr Komfort, Spa\u00df und Sicherheit konzipiert und hergestellt.<\/li>\n<\/ul>\n<p>Das Mindestalter f\u00fcr die Anmietung des Bootes betr\u00e4gt 25 Jahre. Kleine Tiere sind erlaubt, aber nicht auf den B\u00e4nken.<br \/>Die Kaution wird noch am selben Tag zur\u00fcckerstattet.<br \/>Preis inklusive Benzin.<\/p>\n<\/div><\/div><\/div><div class=\"fusion-layout-column fusion_builder_column fusion-builder-column-1 fusion_builder_column_1_2 1_2 fusion-flex-column\" style=\"--awb-bg-size:cover;--awb-width-large:50%;--awb-margin-top-large:0px;--awb-spacing-right-large:3.84%;--awb-margin-bottom-large:20px;--awb-spacing-left-large:3.84%;--awb-width-medium:50%;--awb-order-medium:0;--awb-spacing-right-medium:3.84%;--awb-spacing-left-medium:3.84%;--awb-width-small:100%;--awb-order-small:0;--awb-spacing-right-small:1.92%;--awb-spacing-left-small:1.92%;\"><div class=\"fusion-column-wrapper fusion-column-has-shadow fusion-flex-justify-content-flex-start fusion-content-layout-column\"><div class=\"fusion-video fusion-youtube\" style=\"--awb-max-width:384px;--awb-max-height:216px;\" data-autoplay=\"1\"><div class=\"video-shortcode\"><div class=\"fluid-width-video-wrapper\" style=\"padding-top:56.25%;\" ><iframe loading=\"lazy\" title=\"Ponton-Boot in Vinkeveen\" src=\"https:\/\/www.youtube.com\/embed\/zCNRhtdIf_8?wmode=transparent&autoplay=0&amp;rel=0&amp;autoplay=1&amp;mute=1\" width=\"384\" height=\"216\" allowfullscreen allow=\"autoplay; clipboard-write; encrypted-media; gyroscope; picture-in-picture;\"><\/iframe><\/div><\/div><\/div><div class=\"fusion-text fusion-text-2\" style=\"--awb-margin-top:20px;\"><p>Pr\u00fcfen Sie schnell die Verf\u00fcgbarkeit, denn es gibt nur ein einziges Luxus-Pontonboot wie dieses auf den Vinkeveen-Seen!<\/p>\n<\/div><\/div><\/div><\/div><\/div>","protected":false},"excerpt":{"rendered":"<p>Ein fantastisches, luxuri\u00f6ses Terrassenboot \/ Loungeboot \/ Pontonboot, um einen wundersch\u00f6nen Tag auf den Vinkeveense Plassen zu verbringen. Garantiertes Vergn\u00fcgen!<\/p>\n<p>Mit Freunden abh\u00e4ngen, Ihren Geburtstag feiern oder ein gesch\u00e4ftliches Teamtreffen mit Kollegen? Das alles ist m\u00f6glich auf diesem ger\u00e4umigen und komfortablen Terrassen-\/Partyboot.<\/p>\n<ul>\n<li>Selbstfahren ohne F\u00fchrerschein<\/li>\n<li>Leiser und starker 25 PS Au\u00dfenbordmotor (Mercury 3 Zylinder)<\/li>\n<li>Mit Bimini-Verdeck als Schattenspender (ca. 8 m2)<\/li>\n<li>Skipper und\/oder Catering m\u00f6glich<\/li>\n<li>Das Mindestalter f\u00fcr die Anmietung des Bootes betr\u00e4gt 25 Jahre.<\/li>\n<\/ul>","protected":false},"featured_media":27398,"comment_status":"open","ping_status":"closed","template":"","meta":[],"product_brand":[],"product_cat":[342,376],"product_tag":[],"class_list":{"0":"post-27273","1":"product","2":"type-product","3":"status-publish","4":"has-post-thumbnail","6":"product_cat-boten","7":"product_cat-place-vinkeveen","8":"wcpv_product_vendors-boot-huur-nl","10":"first","11":"instock","12":"virtual","13":"sold-individually","14":"purchasable","15":"product-type-booking"},"booking_location":"","booking_location_type":"","booking_duration":240,"booking_duration_unit":"minute","booking_buffer":30,"booking_cost":0,"booking_resources":[],"exclude_global_add_ons":false,"addons":[{"name":"Skipper","type":"checkbox","position":0,"required":false,"title_format":"label","default":"","description_enable":true,"description":"Zelf varen of liever gevaren worden door een schipper?\r\nZo heb je alle tijd om te praten en een drankje te doen met je vrienden zonder dat je hoeft op te letten of de route in de gaten hoeft te houden. Kosten zijn \u20ac50 per tijdsblok.","placeholder_enable":false,"placeholder":"","display":"select","restrictions_type":"any_text","adjust_price":false,"price":"","price_type":"flat_fee","restrictions":false,"min":"0","max":"0","options":[{"label":"Ja, ik laat me varen door een schipper!","price":"50","price_type":"quantity_based","image":0,"visibility":true}],"id":1691507336},{"name":"Verpflegung","type":"checkbox","position":1,"required":false,"title_format":"label","default":"","description_enable":true,"description":"Bitte kreuzen Sie an, wenn Sie m\u00f6chten, dass ich f\u00fcr die Snacks und Getr\u00e4nke sorge. Ich werde Sie wegen der Einzelheiten kontaktieren. Der unten angegebene Preis beinhaltet nicht die Verpflegung.","placeholder_enable":false,"placeholder":"","display":"select","restrictions_type":"any_text","adjust_price":false,"price":"","price_type":"flat_fee","restrictions":false,"min":"0","max":"0","options":[{"label":"Neem contact met me op voor de catering","price":"","price_type":"flat_fee","image":0,"visibility":true}],"id":1691507337},{"name":"Borg","type":"checkbox","position":2,"required":false,"title_format":"label","default":"","description_enable":true,"description":"Die Kaution von 500 \u20ac ist obligatorisch. Sie wird sp\u00e4testens bei der Einschiffung bezahlt und danach sofort zur\u00fcckerstattet, es sei denn, es muss etwas wie ein Schaden oder eine zus\u00e4tzliche Fahrzeit beglichen werden.","placeholder_enable":false,"placeholder":"","display":"select","restrictions_type":"any_text","adjust_price":false,"price":"","price_type":"flat_fee","restrictions":false,"min":"0","max":"0","options":[{"label":"Borg","price":"500","price_type":"flat_fee","image":0,"visibility":true}],"id":1691507338}],"yoast_head":"<!-- This site is optimized with the Yoast SEO Premium plugin v27.2 (Yoast SEO v27.3) - https:\/\/yoast.com\/product\/yoast-seo-premium-wordpress\/ -->\n<title>Luxe Pontonboot \/ Terrasboot (Max 12Pers) - Havendienst.nl<\/title>\n<meta name=\"description\" content=\"Huur een fantastische luxe terrasboot \/ lounge boot \/ pontonboot om een heerlijke dag op de Vinkeveense Plassen mee te varen. Gegarandeerd genieten!\" \/>\n<meta name=\"robots\" content=\"index, follow, max-snippet:-1, max-image-preview:large, max-video-preview:-1\" \/>\n<link rel=\"canonical\" href=\"https:\/\/havendienst.nl\/de\/produkt\/luxe-pontonboot-smartliner\/\" \/>\n<meta property=\"og:locale\" content=\"de_DE\" \/>\n<meta property=\"og:type\" content=\"article\" \/>\n<meta property=\"og:title\" content=\"Luxe Pontonboot \/ Terrasboot (Max 12Pers)\" \/>\n<meta property=\"og:description\" content=\"Huur een fantastische luxe terrasboot \/ lounge boot \/ pontonboot om een heerlijke dag op de Vinkeveense Plassen mee te varen. Gegarandeerd genieten!\" \/>\n<meta property=\"og:url\" content=\"https:\/\/havendienst.nl\/de\/produkt\/luxe-pontonboot-smartliner\/\" \/>\n<meta property=\"og:site_name\" content=\"Havendienst.nl\" \/>\n<meta property=\"article:publisher\" content=\"https:\/\/www.facebook.com\/HavendienstNL\/\" \/>\n<meta property=\"article:modified_time\" content=\"2025-05-20T18:24:20+00:00\" \/>\n<meta property=\"og:image\" content=\"https:\/\/havendienst.nl\/upload\/2021\/06\/boot-huut-smartliner.jpg\" \/>\n\t<meta property=\"og:image:width\" content=\"674\" \/>\n\t<meta property=\"og:image:height\" content=\"900\" \/>\n\t<meta property=\"og:image:type\" content=\"image\/jpeg\" \/>\n<meta name=\"twitter:card\" content=\"summary_large_image\" \/>\n<meta name=\"twitter:label1\" content=\"Preis\" \/>\n\t<meta name=\"twitter:data1\" content=\"&euro;&nbsp;497,00\" \/>\n\t<meta name=\"twitter:label2\" content=\"Verf\u00fcgbarkeit\" \/>\n\t<meta name=\"twitter:data2\" content=\"Auf Lager\" \/>\n<script type=\"application\/ld+json\" class=\"yoast-schema-graph\">{\"@context\":\"https:\\\/\\\/schema.org\",\"@graph\":[{\"@type\":[\"WebPage\",\"ItemPage\"],\"@id\":\"https:\\\/\\\/havendienst.nl\\\/it\\\/prodotto\\\/luxe-pontonboot-smartliner\\\/\",\"url\":\"https:\\\/\\\/havendienst.nl\\\/it\\\/prodotto\\\/luxe-pontonboot-smartliner\\\/\",\"name\":\"Luxe Pontonboot \\\/ Terrasboot (Max 12Pers) - Havendienst.nl\",\"isPartOf\":{\"@id\":\"https:\\\/\\\/havendienst.nl\\\/de\\\/#website\"},\"primaryImageOfPage\":{\"@id\":\"https:\\\/\\\/havendienst.nl\\\/it\\\/prodotto\\\/luxe-pontonboot-smartliner\\\/#primaryimage\"},\"image\":{\"@id\":\"https:\\\/\\\/havendienst.nl\\\/it\\\/prodotto\\\/luxe-pontonboot-smartliner\\\/#primaryimage\"},\"thumbnailUrl\":\"https:\\\/\\\/havendienst.nl\\\/upload\\\/2021\\\/06\\\/boot-huut-smartliner.jpg\",\"datePublished\":\"2021-06-29T09:46:16+00:00\",\"dateModified\":\"2025-05-20T18:24:20+00:00\",\"description\":\"Huur een fantastische luxe terrasboot \\\/ lounge boot \\\/ pontonboot om een heerlijke dag op de Vinkeveense Plassen mee te varen. Gegarandeerd genieten!\",\"breadcrumb\":{\"@id\":\"https:\\\/\\\/havendienst.nl\\\/it\\\/prodotto\\\/luxe-pontonboot-smartliner\\\/#breadcrumb\"},\"inLanguage\":\"de\",\"potentialAction\":[{\"@type\":\"ReadAction\",\"target\":[\"https:\\\/\\\/havendienst.nl\\\/it\\\/prodotto\\\/luxe-pontonboot-smartliner\\\/\"]}]},{\"@type\":\"ImageObject\",\"inLanguage\":\"de\",\"@id\":\"https:\\\/\\\/havendienst.nl\\\/it\\\/prodotto\\\/luxe-pontonboot-smartliner\\\/#primaryimage\",\"url\":\"https:\\\/\\\/havendienst.nl\\\/upload\\\/2021\\\/06\\\/boot-huut-smartliner.jpg\",\"contentUrl\":\"https:\\\/\\\/havendienst.nl\\\/upload\\\/2021\\\/06\\\/boot-huut-smartliner.jpg\",\"width\":674,\"height\":900},{\"@type\":\"BreadcrumbList\",\"@id\":\"https:\\\/\\\/havendienst.nl\\\/it\\\/prodotto\\\/luxe-pontonboot-smartliner\\\/#breadcrumb\",\"itemListElement\":[{\"@type\":\"ListItem\",\"position\":1,\"name\":\"Home\",\"item\":\"https:\\\/\\\/havendienst.nl\\\/\"},{\"@type\":\"ListItem\",\"position\":2,\"name\":\"Winkel\",\"item\":\"https:\\\/\\\/havendienst.nl\\\/winkel\\\/\"},{\"@type\":\"ListItem\",\"position\":3,\"name\":\"Luxe Pontonboot \\\/ Terrasboot (Max 12Pers)\"}]},{\"@type\":\"WebSite\",\"@id\":\"https:\\\/\\\/havendienst.nl\\\/de\\\/#website\",\"url\":\"https:\\\/\\\/havendienst.nl\\\/de\\\/\",\"name\":\"Havendienst.nl\",\"description\":\"Deelplatform voor boot huur en verhuur\",\"publisher\":{\"@id\":\"https:\\\/\\\/havendienst.nl\\\/de\\\/#organization\"},\"alternateName\":\"Havendienst Boot huren Loosdrecht\",\"potentialAction\":[{\"@type\":\"SearchAction\",\"target\":{\"@type\":\"EntryPoint\",\"urlTemplate\":\"https:\\\/\\\/havendienst.nl\\\/de\\\/?s={search_term_string}\"},\"query-input\":{\"@type\":\"PropertyValueSpecification\",\"valueRequired\":true,\"valueName\":\"search_term_string\"}}],\"inLanguage\":\"de\"},{\"@type\":[\"Organization\",\"Place\",\"Corporation\"],\"@id\":\"https:\\\/\\\/havendienst.nl\\\/de\\\/#organization\",\"name\":\"Havendienst.nl\",\"alternateName\":\"Havendienst Boot huren Loosdrecht\",\"url\":\"https:\\\/\\\/havendienst.nl\\\/de\\\/\",\"logo\":{\"@id\":\"https:\\\/\\\/havendienst.nl\\\/it\\\/prodotto\\\/luxe-pontonboot-smartliner\\\/#local-main-organization-logo\"},\"image\":{\"@id\":\"https:\\\/\\\/havendienst.nl\\\/it\\\/prodotto\\\/luxe-pontonboot-smartliner\\\/#local-main-organization-logo\"},\"sameAs\":[\"https:\\\/\\\/www.facebook.com\\\/HavendienstNL\\\/\",\"https:\\\/\\\/www.instagram.com\\\/havendienstnl\\\/\",\"https:\\\/\\\/www.youtube.com\\\/@havendienst\",\"http:\\\/\\\/wa.me\\\/31356565744\"],\"description\":\"Havendienst.nl is het grootste gratis deelplatform voor bootverhuur in Loosdrecht en omgeving. Verhuur of huur eenvoudig een sloep, motorboot of sup zonder commissie. Havendienst.nl biedt daarnaast pechhulp op het water, watertaxi en noodservice op de Loosdrechtse Plassen, de Vecht en aangrenzende wateren. D\u00e9 centrale plek voor particulieren en verhuurbedrijven.\",\"legalName\":\"Havendienst.nl\",\"foundingDate\":\"2021-03-01\",\"duns\":\"404514148\",\"numberOfEmployees\":{\"@type\":\"QuantitativeValue\",\"minValue\":\"1\",\"maxValue\":\"10\"},\"publishingPrinciples\":\"https:\\\/\\\/havendienst.nl\\\/over\\\/\",\"ownershipFundingInfo\":\"https:\\\/\\\/havendienst.nl\\\/over\\\/\",\"actionableFeedbackPolicy\":\"https:\\\/\\\/havendienst.nl\\\/over\\\/\",\"correctionsPolicy\":\"https:\\\/\\\/havendienst.nl\\\/over\\\/\",\"ethicsPolicy\":\"https:\\\/\\\/havendienst.nl\\\/over\\\/\",\"diversityPolicy\":\"https:\\\/\\\/havendienst.nl\\\/over\\\/\",\"diversityStaffingReport\":\"https:\\\/\\\/havendienst.nl\\\/over\\\/\",\"hasMerchantReturnPolicy\":{\"@type\":\"MerchantReturnPolicy\",\"merchantReturnLink\":\"https:\\\/\\\/havendienst.nl\\\/de\\\/over\\\/\"},\"address\":{\"@id\":\"https:\\\/\\\/havendienst.nl\\\/it\\\/prodotto\\\/luxe-pontonboot-smartliner\\\/#local-main-place-address\"},\"geo\":{\"@type\":\"GeoCoordinates\",\"latitude\":\"52.23923903597849\",\"longitude\":\"5.117388746032714\"},\"telephone\":[\"+31 35 6565744\"],\"openingHoursSpecification\":[{\"@type\":\"OpeningHoursSpecification\",\"dayOfWeek\":[\"Monday\",\"Tuesday\",\"Wednesday\",\"Thursday\",\"Friday\",\"Saturday\",\"Sunday\"],\"opens\":\"08:00\",\"closes\":\"22:00\"}],\"email\":\"info@havendienst.nl\",\"areaServed\":\"Loosdrecht, Oud-Loosdrecht, Vinkeveen, Friesland, Amsterdam, Utrecht, Oudewater, Kortenhoef, Maarssen, Weesp, Breukelen, Vecht\",\"vatID\":\"NL821308233B01\"},{\"@type\":\"PostalAddress\",\"@id\":\"https:\\\/\\\/havendienst.nl\\\/it\\\/prodotto\\\/luxe-pontonboot-smartliner\\\/#local-main-place-address\",\"streetAddress\":\"Kerklaan 53\",\"addressLocality\":\"Kortenhoef\",\"postalCode\":\"1241CK\",\"addressRegion\":\"Noord-Holland\",\"addressCountry\":\"NL\"},{\"@type\":\"ImageObject\",\"inLanguage\":\"de\",\"@id\":\"https:\\\/\\\/havendienst.nl\\\/it\\\/prodotto\\\/luxe-pontonboot-smartliner\\\/#local-main-organization-logo\",\"url\":\"https:\\\/\\\/havendienst.nl\\\/upload\\\/2021\\\/01\\\/havendienst-logo-small.png\",\"contentUrl\":\"https:\\\/\\\/havendienst.nl\\\/upload\\\/2021\\\/01\\\/havendienst-logo-small.png\",\"width\":167,\"height\":81,\"caption\":\"Havendienst.nl\"}]}<\/script>\n<meta property=\"product:brand\" content=\"Loungeboot\" \/>\n<meta property=\"product:price:amount\" content=\"497.00\" \/>\n<meta property=\"product:price:currency\" content=\"EUR\" \/>\n<meta property=\"og:availability\" content=\"instock\" \/>\n<meta property=\"product:availability\" content=\"instock\" \/>\n<meta property=\"product:condition\" content=\"new\" \/>\n<meta name=\"geo.placename\" content=\"Kortenhoef\" \/>\n<meta name=\"geo.position\" content=\"52.23923903597849;5.117388746032714\" \/>\n<meta name=\"geo.region\" content=\"Niederlande\" \/>\n<!-- \/ Yoast SEO Premium plugin. -->","yoast_head_json":{"title":"Luxus-Pontonboot \/ Terrassenboot (Max 12Pers) - Havendienst.nl","description":"Mieten Sie ein fantastisches, luxuri\u00f6ses Terrassenboot \/ Loungeboot \/ Pontonboot, um einen herrlichen Tag auf den Vinkeveense Plassen zu verbringen. Garantiertes Vergn\u00fcgen!","robots":{"index":"index","follow":"follow","max-snippet":"max-snippet:-1","max-image-preview":"max-image-preview:large","max-video-preview":"max-video-preview:-1"},"canonical":"https:\/\/havendienst.nl\/de\/produkt\/luxe-pontonboot-smartliner\/","og_locale":"de_DE","og_type":"article","og_title":"Luxe Pontonboot \/ Terrasboot (Max 12Pers)","og_description":"Huur een fantastische luxe terrasboot \/ lounge boot \/ pontonboot om een heerlijke dag op de Vinkeveense Plassen mee te varen. Gegarandeerd genieten!","og_url":"https:\/\/havendienst.nl\/de\/produkt\/luxe-pontonboot-smartliner\/","og_site_name":"Havendienst.nl","article_publisher":"https:\/\/www.facebook.com\/HavendienstNL\/","article_modified_time":"2025-05-20T18:24:20+00:00","og_image":[{"width":674,"height":900,"url":"https:\/\/havendienst.nl\/upload\/2021\/06\/boot-huut-smartliner.jpg","type":"image\/jpeg"}],"twitter_card":"summary_large_image","twitter_misc":{"Preis":"&euro;&nbsp;497,00","Verf\u00fcgbarkeit":"Auf Lager"},"schema":{"@context":"https:\/\/schema.org","@graph":[{"@type":["WebPage","ItemPage"],"@id":"https:\/\/havendienst.nl\/it\/prodotto\/luxe-pontonboot-smartliner\/","url":"https:\/\/havendienst.nl\/it\/prodotto\/luxe-pontonboot-smartliner\/","name":"Luxus-Pontonboot \/ Terrassenboot (Max 12Pers) - Havendienst.nl","isPartOf":{"@id":"https:\/\/havendienst.nl\/de\/#website"},"primaryImageOfPage":{"@id":"https:\/\/havendienst.nl\/it\/prodotto\/luxe-pontonboot-smartliner\/#primaryimage"},"image":{"@id":"https:\/\/havendienst.nl\/it\/prodotto\/luxe-pontonboot-smartliner\/#primaryimage"},"thumbnailUrl":"https:\/\/havendienst.nl\/upload\/2021\/06\/boot-huut-smartliner.jpg","datePublished":"2021-06-29T09:46:16+00:00","dateModified":"2025-05-20T18:24:20+00:00","description":"Mieten Sie ein fantastisches, luxuri\u00f6ses Terrassenboot \/ Loungeboot \/ Pontonboot, um einen herrlichen Tag auf den Vinkeveense Plassen zu verbringen. Garantiertes Vergn\u00fcgen!","breadcrumb":{"@id":"https:\/\/havendienst.nl\/it\/prodotto\/luxe-pontonboot-smartliner\/#breadcrumb"},"inLanguage":"de","potentialAction":[{"@type":"ReadAction","target":["https:\/\/havendienst.nl\/it\/prodotto\/luxe-pontonboot-smartliner\/"]}]},{"@type":"ImageObject","inLanguage":"de","@id":"https:\/\/havendienst.nl\/it\/prodotto\/luxe-pontonboot-smartliner\/#primaryimage","url":"https:\/\/havendienst.nl\/upload\/2021\/06\/boot-huut-smartliner.jpg","contentUrl":"https:\/\/havendienst.nl\/upload\/2021\/06\/boot-huut-smartliner.jpg","width":674,"height":900},{"@type":"BreadcrumbList","@id":"https:\/\/havendienst.nl\/it\/prodotto\/luxe-pontonboot-smartliner\/#breadcrumb","itemListElement":[{"@type":"ListItem","position":1,"name":"Home","item":"https:\/\/havendienst.nl\/"},{"@type":"ListItem","position":2,"name":"Winkel","item":"https:\/\/havendienst.nl\/winkel\/"},{"@type":"ListItem","position":3,"name":"Luxe Pontonboot \/ Terrasboot (Max 12Pers)"}]},{"@type":"WebSite","@id":"https:\/\/havendienst.nl\/de\/#website","url":"https:\/\/havendienst.nl\/de\/","name":"Havendienst.nl","description":"Gemeinsame Plattform f\u00fcr Bootsverleih und -vermietung","publisher":{"@id":"https:\/\/havendienst.nl\/de\/#organization"},"alternateName":"Havendienst Boot huren Loosdrecht","potentialAction":[{"@type":"SearchAction","target":{"@type":"EntryPoint","urlTemplate":"https:\/\/havendienst.nl\/de\/?s={search_term_string}"},"query-input":{"@type":"PropertyValueSpecification","valueRequired":true,"valueName":"search_term_string"}}],"inLanguage":"de"},{"@type":["Organization","Place","Corporation"],"@id":"https:\/\/havendienst.nl\/de\/#organization","name":"Havendienst.nl","alternateName":"Havendienst Boot huren Loosdrecht","url":"https:\/\/havendienst.nl\/de\/","logo":{"@id":"https:\/\/havendienst.nl\/it\/prodotto\/luxe-pontonboot-smartliner\/#local-main-organization-logo"},"image":{"@id":"https:\/\/havendienst.nl\/it\/prodotto\/luxe-pontonboot-smartliner\/#local-main-organization-logo"},"sameAs":["https:\/\/www.facebook.com\/HavendienstNL\/","https:\/\/www.instagram.com\/havendienstnl\/","https:\/\/www.youtube.com\/@havendienst","http:\/\/wa.me\/31356565744"],"description":"Havendienst.nl ist die gr\u00f6\u00dfte kostenlose Vermittlungsplattform f\u00fcr Bootsvermietungen in Loosdrecht und Umgebung. Mieten oder leasen Sie ganz einfach eine Schaluppe, ein Motorboot oder eine Sup ohne Provision. Havendienst.nl bietet auch Wasserpannenhilfe, Wassertaxi und Notdienst auf den Loosdrechtse Plassen, dem Vecht und den angrenzenden Gew\u00e4ssern. Die zentrale Anlaufstelle f\u00fcr Privatpersonen und Vermietungsunternehmen.","legalName":"Havendienst.nl","foundingDate":"2021-03-01","duns":"404514148","numberOfEmployees":{"@type":"QuantitativeValue","minValue":"1","maxValue":"10"},"publishingPrinciples":"https:\/\/havendienst.nl\/over\/","ownershipFundingInfo":"https:\/\/havendienst.nl\/over\/","actionableFeedbackPolicy":"https:\/\/havendienst.nl\/over\/","correctionsPolicy":"https:\/\/havendienst.nl\/over\/","ethicsPolicy":"https:\/\/havendienst.nl\/over\/","diversityPolicy":"https:\/\/havendienst.nl\/over\/","diversityStaffingReport":"https:\/\/havendienst.nl\/over\/","hasMerchantReturnPolicy":{"@type":"MerchantReturnPolicy","merchantReturnLink":"https:\/\/havendienst.nl\/de\/over\/"},"address":{"@id":"https:\/\/havendienst.nl\/it\/prodotto\/luxe-pontonboot-smartliner\/#local-main-place-address"},"geo":{"@type":"GeoCoordinates","latitude":"52.23923903597849","longitude":"5.117388746032714"},"telephone":["+31 35 6565744"],"openingHoursSpecification":[{"@type":"OpeningHoursSpecification","dayOfWeek":["Monday","Tuesday","Wednesday","Thursday","Friday","Saturday","Sunday"],"opens":"08:00","closes":"22:00"}],"email":"info@havendienst.nl","areaServed":"Loosdrecht, Oud-Loosdrecht, Vinkeveen, Friesland, Amsterdam, Utrecht, Oudewater, Kortenhoef, Maarssen, Weesp, Breukelen, Vecht","vatID":"NL821308233B01"},{"@type":"PostalAddress","@id":"https:\/\/havendienst.nl\/it\/prodotto\/luxe-pontonboot-smartliner\/#local-main-place-address","streetAddress":"Kerklaan 53","addressLocality":"Kortenhoef","postalCode":"1241CK","addressRegion":"Noord-Holland","addressCountry":"NL"},{"@type":"ImageObject","inLanguage":"de","@id":"https:\/\/havendienst.nl\/it\/prodotto\/luxe-pontonboot-smartliner\/#local-main-organization-logo","url":"https:\/\/havendienst.nl\/upload\/2021\/01\/havendienst-logo-small.png","contentUrl":"https:\/\/havendienst.nl\/upload\/2021\/01\/havendienst-logo-small.png","width":167,"height":81,"caption":"Havendienst.nl"}]},"product_brand":"Loungeboot","product_price_amount":"497.00","product_price_currency":"EUR","og_availability":"instock","product_availability":"instock","product_condition":"new","geo.placename":"Kortenhoef","geo.position":{"lat":"52.23923903597849","long":"5.117388746032714"},"geo.region":"Niederlande"},"_links":{"self":[{"href":"https:\/\/havendienst.nl\/de\/wp-json\/wp\/v2\/product\/27273","targetHints":{"allow":["GET"]}}],"collection":[{"href":"https:\/\/havendienst.nl\/de\/wp-json\/wp\/v2\/product"}],"about":[{"href":"https:\/\/havendienst.nl\/de\/wp-json\/wp\/v2\/types\/product"}],"replies":[{"embeddable":true,"href":"https:\/\/havendienst.nl\/de\/wp-json\/wp\/v2\/comments?post=27273"}],"wp:featuredmedia":[{"embeddable":true,"href":"https:\/\/havendienst.nl\/de\/wp-json\/wp\/v2\/media\/27398"}],"wp:attachment":[{"href":"https:\/\/havendienst.nl\/de\/wp-json\/wp\/v2\/media?parent=27273"}],"wp:term":[{"taxonomy":"product_brand","embeddable":true,"href":"https:\/\/havendienst.nl\/de\/wp-json\/wp\/v2\/product_brand?post=27273"},{"taxonomy":"product_cat","embeddable":true,"href":"https:\/\/havendienst.nl\/de\/wp-json\/wp\/v2\/product_cat?post=27273"},{"taxonomy":"product_tag","embeddable":true,"href":"https:\/\/havendienst.nl\/de\/wp-json\/wp\/v2\/product_tag?post=27273"}],"curies":[{"name":"wp","href":"https:\/\/api.w.org\/{rel}","templated":true}]}}