{"id":23110,"date":"2021-03-16T16:46:43","date_gmt":"2021-03-16T15:46:43","guid":{"rendered":"https:\/\/havendienst.nl\/?post_type=product&#038;p=23110"},"modified":"2026-04-08T04:49:01","modified_gmt":"2026-04-08T02:49:01","slug":"stoere-aluminium-sloep","status":"publish","type":"product","link":"https:\/\/havendienst.nl\/de\/product\/stoere-aluminium-sloep\/","title":{"rendered":"Robustes Aluminiumboot - Rapzat"},"content":{"rendered":"<div class=\"fusion-fullwidth fullwidth-box fusion-builder-row-1 fusion-flex-container nonhundred-percent-fullwidth non-hundred-percent-height-scrolling\" style=\"--awb-border-radius-top-left:0px;--awb-border-radius-top-right:0px;--awb-border-radius-bottom-right:0px;--awb-border-radius-bottom-left:0px;--awb-flex-wrap:wrap;\" ><div class=\"fusion-builder-row fusion-row fusion-flex-align-items-flex-start fusion-flex-content-wrap\" style=\"max-width:1144px;margin-left: calc(-4% \/ 2 );margin-right: calc(-4% \/ 2 );\"><div class=\"fusion-layout-column fusion_builder_column fusion-builder-column-0 fusion_builder_column_1_1 1_1 fusion-flex-column\" style=\"--awb-bg-size:cover;--awb-width-large:100%;--awb-margin-top-large:0px;--awb-spacing-right-large:1.92%;--awb-margin-bottom-large:0px;--awb-spacing-left-large:1.92%;--awb-width-medium:100%;--awb-spacing-right-medium:1.92%;--awb-spacing-left-medium:1.92%;--awb-width-small:100%;--awb-spacing-right-small:1.92%;--awb-spacing-left-small:1.92%;\"><div class=\"fusion-column-wrapper fusion-flex-justify-content-flex-start fusion-content-layout-column\"><div class=\"fusion-text fusion-text-1\" style=\"--awb-text-transform:none;\"><p><strong><span style=\"vertical-align: inherit;\"><span style=\"vertical-align: inherit;\">Stabile Aluminium-Schaluppe<\/span><\/span><\/strong><\/p>\n<p>Dieses robuste Boot ist einfach ein bisschen anders! Ein \u00fcberraschend ger\u00e4umiges Boot, ideal zum Entspannen mit der Familie. Das Boot hat eine hohe R\u00fcckenlehne, die es auch bei l\u00e4ngeren Fahrten bequem macht. Das Boot ist mit einer zus\u00e4tzlichen Batterie und einem Anschluss f\u00fcr Ihre K\u00fchlbox, einem USB-Ladeger\u00e4t f\u00fcr Ihr Handy und einem Radio mit Bluetooth ausgestattet. Der 55-Liter-Tank macht es einfach, lange Strecken zu fahren!<\/p>\n<p>Hinter dem Boot befindet sich eine Badeleiter und das Boot hat ein kleines Bimini-Dach zum Schutz vor der Sonne. Au\u00dferdem wurde das Boot im letzten Sommer mit sch\u00f6nen neuen Polstern und einem sch\u00f6nen Teakholztisch mit Getr\u00e4nkehaltern ausgestattet, die f\u00fcr Getr\u00e4nke n\u00fctzlich sind!<\/p>\n<p>Eine gewisse Erfahrung mit dem Bootfahren ist immer von Vorteil, ein Bootsf\u00fchrerschein ist nicht erforderlich.<\/p>\n<p><strong>Bedingungen:<\/strong><\/p>\n<ul>\n<li>Vermietungen nach <a href=\"\/upload\/2021\/08\/Leeg-huurcontract-rapzat.pdf\" target=\"_blank\" rel=\"noopener\">dieser Vertrag<\/a><\/li>\n<li>Das Mindestalter des Skippers betr\u00e4gt <strong>25 Jahre<\/strong>.<\/li>\n<li>Bei Besch\u00e4digung des Bootes oder versp\u00e4teter R\u00fcckgabe wird eine Kaution von 250 \u20ac erhoben. Die Kaution wird zur\u00fcckerstattet, wenn das Boot und sein Zubeh\u00f6r vollst\u00e4ndig und unbesch\u00e4digt zur\u00fcckgegeben werden. Wenn das Boot zu sp\u00e4t zur\u00fcckgegeben wird, wird dies von der Kaution abgezogen.<\/li>\n<li>Tiere sind <span style=\"text-decoration: underline;\">nicht<\/span> an Bord erlaubt.<\/li>\n<li>Das Boot ist bei der Abfahrt vollgetankt, ein Nachtanken ist nicht erforderlich.<\/li>\n<li>Stornierungsbedingungen: Die Stornierung ist bis zu 24 Stunden im Voraus kostenlos. Innerhalb von 24 Stunden, wird die Kaution nicht zur\u00fcckerstattet werden. Bei sehr schlechtem Wetter oder starkem Wind, k\u00f6nnen Sie immer kostenlos stornieren gem\u00e4\u00df der <em>Sch\u00f6nwettergarantie.<\/em><\/li>\n<\/ul>\n<\/div><\/div><\/div><\/div><\/div>","protected":false},"excerpt":{"rendered":"<p>Mittelgro\u00dfe robuste Schaluppe, die leicht segelt. Dieses Boot ist sch\u00f6n und ger\u00e4umig f\u00fcr 4 Erwachsene. Es hat eine Badeleiter, K\u00fchlbox Anschluss und Bluetooth-Radio. Das Boot ist voll ausgestattet, um die Loosdrechtse Seen zu kreuzen, w\u00e4hrend Sprudeln!<\/p>\n<p><em><strong>Willst du heute segeln? Bitte kontaktieren Sie uns, um dar\u00fcber zu sprechen!<\/strong><\/em><\/p>\n<p><i>(f\u00fcr weitere Informationen nach unten scrollen)<\/i><\/p>","protected":false},"featured_media":26100,"comment_status":"open","ping_status":"closed","template":"","meta":[],"product_brand":[],"product_cat":[342,257],"product_tag":[],"class_list":{"0":"post-23110","1":"product","2":"type-product","3":"status-publish","4":"has-post-thumbnail","6":"product_cat-boten","7":"product_cat-area-loosdrecht","8":"wcpv_product_vendors-karen-van-dam","10":"first","11":"instock","12":"featured","13":"virtual","14":"sold-individually","15":"taxable","16":"purchasable","17":"product-type-booking"},"booking_location":"","booking_location_type":"","booking_duration":180,"booking_duration_unit":"minute","booking_buffer":30,"booking_cost":0,"booking_resources":[],"exclude_global_add_ons":false,"addons":[{"name":"Borg","type":"checkbox","position":0,"required":true,"title_format":"label","default":"","description_enable":true,"description":"Die Kaution ist obligatorisch. Sie wird zur\u00fcckerstattet, es sei denn, es muss etwas geregelt werden, wie z. B. zus\u00e4tzliche Fahrzeit oder Sch\u00e4den.","placeholder_enable":false,"placeholder":"","display":"select","restrictions_type":"any_text","adjust_price":false,"price":"","price_type":"flat_fee","restrictions":false,"min":"0","max":"0","options":[{"label":"Borg","price":"250","price_type":"flat_fee","image":0,"visibility":true}],"id":1755200651},{"name":"Bedingungen","type":"checkbox","position":1,"required":true,"title_format":"label","default":"","description_enable":true,"description":"Vielen Dank, dass Sie die Bedingungen f\u00fcr dieses Boot gelesen haben. (Siehe unten) Sind Sie einverstanden?","placeholder_enable":false,"placeholder":"","display":"select","restrictions_type":"any_text","adjust_price":false,"price":"","price_type":"flat_fee","restrictions":false,"min":"0","max":"0","options":[{"label":"Akkoord","price":"","price_type":"flat_fee","image":0,"visibility":true}],"id":1755200652},{"name":"Schwimmwesten","type":"input_multiplier","position":2,"required":false,"title_format":"label","default":"","description_enable":true,"description":"Brauchen Sie eine Schwimmweste? Bitte geben Sie hier an, wie viel:","placeholder_enable":false,"placeholder":"","display":"select","restrictions_type":"any_text","adjust_price":true,"price":"","price_type":"flat_fee","restrictions":true,"min":"0","max":"2","options":[],"id":1755200653}],"yoast_head":"<!-- This site is optimized with the Yoast SEO Premium plugin v27.2 (Yoast SEO v27.3) - https:\/\/yoast.com\/product\/yoast-seo-premium-wordpress\/ -->\n<title>Stoere Aluminium Sloep - Rapzat - Havendienst.nl<\/title>\n<meta name=\"description\" content=\"Super leuke Aluminium sloep! Bijzonder makkelijk te varen en ideaal met kinderen. Leg aan bij een strandje en geniet van de Loosdrechtse plassen.\" \/>\n<meta name=\"robots\" content=\"index, follow, max-snippet:-1, max-image-preview:large, max-video-preview:-1\" \/>\n<link rel=\"canonical\" href=\"https:\/\/havendienst.nl\/de\/produkt\/stoere-aluminium-sloep\/\" \/>\n<meta property=\"og:locale\" content=\"de_DE\" \/>\n<meta property=\"og:type\" content=\"article\" \/>\n<meta property=\"og:title\" content=\"Stoere Aluminium Sloep - Rapzat\" \/>\n<meta property=\"og:description\" content=\"Super leuke Aluminium sloep! Bijzonder makkelijk te varen en ideaal met kinderen. Leg aan bij een strandje en geniet van de Loosdrechtse plassen.\" \/>\n<meta property=\"og:url\" content=\"https:\/\/havendienst.nl\/de\/produkt\/stoere-aluminium-sloep\/\" \/>\n<meta property=\"og:site_name\" content=\"Havendienst.nl\" \/>\n<meta property=\"article:publisher\" content=\"https:\/\/www.facebook.com\/HavendienstNL\/\" \/>\n<meta property=\"article:modified_time\" content=\"2026-04-08T02:49:01+00:00\" \/>\n<meta property=\"og:image\" content=\"https:\/\/havendienst.nl\/upload\/2021\/06\/IMG_3486.jpg\" \/>\n\t<meta property=\"og:image:width\" content=\"2560\" \/>\n\t<meta property=\"og:image:height\" content=\"1920\" \/>\n\t<meta property=\"og:image:type\" content=\"image\/jpeg\" \/>\n<meta name=\"twitter:card\" content=\"summary_large_image\" \/>\n<meta name=\"twitter:label1\" content=\"Preis\" \/>\n\t<meta name=\"twitter:data1\" content=\"&euro;&nbsp;125,00\" \/>\n\t<meta name=\"twitter:label2\" content=\"Verf\u00fcgbarkeit\" \/>\n\t<meta name=\"twitter:data2\" content=\"Auf Lager\" \/>\n<script type=\"application\/ld+json\" class=\"yoast-schema-graph\">{\"@context\":\"https:\\\/\\\/schema.org\",\"@graph\":[{\"@type\":[\"WebPage\",\"ItemPage\"],\"@id\":\"https:\\\/\\\/havendienst.nl\\\/product\\\/stoere-aluminium-sloep\\\/\",\"url\":\"https:\\\/\\\/havendienst.nl\\\/product\\\/stoere-aluminium-sloep\\\/\",\"name\":\"Stoere Aluminium Sloep - Rapzat - Havendienst.nl\",\"isPartOf\":{\"@id\":\"https:\\\/\\\/havendienst.nl\\\/de\\\/#website\"},\"primaryImageOfPage\":{\"@id\":\"https:\\\/\\\/havendienst.nl\\\/product\\\/stoere-aluminium-sloep\\\/#primaryimage\"},\"image\":{\"@id\":\"https:\\\/\\\/havendienst.nl\\\/product\\\/stoere-aluminium-sloep\\\/#primaryimage\"},\"thumbnailUrl\":\"https:\\\/\\\/havendienst.nl\\\/upload\\\/2021\\\/06\\\/IMG_3486.jpg\",\"datePublished\":\"2021-03-16T15:46:43+00:00\",\"dateModified\":\"2026-04-08T02:49:01+00:00\",\"description\":\"Super leuke Aluminium sloep! Bijzonder makkelijk te varen en ideaal met kinderen. Leg aan bij een strandje en geniet van de Loosdrechtse plassen.\",\"breadcrumb\":{\"@id\":\"https:\\\/\\\/havendienst.nl\\\/product\\\/stoere-aluminium-sloep\\\/#breadcrumb\"},\"inLanguage\":\"de\",\"potentialAction\":[{\"@type\":\"ReadAction\",\"target\":[\"https:\\\/\\\/havendienst.nl\\\/product\\\/stoere-aluminium-sloep\\\/\"]}]},{\"@type\":\"ImageObject\",\"inLanguage\":\"de\",\"@id\":\"https:\\\/\\\/havendienst.nl\\\/product\\\/stoere-aluminium-sloep\\\/#primaryimage\",\"url\":\"https:\\\/\\\/havendienst.nl\\\/upload\\\/2021\\\/06\\\/IMG_3486.jpg\",\"contentUrl\":\"https:\\\/\\\/havendienst.nl\\\/upload\\\/2021\\\/06\\\/IMG_3486.jpg\",\"width\":2560,\"height\":1920},{\"@type\":\"BreadcrumbList\",\"@id\":\"https:\\\/\\\/havendienst.nl\\\/product\\\/stoere-aluminium-sloep\\\/#breadcrumb\",\"itemListElement\":[{\"@type\":\"ListItem\",\"position\":1,\"name\":\"Home\",\"item\":\"https:\\\/\\\/havendienst.nl\\\/\"},{\"@type\":\"ListItem\",\"position\":2,\"name\":\"Winkel\",\"item\":\"https:\\\/\\\/havendienst.nl\\\/winkel\\\/\"},{\"@type\":\"ListItem\",\"position\":3,\"name\":\"Stoere Aluminium Sloep &#8211; Rapzat\"}]},{\"@type\":\"WebSite\",\"@id\":\"https:\\\/\\\/havendienst.nl\\\/de\\\/#website\",\"url\":\"https:\\\/\\\/havendienst.nl\\\/de\\\/\",\"name\":\"Havendienst.nl\",\"description\":\"Deelplatform voor boot huur en verhuur\",\"publisher\":{\"@id\":\"https:\\\/\\\/havendienst.nl\\\/de\\\/#organization\"},\"alternateName\":\"Havendienst Boot huren Loosdrecht\",\"potentialAction\":[{\"@type\":\"SearchAction\",\"target\":{\"@type\":\"EntryPoint\",\"urlTemplate\":\"https:\\\/\\\/havendienst.nl\\\/de\\\/?s={search_term_string}\"},\"query-input\":{\"@type\":\"PropertyValueSpecification\",\"valueRequired\":true,\"valueName\":\"search_term_string\"}}],\"inLanguage\":\"de\"},{\"@type\":[\"Organization\",\"Place\",\"Corporation\"],\"@id\":\"https:\\\/\\\/havendienst.nl\\\/de\\\/#organization\",\"name\":\"Havendienst.nl\",\"alternateName\":\"Havendienst Boot huren Loosdrecht\",\"url\":\"https:\\\/\\\/havendienst.nl\\\/de\\\/\",\"logo\":{\"@id\":\"https:\\\/\\\/havendienst.nl\\\/product\\\/stoere-aluminium-sloep\\\/#local-main-organization-logo\"},\"image\":{\"@id\":\"https:\\\/\\\/havendienst.nl\\\/product\\\/stoere-aluminium-sloep\\\/#local-main-organization-logo\"},\"sameAs\":[\"https:\\\/\\\/www.facebook.com\\\/HavendienstNL\\\/\",\"https:\\\/\\\/www.instagram.com\\\/havendienstnl\\\/\",\"https:\\\/\\\/www.youtube.com\\\/@havendienst\",\"http:\\\/\\\/wa.me\\\/31356565744\"],\"description\":\"Havendienst.nl is het grootste gratis deelplatform voor bootverhuur in Loosdrecht en omgeving. Verhuur of huur eenvoudig een sloep, motorboot of sup zonder commissie. Havendienst.nl biedt daarnaast pechhulp op het water, watertaxi en noodservice op de Loosdrechtse Plassen, de Vecht en aangrenzende wateren. D\u00e9 centrale plek voor particulieren en verhuurbedrijven.\",\"legalName\":\"Havendienst.nl\",\"foundingDate\":\"2021-03-01\",\"duns\":\"404514148\",\"numberOfEmployees\":{\"@type\":\"QuantitativeValue\",\"minValue\":\"1\",\"maxValue\":\"10\"},\"publishingPrinciples\":\"https:\\\/\\\/havendienst.nl\\\/over\\\/\",\"ownershipFundingInfo\":\"https:\\\/\\\/havendienst.nl\\\/over\\\/\",\"actionableFeedbackPolicy\":\"https:\\\/\\\/havendienst.nl\\\/over\\\/\",\"correctionsPolicy\":\"https:\\\/\\\/havendienst.nl\\\/over\\\/\",\"ethicsPolicy\":\"https:\\\/\\\/havendienst.nl\\\/over\\\/\",\"diversityPolicy\":\"https:\\\/\\\/havendienst.nl\\\/over\\\/\",\"diversityStaffingReport\":\"https:\\\/\\\/havendienst.nl\\\/over\\\/\",\"hasMerchantReturnPolicy\":{\"@type\":\"MerchantReturnPolicy\",\"merchantReturnLink\":\"https:\\\/\\\/havendienst.nl\\\/de\\\/over\\\/\"},\"address\":{\"@id\":\"https:\\\/\\\/havendienst.nl\\\/product\\\/stoere-aluminium-sloep\\\/#local-main-place-address\"},\"geo\":{\"@type\":\"GeoCoordinates\",\"latitude\":\"52.23923903597849\",\"longitude\":\"5.117388746032714\"},\"telephone\":[\"+31 35 6565744\"],\"openingHoursSpecification\":[{\"@type\":\"OpeningHoursSpecification\",\"dayOfWeek\":[\"Monday\",\"Tuesday\",\"Wednesday\",\"Thursday\",\"Friday\",\"Saturday\",\"Sunday\"],\"opens\":\"08:00\",\"closes\":\"22:00\"}],\"email\":\"info@havendienst.nl\",\"areaServed\":\"Loosdrecht, Oud-Loosdrecht, Vinkeveen, Friesland, Amsterdam, Utrecht, Oudewater, Kortenhoef, Maarssen, Weesp, Breukelen, Vecht\",\"vatID\":\"NL821308233B01\"},{\"@type\":\"PostalAddress\",\"@id\":\"https:\\\/\\\/havendienst.nl\\\/product\\\/stoere-aluminium-sloep\\\/#local-main-place-address\",\"streetAddress\":\"Kerklaan 53\",\"addressLocality\":\"Kortenhoef\",\"postalCode\":\"1241CK\",\"addressRegion\":\"Noord-Holland\",\"addressCountry\":\"NL\"},{\"@type\":\"ImageObject\",\"inLanguage\":\"de\",\"@id\":\"https:\\\/\\\/havendienst.nl\\\/product\\\/stoere-aluminium-sloep\\\/#local-main-organization-logo\",\"url\":\"https:\\\/\\\/havendienst.nl\\\/upload\\\/2021\\\/01\\\/havendienst-logo-small.png\",\"contentUrl\":\"https:\\\/\\\/havendienst.nl\\\/upload\\\/2021\\\/01\\\/havendienst-logo-small.png\",\"width\":167,\"height\":81,\"caption\":\"Havendienst.nl\"}]}<\/script>\n<meta property=\"product:brand\" content=\"Sloep\" \/>\n<meta property=\"product:price:amount\" content=\"125.00\" \/>\n<meta property=\"product:price:currency\" content=\"EUR\" \/>\n<meta property=\"og:availability\" content=\"instock\" \/>\n<meta property=\"product:availability\" content=\"instock\" \/>\n<meta property=\"product:condition\" content=\"new\" \/>\n<meta name=\"geo.placename\" content=\"Kortenhoef\" \/>\n<meta name=\"geo.position\" content=\"52.23923903597849;5.117388746032714\" \/>\n<meta name=\"geo.region\" content=\"Niederlande\" \/>\n<!-- \/ Yoast SEO Premium plugin. -->","yoast_head_json":{"title":"Robuste Aluminium-Schaluppe - Rapzat - Havendienst.nl","description":"Supersch\u00f6ne Aluminium-Schaluppe! Sehr einfach zu segeln und ideal mit Kindern. Legen Sie an einem Strand an und genie\u00dfen Sie die Loosdrecht-Seen.","robots":{"index":"index","follow":"follow","max-snippet":"max-snippet:-1","max-image-preview":"max-image-preview:large","max-video-preview":"max-video-preview:-1"},"canonical":"https:\/\/havendienst.nl\/de\/produkt\/stoere-aluminium-sloep\/","og_locale":"de_DE","og_type":"article","og_title":"Stoere Aluminium Sloep - Rapzat","og_description":"Super leuke Aluminium sloep! Bijzonder makkelijk te varen en ideaal met kinderen. Leg aan bij een strandje en geniet van de Loosdrechtse plassen.","og_url":"https:\/\/havendienst.nl\/de\/produkt\/stoere-aluminium-sloep\/","og_site_name":"Havendienst.nl","article_publisher":"https:\/\/www.facebook.com\/HavendienstNL\/","article_modified_time":"2026-04-08T02:49:01+00:00","og_image":[{"width":2560,"height":1920,"url":"https:\/\/havendienst.nl\/upload\/2021\/06\/IMG_3486.jpg","type":"image\/jpeg"}],"twitter_card":"summary_large_image","twitter_misc":{"Preis":"&euro;&nbsp;125,00","Verf\u00fcgbarkeit":"Auf Lager"},"schema":{"@context":"https:\/\/schema.org","@graph":[{"@type":["WebPage","ItemPage"],"@id":"https:\/\/havendienst.nl\/product\/stoere-aluminium-sloep\/","url":"https:\/\/havendienst.nl\/product\/stoere-aluminium-sloep\/","name":"Robuste Aluminium-Schaluppe - Rapzat - Havendienst.nl","isPartOf":{"@id":"https:\/\/havendienst.nl\/de\/#website"},"primaryImageOfPage":{"@id":"https:\/\/havendienst.nl\/product\/stoere-aluminium-sloep\/#primaryimage"},"image":{"@id":"https:\/\/havendienst.nl\/product\/stoere-aluminium-sloep\/#primaryimage"},"thumbnailUrl":"https:\/\/havendienst.nl\/upload\/2021\/06\/IMG_3486.jpg","datePublished":"2021-03-16T15:46:43+00:00","dateModified":"2026-04-08T02:49:01+00:00","description":"Supersch\u00f6ne Aluminium-Schaluppe! Sehr einfach zu segeln und ideal mit Kindern. Legen Sie an einem Strand an und genie\u00dfen Sie die Loosdrecht-Seen.","breadcrumb":{"@id":"https:\/\/havendienst.nl\/product\/stoere-aluminium-sloep\/#breadcrumb"},"inLanguage":"de","potentialAction":[{"@type":"ReadAction","target":["https:\/\/havendienst.nl\/product\/stoere-aluminium-sloep\/"]}]},{"@type":"ImageObject","inLanguage":"de","@id":"https:\/\/havendienst.nl\/product\/stoere-aluminium-sloep\/#primaryimage","url":"https:\/\/havendienst.nl\/upload\/2021\/06\/IMG_3486.jpg","contentUrl":"https:\/\/havendienst.nl\/upload\/2021\/06\/IMG_3486.jpg","width":2560,"height":1920},{"@type":"BreadcrumbList","@id":"https:\/\/havendienst.nl\/product\/stoere-aluminium-sloep\/#breadcrumb","itemListElement":[{"@type":"ListItem","position":1,"name":"Home","item":"https:\/\/havendienst.nl\/"},{"@type":"ListItem","position":2,"name":"Winkel","item":"https:\/\/havendienst.nl\/winkel\/"},{"@type":"ListItem","position":3,"name":"Stoere Aluminium Sloep &#8211; Rapzat"}]},{"@type":"WebSite","@id":"https:\/\/havendienst.nl\/de\/#website","url":"https:\/\/havendienst.nl\/de\/","name":"Havendienst.nl","description":"Gemeinsame Plattform f\u00fcr Bootsverleih und -vermietung","publisher":{"@id":"https:\/\/havendienst.nl\/de\/#organization"},"alternateName":"Havendienst Boot huren Loosdrecht","potentialAction":[{"@type":"SearchAction","target":{"@type":"EntryPoint","urlTemplate":"https:\/\/havendienst.nl\/de\/?s={search_term_string}"},"query-input":{"@type":"PropertyValueSpecification","valueRequired":true,"valueName":"search_term_string"}}],"inLanguage":"de"},{"@type":["Organization","Place","Corporation"],"@id":"https:\/\/havendienst.nl\/de\/#organization","name":"Havendienst.nl","alternateName":"Havendienst Boot huren Loosdrecht","url":"https:\/\/havendienst.nl\/de\/","logo":{"@id":"https:\/\/havendienst.nl\/product\/stoere-aluminium-sloep\/#local-main-organization-logo"},"image":{"@id":"https:\/\/havendienst.nl\/product\/stoere-aluminium-sloep\/#local-main-organization-logo"},"sameAs":["https:\/\/www.facebook.com\/HavendienstNL\/","https:\/\/www.instagram.com\/havendienstnl\/","https:\/\/www.youtube.com\/@havendienst","http:\/\/wa.me\/31356565744"],"description":"Havendienst.nl ist die gr\u00f6\u00dfte kostenlose Vermittlungsplattform f\u00fcr Bootsvermietungen in Loosdrecht und Umgebung. Mieten oder leasen Sie ganz einfach eine Schaluppe, ein Motorboot oder eine Sup ohne Provision. Havendienst.nl bietet auch Wasserpannenhilfe, Wassertaxi und Notdienst auf den Loosdrechtse Plassen, dem Vecht und den angrenzenden Gew\u00e4ssern. Die zentrale Anlaufstelle f\u00fcr Privatpersonen und Vermietungsunternehmen.","legalName":"Havendienst.nl","foundingDate":"2021-03-01","duns":"404514148","numberOfEmployees":{"@type":"QuantitativeValue","minValue":"1","maxValue":"10"},"publishingPrinciples":"https:\/\/havendienst.nl\/over\/","ownershipFundingInfo":"https:\/\/havendienst.nl\/over\/","actionableFeedbackPolicy":"https:\/\/havendienst.nl\/over\/","correctionsPolicy":"https:\/\/havendienst.nl\/over\/","ethicsPolicy":"https:\/\/havendienst.nl\/over\/","diversityPolicy":"https:\/\/havendienst.nl\/over\/","diversityStaffingReport":"https:\/\/havendienst.nl\/over\/","hasMerchantReturnPolicy":{"@type":"MerchantReturnPolicy","merchantReturnLink":"https:\/\/havendienst.nl\/de\/over\/"},"address":{"@id":"https:\/\/havendienst.nl\/product\/stoere-aluminium-sloep\/#local-main-place-address"},"geo":{"@type":"GeoCoordinates","latitude":"52.23923903597849","longitude":"5.117388746032714"},"telephone":["+31 35 6565744"],"openingHoursSpecification":[{"@type":"OpeningHoursSpecification","dayOfWeek":["Monday","Tuesday","Wednesday","Thursday","Friday","Saturday","Sunday"],"opens":"08:00","closes":"22:00"}],"email":"info@havendienst.nl","areaServed":"Loosdrecht, Oud-Loosdrecht, Vinkeveen, Friesland, Amsterdam, Utrecht, Oudewater, Kortenhoef, Maarssen, Weesp, Breukelen, Vecht","vatID":"NL821308233B01"},{"@type":"PostalAddress","@id":"https:\/\/havendienst.nl\/product\/stoere-aluminium-sloep\/#local-main-place-address","streetAddress":"Kerklaan 53","addressLocality":"Kortenhoef","postalCode":"1241CK","addressRegion":"Noord-Holland","addressCountry":"NL"},{"@type":"ImageObject","inLanguage":"de","@id":"https:\/\/havendienst.nl\/product\/stoere-aluminium-sloep\/#local-main-organization-logo","url":"https:\/\/havendienst.nl\/upload\/2021\/01\/havendienst-logo-small.png","contentUrl":"https:\/\/havendienst.nl\/upload\/2021\/01\/havendienst-logo-small.png","width":167,"height":81,"caption":"Havendienst.nl"}]},"product_brand":"Sloep","product_price_amount":"125.00","product_price_currency":"EUR","og_availability":"instock","product_availability":"instock","product_condition":"new","geo.placename":"Kortenhoef","geo.position":{"lat":"52.23923903597849","long":"5.117388746032714"},"geo.region":"Niederlande"},"_links":{"self":[{"href":"https:\/\/havendienst.nl\/de\/wp-json\/wp\/v2\/product\/23110","targetHints":{"allow":["GET"]}}],"collection":[{"href":"https:\/\/havendienst.nl\/de\/wp-json\/wp\/v2\/product"}],"about":[{"href":"https:\/\/havendienst.nl\/de\/wp-json\/wp\/v2\/types\/product"}],"replies":[{"embeddable":true,"href":"https:\/\/havendienst.nl\/de\/wp-json\/wp\/v2\/comments?post=23110"}],"wp:featuredmedia":[{"embeddable":true,"href":"https:\/\/havendienst.nl\/de\/wp-json\/wp\/v2\/media\/26100"}],"wp:attachment":[{"href":"https:\/\/havendienst.nl\/de\/wp-json\/wp\/v2\/media?parent=23110"}],"wp:term":[{"taxonomy":"product_brand","embeddable":true,"href":"https:\/\/havendienst.nl\/de\/wp-json\/wp\/v2\/product_brand?post=23110"},{"taxonomy":"product_cat","embeddable":true,"href":"https:\/\/havendienst.nl\/de\/wp-json\/wp\/v2\/product_cat?post=23110"},{"taxonomy":"product_tag","embeddable":true,"href":"https:\/\/havendienst.nl\/de\/wp-json\/wp\/v2\/product_tag?post=23110"}],"curies":[{"name":"wp","href":"https:\/\/api.w.org\/{rel}","templated":true}]}}