{"id":22687,"date":"2021-02-19T13:48:19","date_gmt":"2021-02-19T12:48:19","guid":{"rendered":"https:\/\/www.havendienst.nl\/product\/test-boot\/"},"modified":"2025-04-27T21:56:51","modified_gmt":"2025-04-27T19:56:51","slug":"luxe-klassieke-sloep","status":"publish","type":"product","link":"https:\/\/havendienst.nl\/de\/product\/luxe-klassieke-sloep\/","title":{"rendered":"Luxuri\u00f6se klassische Schaluppe - Valkkruiser"},"content":{"rendered":"<div class=\"fusion-fullwidth fullwidth-box fusion-builder-row-1 fusion-flex-container nonhundred-percent-fullwidth non-hundred-percent-height-scrolling\" style=\"--awb-border-radius-top-left:0px;--awb-border-radius-top-right:0px;--awb-border-radius-bottom-right:0px;--awb-border-radius-bottom-left:0px;--awb-flex-wrap:wrap;\" ><div class=\"fusion-builder-row fusion-row fusion-flex-align-items-flex-start fusion-flex-content-wrap\" style=\"max-width:1144px;margin-left: calc(-4% \/ 2 );margin-right: calc(-4% \/ 2 );\"><div class=\"fusion-layout-column fusion_builder_column fusion-builder-column-0 fusion_builder_column_1_2 1_2 fusion-flex-column\" style=\"--awb-bg-size:cover;--awb-width-large:50%;--awb-margin-top-large:0px;--awb-spacing-right-large:3.84%;--awb-margin-bottom-large:0px;--awb-spacing-left-large:3.84%;--awb-width-medium:50%;--awb-spacing-right-medium:3.84%;--awb-spacing-left-medium:3.84%;--awb-width-small:100%;--awb-spacing-right-small:1.92%;--awb-spacing-left-small:1.92%;\"><div class=\"fusion-column-wrapper fusion-flex-justify-content-flex-start fusion-content-layout-column\"><div class=\"fusion-text fusion-text-1\"><p>Sch\u00f6ne Valkkruiser mit einem Bimini-Top ausgestattet, um im Schatten w\u00e4hrend einer sch\u00f6nen Kreuzfahrt auf den Loosdrechtse Seen zu sitzen.<br \/>\nMit allen Annehmlichkeiten wie USB-Ladeger\u00e4t, 12V-Anschluss f\u00fcr eine K\u00fchlbox, Stauraum und sogar einer Toilette!<\/p>\n<p>Trotz seiner L\u00e4nge von 8 Metern l\u00e4sst sich das Boot dank eines Bugstrahlruders und eines Heckstrahlruders, die mit einem Joystick einfach zu bedienen sind, hervorragend segeln.  Sie ben\u00f6tigen f\u00fcr dieses Boot <span style=\"text-decoration: underline;\">keine<\/span> Segelschein ist erforderlich.<\/p>\n<p>Das Boot ist immer perfekt gepflegt und wurde dieses Jahr mit einem brandneuen Teakboden ausgestattet.<\/p>\n<p><strong>Bedingungen:<\/strong><\/p>\n<ul>\n<li>Vermietungen nach <a href=\"https:\/\/havendienst.nl\/upload\/2020\/06\/huurcontract-pleziervaartuig.pdf\" target=\"_blank\" rel=\"noopener\">ANWB-Mustervertrag<\/a>.<\/li>\n<li>Das Mindestalter f\u00fcr Unternehmen betr\u00e4gt 23 Jahre (Familien mit Kindern ausgeschlossen).<\/li>\n<li>Die Kaution in H\u00f6he von 200 \u20ac wird online hinterlegt und automatisch zur\u00fcckerstattet, wenn das Boot und das Zubeh\u00f6r ohne Sch\u00e4den und vollst\u00e4ndig zur\u00fcckgegeben werden. Versp\u00e4tete R\u00fcckgaben werden von der Kaution abgezogen.<\/li>\n<li>Das Boot ist bei der Abfahrt vollgetankt, Tanken ist nicht erforderlich und Sie m\u00fcssen nicht f\u00fcr den Kraftstoffverbrauch bezahlen. Der Mietpreis ist all-inclusive.<\/li>\n<li>Stornierungsbedingungen: Die Stornierung ist bis zu 4 Tage im Voraus kostenlos. Wenn Sie innerhalb von 4 Tagen vor der Abreise stornieren, werden \u20ac 50,- einbehalten. Unter <a href=\"\/over#huren\">schlechtes Wetter*<\/a> k\u00f6nnen Sie jederzeit kostenlos stornieren oder auf einen anderen Termin verschieben.<\/li>\n<li>Die Miete wird in bar bezahlt (wenn Sie Geld abheben m\u00f6chten, k\u00f6nnen Sie dies an einem PIN-Automaten im gegen\u00fcberliegenden Supermarkt Albert Heijn tun).<\/li>\n<\/ul>\n<\/div><\/div><\/div><div class=\"fusion-layout-column fusion_builder_column fusion-builder-column-1 fusion_builder_column_1_2 1_2 fusion-flex-column\" style=\"--awb-bg-size:cover;--awb-width-large:50%;--awb-margin-top-large:0px;--awb-spacing-right-large:3.84%;--awb-margin-bottom-large:20px;--awb-spacing-left-large:3.84%;--awb-width-medium:50%;--awb-order-medium:0;--awb-spacing-right-medium:3.84%;--awb-spacing-left-medium:3.84%;--awb-width-small:100%;--awb-order-small:0;--awb-spacing-right-small:1.92%;--awb-spacing-left-small:1.92%;\"><div class=\"fusion-column-wrapper fusion-column-has-shadow fusion-flex-justify-content-flex-start fusion-content-layout-column\"><div class=\"fusion-video fusion-vimeo\" style=\"--awb-max-width:450px;--awb-max-height:253px;\" data-autoplay=\"1\"><div class=\"video-shortcode\"><div class=\"fluid-width-video-wrapper\" style=\"padding-top:56.22%;\" ><iframe loading=\"lazy\" title=\"Vimeo-Videoplayer 1\" src=\"https:\/\/player.vimeo.com\/video\/540834653?autoplay=1&amp;autoplay=true&amp;dnt=true&amp;loop=true&amp;title=false&amp;autopause=0\" width=\"450\" height=\"253\" allowfullscreen allow=\"autoplay; fullscreen\"><\/iframe><\/div><\/div><\/div><div class=\"fusion-text fusion-text-2\" style=\"--awb-margin-top:20px;\"><p>M\u00f6chten Sie dieses komfortable (Familien-)Boot mieten? Dann buchen Sie schnell, es gibt nur einen von ihnen!<\/p>\n<\/div><style>\n  .fluid-width-video-wrapper {\n    height: 280px;\n  }\n<\/style><\/div><\/div><\/div><\/div>","protected":false},"excerpt":{"rendered":"<p>Eine komplett renovierte klassische Luxus-Schaluppe. Ideal f\u00fcr eine nette Familie, die alle Loosdrecht-Seen an einem Tag umsegeln und zwischendurch einen Strand, ein Restaurant oder eine Insel besuchen m\u00f6chte.<\/p>\n<p>Perfektes Boot f\u00fcr einen herrlichen Segeltag und mit allen Annehmlichkeiten ausgestattet. Mit seinem Bug- und Heckstrahlruder ist dieses stabile Boot sehr leicht zu steuern.<\/p>\n<p>Ein sch\u00f6nes, gem\u00fctliches Interieur und sogar eine Toilette auf dem Vorschiff. Dieser sch\u00f6ne Daycruiser f\u00fcr den Bootsliebhaber, der Solidit\u00e4t und Komfort liebt. Das Boot wird von Walkaptain Jaap gef\u00fchrt, der daf\u00fcr sorgt, dass das Boot jeden Tag perfekt und ordentlich aussieht!<\/p>\n<p>Mindestalter: 23 Jahre.<\/p>\n<p><em>Scrollen Sie nach unten, um weitere Informationen zu erhalten.<\/em><\/p>","protected":false},"featured_media":23395,"comment_status":"open","ping_status":"closed","template":"","meta":{"rs_blank_template":"","rs_page_bg_color":"","slide_template_v7":""},"product_brand":[],"product_cat":[342,257],"product_tag":[],"class_list":{"0":"post-22687","1":"product","2":"type-product","3":"status-publish","4":"has-post-thumbnail","6":"product_cat-boten","7":"product_cat-area-loosdrecht","8":"wcpv_product_vendors-roel-broersma","10":"first","11":"instock","12":"virtual","13":"sold-individually","14":"purchasable","15":"product-type-booking"},"booking_location":"","booking_location_type":"","booking_duration":60,"booking_duration_unit":"minute","booking_buffer":30,"booking_cost":0,"booking_resources":[],"exclude_global_add_ons":false,"addons":[{"name":"Borg","type":"checkbox","position":0,"required":true,"title_format":"label","default":"","description_enable":true,"description":"Die Kaution ist obligatorisch. Sie wird zur\u00fcckerstattet, es sei denn, es muss etwas geregelt werden, wie z. B. zus\u00e4tzliche Fahrzeit oder Sch\u00e4den.","placeholder_enable":false,"placeholder":"","display":"select","restrictions_type":"any_text","adjust_price":false,"price":"","price_type":"flat_fee","restrictions":false,"min":"0","max":"0","options":[{"label":"Standaard borg","price":"200","price_type":"flat_fee","image":0,"visibility":true}],"id":1683988304},{"name":"K\u00fchlbox","type":"checkbox","position":1,"required":false,"title_format":"label","default":"","description_enable":true,"description":"Halten Sie Ihre Snacks und Getr\u00e4nke den ganzen Tag \u00fcber in einer K\u00fchlbox sch\u00f6n k\u00fchl, wir stellen sie f\u00fcr Sie an Bord!","placeholder_enable":false,"placeholder":"","display":"select","restrictions_type":"any_text","adjust_price":false,"price":"","price_type":"flat_fee","restrictions":false,"min":"0","max":"0","options":[{"label":"Koelbox","price":"10","price_type":"flat_fee","image":0,"visibility":true}],"id":1683988305},{"name":"Schwimmwesten","type":"input_multiplier","position":2,"required":false,"title_format":"label","default":"","description_enable":true,"description":"Schwimmwesten sind f\u00fcr Kinder obligatorisch. Sie haben keine eigenen Rettungswesten? Bitte geben Sie unten an, wie viele Sie verwenden m\u00f6chten.","placeholder_enable":false,"placeholder":"","display":"select","restrictions_type":"any_text","adjust_price":false,"price":"2.5","price_type":"flat_fee","restrictions":true,"min":"0","max":"4","options":[],"id":1683988306}],"yoast_head":"<!-- This site is optimized with the Yoast SEO Premium plugin v27.4 (Yoast SEO v27.4) - https:\/\/yoast.com\/product\/yoast-seo-premium-wordpress\/ -->\n<title>Luxe klassieke sloep - Valkkruiser - Havendienst.nl<\/title>\n<meta name=\"description\" content=\"Zeer complete luxe klassieke sloep voor een heerlijk rondje Loosdrecht. Kindvriendelijk (hoge kuip) en voorzien van boegschroef \u00e9n hekschroef.\" \/>\n<meta name=\"robots\" content=\"index, follow, max-snippet:-1, max-image-preview:large, max-video-preview:-1\" \/>\n<link rel=\"canonical\" href=\"https:\/\/havendienst.nl\/de\/produkt\/luxe-klassieke-sloep\/\" \/>\n<meta property=\"og:locale\" content=\"de_DE\" \/>\n<meta property=\"og:type\" content=\"article\" \/>\n<meta property=\"og:title\" content=\"Luxe klassieke sloep - Valkkruiser\" \/>\n<meta property=\"og:description\" content=\"Zeer complete luxe klassieke sloep voor een heerlijk rondje Loosdrecht. Kindvriendelijk (hoge kuip) en voorzien van boegschroef \u00e9n hekschroef.\" \/>\n<meta property=\"og:url\" content=\"https:\/\/havendienst.nl\/de\/produkt\/luxe-klassieke-sloep\/\" \/>\n<meta property=\"og:site_name\" content=\"Havendienst.nl\" \/>\n<meta property=\"article:publisher\" content=\"https:\/\/www.facebook.com\/HavendienstNL\/\" \/>\n<meta property=\"article:modified_time\" content=\"2025-04-27T19:56:51+00:00\" \/>\n<meta property=\"og:image\" content=\"https:\/\/havendienst.nl\/upload\/2021\/02\/Qrafter-Qlassic2V2.jpg\" \/>\n\t<meta property=\"og:image:width\" content=\"2560\" \/>\n\t<meta property=\"og:image:height\" content=\"1707\" \/>\n\t<meta property=\"og:image:type\" content=\"image\/jpeg\" \/>\n<meta name=\"twitter:card\" content=\"summary_large_image\" \/>\n<meta name=\"twitter:label1\" content=\"Preis\" \/>\n\t<meta name=\"twitter:data1\" content=\"&euro;&nbsp;195,00\" \/>\n\t<meta name=\"twitter:label2\" content=\"Verf\u00fcgbarkeit\" \/>\n\t<meta name=\"twitter:data2\" content=\"Auf Lager\" \/>\n<script type=\"application\/ld+json\" class=\"yoast-schema-graph\">{\"@context\":\"https:\\\/\\\/schema.org\",\"@graph\":[{\"@type\":[\"WebPage\",\"ItemPage\"],\"@id\":\"https:\\\/\\\/havendienst.nl\\\/product\\\/luxe-klassieke-sloep\\\/\",\"url\":\"https:\\\/\\\/havendienst.nl\\\/product\\\/luxe-klassieke-sloep\\\/\",\"name\":\"Luxe klassieke sloep - Valkkruiser - Havendienst.nl\",\"isPartOf\":{\"@id\":\"https:\\\/\\\/havendienst.nl\\\/de\\\/#website\"},\"primaryImageOfPage\":{\"@id\":\"https:\\\/\\\/havendienst.nl\\\/product\\\/luxe-klassieke-sloep\\\/#primaryimage\"},\"image\":{\"@id\":\"https:\\\/\\\/havendienst.nl\\\/product\\\/luxe-klassieke-sloep\\\/#primaryimage\"},\"thumbnailUrl\":\"https:\\\/\\\/havendienst.nl\\\/upload\\\/2021\\\/02\\\/Qrafter-Qlassic2V2.jpg\",\"datePublished\":\"2021-02-19T12:48:19+00:00\",\"dateModified\":\"2025-04-27T19:56:51+00:00\",\"description\":\"Zeer complete luxe klassieke sloep voor een heerlijk rondje Loosdrecht. Kindvriendelijk (hoge kuip) en voorzien van boegschroef \u00e9n hekschroef.\",\"breadcrumb\":{\"@id\":\"https:\\\/\\\/havendienst.nl\\\/product\\\/luxe-klassieke-sloep\\\/#breadcrumb\"},\"inLanguage\":\"de\",\"potentialAction\":[{\"@type\":\"ReadAction\",\"target\":[\"https:\\\/\\\/havendienst.nl\\\/product\\\/luxe-klassieke-sloep\\\/\"]}]},{\"@type\":\"ImageObject\",\"inLanguage\":\"de\",\"@id\":\"https:\\\/\\\/havendienst.nl\\\/product\\\/luxe-klassieke-sloep\\\/#primaryimage\",\"url\":\"https:\\\/\\\/havendienst.nl\\\/upload\\\/2021\\\/02\\\/Qrafter-Qlassic2V2.jpg\",\"contentUrl\":\"https:\\\/\\\/havendienst.nl\\\/upload\\\/2021\\\/02\\\/Qrafter-Qlassic2V2.jpg\",\"width\":2560,\"height\":1707},{\"@type\":\"BreadcrumbList\",\"@id\":\"https:\\\/\\\/havendienst.nl\\\/product\\\/luxe-klassieke-sloep\\\/#breadcrumb\",\"itemListElement\":[{\"@type\":\"ListItem\",\"position\":1,\"name\":\"Home\",\"item\":\"https:\\\/\\\/havendienst.nl\\\/\"},{\"@type\":\"ListItem\",\"position\":2,\"name\":\"Winkel\",\"item\":\"https:\\\/\\\/havendienst.nl\\\/winkel\\\/\"},{\"@type\":\"ListItem\",\"position\":3,\"name\":\"Luxe klassieke sloep &#8211; Valkkruiser\"}]},{\"@type\":\"WebSite\",\"@id\":\"https:\\\/\\\/havendienst.nl\\\/de\\\/#website\",\"url\":\"https:\\\/\\\/havendienst.nl\\\/de\\\/\",\"name\":\"Havendienst.nl\",\"description\":\"Deelplatform voor boot huur en verhuur\",\"publisher\":{\"@id\":\"https:\\\/\\\/havendienst.nl\\\/de\\\/#organization\"},\"alternateName\":\"Havendienst Boot huren Loosdrecht\",\"potentialAction\":[{\"@type\":\"SearchAction\",\"target\":{\"@type\":\"EntryPoint\",\"urlTemplate\":\"https:\\\/\\\/havendienst.nl\\\/de\\\/?s={search_term_string}\"},\"query-input\":{\"@type\":\"PropertyValueSpecification\",\"valueRequired\":true,\"valueName\":\"search_term_string\"}}],\"inLanguage\":\"de\"},{\"@type\":[\"Organization\",\"Place\",\"Corporation\"],\"@id\":\"https:\\\/\\\/havendienst.nl\\\/de\\\/#organization\",\"name\":\"Havendienst.nl\",\"alternateName\":\"Havendienst Boot huren Loosdrecht\",\"url\":\"https:\\\/\\\/havendienst.nl\\\/de\\\/\",\"logo\":{\"@id\":\"https:\\\/\\\/havendienst.nl\\\/product\\\/luxe-klassieke-sloep\\\/#local-main-organization-logo\"},\"image\":{\"@id\":\"https:\\\/\\\/havendienst.nl\\\/product\\\/luxe-klassieke-sloep\\\/#local-main-organization-logo\"},\"sameAs\":[\"https:\\\/\\\/www.facebook.com\\\/HavendienstNL\\\/\",\"https:\\\/\\\/www.instagram.com\\\/havendienstnl\\\/\",\"https:\\\/\\\/www.youtube.com\\\/@havendienst\",\"http:\\\/\\\/wa.me\\\/31356565744\"],\"description\":\"Havendienst.nl is het grootste gratis deelplatform voor bootverhuur in Loosdrecht en omgeving. Verhuur of huur eenvoudig een sloep, motorboot of sup zonder commissie. Havendienst.nl biedt daarnaast pechhulp op het water, watertaxi en noodservice op de Loosdrechtse Plassen, de Vecht en aangrenzende wateren. D\u00e9 centrale plek voor particulieren en verhuurbedrijven.\",\"legalName\":\"Havendienst.nl\",\"foundingDate\":\"2021-03-01\",\"duns\":\"404514148\",\"numberOfEmployees\":{\"@type\":\"QuantitativeValue\",\"minValue\":\"1\",\"maxValue\":\"10\"},\"publishingPrinciples\":\"https:\\\/\\\/havendienst.nl\\\/over\\\/\",\"ownershipFundingInfo\":\"https:\\\/\\\/havendienst.nl\\\/over\\\/\",\"actionableFeedbackPolicy\":\"https:\\\/\\\/havendienst.nl\\\/over\\\/\",\"correctionsPolicy\":\"https:\\\/\\\/havendienst.nl\\\/over\\\/\",\"ethicsPolicy\":\"https:\\\/\\\/havendienst.nl\\\/over\\\/\",\"diversityPolicy\":\"https:\\\/\\\/havendienst.nl\\\/over\\\/\",\"diversityStaffingReport\":\"https:\\\/\\\/havendienst.nl\\\/over\\\/\",\"hasMerchantReturnPolicy\":{\"@type\":\"MerchantReturnPolicy\",\"merchantReturnLink\":\"https:\\\/\\\/havendienst.nl\\\/de\\\/over\\\/\"},\"address\":{\"@id\":\"https:\\\/\\\/havendienst.nl\\\/product\\\/luxe-klassieke-sloep\\\/#local-main-place-address\"},\"geo\":{\"@type\":\"GeoCoordinates\",\"latitude\":\"52.23923903597849\",\"longitude\":\"5.117388746032714\"},\"telephone\":[\"+31 35 6565744\"],\"openingHoursSpecification\":[{\"@type\":\"OpeningHoursSpecification\",\"dayOfWeek\":[\"Monday\",\"Tuesday\",\"Wednesday\",\"Thursday\",\"Friday\",\"Saturday\",\"Sunday\"],\"opens\":\"08:00\",\"closes\":\"22:00\"}],\"email\":\"info@havendienst.nl\",\"areaServed\":\"Loosdrecht, Oud-Loosdrecht, Vinkeveen, Friesland, Amsterdam, Utrecht, Oudewater, Kortenhoef, Maarssen, Weesp, Breukelen, Vecht\",\"vatID\":\"NL821308233B01\"},{\"@type\":\"PostalAddress\",\"@id\":\"https:\\\/\\\/havendienst.nl\\\/product\\\/luxe-klassieke-sloep\\\/#local-main-place-address\",\"streetAddress\":\"Kerklaan 53\",\"addressLocality\":\"Kortenhoef\",\"postalCode\":\"1241CK\",\"addressRegion\":\"Noord-Holland\",\"addressCountry\":\"NL\"},{\"@type\":\"ImageObject\",\"inLanguage\":\"de\",\"@id\":\"https:\\\/\\\/havendienst.nl\\\/product\\\/luxe-klassieke-sloep\\\/#local-main-organization-logo\",\"url\":\"https:\\\/\\\/havendienst.nl\\\/upload\\\/2021\\\/01\\\/havendienst-logo-small.png\",\"contentUrl\":\"https:\\\/\\\/havendienst.nl\\\/upload\\\/2021\\\/01\\\/havendienst-logo-small.png\",\"width\":167,\"height\":81,\"caption\":\"Havendienst.nl\"}]}<\/script>\n<meta property=\"product:brand\" content=\"Motorboot\" \/>\n<meta property=\"product:price:amount\" content=\"195.00\" \/>\n<meta property=\"product:price:currency\" content=\"EUR\" \/>\n<meta property=\"og:availability\" content=\"instock\" \/>\n<meta property=\"product:availability\" content=\"instock\" \/>\n<meta property=\"product:condition\" content=\"new\" \/>\n<meta name=\"geo.placename\" content=\"Kortenhoef\" \/>\n<meta name=\"geo.position\" content=\"52.23923903597849;5.117388746032714\" \/>\n<meta name=\"geo.region\" content=\"Niederlande\" \/>\n<!-- \/ Yoast SEO Premium plugin. -->","yoast_head_json":{"title":"Luxuri\u00f6se klassische Schaluppe - Valkkruiser - Havendienst.nl","description":"Sehr komplette luxuri\u00f6se klassische Schaluppe f\u00fcr eine wunderbare Rundfahrt Loosdrecht. Kinderfreundlich (hohes Cockpit) und mit Bug- und Heckstrahlruder ausgestattet.","robots":{"index":"index","follow":"follow","max-snippet":"max-snippet:-1","max-image-preview":"max-image-preview:large","max-video-preview":"max-video-preview:-1"},"canonical":"https:\/\/havendienst.nl\/de\/produkt\/luxe-klassieke-sloep\/","og_locale":"de_DE","og_type":"article","og_title":"Luxe klassieke sloep - Valkkruiser","og_description":"Zeer complete luxe klassieke sloep voor een heerlijk rondje Loosdrecht. Kindvriendelijk (hoge kuip) en voorzien van boegschroef \u00e9n hekschroef.","og_url":"https:\/\/havendienst.nl\/de\/produkt\/luxe-klassieke-sloep\/","og_site_name":"Havendienst.nl","article_publisher":"https:\/\/www.facebook.com\/HavendienstNL\/","article_modified_time":"2025-04-27T19:56:51+00:00","og_image":[{"width":2560,"height":1707,"url":"https:\/\/havendienst.nl\/upload\/2021\/02\/Qrafter-Qlassic2V2.jpg","type":"image\/jpeg"}],"twitter_card":"summary_large_image","twitter_misc":{"Preis":"&euro;&nbsp;195,00","Verf\u00fcgbarkeit":"Auf Lager"},"schema":{"@context":"https:\/\/schema.org","@graph":[{"@type":["WebPage","ItemPage"],"@id":"https:\/\/havendienst.nl\/product\/luxe-klassieke-sloep\/","url":"https:\/\/havendienst.nl\/product\/luxe-klassieke-sloep\/","name":"Luxuri\u00f6se klassische Schaluppe - Valkkruiser - Havendienst.nl","isPartOf":{"@id":"https:\/\/havendienst.nl\/de\/#website"},"primaryImageOfPage":{"@id":"https:\/\/havendienst.nl\/product\/luxe-klassieke-sloep\/#primaryimage"},"image":{"@id":"https:\/\/havendienst.nl\/product\/luxe-klassieke-sloep\/#primaryimage"},"thumbnailUrl":"https:\/\/havendienst.nl\/upload\/2021\/02\/Qrafter-Qlassic2V2.jpg","datePublished":"2021-02-19T12:48:19+00:00","dateModified":"2025-04-27T19:56:51+00:00","description":"Sehr komplette luxuri\u00f6se klassische Schaluppe f\u00fcr eine wunderbare Rundfahrt Loosdrecht. Kinderfreundlich (hohes Cockpit) und mit Bug- und Heckstrahlruder ausgestattet.","breadcrumb":{"@id":"https:\/\/havendienst.nl\/product\/luxe-klassieke-sloep\/#breadcrumb"},"inLanguage":"de","potentialAction":[{"@type":"ReadAction","target":["https:\/\/havendienst.nl\/product\/luxe-klassieke-sloep\/"]}]},{"@type":"ImageObject","inLanguage":"de","@id":"https:\/\/havendienst.nl\/product\/luxe-klassieke-sloep\/#primaryimage","url":"https:\/\/havendienst.nl\/upload\/2021\/02\/Qrafter-Qlassic2V2.jpg","contentUrl":"https:\/\/havendienst.nl\/upload\/2021\/02\/Qrafter-Qlassic2V2.jpg","width":2560,"height":1707},{"@type":"BreadcrumbList","@id":"https:\/\/havendienst.nl\/product\/luxe-klassieke-sloep\/#breadcrumb","itemListElement":[{"@type":"ListItem","position":1,"name":"Home","item":"https:\/\/havendienst.nl\/"},{"@type":"ListItem","position":2,"name":"Winkel","item":"https:\/\/havendienst.nl\/winkel\/"},{"@type":"ListItem","position":3,"name":"Luxe klassieke sloep &#8211; Valkkruiser"}]},{"@type":"WebSite","@id":"https:\/\/havendienst.nl\/de\/#website","url":"https:\/\/havendienst.nl\/de\/","name":"Havendienst.nl","description":"Gemeinsame Plattform f\u00fcr Bootsverleih und -vermietung","publisher":{"@id":"https:\/\/havendienst.nl\/de\/#organization"},"alternateName":"Havendienst Boot huren Loosdrecht","potentialAction":[{"@type":"SearchAction","target":{"@type":"EntryPoint","urlTemplate":"https:\/\/havendienst.nl\/de\/?s={search_term_string}"},"query-input":{"@type":"PropertyValueSpecification","valueRequired":true,"valueName":"search_term_string"}}],"inLanguage":"de"},{"@type":["Organization","Place","Corporation"],"@id":"https:\/\/havendienst.nl\/de\/#organization","name":"Havendienst.nl","alternateName":"Havendienst Boot huren Loosdrecht","url":"https:\/\/havendienst.nl\/de\/","logo":{"@id":"https:\/\/havendienst.nl\/product\/luxe-klassieke-sloep\/#local-main-organization-logo"},"image":{"@id":"https:\/\/havendienst.nl\/product\/luxe-klassieke-sloep\/#local-main-organization-logo"},"sameAs":["https:\/\/www.facebook.com\/HavendienstNL\/","https:\/\/www.instagram.com\/havendienstnl\/","https:\/\/www.youtube.com\/@havendienst","http:\/\/wa.me\/31356565744"],"description":"Havendienst.nl ist die gr\u00f6\u00dfte kostenlose Vermittlungsplattform f\u00fcr Bootsvermietungen in Loosdrecht und Umgebung. Mieten oder leasen Sie ganz einfach eine Schaluppe, ein Motorboot oder eine Sup ohne Provision. Havendienst.nl bietet auch Wasserpannenhilfe, Wassertaxi und Notdienst auf den Loosdrechtse Plassen, dem Vecht und den angrenzenden Gew\u00e4ssern. Die zentrale Anlaufstelle f\u00fcr Privatpersonen und Vermietungsunternehmen.","legalName":"Havendienst.nl","foundingDate":"2021-03-01","duns":"404514148","numberOfEmployees":{"@type":"QuantitativeValue","minValue":"1","maxValue":"10"},"publishingPrinciples":"https:\/\/havendienst.nl\/over\/","ownershipFundingInfo":"https:\/\/havendienst.nl\/over\/","actionableFeedbackPolicy":"https:\/\/havendienst.nl\/over\/","correctionsPolicy":"https:\/\/havendienst.nl\/over\/","ethicsPolicy":"https:\/\/havendienst.nl\/over\/","diversityPolicy":"https:\/\/havendienst.nl\/over\/","diversityStaffingReport":"https:\/\/havendienst.nl\/over\/","hasMerchantReturnPolicy":{"@type":"MerchantReturnPolicy","merchantReturnLink":"https:\/\/havendienst.nl\/de\/over\/"},"address":{"@id":"https:\/\/havendienst.nl\/product\/luxe-klassieke-sloep\/#local-main-place-address"},"geo":{"@type":"GeoCoordinates","latitude":"52.23923903597849","longitude":"5.117388746032714"},"telephone":["+31 35 6565744"],"openingHoursSpecification":[{"@type":"OpeningHoursSpecification","dayOfWeek":["Monday","Tuesday","Wednesday","Thursday","Friday","Saturday","Sunday"],"opens":"08:00","closes":"22:00"}],"email":"info@havendienst.nl","areaServed":"Loosdrecht, Oud-Loosdrecht, Vinkeveen, Friesland, Amsterdam, Utrecht, Oudewater, Kortenhoef, Maarssen, Weesp, Breukelen, Vecht","vatID":"NL821308233B01"},{"@type":"PostalAddress","@id":"https:\/\/havendienst.nl\/product\/luxe-klassieke-sloep\/#local-main-place-address","streetAddress":"Kerklaan 53","addressLocality":"Kortenhoef","postalCode":"1241CK","addressRegion":"Noord-Holland","addressCountry":"NL"},{"@type":"ImageObject","inLanguage":"de","@id":"https:\/\/havendienst.nl\/product\/luxe-klassieke-sloep\/#local-main-organization-logo","url":"https:\/\/havendienst.nl\/upload\/2021\/01\/havendienst-logo-small.png","contentUrl":"https:\/\/havendienst.nl\/upload\/2021\/01\/havendienst-logo-small.png","width":167,"height":81,"caption":"Havendienst.nl"}]},"product_brand":"Motorboot","product_price_amount":"195.00","product_price_currency":"EUR","og_availability":"instock","product_availability":"instock","product_condition":"new","geo.placename":"Kortenhoef","geo.position":{"lat":"52.23923903597849","long":"5.117388746032714"},"geo.region":"Niederlande"},"_links":{"self":[{"href":"https:\/\/havendienst.nl\/de\/wp-json\/wp\/v2\/product\/22687","targetHints":{"allow":["GET"]}}],"collection":[{"href":"https:\/\/havendienst.nl\/de\/wp-json\/wp\/v2\/product"}],"about":[{"href":"https:\/\/havendienst.nl\/de\/wp-json\/wp\/v2\/types\/product"}],"replies":[{"embeddable":true,"href":"https:\/\/havendienst.nl\/de\/wp-json\/wp\/v2\/comments?post=22687"}],"wp:featuredmedia":[{"embeddable":true,"href":"https:\/\/havendienst.nl\/de\/wp-json\/wp\/v2\/media\/23395"}],"wp:attachment":[{"href":"https:\/\/havendienst.nl\/de\/wp-json\/wp\/v2\/media?parent=22687"}],"wp:term":[{"taxonomy":"product_brand","embeddable":true,"href":"https:\/\/havendienst.nl\/de\/wp-json\/wp\/v2\/product_brand?post=22687"},{"taxonomy":"product_cat","embeddable":true,"href":"https:\/\/havendienst.nl\/de\/wp-json\/wp\/v2\/product_cat?post=22687"},{"taxonomy":"product_tag","embeddable":true,"href":"https:\/\/havendienst.nl\/de\/wp-json\/wp\/v2\/product_tag?post=22687"}],"curies":[{"name":"wp","href":"https:\/\/api.w.org\/{rel}","templated":true}]}}