{"id":22198,"date":"2021-01-19T18:23:43","date_gmt":"2021-01-19T17:23:43","guid":{"rendered":"https:\/\/www.havendienst.nl\/?page_id=22198"},"modified":"2022-02-10T22:28:53","modified_gmt":"2022-02-10T21:28:53","slug":"logout","status":"publish","type":"page","link":"https:\/\/havendienst.nl\/de\/logout\/","title":{"rendered":"Abgemeldet"},"content":{"rendered":"<div class=\"fusion-fullwidth fullwidth-box fusion-builder-row-1 fusion-flex-container nonhundred-percent-fullwidth non-hundred-percent-height-scrolling\" style=\"--awb-border-radius-top-left:0px;--awb-border-radius-top-right:0px;--awb-border-radius-bottom-right:0px;--awb-border-radius-bottom-left:0px;--awb-flex-wrap:wrap;\" ><div class=\"fusion-builder-row fusion-row fusion-flex-align-items-flex-start fusion-flex-content-wrap\" style=\"max-width:1144px;margin-left: calc(-4% \/ 2 );margin-right: calc(-4% \/ 2 );\"><div class=\"fusion-layout-column fusion_builder_column fusion-builder-column-0 fusion_builder_column_1_1 1_1 fusion-flex-column\" style=\"--awb-bg-size:cover;--awb-width-large:100%;--awb-margin-top-large:0px;--awb-spacing-right-large:1.92%;--awb-margin-bottom-large:20px;--awb-spacing-left-large:1.92%;--awb-width-medium:100%;--awb-order-medium:0;--awb-spacing-right-medium:1.92%;--awb-spacing-left-medium:1.92%;--awb-width-small:100%;--awb-order-small:0;--awb-spacing-right-small:1.92%;--awb-spacing-left-small:1.92%;\"><div class=\"fusion-column-wrapper fusion-column-has-shadow fusion-flex-justify-content-flex-start fusion-content-layout-column\"><div class=\"fusion-text fusion-text-1\" style=\"--awb-text-transform:none;\" id=\"logged_out_text\">\n\n<\/p>\n<h1>Sie sind sicher abgemeldet.<\/h1>\n<p>Noch nicht fertig? <a class=\"xoo-el-action-sc xoo-el-login-tgr\" http:>Melden Sie sich dann erneut an<\/a> und mach da weiter, wo du aufgeh\u00f6rt hast.\n<\/p>\n<\/div><div class=\"fusion-text fusion-text-2\" style=\"--awb-text-transform:none;\" id=\"logged_in_text\">\n\n<\/p>\n<h1>Du bist eingeloggt.<\/h1>\n<p><a href=\"\/wordpress\/wp-login.php?action=logout&amp;redirect_to=%2Flogout\">Klicken Sie hier<\/a>, um sich sicher abzumelden.\n<\/p>\n<\/div><\/div><\/div><\/div><\/div>","protected":false},"excerpt":{"rendered":"","protected":false},"author":1,"featured_media":0,"parent":0,"menu_order":0,"comment_status":"closed","ping_status":"closed","template":"","meta":{"rs_blank_template":"","rs_page_bg_color":"","slide_template_v7":"","footnotes":""},"class_list":["post-22198","page","type-page","status-publish","hentry"],"yoast_head":"<!-- This site is optimized with the Yoast SEO Premium plugin v27.4 (Yoast SEO v27.4) - https:\/\/yoast.com\/product\/yoast-seo-premium-wordpress\/ -->\n<title>Uitgelogd - Havendienst.nl - Boot huren zonder inloggen?<\/title>\n<meta name=\"description\" content=\"Je bent veilig uitgelogd. Niet de bedoeling? Klik dan hier om weer in te loggen. Ook zonder account kun je een boot huren in Loosdrecht, Amsterdam, Friesland,..\" \/>\n<meta name=\"robots\" content=\"index, follow, max-snippet:-1, max-image-preview:large, max-video-preview:-1\" \/>\n<link rel=\"canonical\" href=\"https:\/\/havendienst.nl\/de\/logout\/\" \/>\n<meta property=\"og:locale\" content=\"de_DE\" \/>\n<meta property=\"og:type\" content=\"article\" \/>\n<meta property=\"og:title\" content=\"Uitgelogd\" \/>\n<meta property=\"og:description\" content=\"Je bent veilig uitgelogd. Niet de bedoeling? Klik dan hier om weer in te loggen. Ook zonder account kun je een boot huren in Loosdrecht, Amsterdam, Friesland,..\" \/>\n<meta property=\"og:url\" content=\"https:\/\/havendienst.nl\/de\/logout\/\" \/>\n<meta property=\"og:site_name\" content=\"Havendienst.nl\" \/>\n<meta property=\"article:publisher\" content=\"https:\/\/www.facebook.com\/HavendienstNL\/\" \/>\n<meta property=\"article:modified_time\" content=\"2022-02-10T21:28:53+00:00\" \/>\n<meta property=\"og:image\" content=\"https:\/\/havendienst.nl\/upload\/2021\/01\/havendienst-logo-small-retina.png\" \/>\n\t<meta property=\"og:image:width\" content=\"335\" \/>\n\t<meta property=\"og:image:height\" content=\"162\" \/>\n\t<meta property=\"og:image:type\" content=\"image\/png\" \/>\n<meta name=\"twitter:card\" content=\"summary_large_image\" \/>\n<meta name=\"twitter:label1\" content=\"Gesch\u00e4tzte Lesezeit\" \/>\n\t<meta name=\"twitter:data1\" content=\"5\u00a0Minuten\" \/>\n<script type=\"application\/ld+json\" class=\"yoast-schema-graph\">{\"@context\":\"https:\\\/\\\/schema.org\",\"@graph\":[{\"@type\":\"WebPage\",\"@id\":\"https:\\\/\\\/havendienst.nl\\\/logout\\\/\",\"url\":\"https:\\\/\\\/havendienst.nl\\\/logout\\\/\",\"name\":\"Uitgelogd - Havendienst.nl - Boot huren zonder inloggen?\",\"isPartOf\":{\"@id\":\"https:\\\/\\\/havendienst.nl\\\/de\\\/#website\"},\"datePublished\":\"2021-01-19T17:23:43+00:00\",\"dateModified\":\"2022-02-10T21:28:53+00:00\",\"description\":\"Je bent veilig uitgelogd. Niet de bedoeling? Klik dan hier om weer in te loggen. Ook zonder account kun je een boot huren in Loosdrecht, Amsterdam, Friesland,..\",\"breadcrumb\":{\"@id\":\"https:\\\/\\\/havendienst.nl\\\/logout\\\/#breadcrumb\"},\"inLanguage\":\"de\",\"potentialAction\":[{\"@type\":\"ReadAction\",\"target\":[\"https:\\\/\\\/havendienst.nl\\\/logout\\\/\"]}]},{\"@type\":\"BreadcrumbList\",\"@id\":\"https:\\\/\\\/havendienst.nl\\\/logout\\\/#breadcrumb\",\"itemListElement\":[{\"@type\":\"ListItem\",\"position\":1,\"name\":\"Home\",\"item\":\"https:\\\/\\\/havendienst.nl\\\/\"},{\"@type\":\"ListItem\",\"position\":2,\"name\":\"Uitgelogd\"}]},{\"@type\":\"WebSite\",\"@id\":\"https:\\\/\\\/havendienst.nl\\\/de\\\/#website\",\"url\":\"https:\\\/\\\/havendienst.nl\\\/de\\\/\",\"name\":\"Havendienst.nl\",\"description\":\"Deelplatform voor boot huur en verhuur\",\"publisher\":{\"@id\":\"https:\\\/\\\/havendienst.nl\\\/de\\\/#organization\"},\"alternateName\":\"Havendienst Boot huren Loosdrecht\",\"potentialAction\":[{\"@type\":\"SearchAction\",\"target\":{\"@type\":\"EntryPoint\",\"urlTemplate\":\"https:\\\/\\\/havendienst.nl\\\/de\\\/?s={search_term_string}\"},\"query-input\":{\"@type\":\"PropertyValueSpecification\",\"valueRequired\":true,\"valueName\":\"search_term_string\"}}],\"inLanguage\":\"de\"},{\"@type\":[\"Organization\",\"Place\",\"Corporation\"],\"@id\":\"https:\\\/\\\/havendienst.nl\\\/de\\\/#organization\",\"name\":\"Havendienst.nl\",\"alternateName\":\"Havendienst Boot huren Loosdrecht\",\"url\":\"https:\\\/\\\/havendienst.nl\\\/de\\\/\",\"logo\":{\"@id\":\"https:\\\/\\\/havendienst.nl\\\/logout\\\/#local-main-organization-logo\"},\"image\":{\"@id\":\"https:\\\/\\\/havendienst.nl\\\/logout\\\/#local-main-organization-logo\"},\"sameAs\":[\"https:\\\/\\\/www.facebook.com\\\/HavendienstNL\\\/\",\"https:\\\/\\\/www.instagram.com\\\/havendienstnl\\\/\",\"https:\\\/\\\/www.youtube.com\\\/@havendienst\",\"http:\\\/\\\/wa.me\\\/31356565744\"],\"description\":\"Havendienst.nl is het grootste gratis deelplatform voor bootverhuur in Loosdrecht en omgeving. Verhuur of huur eenvoudig een sloep, motorboot of sup zonder commissie. Havendienst.nl biedt daarnaast pechhulp op het water, watertaxi en noodservice op de Loosdrechtse Plassen, de Vecht en aangrenzende wateren. D\u00e9 centrale plek voor particulieren en verhuurbedrijven.\",\"legalName\":\"Havendienst.nl\",\"foundingDate\":\"2021-03-01\",\"duns\":\"404514148\",\"numberOfEmployees\":{\"@type\":\"QuantitativeValue\",\"minValue\":\"1\",\"maxValue\":\"10\"},\"publishingPrinciples\":\"https:\\\/\\\/havendienst.nl\\\/over\\\/\",\"ownershipFundingInfo\":\"https:\\\/\\\/havendienst.nl\\\/over\\\/\",\"actionableFeedbackPolicy\":\"https:\\\/\\\/havendienst.nl\\\/over\\\/\",\"correctionsPolicy\":\"https:\\\/\\\/havendienst.nl\\\/over\\\/\",\"ethicsPolicy\":\"https:\\\/\\\/havendienst.nl\\\/over\\\/\",\"diversityPolicy\":\"https:\\\/\\\/havendienst.nl\\\/over\\\/\",\"diversityStaffingReport\":\"https:\\\/\\\/havendienst.nl\\\/over\\\/\",\"hasMerchantReturnPolicy\":{\"@type\":\"MerchantReturnPolicy\",\"merchantReturnLink\":\"https:\\\/\\\/havendienst.nl\\\/de\\\/over\\\/\"},\"address\":{\"@id\":\"https:\\\/\\\/havendienst.nl\\\/logout\\\/#local-main-place-address\"},\"geo\":{\"@type\":\"GeoCoordinates\",\"latitude\":\"52.23923903597849\",\"longitude\":\"5.117388746032714\"},\"telephone\":[\"+31 35 6565744\"],\"openingHoursSpecification\":[{\"@type\":\"OpeningHoursSpecification\",\"dayOfWeek\":[\"Monday\",\"Tuesday\",\"Wednesday\",\"Thursday\",\"Friday\",\"Saturday\",\"Sunday\"],\"opens\":\"08:00\",\"closes\":\"22:00\"}],\"email\":\"info@havendienst.nl\",\"areaServed\":\"Loosdrecht, Oud-Loosdrecht, Vinkeveen, Friesland, Amsterdam, Utrecht, Oudewater, Kortenhoef, Maarssen, Weesp, Breukelen, Vecht\",\"vatID\":\"NL821308233B01\"},{\"@type\":\"PostalAddress\",\"@id\":\"https:\\\/\\\/havendienst.nl\\\/logout\\\/#local-main-place-address\",\"streetAddress\":\"Kerklaan 53\",\"addressLocality\":\"Kortenhoef\",\"postalCode\":\"1241CK\",\"addressRegion\":\"Noord-Holland\",\"addressCountry\":\"NL\"},{\"@type\":\"ImageObject\",\"inLanguage\":\"de\",\"@id\":\"https:\\\/\\\/havendienst.nl\\\/logout\\\/#local-main-organization-logo\",\"url\":\"https:\\\/\\\/havendienst.nl\\\/upload\\\/2021\\\/01\\\/havendienst-logo-small.png\",\"contentUrl\":\"https:\\\/\\\/havendienst.nl\\\/upload\\\/2021\\\/01\\\/havendienst-logo-small.png\",\"width\":167,\"height\":81,\"caption\":\"Havendienst.nl\"}]}<\/script>\n<meta name=\"geo.placename\" content=\"Kortenhoef\" \/>\n<meta name=\"geo.position\" content=\"52.23923903597849;5.117388746032714\" \/>\n<meta name=\"geo.region\" content=\"Niederlande\" \/>\n<!-- \/ Yoast SEO Premium plugin. -->","yoast_head_json":{"title":"Abmelden - Havendienst.nl - Ein Boot mieten, ohne sich einzuloggen?","description":"Sie sind sicher abgemeldet. Nicht die Absicht? Klicken Sie dann hier, um sich erneut anzumelden. Es ist auch m\u00f6glich, ein Boot in Loosdrecht, Amsterdam, Friesland,... zu mieten, ohne ein Konto zu haben.","robots":{"index":"index","follow":"follow","max-snippet":"max-snippet:-1","max-image-preview":"max-image-preview:large","max-video-preview":"max-video-preview:-1"},"canonical":"https:\/\/havendienst.nl\/de\/logout\/","og_locale":"de_DE","og_type":"article","og_title":"Uitgelogd","og_description":"Je bent veilig uitgelogd. Niet de bedoeling? Klik dan hier om weer in te loggen. Ook zonder account kun je een boot huren in Loosdrecht, Amsterdam, Friesland,..","og_url":"https:\/\/havendienst.nl\/de\/logout\/","og_site_name":"Havendienst.nl","article_publisher":"https:\/\/www.facebook.com\/HavendienstNL\/","article_modified_time":"2022-02-10T21:28:53+00:00","og_image":[{"width":335,"height":162,"url":"https:\/\/havendienst.nl\/upload\/2021\/01\/havendienst-logo-small-retina.png","type":"image\/png"}],"twitter_card":"summary_large_image","twitter_misc":{"Gesch\u00e4tzte Lesezeit":"5\u00a0Minuten"},"schema":{"@context":"https:\/\/schema.org","@graph":[{"@type":"WebPage","@id":"https:\/\/havendienst.nl\/logout\/","url":"https:\/\/havendienst.nl\/logout\/","name":"Abmelden - Havendienst.nl - Ein Boot mieten, ohne sich einzuloggen?","isPartOf":{"@id":"https:\/\/havendienst.nl\/de\/#website"},"datePublished":"2021-01-19T17:23:43+00:00","dateModified":"2022-02-10T21:28:53+00:00","description":"Sie sind sicher abgemeldet. Nicht die Absicht? Klicken Sie dann hier, um sich erneut anzumelden. Es ist auch m\u00f6glich, ein Boot in Loosdrecht, Amsterdam, Friesland,... zu mieten, ohne ein Konto zu haben.","breadcrumb":{"@id":"https:\/\/havendienst.nl\/logout\/#breadcrumb"},"inLanguage":"de","potentialAction":[{"@type":"ReadAction","target":["https:\/\/havendienst.nl\/logout\/"]}]},{"@type":"BreadcrumbList","@id":"https:\/\/havendienst.nl\/logout\/#breadcrumb","itemListElement":[{"@type":"ListItem","position":1,"name":"Home","item":"https:\/\/havendienst.nl\/"},{"@type":"ListItem","position":2,"name":"Uitgelogd"}]},{"@type":"WebSite","@id":"https:\/\/havendienst.nl\/de\/#website","url":"https:\/\/havendienst.nl\/de\/","name":"Havendienst.nl","description":"Gemeinsame Plattform f\u00fcr Bootsverleih und -vermietung","publisher":{"@id":"https:\/\/havendienst.nl\/de\/#organization"},"alternateName":"Havendienst Boot huren Loosdrecht","potentialAction":[{"@type":"SearchAction","target":{"@type":"EntryPoint","urlTemplate":"https:\/\/havendienst.nl\/de\/?s={search_term_string}"},"query-input":{"@type":"PropertyValueSpecification","valueRequired":true,"valueName":"search_term_string"}}],"inLanguage":"de"},{"@type":["Organization","Place","Corporation"],"@id":"https:\/\/havendienst.nl\/de\/#organization","name":"Havendienst.nl","alternateName":"Havendienst Boot huren Loosdrecht","url":"https:\/\/havendienst.nl\/de\/","logo":{"@id":"https:\/\/havendienst.nl\/logout\/#local-main-organization-logo"},"image":{"@id":"https:\/\/havendienst.nl\/logout\/#local-main-organization-logo"},"sameAs":["https:\/\/www.facebook.com\/HavendienstNL\/","https:\/\/www.instagram.com\/havendienstnl\/","https:\/\/www.youtube.com\/@havendienst","http:\/\/wa.me\/31356565744"],"description":"Havendienst.nl ist die gr\u00f6\u00dfte kostenlose Vermittlungsplattform f\u00fcr Bootsvermietungen in Loosdrecht und Umgebung. Mieten oder leasen Sie ganz einfach eine Schaluppe, ein Motorboot oder eine Sup ohne Provision. Havendienst.nl bietet auch Wasserpannenhilfe, Wassertaxi und Notdienst auf den Loosdrechtse Plassen, dem Vecht und den angrenzenden Gew\u00e4ssern. Die zentrale Anlaufstelle f\u00fcr Privatpersonen und Vermietungsunternehmen.","legalName":"Havendienst.nl","foundingDate":"2021-03-01","duns":"404514148","numberOfEmployees":{"@type":"QuantitativeValue","minValue":"1","maxValue":"10"},"publishingPrinciples":"https:\/\/havendienst.nl\/over\/","ownershipFundingInfo":"https:\/\/havendienst.nl\/over\/","actionableFeedbackPolicy":"https:\/\/havendienst.nl\/over\/","correctionsPolicy":"https:\/\/havendienst.nl\/over\/","ethicsPolicy":"https:\/\/havendienst.nl\/over\/","diversityPolicy":"https:\/\/havendienst.nl\/over\/","diversityStaffingReport":"https:\/\/havendienst.nl\/over\/","hasMerchantReturnPolicy":{"@type":"MerchantReturnPolicy","merchantReturnLink":"https:\/\/havendienst.nl\/de\/over\/"},"address":{"@id":"https:\/\/havendienst.nl\/logout\/#local-main-place-address"},"geo":{"@type":"GeoCoordinates","latitude":"52.23923903597849","longitude":"5.117388746032714"},"telephone":["+31 35 6565744"],"openingHoursSpecification":[{"@type":"OpeningHoursSpecification","dayOfWeek":["Monday","Tuesday","Wednesday","Thursday","Friday","Saturday","Sunday"],"opens":"08:00","closes":"22:00"}],"email":"info@havendienst.nl","areaServed":"Loosdrecht, Oud-Loosdrecht, Vinkeveen, Friesland, Amsterdam, Utrecht, Oudewater, Kortenhoef, Maarssen, Weesp, Breukelen, Vecht","vatID":"NL821308233B01"},{"@type":"PostalAddress","@id":"https:\/\/havendienst.nl\/logout\/#local-main-place-address","streetAddress":"Kerklaan 53","addressLocality":"Kortenhoef","postalCode":"1241CK","addressRegion":"Noord-Holland","addressCountry":"NL"},{"@type":"ImageObject","inLanguage":"de","@id":"https:\/\/havendienst.nl\/logout\/#local-main-organization-logo","url":"https:\/\/havendienst.nl\/upload\/2021\/01\/havendienst-logo-small.png","contentUrl":"https:\/\/havendienst.nl\/upload\/2021\/01\/havendienst-logo-small.png","width":167,"height":81,"caption":"Havendienst.nl"}]},"geo.placename":"Kortenhoef","geo.position":{"lat":"52.23923903597849","long":"5.117388746032714"},"geo.region":"Niederlande"},"_links":{"self":[{"href":"https:\/\/havendienst.nl\/de\/wp-json\/wp\/v2\/pages\/22198","targetHints":{"allow":["GET"]}}],"collection":[{"href":"https:\/\/havendienst.nl\/de\/wp-json\/wp\/v2\/pages"}],"about":[{"href":"https:\/\/havendienst.nl\/de\/wp-json\/wp\/v2\/types\/page"}],"author":[{"embeddable":true,"href":"https:\/\/havendienst.nl\/de\/wp-json\/wp\/v2\/users\/1"}],"replies":[{"embeddable":true,"href":"https:\/\/havendienst.nl\/de\/wp-json\/wp\/v2\/comments?post=22198"}],"version-history":[{"count":3,"href":"https:\/\/havendienst.nl\/de\/wp-json\/wp\/v2\/pages\/22198\/revisions"}],"predecessor-version":[{"id":32604,"href":"https:\/\/havendienst.nl\/de\/wp-json\/wp\/v2\/pages\/22198\/revisions\/32604"}],"wp:attachment":[{"href":"https:\/\/havendienst.nl\/de\/wp-json\/wp\/v2\/media?parent=22198"}],"curies":[{"name":"wp","href":"https:\/\/api.w.org\/{rel}","templated":true}]}}